{"id":94711,"date":"2018-03-26T17:36:07","date_gmt":"2018-03-26T15:36:07","guid":{"rendered":"https:\/\/uned-illesbalears.net\/?page_id=94711"},"modified":"2018-05-29T11:48:41","modified_gmt":"2018-05-29T09:48:41","slug":"patronatcaunedlesillesbalearsabril2018","status":"publish","type":"page","link":"https:\/\/uned-illesbalears.net\/ca\/calidad\/patronatcaunedlesillesbalearsabril2018\/","title":{"rendered":"PATRONATCAUNEDLESILLESBALEARSABRIL2018"},"content":{"rendered":"<p>Convocatoria Patronato 12 de abril de 2018<\/p>\n<ul>\n<li>\n<h6><span style=\"color: #008000;\"><a style=\"color: #008000;\" href=\"https:\/\/uned-illesbalears.net\/wp-content\/uploads\/2018\/03\/UNEDIllesBalears-ConvocatoriaPatronatoAbril2018F.pdf\" class=\"mtli_attachment mtli_pdf\">UNEDIllesBalears-ConvocatoriaPatronatoAbril2018F<\/a><\/span><\/h6>\n<\/li>\n<li>\n<h6><span style=\"color: #008000;\"><a style=\"color: #008000;\" href=\"https:\/\/uned-illesbalears.net\/wp-content\/uploads\/2018\/03\/UNEDIllesBalears-Convocat\u00f2riaPatronatAbril2018F.pdf\" class=\"mtli_attachment mtli_pdf\">UNEDIllesBalears-Convocat\u00f2riaPatronatAbril2018F<\/a><\/span><\/h6>\n<\/li>\n<\/ul>\n<p>Acta Patronato Pendiente de aprobaci\u00f3n<\/p>\n<ul>\n<li>\n<h6><span style=\"color: #008000;\"><a style=\"color: #008000;\" href=\"https:\/\/uned-illesbalears.net\/wp-content\/uploads\/2018\/03\/Acta-Patronato-14-11-17cast-2.pdf\" class=\"mtli_attachment mtli_pdf\">Acta Patronato 14-11-17cast<\/a>(pendiente aprobaci\u00f3n)<\/span><\/h6>\n<\/li>\n<li>\n<h6><span style=\"color: #008000;\"><a style=\"color: #008000;\" href=\"https:\/\/uned-illesbalears.net\/wp-content\/uploads\/2018\/03\/Acta-Patronato-14-11-17-cat.pdf\" class=\"mtli_attachment mtli_pdf\">Acta Patronato 14-11-17 cat(pendiente aprobaci\u00f3n)<\/a><\/span><\/h6>\n<\/li>\n<\/ul>\n<p>Estatutos del Consorcio CA UNED LES ILLES BALEARS<\/p>\n<h6><span style=\"color: #008000;\"><a style=\"color: #008000;\" href=\"https:\/\/uned-illesbalears.net\/wp-content\/uploads\/2017\/03\/AprobacionEstatutosConsejoGobiernoUNED131216.pdf\" class=\"mtli_attachment mtli_pdf\">AprobacionEstatutosConsejoGobiernoUNEDLesIllesBalears131216<\/a><\/span><\/h6>\n<h6><span style=\"color: #008000;\"><a style=\"color: #008000;\" href=\"https:\/\/uned-illesbalears.net\/wp-content\/uploads\/2017\/03\/AprobacioInicialEstatutsConsellMenorca.pdf\" class=\"mtli_attachment mtli_pdf\">AprobacioInicialEstatuts191216ConsellMenorca\u00a0<\/a><\/span><\/h6>\n<h6><a href=\"https:\/\/uned-illesbalears.net\/wp-content\/uploads\/2018\/05\/07002-DD_Consejo-Insular-de-Mallorca_20170512_20171128_Art-7-4_FAVORABLE....pdf\" class=\"mtli_attachment mtli_pdf\"><span style=\"color: #008000;\">07002-DD_Consell Insular de Mallorca_20170512_20171128_Art 7-4_FAVORABLE&#8230;<\/span><\/a><\/h6>\n<p>&nbsp;<\/p>\n<p>Cuentas y Liquidaci\u00f3n ejercicio 2017<\/p>\n<h6><span style=\"color: #008000;\"><a style=\"color: #008000;\" href=\"https:\/\/uned-illesbalears.net\/Director\/CUENTASANUALESEjercicio2017R.pdf\" class=\"mtli_attachment mtli_pdf\">Informe Auditor\u00eda y Cuentas ejercicio 2017<\/a><\/span><\/h6>\n<p>&nbsp;<\/p>\n<h6>Programa de Calidad del Centro<\/h6>\n<h6><span style=\"color: #008000;\"><a style=\"color: #008000;\" href=\"https:\/\/uned-illesbalears.net\/calidad\/informes-programa-calidad\/\">Informes de seguimiento<\/a><\/span><\/h6>\n<h6><span style=\"color: #008000;\"><a style=\"color: #008000;\" href=\"https:\/\/uned-illesbalears.net\/calidad\/planes-de-mejora\/\">Planes de \u00e1rea<\/a><\/span><\/h6>\n<h6><span style=\"color: #008000;\"><a style=\"color: #008000;\" href=\"https:\/\/uned-illesbalears.net\/calidad\/planes-de-mantenimiento-y-seguridad-informatica\/\">Seguridad inform\u00e1tica y mantenimiento inform\u00e1tico<\/a><\/span><\/h6>\n<h6><span style=\"color: #008000;\"><a style=\"color: #008000;\" href=\"https:\/\/uned-illesbalears.net\/calidad\/proteccion-de-datos\/\">Protecci\u00f3n de datos<\/a><\/span><\/h6>\n<h6>Acuerdos de tr\u00e1mite<\/h6>\n<p>&nbsp;<\/p>\n<p>&nbsp;<\/p>\n<p>&nbsp;<\/p>\n","protected":false},"excerpt":{"rendered":"<p>Convocatoria Patronato 12 de abril de 2018 UNEDIllesBalears-ConvocatoriaPatronatoAbril2018F UNEDIllesBalears-Convocat\u00f2riaPatronatAbril2018F Acta Patronato Pendiente de aprobaci\u00f3n Acta Patronato 14-11-17cast(pendiente aprobaci\u00f3n) Acta Patronato 14-11-17 cat(pendiente aprobaci\u00f3n) Estatutos del Consorcio CA UNED LES ILLES BALEARS AprobacionEstatutosConsejoGobiernoUNEDLesIllesBalears131216 AprobacioInicialEstatuts191216ConsellMenorca\u00a0 07002-DD_Consell Insular de Mallorca_20170512_20171128_Art 7-4_FAVORABLE&#8230; &nbsp; Cuentas y Liquidaci\u00f3n ejercicio 2017 Informe Auditor\u00eda y Cuentas ejercicio 2017 &nbsp; Programa de Calidad del [&hellip;]<\/p>\n","protected":false},"author":1,"featured_media":0,"parent":305,"menu_order":0,"comment_status":"closed","ping_status":"closed","template":"","meta":{"_acf_changed":false,"footnotes":""},"acf":[],"_links":{"self":[{"href":"https:\/\/uned-illesbalears.net\/ca\/wp-json\/wp\/v2\/pages\/94711"}],"collection":[{"href":"https:\/\/uned-illesbalears.net\/ca\/wp-json\/wp\/v2\/pages"}],"about":[{"href":"https:\/\/uned-illesbalears.net\/ca\/wp-json\/wp\/v2\/types\/page"}],"author":[{"embeddable":true,"href":"https:\/\/uned-illesbalears.net\/ca\/wp-json\/wp\/v2\/users\/1"}],"replies":[{"embeddable":true,"href":"https:\/\/uned-illesbalears.net\/ca\/wp-json\/wp\/v2\/comments?post=94711"}],"version-history":[{"count":0,"href":"https:\/\/uned-illesbalears.net\/ca\/wp-json\/wp\/v2\/pages\/94711\/revisions"}],"up":[{"embeddable":true,"href":"https:\/\/uned-illesbalears.net\/ca\/wp-json\/wp\/v2\/pages\/305"}],"wp:attachment":[{"href":"https:\/\/uned-illesbalears.net\/ca\/wp-json\/wp\/v2\/media?parent=94711"}],"curies":[{"name":"wp","href":"https:\/\/api.w.org\/{rel}","templated":true}]}}