{"id":921,"date":"2013-08-26T18:35:14","date_gmt":"2013-08-26T18:35:14","guid":{"rendered":"https:\/\/uned-illesbalears.net\/?page_id=921"},"modified":"2017-11-02T13:56:33","modified_gmt":"2017-11-02T11:56:33","slug":"formacio-permanent","status":"publish","type":"page","link":"https:\/\/uned-illesbalears.net\/ca\/estudiar-uned-illes-balears\/formacio-permanent\/","title":{"rendered":"Formaci\u00f3 permanent"},"content":{"rendered":"<h3>Oferta de Formaci\u00f3 Permanent Curs 2017-2018 :\u00a0<a title=\"Formaci\u00f3 permanent\" href=\"http:\/\/portal.uned.es\/portal\/page?_pageid=93,1508346,93_20527915&amp;_dad=portal&amp;_schema=PORTAL\"><span style=\"color: #008000;\"><span style=\"color: #008000;\">Guies<\/span><\/span><\/a><\/h3>\n<h6>Formaci\u00f3 Permanent (Formaci\u00f3 professorat, Ensenyan\u00e7a oberta, \u00c0rea de la salut, M\u00e0ster, Expert, Especialista, Programa de desenvolupament \u00a0professional)<\/h6>\n<p>&nbsp;<\/p>\n<p>&nbsp;<\/p>\n<p>&nbsp;<\/p>\n","protected":false},"excerpt":{"rendered":"<p>Oferta de Formaci\u00f3 Permanent Curs 2017-2018 :\u00a0Guies Formaci\u00f3 Permanent (Formaci\u00f3 professorat, Ensenyan\u00e7a oberta, \u00c0rea de la salut, M\u00e0ster, Expert, Especialista, Programa de desenvolupament \u00a0professional) &nbsp; &nbsp; &nbsp;<\/p>\n","protected":false},"author":1,"featured_media":0,"parent":901,"menu_order":0,"comment_status":"closed","ping_status":"closed","template":"","meta":{"_acf_changed":false,"footnotes":""},"acf":[],"_links":{"self":[{"href":"https:\/\/uned-illesbalears.net\/ca\/wp-json\/wp\/v2\/pages\/921"}],"collection":[{"href":"https:\/\/uned-illesbalears.net\/ca\/wp-json\/wp\/v2\/pages"}],"about":[{"href":"https:\/\/uned-illesbalears.net\/ca\/wp-json\/wp\/v2\/types\/page"}],"author":[{"embeddable":true,"href":"https:\/\/uned-illesbalears.net\/ca\/wp-json\/wp\/v2\/users\/1"}],"replies":[{"embeddable":true,"href":"https:\/\/uned-illesbalears.net\/ca\/wp-json\/wp\/v2\/comments?post=921"}],"version-history":[{"count":0,"href":"https:\/\/uned-illesbalears.net\/ca\/wp-json\/wp\/v2\/pages\/921\/revisions"}],"up":[{"embeddable":true,"href":"https:\/\/uned-illesbalears.net\/ca\/wp-json\/wp\/v2\/pages\/901"}],"wp:attachment":[{"href":"https:\/\/uned-illesbalears.net\/ca\/wp-json\/wp\/v2\/media?parent=921"}],"curies":[{"name":"wp","href":"https:\/\/api.w.org\/{rel}","templated":true}]}}