{"id":905,"date":"2013-08-26T18:44:28","date_gmt":"2013-08-26T18:44:28","guid":{"rendered":"https:\/\/uned-illesbalears.net\/?page_id=905"},"modified":"2018-07-08T19:23:22","modified_gmt":"2018-07-08T17:23:22","slug":"majors-de-45","status":"publish","type":"page","link":"https:\/\/uned-illesbalears.net\/ca\/estudiar-uned-illes-balears\/acceso\/majors-de-45\/","title":{"rendered":"Majors de 45. Curs 2018-2019"},"content":{"rendered":"<p style=\"text-align: justify;\"><strong>Qui es pot matricular ?<\/strong><\/p>\n<p>Aquelles persones que no tinguin la titulaci\u00f3 exigible per a l&#8217; ingr\u00e9s a la Universitat i tinguin complerta l&#8217; edat de 45 anys el 31 de desembre de 2019. L&#8217;\u00fanic requeriment per matricular-se \u00e9s l&#8217;edat.<\/p>\n<p><strong>Quin \u00e9s el termini de matr\u00edcula i qu\u00e8 es necessita ?<\/strong><\/p>\n<div dir=\"ltr\" style=\"text-align: justify;\">Del 5 de juliol de 2018 al 23 octubre 2018 (de l&#8217;1 al 15 d&#8217;agost es tanca l&#8217;aplicaci\u00f3) pot\u00a0matricular-se per Internet el seu Ordinador, o amb ajuda a l&#8217;aula d&#8217;inform\u00e0tica del Centre. Suggerim que NO\u00a0s&#8217;esgoti el termini, ja que les classes tutories\u00a0 i els cursos virtuals s&#8217;inicien el dimecres 4 d&#8217;octubre de 2018.<\/div>\n<div dir=\"ltr\" style=\"text-align: justify;\">\n<p>Per obtenir el carnet d&#8217;estudiant pot\u00a0dirigir-se a la Secretaria del Centre amb el seu DNI o document oficial, Una vegada transcorregut 48-72 h del tr\u00e0mit de la seva matr\u00edcula.<\/p>\n<\/div>\n<p><strong>Quin preu t\u00e9 la matr\u00edcula en el curs 2018-2019 ?<\/strong><\/p>\n<p>Els preu del curs 2018-2019\u00a0 \u00e9s de 242,40 \u20ac, la primera vegada i 181,80 \u20ac la segona vegada.<\/p>\n<p>Si realitza el pagament en un cop pot fer-ho en finestreta d&#8217;una sucursal del Santander, pagament en l\u00ednia, o domiciliaci\u00f3 (impr\u00e8s SEPA).Vost\u00e8 pot fraccionar el pagament en quatre terminis: un 40% en el moment de la matr\u00edcula, la resta en tres terminis, el 20% en cadascun d&#8217;ells, el 30 d&#8217;octubre, el 30 de novembre i el 26 de desembre. \u00c9s obligatori domiciliar el pagament fraccionat mitjan\u00e7ant l&#8217;impr\u00e8s SEPA que podr\u00e0 descarregar-se de l&#8217;aplicaci\u00f3 de la matr\u00edcula. \u00c9s important recordar que aquest impr\u00e8s ha de ser signat pel titular del compte que domicilia el pagament.<\/p>\n<p>La matr\u00edcula li d\u00f3na dret a l&#8217;assist\u00e8ncia a les classes &#8211; tutories presencials , per Internet en directe i els enregistraments de totes les classes tutories de totes les mat\u00e8ries fins a finals de setembre de 2019; disposar dels cursos virtuals rebent suport docent per la xarxa de Internet i presentar-se als ex\u00e0mens en la convocat\u00f2ria ordin\u00e0ria de maig- juny i en la convocat\u00f2ria extraordin\u00e0ria de setembre, si cal. El centre tamb\u00e9 ofereix servei de biblioteca i wifi; adquisici\u00f3 de material did\u00e0ctic a la llibreria i una \u00e0mplia varietat de cursos com estudis propis de la UNED presencials i per Internet en les seves diferents modalitats.<\/p>\n<p><strong>Quin preu t\u00e9 el material did\u00e0ctic ?<\/strong><\/p>\n<div id=\"gt-res-content\">\n<div dir=\"ltr\" style=\"text-align: justify;\">El material did\u00e0ctic es ven a la llibreria del centre i el preu total dep\u00e8n de les mat\u00e8ries. El cost total \u00e9s inferior als 60 \u20ac. \u00c9s molt recomanable que disposi de la bibliografia b\u00e0sica on es troben tots els continguts objecte d&#8217;estudi i examen.<\/div>\n<\/div>\n<div dir=\"ltr\" style=\"text-align: justify;\">\u00a0\u00c9s recomanable obtenir tot el MATERIAL DID\u00c0CTIC A LA LLIBRERIA DEL CENTRE, que disposa tamb\u00e9 de venda online i enviament domicili, amb un descompte del 5% en tota la bibliografia del Curs d&#8217;Acc\u00e9s. <a href=\"http:\/\/libreria.uned-illesbalears.net\/\">LLIBRERIA VIRTUAL<\/a><\/div>\n<div dir=\"ltr\" style=\"text-align: justify;\">\n<p>Altres serveis de venda en l\u00ednia de llibreria implica que l&#8217;estudiant aboni despeses d&#8217;enviament. A la llibreria del Centre Associat, a les tres illes, Mallorca, Menorca i Eivissa, no hi ha despeses d&#8217;enviament.<\/p>\n<\/div>\n<p><strong>De quantes mat\u00e8ries m&#8217;he de matricular<\/strong>?<\/p>\n<p>Per al compliment dels objectius previstos, el curs d&#8217;orientaci\u00f3 i iniciaci\u00f3 comprendr\u00e0 dues mat\u00e8ries comunes i una entrevista escrita.<\/p>\n<p><strong>Mat\u00e8ries comunes per a tots els estudiants<\/strong><\/p>\n<p><strong>Comentari de text .<\/strong><\/p>\n<p><strong>Llengua castellana .<\/strong><\/p>\n<p>&nbsp;<\/p>\n<p><strong>Quin \u00e9s l&#8217;horari de les classes tutories ?<\/strong><\/p>\n<p>L&#8217;horari presencial de les classes tutories el pot obtenir en el seg\u00fcent enlla\u00e7 : <span style=\"color: #008000;\">HORARIS CLASSES TUTORIES PRESENCIALS: <a style=\"color: #008000;\" href=\"https:\/\/uned-illesbalears.net\/recursos-para-estudiantes\/clases-tutorias\/clases-tutorias-en-mallorca\/acceso-mayores-45-anos\/\">MALLORCA<\/a>\u00a0 MENORCA\u00a0 EIVISSA<\/span><\/p>\n<p><strong>\u00c9s obligat\u00f2ria l&#8217;assist\u00e8ncia a les classes &#8211; tutories presencials ?<\/strong><\/p>\n<p>L&#8217;assist\u00e8ncia a les classes -tutories \u00e9s volunt\u00e0ria pel que si no pot assistir per qualsevol motiu (laboral , familiar , de resid\u00e8ncia &#8230; ) NO est\u00e0 penalitzat, no obstant aix\u00f2, es recomana el seu aprofitament mitjan\u00e7ant les corresponents gravacions o per Internet en directe . Tamb\u00e9 es recomana aprofitar de manera intermitent dels cursos virtuals de les diferents mat\u00e8ries ( plataforma aLF ).<\/p>\n<p><strong>\u00c9s obligatori la resoluci\u00f3 dels quaderns d&#8217;avaluaci\u00f3?<\/strong><\/p>\n<p>La resoluci\u00f3 dels quadernets , normalment , ajuda a comprendre la mat\u00e8ria ia seguir un ritme de treball. L&#8217;obligatorietat o no dels mateixos dep\u00e8n de cada mat\u00e8ria ( la majoria NO s\u00f3n \u200b\u200bobligatoris ).<br \/>\nPodr\u00e0 trobar els enunciats en el corresponent curs virtual de la plataforma aLF a partir del 4 d&#8217;octubre de 2017.<\/p>\n<p><strong>En qu\u00e8 consisteix l&#8217;avaluaci\u00f3 cont\u00ednua volunt\u00e0ria en el Curs d&#8217;Acc\u00e9s ?<\/strong><\/p>\n<p>Coincidint amb la primera setmana d&#8217;ex\u00e0mens de la convocat\u00f2ria de gener- febrer, el divendres 26 de gener de 2018, es desenvolupar\u00e0 una prova parcial de llengua castellana que tindr\u00e0 una ponderaci\u00f3 ( 30% ) i NO ser\u00e0 eliminatori per a la prova de maig ( 70% ) . Nota final de la mat\u00e8ria al juny * = ( 0,3 x Nota de febrer ) + ( 0,7 x Nota de juny ). * Despr\u00e9s d&#8217;aplicar la f\u00f3rmula de qualificaci\u00f3 \u00fanicament prevaldr\u00e0 l&#8217;obtinguda per aquesta avaluaci\u00f3 cont\u00ednua si el resultat \u00e9s superior al de la prova final de juny. La mat\u00e8ria de Comentari de text no t\u00e9 avaluaci\u00f3 cont\u00ednua .<br \/>\nAl setembre no es guarda la qualificaci\u00f3 de l&#8217;avaluaci\u00f3 cont\u00ednua de llengua castellana.<\/p>\n<p><strong>Puc simultanejar les classes -tutories presencials amb les emeses i gravades ?<\/strong><\/p>\n<p>S\u00ed, vost\u00e8 pot assistir a les classes tutories presencials i alternar o combinar amb seguir per Internet en directe de cualqueira de les illes . Els enregistraments podr\u00e0 consultar en qualsevol moment del curs fins despr\u00e9s dels ex\u00e0mens de setembre , tantes vegades com vulgui.<\/p>\n<p><strong>Puc simultanejar les classes &#8211; tutories amb els cursos virtuals ?<\/strong><\/p>\n<p>S\u00ed, els cursos virtuals s&#8217;entenen com un suport a aquelles persones que no poden freq\u00fcentar el centre per diversos motius , per\u00f2 , a m\u00e9s estan oberts a totes aquelles persones que freq\u00fcenten les classes &#8211; tutories presencials \/ Internet en directe \/ Internet en diferit i desitgen un suport docent addicional mitjan\u00e7ant el curs virtual de la plataforma aLF de les seves mat\u00e8ries . Disposa de cursos virtuals de totes les mat\u00e8ries.<\/p>\n<p><strong>Com puc accedir als cursos virtuals ?<\/strong><\/p>\n<p>Vost\u00e8 pot accedir als cursos virtuals , identificant-se en la p\u00e0gina de la UNED : Portal UNED, posteriorment podr\u00e0 entrar a l&#8217;enlla\u00e7 de cursos virtuals, plataforma aLF de les mat\u00e8ries que vost\u00e8 est\u00e0 matriculat\u00a0<strong>a partir del 4 d&#8217;octubre de 2018. <\/strong>En els mesos d&#8217;octubre i novembre el centre li ofereix sessions formatives gratu\u00eftes d&#8217;acc\u00e9s i utilitzaci\u00f3 dels cursos virtuals, aix\u00ed com de les classes per Internet.<strong><br \/>\n<\/strong><\/p>\n<p><strong>Quan tenen lloc les proves presencials o ex\u00e0mens del CAD\u00a0 45 anys?<\/strong><\/p>\n<p>En el curs 2018-2019 la Prova d&#8217;Avaluaci\u00f3 Cont\u00ednua t\u00e9 lloc el divendres 25 gener 2019 (reserva divendres 8 de febrer 2019, 16.00 h), la convocat\u00f2ria ordin\u00e0ria el dissabte 25 de maig de 2019, en un \u00fanic torn (reserva 7 de juny, 16.00 h). La prova extraordin\u00e0ria el divendres 6 de setembre de 2019, en un \u00fanic torn (reserva 7 de setembre, 16.00 h). La realitzaci\u00f3 de l&#8217;examen de reserva s&#8217;ha de sol\u00b7licitar pr\u00e8viament mitjan\u00e7ant el model de sol\u00b7licitud disponible a la web del centre (s&#8217;ha de justificar documentalment). Es poden realitzar com a m\u00e0xim tres ex\u00e0mens de reserva en una convocat\u00f2ria.<\/p>\n<p>En el curs virtual de cada mat\u00e8ria disposar\u00e0 d&#8217;ex\u00e0mens d&#8217;anys anteriors . En les webs dels Centres de Barbastre i Calataiud disposa vost\u00e8 d&#8217;ex\u00e0mens d&#8217;altres anys classificats per mat\u00e8ries.<\/p>\n<p><strong>\u00c9s obligatori examinar-me de les dues mat\u00e8ries en la convocat\u00f2ria ordin\u00e0ria de maig- juny?<\/strong><\/p>\n<p>No, pot repartirte les dues mat\u00e8ries entre maig -juny i setembre. Pot presentar al setembre de mat\u00e8ries que no s&#8217;hagi presentat a la convocat\u00f2ria ordin\u00e0ria de maig- juny.<\/p>\n<p><strong>Si suspenc al maig-juny, he d&#8217;examinar-me al setembre de totes les mat\u00e8ries ?<\/strong><\/p>\n<p>No, s&#8217;examina de les mat\u00e8ries que cregui oport\u00fa, independentment de la seva qualificaci\u00f3, ha de valorar de quines mat\u00e8ries creu que pot obtenir una millor nota al setembre ( mat\u00e8ria aprovada , per pujar nota ; mat\u00e8ria suspesa ; mat\u00e8ria no presentada al juny ), la nota definitiva d&#8217;aquesta mat\u00e8ria, ser\u00e0 la m\u00e9s alta de les obtingudes en les convocat\u00f2ries ordin\u00e0ria i extraordin\u00e0ria. En la convocat\u00f2ria extraordin\u00e0ria no es t\u00e9 en compte l&#8217;avaluaci\u00f3 cont\u00ednua si optar per ella.<\/p>\n<p><strong>Per aprovar el curs d&#8217;acc\u00e9s he de superar totes les mat\u00e8ries ?<\/strong><\/p>\n<p>Els ex\u00e0mens de cadascuna de les dues mat\u00e8ries que integren les proves d&#8217;acc\u00e9s seran qualificats independentment de 0 a 10 punts. La qualificaci\u00f3 final de la prova d&#8217;Acc\u00e9s ser\u00e0 la mitjana de les qualificacions de les dues mat\u00e8ries , no podent en cap cas la mitjana quan s&#8217;obtinga una qualificaci\u00f3 inferior a quatre punts. Seran declarats aptes aquells alumnes que obtinguin una puntuaci\u00f3 final de 5 punts o superior i realitzin satisfact\u00f2riament l&#8217;entrevista .<br \/>\nNo hi haur\u00e0 l\u00edmit de convocat\u00f2ries per superar la prova d&#8217;acc\u00e9s per a majors de quaranta-cinc anys. La superaci\u00f3 de la prova t\u00e9 validesa indefinida , als efectes de l&#8217;admissi\u00f3 exclusiva a la UNED.<\/p>\n<p><strong>Qu\u00e8 he de fer per sol\u00b7licitar revisi\u00f3 d&#8217;examen ?<\/strong><\/p>\n<p>Els estudiants disposaran de 7 dies naturals, a comptar de la data oficial de publicaci\u00f3 de la qualificaci\u00f3 final de la prova, per sol\u00b7licitar la revisi\u00f3 de les qualificacions de cada un dels ex\u00e0mens.<br \/>\nLa sol\u00b7licitud de revisi\u00f3 es realitzar\u00e0 a la Secretaria Virtual , autentificant-se en CampusUNED des del web de la UNED.<\/p>\n<p><strong>Un cop aprovat el curs, he de demanar admissi\u00f3 als estudis universitaris que vull cursar ?<\/strong><\/p>\n<p>No, a la UNED, a l&#8217;aprovar el curs d&#8217;acc\u00e9s per a majors de 45 anys t\u00e9 pla\u00e7a directa en el grau corresponent . El curs d&#8217;acc\u00e9s per a majors de 45 anys li d\u00f3na acc\u00e9s a la Universitat que el supera \u00a0i a la resta si compleix els requisits d&#8217;acc\u00e9s.<\/p>\n<p><strong>Qu\u00e8 he de fer si vull examinar-me a un altre centre associat ?<\/strong><\/p>\n<p>Si per qualsevol motiu no es pot examinar en el centre associat de Balears ( Palma , Menorca o Eivissa ) ha de demanar a la secretaria del centre que li tramitin l&#8217;autoritzaci\u00f3 perqu\u00e8 es pugui examinar en el corresponent centre associat de l&#8217;Estat Espanyol o de l&#8217;estranger. No obstant aix\u00f2, en centres nacionals pot ser suficient que ho sol\u00b7liciti vost\u00e8 directament a la secretaria del centre associat on voleu examinar. Ha de tenir especial cura en con\u00e8ixer la direcci\u00f3 del centre on vol fer la prova presencial i l&#8217;horari establert.<\/p>\n<p><strong>Qu\u00e8 equival\u00e8ncia a efectes professionals t\u00e9 el Curs d&#8217;Acc\u00e9s per a Majors de 45 anys ?<\/strong><\/p>\n<p>Manca de qualsevol tipus d&#8217;equival\u00e8ncia a difer\u00e8ncia del curs d&#8217;acc\u00e9s per a majors de 25 anys .<\/p>\n<p><strong>Ofereix la UNED prova lliure del Curs d&#8217;Acc\u00e9s per a Majors de 45 anys ?<\/strong><\/p>\n<p>S\u00ed , tant del curs d&#8217;acc\u00e9s per a majors de 25 anys , com del curs d&#8217;acc\u00e9s per a majors de 45 anys .<br \/>\nEl termini de matr\u00edcula \u00e9s del 1 al 18 de febrer de 2018 (preu 98,08 \u20ac). Les persones que es matriculen de la prova lliure no tenen prova d&#8217;avaluaci\u00f3 cont\u00ednua i tenen una \u00fanica opci\u00f3 d&#8217;examinar-se en la convocat\u00f2ria de maig-juny, en les mateixes dates que les persones matriculades en el Curs d&#8217;Acc\u00e9s. No disposen de convocat\u00f2ria de setembre, ni tenen dret a classes tutories presencials \/ Internet \/ gravades, ni cursos virtuals. El programa i material did\u00e0ctic \u00e9s el mateix que les persones matriculades en el Curs d&#8217;Acc\u00e9s i poden disposar a la llibreria del Centre .\u00a0\u00a0<a href=\"http:\/\/libreria.uned-illesbalears.net\/\">LLIBRERIA VIRTUAL<\/a><\/p>\n","protected":false},"excerpt":{"rendered":"<p>Qui es pot matricular ? Aquelles persones que no tinguin la titulaci\u00f3 exigible per a l&#8217; ingr\u00e9s a la Universitat i tinguin complerta l&#8217; edat de 45 anys el 31 de desembre de 2019. L&#8217;\u00fanic requeriment per matricular-se \u00e9s l&#8217;edat. Quin \u00e9s el termini de matr\u00edcula i qu\u00e8 es necessita ? Del 5 de juliol [&hellip;]<\/p>\n","protected":false},"author":1,"featured_media":0,"parent":896,"menu_order":0,"comment_status":"closed","ping_status":"closed","template":"","meta":{"_acf_changed":false,"footnotes":""},"acf":[],"_links":{"self":[{"href":"https:\/\/uned-illesbalears.net\/ca\/wp-json\/wp\/v2\/pages\/905"}],"collection":[{"href":"https:\/\/uned-illesbalears.net\/ca\/wp-json\/wp\/v2\/pages"}],"about":[{"href":"https:\/\/uned-illesbalears.net\/ca\/wp-json\/wp\/v2\/types\/page"}],"author":[{"embeddable":true,"href":"https:\/\/uned-illesbalears.net\/ca\/wp-json\/wp\/v2\/users\/1"}],"replies":[{"embeddable":true,"href":"https:\/\/uned-illesbalears.net\/ca\/wp-json\/wp\/v2\/comments?post=905"}],"version-history":[{"count":0,"href":"https:\/\/uned-illesbalears.net\/ca\/wp-json\/wp\/v2\/pages\/905\/revisions"}],"up":[{"embeddable":true,"href":"https:\/\/uned-illesbalears.net\/ca\/wp-json\/wp\/v2\/pages\/896"}],"wp:attachment":[{"href":"https:\/\/uned-illesbalears.net\/ca\/wp-json\/wp\/v2\/media?parent=905"}],"curies":[{"name":"wp","href":"https:\/\/api.w.org\/{rel}","templated":true}]}}