{"id":901,"date":"2013-08-26T18:41:40","date_gmt":"2013-08-26T18:41:40","guid":{"rendered":"https:\/\/uned-illesbalears.net\/?page_id=901"},"modified":"2020-01-16T17:53:11","modified_gmt":"2020-01-16T16:53:11","slug":"estudiar-uned-illes-balears","status":"publish","type":"page","link":"https:\/\/uned-illesbalears.net\/ca\/estudiar-uned-illes-balears\/","title":{"rendered":"Estudiar UNED Illes Balears"},"content":{"rendered":"<h3>ACCESO<\/h3>\n<ul>\n<li>\n<h5><a title=\"Mayores 25\" href=\"https:\/\/uned-illesbalears.net\/estudiar-en-la-uned\/acceso\/mayores-de-25\/\">Mayores 25<\/a><\/h5>\n<\/li>\n<li>\n<h5><a title=\"Mayores 45\" href=\"https:\/\/uned-illesbalears.net\/estudiar-en-la-uned\/acceso\/mayores-de-45\/\">Mayores 45<\/a><\/h5>\n<\/li>\n<li>\n<h5><a title=\"Mayores 40\" href=\"https:\/\/uned-illesbalears.net\/estudiar-en-la-uned\/acceso\/mayores-de-40\/\">Mayores 40<\/a><\/h5>\n<\/li>\n<li>\n<h5><a href=\"http:\/\/portal.uned.es\/portal\/page?_pageid=93,55011208&amp;_dad=portal&amp;_schema=PORTAL\">UNEassis<\/a><\/h5>\n<\/li>\n<li>\n<h5><a title=\"Credencial UE\" href=\"http:\/\/portal.uned.es\/portal\/page?_pageid=93,932663&amp;_dad=portal&amp;_schema=PORTAL\">Credencial UE<\/a><\/h5>\n<\/li>\n<\/ul>\n<p><BR><\/p>\n<h3>GRADOS<\/h3>\n<ul>\n<li class=\"contenido_titulo\">\n<h5><a href=\"https:\/\/portal.uned.es\/portal\/page?_pageid=93,1643102&amp;_dad=portal&amp;_schema=PORTAL\">Oferta de Grados Universitarios Oficiales 2019\/2020<\/a><\/h5>\n<\/li>\n<\/ul>\n<p><BR><\/p>\n<h3>FORMACI\u00d3 PERMANENT<\/h3>\n<ul>\n<li>\n<h5><a href=\"http:\/\/portal.uned.es\/portal\/page?_pageid=93,1508346,93_54602641&amp;_dad=portal&amp;_schema=PORTAL\">Formaci\u00f3n Permanente<\/a> (Profesorado, Ense\u00f1anza Abierta, \u00c1rea de la salud, M\u00e1ster, Experto, Especialista, Programa de desarrollo profesional)<\/h5>\n<\/li>\n<\/ul>\n<p><BR><\/p>\n<h3>M\u00c1STERES (EEES)<\/h3>\n<ul>\n<li class=\"contenido_titulo\">\n<h5><a href=\"http:\/\/portal.uned.es\/portal\/page?_pageid=93,1113796&amp;_dad=portal\">Oferta de M\u00e1steres Universitarios Oficiales (EEES) 2019\/2020<\/a><\/h5>\n<\/li>\n<\/ul>\n<p><BR><\/p>\n<h3>DOCTORADOS (EEES)<\/h3>\n<ul>\n<li>\n<h5><a href=\"https:\/\/portal.uned.es\/portal\/page?_pageid=93,14056345&amp;_dad=portal&amp;_schema=PORTAL\"><b>Estudios Oficiales de Doctorado: Planes y Programas<\/b><\/a><\/h5>\n<\/li>\n<\/ul>\n","protected":false},"excerpt":{"rendered":"<p>ACCESO Mayores 25 Mayores 45 Mayores 40 UNEassis Credencial UE GRADOS Oferta de Grados Universitarios Oficiales 2019\/2020 FORMACI\u00d3 PERMANENT Formaci\u00f3n Permanente (Profesorado, Ense\u00f1anza Abierta, \u00c1rea de la salud, M\u00e1ster, Experto, Especialista, Programa de desarrollo profesional) M\u00c1STERES (EEES) Oferta de M\u00e1steres Universitarios Oficiales (EEES) 2019\/2020 DOCTORADOS (EEES) Estudios Oficiales de Doctorado: Planes y Programas<\/p>\n","protected":false},"author":1,"featured_media":0,"parent":0,"menu_order":0,"comment_status":"closed","ping_status":"closed","template":"","meta":{"_acf_changed":false,"footnotes":""},"acf":[],"_links":{"self":[{"href":"https:\/\/uned-illesbalears.net\/ca\/wp-json\/wp\/v2\/pages\/901"}],"collection":[{"href":"https:\/\/uned-illesbalears.net\/ca\/wp-json\/wp\/v2\/pages"}],"about":[{"href":"https:\/\/uned-illesbalears.net\/ca\/wp-json\/wp\/v2\/types\/page"}],"author":[{"embeddable":true,"href":"https:\/\/uned-illesbalears.net\/ca\/wp-json\/wp\/v2\/users\/1"}],"replies":[{"embeddable":true,"href":"https:\/\/uned-illesbalears.net\/ca\/wp-json\/wp\/v2\/comments?post=901"}],"version-history":[{"count":1,"href":"https:\/\/uned-illesbalears.net\/ca\/wp-json\/wp\/v2\/pages\/901\/revisions"}],"predecessor-version":[{"id":142770,"href":"https:\/\/uned-illesbalears.net\/ca\/wp-json\/wp\/v2\/pages\/901\/revisions\/142770"}],"wp:attachment":[{"href":"https:\/\/uned-illesbalears.net\/ca\/wp-json\/wp\/v2\/media?parent=901"}],"curies":[{"name":"wp","href":"https:\/\/api.w.org\/{rel}","templated":true}]}}