{"id":896,"date":"2013-08-11T18:03:34","date_gmt":"2013-08-11T18:03:34","guid":{"rendered":"https:\/\/uned-illesbalears.net\/?page_id=896"},"modified":"2021-10-23T19:27:18","modified_gmt":"2021-10-23T17:27:18","slug":"acceso","status":"publish","type":"page","link":"https:\/\/uned-illesbalears.net\/ca\/estudiar-uned-illes-balears\/acceso\/","title":{"rendered":"Acceso mayores 25\/45 a\u00f1os"},"content":{"rendered":"<h6><a title=\"Acceso mayores 25\" href=\"https:\/\/uned-illesbalears.net\/estudiar-en-la-uned\/acceso\/mayores-de-25\/\"><span style=\"color: #003300;\"><span style=\"color: #003300;\">Acceso mayores de 25 a\u00f1os<\/span><\/span><\/a><\/h6>\n<h6><a title=\"Acceso mayores 45\" href=\"https:\/\/uned-illesbalears.net\/estudiar-en-la-uned\/acceso\/mayores-de-45\/\"><span style=\"color: #003300;\"><span style=\"color: #003300;\">Acceso mayores de 45 a\u00f1os<\/span><\/span><\/a><\/h6>\n<h6><span style=\"color: #003300;\"><a title=\"Mayores de 40\" href=\"https:\/\/uned-illesbalears.net\/estudiar-en-la-uned\/acceso\/mayores-de-40\/\"><span style=\"color: #003300;\">Acceso mayores de 40 a\u00f1os<\/span><\/a><\/span> (experiencia profesional)<\/h6>\n<h6><span style=\"color: #003300;\"><a title=\"Selectividad\" href=\"https:\/\/uned-illesbalears.net\/estudiar-en-la-uned\/acceso\/selectividad\/\"><span style=\"color: #003300;\">Selectividad<\/span><\/a><\/span><\/h6>\n<h6><span style=\"color: #003300;\"><a title=\"Credencial UE\" href=\"https:\/\/uned-illesbalears.net\/estudiar-en-la-uned\/acceso\/credencial-ue\/\"><span style=\"color: #003300;\">Credencial UE<\/span><\/a> <\/span>(Uni\u00f3n Europea)<\/h6>\n","protected":false},"excerpt":{"rendered":"<p>Acceso mayores de 25 a\u00f1os Acceso mayores de 45 a\u00f1os Acceso mayores de 40 a\u00f1os (experiencia profesional) Selectividad Credencial UE (Uni\u00f3n Europea)<\/p>\n","protected":false},"author":1,"featured_media":0,"parent":901,"menu_order":0,"comment_status":"closed","ping_status":"closed","template":"","meta":{"_acf_changed":false,"footnotes":""},"acf":[],"_links":{"self":[{"href":"https:\/\/uned-illesbalears.net\/ca\/wp-json\/wp\/v2\/pages\/896"}],"collection":[{"href":"https:\/\/uned-illesbalears.net\/ca\/wp-json\/wp\/v2\/pages"}],"about":[{"href":"https:\/\/uned-illesbalears.net\/ca\/wp-json\/wp\/v2\/types\/page"}],"author":[{"embeddable":true,"href":"https:\/\/uned-illesbalears.net\/ca\/wp-json\/wp\/v2\/users\/1"}],"replies":[{"embeddable":true,"href":"https:\/\/uned-illesbalears.net\/ca\/wp-json\/wp\/v2\/comments?post=896"}],"version-history":[{"count":4,"href":"https:\/\/uned-illesbalears.net\/ca\/wp-json\/wp\/v2\/pages\/896\/revisions"}],"predecessor-version":[{"id":197848,"href":"https:\/\/uned-illesbalears.net\/ca\/wp-json\/wp\/v2\/pages\/896\/revisions\/197848"}],"up":[{"embeddable":true,"href":"https:\/\/uned-illesbalears.net\/ca\/wp-json\/wp\/v2\/pages\/901"}],"wp:attachment":[{"href":"https:\/\/uned-illesbalears.net\/ca\/wp-json\/wp\/v2\/media?parent=896"}],"curies":[{"name":"wp","href":"https:\/\/api.w.org\/{rel}","templated":true}]}}