{"id":89434,"date":"2016-01-20T22:54:23","date_gmt":"2016-01-20T22:54:23","guid":{"rendered":"https:\/\/uned-illesbalears.net\/qualitat\/personal-administracion-y-servicios\/actividades-formativas-de-personal-no-docente\/"},"modified":"2019-03-08T19:23:29","modified_gmt":"2019-03-08T17:23:29","slug":"actividades-formativas-de-personal-no-docente","status":"publish","type":"page","link":"https:\/\/uned-illesbalears.net\/ca\/qualitat\/personal-administracion-y-servicios\/actividades-formativas-de-personal-no-docente\/","title":{"rendered":"5.3.1.Formaci\u00f3n personal no docente"},"content":{"rendered":"<h6><span style=\"color: #008000;\">Curs 2018-2019<\/span><\/h6>\n<ul>\n<li>\n<h6><span style=\"color: #008000;\">Activitat Formaci\u00f3 AVIP Professorat Tutor dissabte 9 de mar\u00e7 a les 9:30<\/span><\/h6>\n<\/li>\n<li>\n<h6><a href=\"http:\/\/extension.uned.es\/actividad\/19181&amp;codigo=FAPT\"><span style=\"color: #008000;\">Programa del curs<\/span><span style=\"color: #008000;\">o, matr\u00edcula online y materiales<\/span><\/a><\/h6>\n<\/li>\n<li>\n<h6><span style=\"color: #008000;\">Enlla\u00e7 gravaci\u00f3 formativa del professorat tutor (mar\u00e7-abril al 2019)<\/span><\/h6>\n<\/li>\n<li>\n<h6><span style=\"color: #008000;\">Q\u00fcestionari activitat formativa AVIP professorat Tutor (mar\u00e7-abril al 2019) termini de lliurament 5 d&#8217;abril 2019<\/span><\/h6>\n<\/li>\n<\/ul>\n<p>&nbsp;<\/p>\n<ul>\n<li>\n<h6><span style=\"color: #008000;\">Actividad formativa obligatoria jueves 1 de febrero a las 16.30h<\/span><\/h6>\n<\/li>\n<li>\n<h6><a href=\"http:\/\/extension.uned.es\/actividad\/16343\"><span style=\"color: #008000;\">Programa del curso, matr\u00edcula online y materiales<\/span><\/a><\/h6>\n<\/li>\n<li>\n<h6><span style=\"color: #008000;\">Enlace grabaci\u00f3n Jornada formativa del profesorado tutor (enero-febrero 2018)<\/span><\/h6>\n<\/li>\n<li>\n<h6><span style=\"color: #008000;\">Cuestionario actividad formativa del profesorado tutor (enero-febrero 2018) plazo de entrega 12 de febrero<\/span><\/h6>\n<\/li>\n<\/ul>\n<p>&nbsp;<\/p>\n<ul>\n<li>\n<h6><span style=\"color: #008000;\">Actividad formativa obligatoria martes 19 de septiembre a las 16.30 h<\/span><\/h6>\n<\/li>\n<li>\n<h6><span style=\"color: #008000;\"><a href=\"http:\/\/extension.uned.es\/actividad\/15045\"><span style=\"color: #008000;\">Programa del curso, matr\u00edcula online y materiales<\/span><\/a><\/span><\/h6>\n<\/li>\n<li>\n<h6><a href=\"https:\/\/www.intecca.uned.es\/portalavip\/grabacion.php?ID_Sala=3&amp;ID_Grabacion=254961&amp;hashData=999fdd9f33d5d3ecbd53be5af970ea90&amp;amp;paramsToCheck=SURfR3JhYmFjaW9uLElEX1NhbGEs\"><span style=\"color: #008000;\">Enlace grabaci\u00f3n Jornada formativa del PAS y personal colaborador (septiembre 2017)<\/span><\/a><\/h6>\n<\/li>\n<li>\n<h6><a href=\"https:\/\/uned-illesbalears.net\/calidad\/encuestas\/cuestionario-actividad-formativa-pas-y-personal-no-docente-septiembre-2017\/\"><span style=\"color: #008000;\">Cuestionario actividad formativa del del PAS y personal colaborador (septiembre 2017) plazo de entrega 2 de octubre<\/span><\/a><\/h6>\n<\/li>\n<\/ul>\n<p>&nbsp;<\/p>\n<h6><span style=\"color: #008000;\">Curso 2016-2017<\/span><\/h6>\n<ul>\n<li>\n<h6><span style=\"color: #008000;\">Actividad formativa obligatoria el jueves 1 de junio de 16.30-18.30 h:<\/span><\/h6>\n<\/li>\n<\/ul>\n<h6><span style=\"color: #008000;\">\u00a0\u00a0\u00a0\u00a0\u00a0\u00a0\u00a0\u00a0 <b>Jornada formativa obligatoria del PAS y personal colaborador CA UNED Illes Balears, junio 2017<\/b><br \/>\n<\/span><\/h6>\n<ul>\n<li>\n<h6><a href=\"http:\/\/extension.uned.es\/actividad\/14544\"><span style=\"color: #008000;\">Programa del curso, matr\u00edcula online y materiales<\/span><\/a><\/h6>\n<\/li>\n<\/ul>\n<ul>\n<li>\n<h6><a href=\"https:\/\/www.intecca.uned.es\/portalavip\/grabacion.php?ID_Sala=3&amp;ID_Grabacion=253410&amp;hashData=ff09b36cdd6cf029d70654c74d4cd604&amp;amp;paramsToCheck=SURfR3JhYmFjaW9uLElEX1NhbGEs\"><span style=\"color: #008000;\"><strong>Enlace grabaci\u00f3n Jornada formativa del PAS y personal colaborador (junio 2017)<\/strong> <\/span><\/a><\/h6>\n<\/li>\n<li>\n<h6>\u00a0<a href=\"https:\/\/uned-illesbalears.net\/calidad\/encuestas\/cuestionario-actividad-formativa-del-pas-y-personal-colaborador-junio-2017\/\"><span style=\"color: #008000;\">Cuestionario actividad formativa PERSONAL NO DOCENTE (junio 2017)\u00a0 (plazo de entrega del formulario hasta el 15 de junio)<\/span><\/a><\/h6>\n<\/li>\n<\/ul>\n<p>&nbsp;<\/p>\n<ul>\n<li>\n<h6><span style=\"color: #008000;\">Actividad formativa obligatoria el martes 31 de enero de 16.30-18.30 h:<\/span><\/h6>\n<\/li>\n<\/ul>\n<h6><span style=\"color: #008000;\">\u00a0\u00a0\u00a0\u00a0\u00a0\u00a0\u00a0\u00a0 <b>Jornada formativa obligatoria del PAS y personal colaborador CA UNED Illes Balears, Enero-Febrero 2017<\/b><br \/>\n<\/span><\/h6>\n<ul>\n<li>\n<h6><a href=\"http:\/\/extension.uned.es\/actividad\/13646\"><span style=\"color: #008000;\">Programa del curso, matr\u00edcula online y materiales<\/span><\/a><\/h6>\n<\/li>\n<\/ul>\n<ul>\n<li>\n<h6><span style=\"color: #008000;\"><a style=\"color: #008000;\" href=\"https:\/\/www.intecca.uned.es\/portalavip\/grabacion.php?ID_Sala=3&amp;ID_Grabacion=233400&amp;hashData=4abb19b747846f015bfef22646fc0d57&amp;amp;paramsToCheck=SURfR3JhYmFjaW9uLElEX1NhbGEs\"><strong>Enlace grabaci\u00f3n Jornada formativa del PAS y personal colaborador (Enero-febrero 2017)<\/strong> <\/a><\/span><\/h6>\n<\/li>\n<li>\n<h6>\u00a0<a href=\"https:\/\/uned-illesbalears.net\/calidad\/encuestas\/cuestionario-actividad-formativa-de-pas-y-personal-colaborador-enero-2017\/\"><span style=\"color: #008000;\">Cuestionario actividad formativa PERSONAL NO DOCENTE (enero-febrero 2017)\u00a0 (plazo de entrega del formulario hasta el 19 de febrero)<\/span><\/a><\/h6>\n<\/li>\n<\/ul>\n<p>&nbsp;<\/p>\n<p>&nbsp;<\/p>\n<p>&nbsp;<\/p>\n<p>&nbsp;<\/p>\n<ul>\n<li>\n<h6><span style=\"color: #008000;\">Actividad formativa el lunes 9 de enero de 17.30 a 19.00 h: Actividad formativa de PREVENCI\u00d3N EN RIESGOS LABORALES:<\/span><\/h6>\n<\/li>\n<li>\n<h6><span style=\"color: #008000;\"><a style=\"color: #008000;\" href=\"http:\/\/extension.uned.es\/actividad\/13481&amp;codigo=PRL2017\">Programa del curso, matr\u00edcula online y materiales<\/a><\/span><\/h6>\n<\/li>\n<li>\n<h6><span style=\"color: #008000;\"><a style=\"color: #008000;\" href=\"https:\/\/www.intecca.uned.es\/portalavip\/grabacion.php?ID_Sala=3&amp;ID_Grabacion=230662&amp;hashData=171e5b3178207393c36273f628571d4b&amp;amp;paramsToCheck=SURfR3JhYmFjaW9uLElEX1NhbGEs\">Enlace grabaci\u00f3n Jornada formativa<\/a><\/span><\/h6>\n<\/li>\n<li>\n<h6><span style=\"color: #008000;\"><a style=\"color: #008000;\" href=\"https:\/\/uned-illesbalears.net\/calidad\/encuestas\/cuestionario-actividad-formativa-prevencion-riesgos-laborales-enero-2017\/\">Cuestionario actividad formativa PREVENCI\u00d3N RIESGOS LABORALES (enero 2017)<\/a>\u00a0 (plazo de entrega del formulario hasta el 31 de enero)<\/span><\/h6>\n<\/li>\n<\/ul>\n<ul>\n<li>\n<h6><span style=\"color: #008000;\">Actividad formativa obligatoria el jueves 15 de septiembre de 16.30-18.30 h :\u00a0<\/span><\/h6>\n<h6><span style=\"color: #008000;\">Jornada formativa del PAS y personal colaborador\u00a0CA UNED Illes Balears, septiembre 2016<\/span><\/h6>\n<\/li>\n<li>\n<h6><span style=\"color: #008000;\"><a style=\"color: #008000;\" href=\"http:\/\/extension.uned.es\/actividad\/12572\">Programa del curso, matr\u00edcula online y materiales<\/a><\/span><\/h6>\n<\/li>\n<li>\n<h6><a href=\"https:\/\/www.intecca.uned.es\/portalavip\/grabacion.php?ID_Sala=3&amp;ID_Grabacion=211941&amp;hashData=6e3349bde079416875a972dd70ee4e44&amp;amp;paramsToCheck=SURfR3JhYmFjaW9uLElEX1NhbGEs\"><span style=\"color: #008000;\">Enlace grabaci\u00f3n Jornada formativa<\/span><\/a><\/h6>\n<\/li>\n<li>\n<h6>\u00a0<span style=\"color: #008000;\"><a style=\"color: #008000;\" href=\"https:\/\/uned-illesbalears.net\/calidad\/encuestas\/cuestionario-actividad-formativa-personal-no-docente-septiembre-2016\/\">Cuestionario actividad formativa PERSONAL NO DOCENTE (septiembre 2016)<\/a>\u00a0 (plazo de entrega del formulario hasta el 30 de septiembre)<\/span><\/h6>\n<\/li>\n<\/ul>\n","protected":false},"excerpt":{"rendered":"<p>Curs 2018-2019 Activitat Formaci\u00f3 AVIP Professorat Tutor dissabte 9 de mar\u00e7 a les 9:30 Programa del curso, matr\u00edcula online y materiales Enlla\u00e7 gravaci\u00f3 formativa del professorat tutor (mar\u00e7-abril al 2019) Q\u00fcestionari activitat formativa AVIP professorat Tutor (mar\u00e7-abril al 2019) termini de lliurament 5 d&#8217;abril 2019 &nbsp; Actividad formativa obligatoria jueves 1 de febrero a las [&hellip;]<\/p>\n","protected":false},"author":1,"featured_media":0,"parent":12666,"menu_order":0,"comment_status":"closed","ping_status":"closed","template":"","meta":{"_acf_changed":false,"footnotes":""},"acf":[],"_links":{"self":[{"href":"https:\/\/uned-illesbalears.net\/ca\/wp-json\/wp\/v2\/pages\/89434"}],"collection":[{"href":"https:\/\/uned-illesbalears.net\/ca\/wp-json\/wp\/v2\/pages"}],"about":[{"href":"https:\/\/uned-illesbalears.net\/ca\/wp-json\/wp\/v2\/types\/page"}],"author":[{"embeddable":true,"href":"https:\/\/uned-illesbalears.net\/ca\/wp-json\/wp\/v2\/users\/1"}],"replies":[{"embeddable":true,"href":"https:\/\/uned-illesbalears.net\/ca\/wp-json\/wp\/v2\/comments?post=89434"}],"version-history":[{"count":4,"href":"https:\/\/uned-illesbalears.net\/ca\/wp-json\/wp\/v2\/pages\/89434\/revisions"}],"predecessor-version":[{"id":121356,"href":"https:\/\/uned-illesbalears.net\/ca\/wp-json\/wp\/v2\/pages\/89434\/revisions\/121356"}],"up":[{"embeddable":true,"href":"https:\/\/uned-illesbalears.net\/ca\/wp-json\/wp\/v2\/pages\/12666"}],"wp:attachment":[{"href":"https:\/\/uned-illesbalears.net\/ca\/wp-json\/wp\/v2\/media?parent=89434"}],"curies":[{"name":"wp","href":"https:\/\/api.w.org\/{rel}","templated":true}]}}