{"id":894,"date":"2013-08-26T18:39:05","date_gmt":"2013-08-26T18:39:05","guid":{"rendered":"https:\/\/uned-illesbalears.net\/?page_id=894"},"modified":"2018-09-04T19:26:59","modified_gmt":"2018-09-04T17:26:59","slug":"cursos-0-balears","status":"publish","type":"page","link":"https:\/\/uned-illesbalears.net\/ca\/cursos-i-activitats\/cursos-0-balears\/","title":{"rendered":"Cursos 0 Balears"},"content":{"rendered":"<h3>NOVA Oferta de Cursos 0 (Balears) primer quadrimestre del Curs 2018-2019 :\u00a0<span style=\"color: #008000;\"><a href=\"https:\/\/uned-illesbalears.net\/cursos-0\/\">PROGRAMES I MATR\u00cdCULA ONLINE<\/a><\/span><a title=\"Programas y matr\u00edcula online\" href=\"http:\/\/extension.uned.es\/indice\/idcentro\/54\"><br \/>\n<\/a><\/h3>\n<h6>El Centre de les Balears ofereix Cursos 0 ONLINE amb una metodologia flexible i adaptada a la singularitat de l&#8217;estudiant de la UNED.<\/h6>\n<h6>CURSOS MOLT RECOMANABLES PER AQUELLES PERSONES QUE S&#8217;INCORPOREN ALS ESTUDIS DE PRIMER CURS DELS GRAUS DE LES FACULTATS DE PSICOLOG\u00cdA, CI\u00c8NCIES ECON\u00d2MIQUES I EMPRESARIALS, CI\u00c9NCIES, ENGINYERIA INDUSTRIAL, INFORM\u00c0TICA, DRET, POL\u00cdTIQUES I SOCIOLOGIA, EDUCACI\u00d3<\/h6>\n<h6>Cr\u00e8dits per a estudiants de la UNED: 1 ECTS, 2 CLC<\/h6>\n<h6>\u00a0ES POSA A DISPOSICI\u00d3 DE L&#8217;ESTUDIANT UN CONJUNT DE GRAVACIONS DE CLASSES TE\u00d2RIQUES-PR\u00c0CTIQUES, MATERIAL ESPEC\u00cdFIC, ACTIVITATS COMPLEMENT\u00c0RIES. TAMB\u00c9 ES DISPOSA D&#8217;UN F\u00d2RUM DE COMUNICACI\u00d3 PROFESSOR TUTOR I ESTUDIANTS PER A LA RESOLUCI\u00d3 DUBTES I INCID\u00c8NCIES.<br \/>\nLES ACTIVITATS PROPOSADES PER FINALITZAR EL CURS PODEN SER RESOLTES FINS L&#8217;\u00daLTIM DIA DEL CURS. L&#8217;ESTUDIANT POT VISIONAR LES GRAVACIONS EN QUALSEVOL MOMENT I DES DE QUALSEVOL ORDINADOR, TANTES VEGADES COM VULGUI.<br \/>\nEL NIVELL DELS CONTINGUTS \u00c9S INTERMIG ENTRE EL CURS D&#8217;ACC\u00c9S I EL PRIMER CURS DE GRAU.<\/h6>\n<p>&nbsp;<\/p>\n","protected":false},"excerpt":{"rendered":"<p>NOVA Oferta de Cursos 0 (Balears) primer quadrimestre del Curs 2018-2019 :\u00a0PROGRAMES I MATR\u00cdCULA ONLINE El Centre de les Balears ofereix Cursos 0 ONLINE amb una metodologia flexible i adaptada a la singularitat de l&#8217;estudiant de la UNED. CURSOS MOLT RECOMANABLES PER AQUELLES PERSONES QUE S&#8217;INCORPOREN ALS ESTUDIS DE PRIMER CURS DELS GRAUS DE LES [&hellip;]<\/p>\n","protected":false},"author":1,"featured_media":0,"parent":891,"menu_order":0,"comment_status":"closed","ping_status":"closed","template":"","meta":{"_acf_changed":false,"footnotes":""},"acf":[],"_links":{"self":[{"href":"https:\/\/uned-illesbalears.net\/ca\/wp-json\/wp\/v2\/pages\/894"}],"collection":[{"href":"https:\/\/uned-illesbalears.net\/ca\/wp-json\/wp\/v2\/pages"}],"about":[{"href":"https:\/\/uned-illesbalears.net\/ca\/wp-json\/wp\/v2\/types\/page"}],"author":[{"embeddable":true,"href":"https:\/\/uned-illesbalears.net\/ca\/wp-json\/wp\/v2\/users\/1"}],"replies":[{"embeddable":true,"href":"https:\/\/uned-illesbalears.net\/ca\/wp-json\/wp\/v2\/comments?post=894"}],"version-history":[{"count":0,"href":"https:\/\/uned-illesbalears.net\/ca\/wp-json\/wp\/v2\/pages\/894\/revisions"}],"up":[{"embeddable":true,"href":"https:\/\/uned-illesbalears.net\/ca\/wp-json\/wp\/v2\/pages\/891"}],"wp:attachment":[{"href":"https:\/\/uned-illesbalears.net\/ca\/wp-json\/wp\/v2\/media?parent=894"}],"curies":[{"name":"wp","href":"https:\/\/api.w.org\/{rel}","templated":true}]}}