{"id":893,"date":"2013-08-11T18:17:59","date_gmt":"2013-08-11T18:17:59","guid":{"rendered":"https:\/\/uned-illesbalears.net\/?page_id=893"},"modified":"2018-08-24T12:39:30","modified_gmt":"2018-08-24T10:39:30","slug":"cursos-idiomas","status":"publish","type":"page","link":"https:\/\/uned-illesbalears.net\/ca\/cursos-i-activitats\/cursos-idiomas\/","title":{"rendered":"Cursos Idiomas Baleares (CUID)"},"content":{"rendered":"<table border=\"0\" width=\"627\" align=\"center\">\n<tbody>\n<tr>\n<td align=\"left\" valign=\"top\" height=\"44\">\n<table border=\"0\" width=\"542\" align=\"center\">\n<tbody>\n<tr>\n<td align=\"center\" valign=\"top\" width=\"488\" height=\"17\">\n<h5><strong><span style=\"color: #12682d;\">CENTRO UNIVERSITARIO DE IDIOMAS A DISTANCIA<\/span><\/strong><\/h5>\n<h5><span style=\"color: #008000;\">MATR\u00cdCULA DEL 3 de septiembre al 8 de noviembre del 2018<br \/>\n<\/span><\/h5>\n<p><span style=\"color: #008000;\"><strong>Modificaci\u00f3n de matr\u00edcula hasta 17 diciembre 2018<\/strong><\/span><\/p>\n<h5><span style=\"color: #12682d;\"> CURSO 2018-2019<\/span><\/h5>\n<p>&nbsp;<\/td>\n<\/tr>\n<tr>\n<td align=\"left\" valign=\"top\" bgcolor=\"ebebeb\" height=\"21\">\n<div align=\"center\">\n<table border=\"0\" width=\"512\" cellspacing=\"0\" cellpadding=\"0\">\n<tbody>\n<tr>\n<th style=\"text-align: center;\" nowrap=\"nowrap\" height=\"116\">\n<h5><span style=\"color: #008000;\"><span style=\"font-size: 0.83em; line-height: 19px;\">\u00a0<\/span><\/span><\/h5>\n<h5><a href=\"http:\/\/libreria.uned-illesbalears.net\/producto-categoria\/cursos-de-idiomas-a-distancia\/\">LIBRER\u00cdA VIRTUAL<\/a><\/h5>\n<h5><a title=\"Horario clases tutor\u00edas. Curso 2014-2015\" href=\"https:\/\/uned-illesbalears.net\/cursos-y-actividades\/cursos-idiomas\/horario-horari-del-cuid-2014-2015\/\"><span style=\"color: #008000;\">HORARIO CLASES TUTOR\u00cdAS CURSO 2018-2019<\/span><\/a><\/h5>\n<h5><a href=\"https:\/\/uned-illesbalears.net\/recursos-para-estudiantes\/clases-tutorias\/grabaciones-clases-tutorias-curso-2017-2018\/cuid-grabaciones-curso-2017-2018-segundo-semestre\/\">ENLACES GRABACIONES SEGUNDO SEMESTRE CLASES IDIOMAS CURSO 2017-2018<\/a><\/h5>\n<h5><a href=\"https:\/\/uned-illesbalears.net\/recursos-para-estudiantes\/clases-tutorias\/grabaciones-clases-tutorias-curso-2017-2018\/cuid-grabaciones-curso-2017-2018-primer-semestre\/\">ENLACES GRABACIONES PRIMER SEMESTRE CLASES IDIOMAS CURSO 2017-2018<\/a><\/h5>\n<h5><a href=\"https:\/\/uned-illesbalears.net\/grabaciones-clases-tutorias-curso-2016-2017\/cuid-grabaciones-curso-2016-2017-segundo-semestre\/\">ENLACES GRABACIONES SEGUNDO SEMESTRE CLASES IDIOMAS CURSO 2016-2017<\/a><\/h5>\n<h5><a href=\"https:\/\/uned-illesbalears.net\/grabaciones-clases-tutorias-curso-2016-2017\/cuid-grabaciones-curso-2016-2017-primer-semestre\/\">ENLACES GRABACIONES PRIMER SEMESTRE CLASES IDIOMAS CURSO 2016-2017<\/a><\/h5>\n<h5><a href=\"https:\/\/uned-illesbalears.net\/cursos-y-actividades\/cursos-idiomas\/cuid-grabaciones-curso-2015-2016-segundo-semestre\/\">ENLACES GRABACIONES SEGUNDO SEMESTRE CLASES IDIOMAS CURSO 2015-2016<\/a><\/h5>\n<h5><a title=\"CUID\" href=\"https:\/\/uned-illesbalears.net\/grabaciones-clases-tutorias-2015-2016\/cuid-grabaciones-curso-2015-2016-primer-semestre\/\">ENLACES GRABACIONES PRIMER SEMESTRE CLASES IDIOMAS CURSO 2015-2016<\/a><\/h5>\n<h5><\/h5>\n<h5><\/h5>\n<\/th>\n<\/tr>\n<tr>\n<th align=\"left\" valign=\"top\" nowrap=\"nowrap\" height=\"80\">\n<table class=\"aligncenter\" border=\"1\" width=\"508\">\n<tbody>\n<tr>\n<th nowrap=\"nowrap\"><a href=\"#presentacion\">Presentaci\u00f3n<\/a><\/th>\n<th nowrap=\"nowrap\"><a href=\"#docencia\">Docencia<\/a><\/th>\n<th nowrap=\"nowrap\"><a href=\"#materiales\">Materiales<\/a><\/th>\n<th nowrap=\"nowrap\"><a href=\"#materiales\">Idiomas<\/a><\/th>\n<\/tr>\n<tr>\n<th nowrap=\"nowrap\"><a href=\"#materiales\">Requisitos<\/a><\/th>\n<th nowrap=\"nowrap\"><a href=\"#materiales\">Tutor\u00edas<\/a><\/th>\n<th nowrap=\"nowrap\"><a href=\"#evaluacion\">Evaluaci\u00f3n<\/a><\/th>\n<th nowrap=\"nowrap\"><a href=\"#precios\">Precios<\/a><\/th>\n<\/tr>\n<tr>\n<th nowrap=\"nowrap\"><a href=\"#titulacion\">Titulaci\u00f3n<\/a><\/th>\n<th nowrap=\"nowrap\"><a href=\"#contacto\">Contacto<\/a><\/th>\n<th nowrap=\"nowrap\"><a href=\"#matricula\">Matr\u00edcula<\/a><\/th>\n<th nowrap=\"nowrap\"><a href=\"#programas\">Programas<\/a><\/th>\n<\/tr>\n<\/tbody>\n<\/table>\n<\/th>\n<\/tr>\n<tr>\n<th style=\"text-align: center;\" align=\"center\" valign=\"middle\" nowrap=\"nowrap\" height=\"116\">\n<h6 style=\"text-align: center;\"><span style=\"color: #008000;\"><span style=\"color: #008000;\"><a href=\"http:\/\/portal.uned.es\/portal\/page?_pageid=93,19108320&amp;_dad=portal&amp;_schema=PORTAL\" target=\"_blank\" rel=\"noopener\">MATR\u00cdCULA POR INTERNET<\/a><\/span><\/span><\/h6>\n<h6 style=\"text-align: center;\"><span style=\"color: #008000;\"><a title=\"CUID M\u00e1s informaci\u00f3n\" href=\"http:\/\/portal.uned.es\/portal\/page?_pageid=93,154330&amp;_dad=portal&amp;_schema=PORTAL\"><span style=\"color: #008000;\">M\u00c1S INFORMACI\u00d3N DE INTER\u00c9S<\/span><\/a><\/span><\/h6>\n<\/th>\n<\/tr>\n<\/tbody>\n<\/table>\n<\/div>\n<\/td>\n<\/tr>\n<\/tbody>\n<\/table>\n<\/td>\n<\/tr>\n<tr>\n<td align=\"left\" valign=\"top\" width=\"621\" height=\"44\"><strong><a id=\"presentacion\" name=\"presentacion\"><\/a>PRESENTACI\u00d3N<\/strong><\/td>\n<\/tr>\n<tr>\n<td style=\"text-align: justify;\" align=\"left\" valign=\"top\" height=\"180\">El Centro Universitario de Idiomas a Distancia (CUID), es una unidad docente especializada dependiente de la Facultad de Filolog\u00eda de la UNED. El CUID tiene como finalidad promover el aprendizaje de las lenguas espa\u00f1olas oficiales e idiomas extranjeros como ense\u00f1anzas no regladas en los Centros Asociados de la UNED y en los Centros de Apoyo en el extranjero. Con su creaci\u00f3n se pretende dotar preferentemente a nuestros alumnos universitarios de los conocimientos ling\u00fc\u00edsticos necesarios para un adecuado desarrollo de sus estudios y profesiones futuras.<\/p>\n<p style=\"text-align: justify;\">El nuevo Programa de estudios del CUID-UNED sigue las orientaciones del Marco com\u00fan europeo de referencia (MCER).<\/p>\n<p><strong>POR CONVENIO CON EL MEC, LOS NIVELES A1, A2 Y B1 DAN ACCESO AL SIGUIENTE NIVEL EN LAS EOI, PARA TODOS LOS IDIOMAS.<\/strong><\/p>\n<p><span style=\"font-family: Verdana, Arial, Helvetica, sans-serif;\"><b><span style=\"font-size: small;\"><a href=\"https:\/\/uned-illesbalears.net\/esp\/idiomasesp.html#CURSO\">\u00a0<\/a><\/span><\/b><\/span><\/td>\n<\/tr>\n<tr>\n<td align=\"left\" valign=\"top\" height=\"25\"><strong><a id=\"docencia\" name=\"docencia\"><\/a>DOCENCIA<\/strong><\/td>\n<\/tr>\n<tr>\n<td style=\"text-align: justify;\" align=\"left\" valign=\"top\" height=\"31\">El CUID imparte sus estudios a distancia conforme a la metodolog\u00eda propia de la UNED. El Centro \u00a0organizara tutor\u00edas de apoyo para grupos de alumnos, entre doce y un m\u00e1ximo presencial de veinticinco, y por un tiempo en funci\u00f3n del n\u00famero de personas matriculadas (dos horas semanales).<\/td>\n<\/tr>\n<tr>\n<td align=\"left\" valign=\"top\" height=\"35\"><strong><a id=\"materiales\" name=\"materiales\"><\/a>MATERIALES<\/strong><\/td>\n<\/tr>\n<tr>\n<td style=\"text-align: justify;\" align=\"left\" valign=\"top\" height=\"31\">El CUID utiliza en sus ense\u00f1anzas los materiales propios o del mercado exterior que considera m\u00e1s id\u00f3neos para la ense\u00f1anza del idioma objeto de aprendizaje.<\/td>\n<\/tr>\n<tr>\n<td align=\"left\" valign=\"top\" height=\"32\"><strong><a id=\"idiomas\" name=\"idiomas\"><\/a>IDIOMAS<\/strong><\/td>\n<\/tr>\n<tr>\n<td align=\"left\" valign=\"top\" height=\"20\">El Centro de la UNED-Illes Balears imparte los siguientes idiomas\u00b7 Alem\u00e1n\u00b7 Franc\u00e9s\u00b7 Ingl\u00e9s\u00b7 Italiano\u00b7 \u00c1rabe\u00b7 Chino\u00b7 Ruso\u00b7 Catal\u00e1n\u00b7 Eusquera\u00b7 Gallego\u00b7 Espa\u00f1ol para extranjerosEst\u00e1n organizados en cursos y articulados en distintos niveles:Nivel A1- Iniciaci\u00f3nNivel A1 ElementalNivel A2- Preb\u00e1sicoNivel A2 B\u00e1sicoNivel B1 IntermedioNivel B2 AvanzadoNivel C1 SuperiorNivel C2 Maestr\u00eda<\/td>\n<\/tr>\n<tr>\n<td align=\"left\" valign=\"top\" height=\"35\"><strong><a id=\"requisitos\" name=\"requisitos\"><\/a>REQUISITOS DE ADMISI\u00d3N<\/strong><\/td>\n<\/tr>\n<tr>\n<td align=\"left\" valign=\"top\" height=\"42\">Pueden solicitar la matr\u00edcula en el CUID los espa\u00f1oles y extranjeros que sin titulaci\u00f3n acad\u00e9mica tengan 18 a\u00f1os el 31 de agosto de 2018, no existe requerimiento acad\u00e9mico.<\/td>\n<\/tr>\n<tr>\n<td align=\"left\" valign=\"top\" height=\"32\"><strong><a id=\"tutorias\" name=\"tutorias\"><\/a>TUTOR\u00cdAS<\/strong><\/td>\n<\/tr>\n<tr>\n<td align=\"left\" valign=\"top\" height=\"35\">\n<ul>\n<li>Las clases tutor\u00edas se inician el MI\u00c9RCOLES\u00a0 25 de OCTUBRE de 2018 y finalizar\u00e1n en mayo. Los cursos virtuales se inician el 30 de octubre de 2018.<\/li>\n<li>El Centro ofrece<strong> CLASES TUTOR\u00cdAS A LA CARTA (presenciales, internet en directo, internet en diferido)<\/strong> entre 1 y 2 horas semanales en funci\u00f3n del n\u00famero de alumnos matriculados (m\u00e1s de 12 alumnos matriculados del nivel correspondiente).<\/li>\n<\/ul>\n<\/td>\n<\/tr>\n<tr>\n<td align=\"left\" valign=\"top\" height=\"36\"><strong><a id=\"evaluacion\" name=\"evaluacion\"><\/a>EVALUACI\u00d3N<\/strong><\/td>\n<\/tr>\n<tr>\n<td style=\"text-align: justify;\" align=\"left\" valign=\"top\" height=\"37\">Las evaluaciones tendr\u00e1n lugar en dos convocatorias anuales: una ordinaria en mayo-junio y otra extraordinaria en septiembre, y comprender\u00e1n dos pruebas: una escrita y otra oral. Dispondr\u00e1n de dos opciones para examinarse tanto en la convocatoria ordinaria como en la extraordinaria. Las pruebas orales tendr\u00e1n lugar en las fechas establecidas por la Uned y ser\u00e1n pr\u00f3ximas a las pruebas escritas.\u00a0Se anunciar\u00e1n oportunamente el calendario definitivo de las pruebas escritas y orales.<br \/>\n.\u00a0<b>Los estudiantes podr\u00e1n matricularse en el nivel que consideren oportuno sin requisitos previos, incluso en un nivel que hayan superado con anterioridad en el CUID.<\/b>Se recomienda a los estudiantes que no se matriculen en el primer nivel de un idioma, que realicen la prueba de nivel que encontrar\u00e1n en la Web del CUID antes de hacer la solicitud de matr\u00edcula. La puntuaci\u00f3n obtenida les servir\u00e1 de orientaci\u00f3n para saber que curso les corresponde de acuerdo con sus conocimientos.El plazo para solicitar cambio de MATR\u00cdCULA (idioma\/nivel, una \u00fanica vez) ser\u00e1 hasta <strong>el 17 de diciembre de 2018<\/strong>, mediante e-mail <a href=\"mailto:secretaria.cuid@pas.uned.es\" target=\"_blank\" rel=\"noopener\">secretaria.cuid@pas.uned.es<\/a><\/td>\n<\/tr>\n<tr>\n<td align=\"left\" valign=\"top\" height=\"38\"><strong><a id=\"precios\" name=\"precios\"><\/a>PRECIOS<\/strong><\/td>\n<\/tr>\n<tr>\n<td align=\"left\" valign=\"top\" height=\"42\"># El coste de la matr\u00edcula ordinaria en cada curso es de 330 \u20ac, (modalidad en l\u00ednea 230 \u20ac)<\/p>\n<p style=\"text-align: justify;\"># El coste de la matr\u00edcula reducida en cada curso es de 222 \u20ac,\u00a0 (modalidad en l\u00ednea 148 \u20ac), para los estudiantes que est\u00e9n en alguna de las situaciones siguientes, en el presente curso acad\u00e9mico 2018-2019:<\/p>\n<ul>\n<li>Estudiantes UNED en el curso 2017\/2018<\/li>\n<li>Antiguos alumnos UNED<\/li>\n<li>Personal de Administraci\u00f3n y Servicios de la Sede Central UNED<\/li>\n<li>Personal Docente e Investigador y Formaci\u00f3n de Personal Investigador de la UNED<\/li>\n<li>Profesores-tutores de Centros Asociados UNED<\/li>\n<li>Personal de Administraci\u00f3n y Servicios PAS de Centros Asociados UNED<\/li>\n<li>C\u00f3nyuges e hijos menores de 25 a\u00f1os del PAS y Personal Docente e Investigador de la UNED, de los Profesores-Tutores y del Personal de Administraci\u00f3n y Servicios de Centros Asociados de la UNED<\/li>\n<\/ul>\n<p><strong><span class=\"inplacedisplayid1siteid0\">Se consideran estudiantes o alumnos UNED a los efectos de reducci\u00f3n de precios, a aquellos estudiantes o alumnos que tengan o hayan tenido una matr\u00edcula confirmada en cualquier estudio de la UNED y con un importe satisfecho.<\/span><\/strong><\/p>\n<p style=\"text-align: justify;\"># Beneficiarios del t\u00edtulo de Familia Numerosa:<\/p>\n<p style=\"text-align: justify;\">* Categor\u00eda General: reducci\u00f3n del 25% del importe de la matr\u00edcula correspondiente<\/p>\n<p style=\"text-align: justify;\">* Categor\u00eda Especial: reducci\u00f3n del 50% del importe de la matr\u00edcula correspondiente.<\/p>\n<p style=\"text-align: justify;\"># Estudiantes discapacitados: reducci\u00f3n del 50% del importe de la matr\u00edcula correspondiente.<\/p>\n<div data-canvas-width=\"4.175\" data-angle=\"0\" data-font-name=\"g_font_6\"><span class=\"inplacedisplayid1siteid0\">Los estudiantes que tengan reconocido un grado de discapacidad igual o superior al 33% cuando se matriculen por segunda vez del mismo idioma y nivel abonar\u00e1n el importe del precio de matr\u00edcula que corresponda. Excepcionalmente, cuando la repetici\u00f3n de idioma y nivel por razones de su rehabilitaci\u00f3n m\u00e9dico-funcional o por la naturaleza degenerativa de su discapacidad podr\u00e1n solicitar en la siguiente convocatoria la exenci\u00f3n del 50% de precio p\u00fablico. La solicitud, debidamente documentada, deber\u00e1 ser cursada ante el Vicerrectorado de Formaci\u00f3n Permanente y Extensi\u00f3n Universitaria.<\/span><\/div>\n<p><span class=\"inplacedisplayid1siteid0\">Las entidades que han suscrito un <strong>convenio de colaboraci\u00f3n con la UNED<\/strong>, a trav\u00e9s del CUID reciben una bonificaci\u00f3n en la matr\u00edcula en cursos de idiomas de las modalidades en l\u00ednea y semipresencial, con los precios de la <strong>matr\u00edcula reducida<\/strong>.<\/span><\/p>\n<p><span class=\"inplacedisplayid1siteid0\">Puede consultar las entidades p\u00fablicas y privadas con convenio con el CUID pinchando en el siguiente enlace: <a href=\"https:\/\/contenido.uned.es\/cuid\/convenios\/convenios_suscritos_con_el_centro_universitario_de_idiomas_digital_y_a_distancia_para_la_web.pdf\" class=\"mtli_attachment mtli_pdf\">CUID_CONVENIOS<\/a>.<\/span><\/td>\n<\/tr>\n<tr>\n<td align=\"left\" valign=\"top\" height=\"50\"><strong><a id=\"titulacion\" name=\"titulacion\"><\/a>TITULACI\u00d2N<\/strong><\/td>\n<\/tr>\n<tr>\n<td style=\"text-align: justify;\" align=\"left\" valign=\"top\" height=\"43\"><span style=\"font-family: Verdana, Arial, Helvetica, sans-serif; font-size: small;\"> Al finalizar cada curso, los alumnos que superen las pruebas correspondientes a cada nivel, a excepci\u00f3n del nivel inferior al b\u00e1sico recibir\u00e1n un diploma acreditativo expedido por la UNED (sede electr\u00f3nica, si se desea copia en papel tiene un coste de 20 \u20ac).<\/span>La UNED concede 4 cr\u00e9ditos de libre configuraci\u00f3n (2 cr\u00e9ditos ECTS) por Diploma (B\u00e1sico, Intermedio y Avanzado), con un m\u00e1ximo de 8 cr\u00e9ditos acumulables (4 cr\u00e9ditos ECTS).El t\u00edtulo del CUID es propio de la UNED, siendo aceptado en algunos centros y en otros no, seg\u00fan el criterio de cada centro. No obstante, el CUID est\u00e1 inscrito en la Asociaci\u00f3n Acles: www.acles.es<br \/>\nActualmente no es homologable o convalidable, ya que se trata de una ense\u00f1anza no reglada.<br \/>\nAcreditaci\u00f3n de ACLES (Asociaci\u00f3n de Centros de Lenguas en la Ense\u00f1anza Superior: Seg\u00fan resoluci\u00f3n de la Comisi\u00f3n de Acreditaci\u00f3n de ACLES con fecha de 5 de noviembre de 2013, el Centro Universitario de<br \/>\nIdiomas a Distancia de la UNED ha sido acreditado para los siguientes idiomas y niveles:<br \/>\nIngl\u00e9s B1 y B2<br \/>\nFranc\u00e9s B1 y B2<br \/>\nDichas acreditaciones dan derecho a la certificaci\u00f3n CertAcles, la cual es aceptada como certificaci\u00f3n para la acreditaci\u00f3n de niveles de Ingl\u00e9s por parte de la CRUE (Conferencia de Rectores de Universidades Espa\u00f1olas).<\/td>\n<\/tr>\n<tr>\n<td align=\"left\" valign=\"top\" height=\"36\"><strong><a id=\"contacto\" name=\"contacto\"><\/a>CONTACTO<\/strong><\/td>\n<\/tr>\n<tr>\n<td align=\"left\" valign=\"top\" height=\"36\">Para m\u00e1s informaci\u00f3n sobre el CUID, los interesados pueden dirigirse al:<b>Centro Universitario de Idiomas a Distancia.<\/b>Escuela T\u00e9cnica Superior de Ingenieros Industriales. Despacho 1.10.<br \/>\nCiudad Universitaria s\/n<br \/>\n28080 MADRID<br \/>\nTel\u00e9fono: 91-3986077\u00a0\u00a0\u00a0\u00a0 Fax: 91-<br \/>\n-mail: <a href=\"mailto:secretaria.cuid@adm.uned.es\">secretaria.cuid@adm.uned.es<\/a>\u00a0\u00a0 <a href=\"mailto:director.cuid@adm.uned.es\">director.cuid@adm.uned.es<\/a><\/td>\n<\/tr>\n<tr>\n<td align=\"left\" valign=\"top\" height=\"36\"><strong><a id=\"matricula\" name=\"matricula\"><\/a>MATR\u00cdCULA<\/strong><\/td>\n<\/tr>\n<tr>\n<td align=\"left\" valign=\"top\" height=\"36\">Los alumnos pueden formalizar la matr\u00edcula por Internet en Mallorca, Menorca e Ibiza.<\/p>\n<table border=\"0\" width=\"621\" align=\"center\">\n<tbody>\n<tr>\n<td align=\"left\" valign=\"middle\" width=\"208\" height=\"102\"><strong>Palma de Mallorca<br \/>\n<\/strong>Edif. Guillem Mesquida<br \/>\nCami Roig s\/n<br \/>\n07009 Pol\u00edgon Son Castell\u00f3<br \/>\nTel 971 434546Fax 971434547E-mail: <a href=\"mailto:info@palma.uned.es\">info@palma.uned.es<\/a><\/td>\n<td align=\"left\" valign=\"middle\" width=\"196\" height=\"102\"><strong>Menorca<br \/>\n<\/strong>Claustre del Carme<br \/>\n07701 Ma\u00f3<br \/>\nPza Miranda s\/n<br \/>\nTel 971 366769Fax 971 364082E-mail: <a href=\"mailto:info@mao.uned.es\">info@mao.uned.es<\/a><\/td>\n<td align=\"left\" valign=\"middle\" width=\"174\" height=\"102\"><strong>Ibiza<br \/>\n<\/strong>Carrer de Bes 9, Planta 2 (Antigua sede del Consell de Ibiza)<br \/>\n07800 Eivissa<br \/>\nTel 971 390606<br \/>\nFax 971307022E-mail: <a href=\"mailto:info@eivissa.uned.es\">info@eivissa.uned.es<\/a><\/td>\n<\/tr>\n<\/tbody>\n<\/table>\n<p><strong>\u00a0<\/strong><\/p>\n<p><span style=\"font-family: Verdana, Arial, Helvetica, sans-serif;\"><b><span style=\"font-size: small;\"><a href=\"https:\/\/uned-illesbalears.net\/esp\/idiomasesp.html#CURSO\">\u00a0<\/a><\/span><\/b><\/span><\/td>\n<\/tr>\n<tr>\n<td align=\"left\" valign=\"top\" height=\"36\"><strong><a id=\"programas\" name=\"programas\"><\/a>PROGRAMAS<\/strong><\/td>\n<\/tr>\n<tr>\n<td align=\"left\" valign=\"top\" height=\"36\">Los programas y bibliograf\u00eda de los diferentes idiomas pod\u00e9is encontrarlos en los siguientes enlaces:\u00b7 <a href=\"http:\/\/portal.uned.es\/portal\/page?_pageid=93,56804237,93_56806207&amp;_dad=portal&amp;_schema=PORTAL\">PROGRAMAS DISTINTOS IDIOMAS Y NIVELES<\/a><\/td>\n<\/tr>\n<\/tbody>\n<\/table>\n","protected":false},"excerpt":{"rendered":"<p>CENTRO UNIVERSITARIO DE IDIOMAS A DISTANCIA MATR\u00cdCULA DEL 3 de septiembre al 8 de noviembre del 2018 Modificaci\u00f3n de matr\u00edcula hasta 17 diciembre 2018 CURSO 2018-2019 &nbsp; \u00a0 LIBRER\u00cdA VIRTUAL HORARIO CLASES TUTOR\u00cdAS CURSO 2018-2019 ENLACES GRABACIONES SEGUNDO SEMESTRE CLASES IDIOMAS CURSO 2017-2018 ENLACES GRABACIONES PRIMER SEMESTRE CLASES IDIOMAS CURSO 2017-2018 ENLACES GRABACIONES SEGUNDO SEMESTRE [&hellip;]<\/p>\n","protected":false},"author":1,"featured_media":0,"parent":891,"menu_order":0,"comment_status":"closed","ping_status":"closed","template":"","meta":{"_acf_changed":false,"footnotes":""},"acf":[],"_links":{"self":[{"href":"https:\/\/uned-illesbalears.net\/ca\/wp-json\/wp\/v2\/pages\/893"}],"collection":[{"href":"https:\/\/uned-illesbalears.net\/ca\/wp-json\/wp\/v2\/pages"}],"about":[{"href":"https:\/\/uned-illesbalears.net\/ca\/wp-json\/wp\/v2\/types\/page"}],"author":[{"embeddable":true,"href":"https:\/\/uned-illesbalears.net\/ca\/wp-json\/wp\/v2\/users\/1"}],"replies":[{"embeddable":true,"href":"https:\/\/uned-illesbalears.net\/ca\/wp-json\/wp\/v2\/comments?post=893"}],"version-history":[{"count":0,"href":"https:\/\/uned-illesbalears.net\/ca\/wp-json\/wp\/v2\/pages\/893\/revisions"}],"up":[{"embeddable":true,"href":"https:\/\/uned-illesbalears.net\/ca\/wp-json\/wp\/v2\/pages\/891"}],"wp:attachment":[{"href":"https:\/\/uned-illesbalears.net\/ca\/wp-json\/wp\/v2\/media?parent=893"}],"curies":[{"name":"wp","href":"https:\/\/api.w.org\/{rel}","templated":true}]}}