{"id":873,"date":"2013-08-23T11:08:13","date_gmt":"2013-08-23T11:08:13","guid":{"rendered":"https:\/\/uned-illesbalears.net\/?page_id=873"},"modified":"2019-02-16T18:26:51","modified_gmt":"2019-02-16T16:26:51","slug":"directorio","status":"publish","type":"page","link":"https:\/\/uned-illesbalears.net\/ca\/contactar\/directorio\/","title":{"rendered":"Directorio"},"content":{"rendered":"<table border=\"1\" width=\"634\" cellpadding=\"0\">\n<tbody>\n<tr>\n<td colspan=\"2\" width=\"630\">\n<h6 align=\"center\"><b>Directorio del CA de la UNED-Illes Balears<\/b><\/h6>\n<\/td>\n<\/tr>\n<tr>\n<td width=\"349\">\n<h6 align=\"center\"><b>\u00c1rea<\/b><\/h6>\n<\/td>\n<td width=\"279\">\n<h6 align=\"center\"><b>Correo electr\u00f3nico <\/b><\/h6>\n<\/td>\n<\/tr>\n<tr>\n<td>\n<p align=\"center\">Informaci\u00f3n Centro Asociado<\/p>\n<\/td>\n<td>\n<p align=\"center\"><b><a title=\"Enviar correo\" href=\"mailto:info@palma.uned.es\">info@palma.uned.es<\/a><\/b><\/p>\n<\/td>\n<\/tr>\n<tr>\n<td>\n<p align=\"center\">Informaci\u00f3n Mallorca<\/p>\n<\/td>\n<td>\n<p align=\"center\"><b><a title=\"Enviar correo\" href=\"mailto:info@palma.uned.es\">info@palma.uned.es<\/a><\/b><\/p>\n<\/td>\n<\/tr>\n<tr>\n<td>\n<p align=\"center\">Informaci\u00f3n Menorca<\/p>\n<\/td>\n<td>\n<p align=\"center\"><b><a title=\"Enviar correo\" href=\"mailto:info@mao.uned.es\">info@mao.uned.es<\/a><\/b><\/p>\n<\/td>\n<\/tr>\n<tr>\n<td>\n<p align=\"center\">Informaci\u00f3n Ibiza<\/p>\n<\/td>\n<td>\n<p align=\"center\"><b><a title=\"Enviar corrreo\" href=\"mailto:info@eivissa.uned.es\">info@eivissa.uned.es<\/a><\/b><\/p>\n<\/td>\n<\/tr>\n<tr>\n<td>\n<p align=\"center\">Directora: M\u00aa Esperanza Pons Juan<\/p>\n<\/td>\n<td>\n<p align=\"center\"><b><a title=\"Enviar correo\" href=\"mailto:director@palma.uned.es\">director@palma.uned.es<\/a><\/b><\/p>\n<\/td>\n<\/tr>\n<tr>\n<td>\n<p align=\"center\">Secretaria Acad\u00e9mica \/Coordinadora Acad\u00e9mica: M\u00aa Esperanza Pons Juan<\/p>\n<\/td>\n<td>\n<p align=\"center\"><b><a title=\"Enviar correo\" href=\"mailto:mpons@mao.uned.es\">mpons@mao.uned.es<\/a><\/b><\/p>\n<\/td>\n<\/tr>\n<tr>\n<td>\n<p align=\"center\">Coordinadora Acad\u00e9mica y de Formaci\u00f3n: Isabel Corina Maciel Torres<\/p>\n<\/td>\n<td>\n<p align=\"center\"><a title=\"Enviar correo\" href=\"mailto:icmaciel@eivissa.uned.es\"><strong>icmaciel@eivissa.uned.es<\/strong><\/a><\/p>\n<p align=\"center\"><b><a href=\"mailto:coordinador@eivissa.uned.es\">coordinador@eivissa.uned.es<\/a><br \/>\n<\/b><\/p>\n<\/td>\n<\/tr>\n<tr>\n<td>\n<p align=\"center\">Coordinador Tecnol\u00f3gico: Francisco Coll Bisbal<\/p>\n<\/td>\n<td>\n<p align=\"center\"><b><a href=\"mailto:fjcoll@palma.uned.es\">fjcoll@palma.uned.es<\/a><\/b><b><\/b><\/p>\n<\/td>\n<\/tr>\n<tr>\n<td>\n<p align=\"center\">Coordinador Mallorrca: Joaquim Gamero Herrera<\/p>\n<\/td>\n<td>\n<p align=\"center\"><a href=\"mailto:joagamero@palma.uned.es\"><b>joagamero@palma.uned.es<\/b><\/a><\/p>\n<\/td>\n<\/tr>\n<tr>\n<td>\n<p align=\"center\">Secretar\u00eda del Centro Asociado<\/p>\n<\/td>\n<td>\n<p align=\"center\"><b><a title=\"Enviar correo\" href=\"mailto:secretaria@palma.uned.es\">secretaria@palma.uned.es<\/a><\/b><\/p>\n<\/td>\n<\/tr>\n<tr>\n<td>\n<p align=\"center\">Secretar\u00eda de Menorca<\/p>\n<\/td>\n<td>\n<p align=\"center\"><b><a title=\"Enviar correo\" href=\"mailto:info@mao.uned.es\">info@mao.uned.es<\/a>, <a href=\"mailto:secretaria@mao.uned.es\">secretaria@mao.uned.es<\/a> <\/b><\/p>\n<\/td>\n<\/tr>\n<tr>\n<td>\n<p align=\"center\">Secretar\u00eda de Ibiza<\/p>\n<\/td>\n<td>\n<p align=\"center\"><b><a title=\"Enviar correo\" href=\"mailto:info@eivissa.uned.es\">info@eivissa.uned.es<\/a>, <a href=\"mailto:secretaria@eivissa.uned.es\">secretaria@eivissa.uned.es<\/a> <\/b><\/p>\n<\/td>\n<\/tr>\n<tr>\n<td>\n<p align=\"center\">Coordinadora COIE: Mar\u00eda Paz Yllera Asensio<\/p>\n<p align=\"center\">Colaboradora COIE: Yasmina Mart\u00ednez Bueno<\/p>\n<\/td>\n<td>\n<p align=\"center\"><strong><a href=\"mailto:maryllera@palma.uned.es\">maryllera@palma.uned.es<\/a><\/strong><\/p>\n<p align=\"center\"><b><a title=\"Enviar correo\" href=\"mailto:coie@palma.uned.es\">coie@palma.uned.es<\/a><\/b><\/p>\n<\/td>\n<\/tr>\n<tr>\n<td>\n<p align=\"center\">Biblioteca Mallorca<\/p>\n<\/td>\n<td>\n<p align=\"center\"><b><a title=\"Enviar correo\" href=\"mailto:biblioteca@palma.uned.es\">biblioteca@palma.uned.es<\/a><\/b><\/p>\n<\/td>\n<\/tr>\n<tr>\n<td>\n<p align=\"center\">Librer\u00eda Mallorca<\/p>\n<\/td>\n<td>\n<p align=\"center\"><b><a title=\"Enviar correo\" href=\"mailto:libreria@palma.uned.es\">libreria@palma.uned.es<\/a><\/b><\/p>\n<\/td>\n<\/tr>\n<\/tbody>\n<\/table>\n","protected":false},"excerpt":{"rendered":"<p>Directorio del CA de la UNED-Illes Balears \u00c1rea Correo electr\u00f3nico Informaci\u00f3n Centro Asociado info@palma.uned.es Informaci\u00f3n Mallorca info@palma.uned.es Informaci\u00f3n Menorca info@mao.uned.es Informaci\u00f3n Ibiza info@eivissa.uned.es Directora: M\u00aa Esperanza Pons Juan director@palma.uned.es Secretaria Acad\u00e9mica \/Coordinadora Acad\u00e9mica: M\u00aa Esperanza Pons Juan mpons@mao.uned.es Coordinadora Acad\u00e9mica y de Formaci\u00f3n: Isabel Corina Maciel Torres icmaciel@eivissa.uned.es coordinador@eivissa.uned.es Coordinador Tecnol\u00f3gico: Francisco Coll Bisbal fjcoll@palma.uned.es [&hellip;]<\/p>\n","protected":false},"author":1,"featured_media":0,"parent":870,"menu_order":0,"comment_status":"closed","ping_status":"closed","template":"","meta":{"_acf_changed":false,"footnotes":""},"acf":[],"_links":{"self":[{"href":"https:\/\/uned-illesbalears.net\/ca\/wp-json\/wp\/v2\/pages\/873"}],"collection":[{"href":"https:\/\/uned-illesbalears.net\/ca\/wp-json\/wp\/v2\/pages"}],"about":[{"href":"https:\/\/uned-illesbalears.net\/ca\/wp-json\/wp\/v2\/types\/page"}],"author":[{"embeddable":true,"href":"https:\/\/uned-illesbalears.net\/ca\/wp-json\/wp\/v2\/users\/1"}],"replies":[{"embeddable":true,"href":"https:\/\/uned-illesbalears.net\/ca\/wp-json\/wp\/v2\/comments?post=873"}],"version-history":[{"count":1,"href":"https:\/\/uned-illesbalears.net\/ca\/wp-json\/wp\/v2\/pages\/873\/revisions"}],"predecessor-version":[{"id":119756,"href":"https:\/\/uned-illesbalears.net\/ca\/wp-json\/wp\/v2\/pages\/873\/revisions\/119756"}],"up":[{"embeddable":true,"href":"https:\/\/uned-illesbalears.net\/ca\/wp-json\/wp\/v2\/pages\/870"}],"wp:attachment":[{"href":"https:\/\/uned-illesbalears.net\/ca\/wp-json\/wp\/v2\/media?parent=873"}],"curies":[{"name":"wp","href":"https:\/\/api.w.org\/{rel}","templated":true}]}}