{"id":861,"date":"2013-08-26T18:25:19","date_gmt":"2013-08-26T18:25:19","guid":{"rendered":"https:\/\/uned-illesbalears.net\/?page_id=861"},"modified":"2015-09-30T08:28:36","modified_gmt":"2015-09-30T08:28:36","slug":"presentacio","status":"publish","type":"page","link":"https:\/\/uned-illesbalears.net\/ca\/centre\/presentacio\/","title":{"rendered":"Presentaci\u00f3"},"content":{"rendered":"<h5><a href=\"https:\/\/uned-illesbalears.net\/wp-content\/uploads\/2013\/08\/logouned.jpg\"><img loading=\"lazy\" decoding=\"async\" class=\"size-full wp-image-56 alignleft\" src=\"https:\/\/uned-illesbalears.net\/wp-content\/uploads\/2013\/08\/logouned.jpg\" alt=\"Uned Illes Balears\" width=\"200\" height=\"95\" \/><\/a><\/h5>\n<h5>CENTRE ASSOCIAT DE LA UNED EN LES ILLES BALEARS<\/h5>\n<div id=\"gt-res-content\">\n<div dir=\"ltr\" style=\"text-align: justify;\">\n<p>Hem de recordar que la iniciativa de la creaci\u00f3 del Centre Associat sorgeix dels propis alumnes . Les primeres gestions que es van realitzar per crear aquest centre el van desenvolupar una representaci\u00f3 d&#8217;uns 90 alumnes residents a les illes en els anys 1974 i 1975 que havien de despla\u00e7ar-se a Barcelona per fer els ex\u00e0mens presencials . Al maig de 1975 es despla\u00e7a a Palma el primer tribunal de la UNED seu central a examinar als alumnes residents a les illes a l&#8217;Estudi General Lul\u00b7li\u00e0 .<\/p>\n<p>La creaci\u00f3 del Centre Associat de la UNED a les Balears va sorgir per la pressi\u00f3 dels estudiants a l&#8217;Estudi General Lul\u00b7li\u00e0 i al Patronat Econ\u00f2mic d&#8217;Estudis Universitaris Superiors de Balears qui van arribar a un acord , per unanimitat com consta en acta de 12 gener 1977 , per promocionar i patrocinar conjuntament un centre auton\u00f2mic de la Universitat Nacional d&#8217;Educaci\u00f3 a Dist\u00e0ncia . Entre d&#8217;altres, va col\u00b7laborar activament en la creaci\u00f3 d&#8217;aquest Centre Associat el Sr Francesc de Borja Moll com a membre de l&#8217;esmentat Patronat.<\/p>\n<p>A la fi de 1976 es crea el primer Patronat del Centre Associat a Balears entre les esmentades institucions i la UNED presidit per l&#8217;Excm. Sr. Jeroni Albert\u00ed. Al seg\u00fcent any, per ordre ministerial d&#8217;1 de desembre de 1977 es va crea oficialment aquest Centre Associat de la UNED.<\/p>\n<p>El primer curs acad\u00e8mic , el centre va estar dirigit pel Sr \u00c1lvaro Santamar\u00eda , va tenir 409 alumnes , en tretze titulacions universit\u00e0ries, amb un pressupost tres milions de pessetes, que va comptar inicialment amb vuit professors, per ampliar-se a cinc en breu temps.<\/p>\n<p>El car\u00e0cter insular d&#8217;aquesta comunitat aut\u00f2noma va motivar la creaci\u00f3 de dues extensions: una a Menorca (1978) i una altra a Eivissa (1982) . En 1983, per adequar l&#8217;estructura del Patronat a l&#8217;estructura pol\u00edtica auton\u00f2mica de les Illes Balears (Govern Auton\u00f2mic i un Consell insular per a Mallorca , Menorca i Eivissa &#8211; Formentera ), la presid\u00e8ncia passa de la Diputaci\u00f3 Provincial al president de la Instituci\u00f3 pre auton\u00f2mica , fins que , despr\u00e9s d&#8217;un acord , els Consells Insulars es responsabilitzen del Patronat del Centre i de la seva Presid\u00e8ncia.<\/p>\n<p>La direcci\u00f3 del Centre Associat ha estat assumida al llarg d&#8217;aquests 35 anys pel Sr. \u00c1lvaro de Santamar\u00eda, \u00a0Sr. Miquel Ferrer, Sr. Pedro Talledo, Sr. Rafael Pons de Jaulin , Sra. Mar\u00eda Jos\u00e9 Rubio, Sr. Antonio Mart\u00ednez .<\/p>\n<p>Des de la seva creaci\u00f3 la UNED a Mallorca ha tingut diferents empla\u00e7aments. En primer lloc es va establir a l&#8217;Estudi General Lul\u00b7li\u00e0. L&#8217;increment del nombre d&#8217;alumnes va motivar la recerca d&#8217;una nova seu. El 1982 es van llogar les depend\u00e8ncies d&#8217;un convent (C \/ Pietat), ubicat molt a prop de l&#8217;Hospital General que, amb el pas dels anys, tamb\u00e9 van resultar insuficients. En 1998 l&#8217;Ajuntament de Palma va cedir al Patronat de la UNED les instal\u00b7lacions de l&#8217;edifici Guillem Mesquida situat al Cam\u00ed Roig de Sa Indioteria al costat del Pol\u00edgon de Son Castell\u00f3. Despr\u00e9s de realitzar una profunda reforma a l&#8217;edifici Guillem Mesquida, al setembre de 1999 s&#8217;inicia en aquesta seu l&#8217;activitat docent amb una millora notable pel que fa a instal\u00b7lacions i equipament. El 2002 es realitza una primera ampliaci\u00f3, el 2007 un nou edifici de dues plantes equipat tecnol\u00f2gicament i el 2012 es construeix un sal\u00f3 d&#8217;actes per a una capacitat de m\u00e9s de cent quaranta persones, equipat tecnol\u00f2gicament amb els aven\u00e7os m\u00e9s moderns de teconologia digital.<\/p>\n<\/div>\n<div dir=\"ltr\" style=\"text-align: justify;\">Actualment al conjunt de les illes el centre disposa de 193 professors tutors i 15 persones en l&#8217;\u00e0mbit t\u00e8cnic.El Centre de la UNED a Balears oferta 27 graus, el curs d&#8217;acc\u00e9s a la universitat , m\u00e0sters oficials, nombrosos cursos d&#8217;educaci\u00f3 permanent i d&#8217;extensi\u00f3 universit\u00e0ria, disposa en el curs 2014-2015 de 14.770 estudiants en tota l&#8217;oferta educativa universit\u00e0ria de la UNED a les Illes, amb un increment respecte al curs significatiu.<\/p>\n<p>Garantir la igualtat d&#8217;oportunitats \u00e9s un dels objectius expl\u00edcits d&#8217;aquesta universitat. La UNED ha possibilitat l&#8217;acc\u00e9s als estudis superiors a persones que no haurien pogut aconseguir per raons de renda, pel seu lloc de resid\u00e8ncia o per qualsevol altra dificultat .<\/p>\n<p>La UNED ha potenciat molt especialment la incorporaci\u00f3 de la dona a la universitat i al mercat de treball, pel fet que sempre ha estat majoria en l&#8217;alumnat, sent actualment del 56%.<\/p>\n<p>L&#8217;altre gran objectiu tamb\u00e9 es va complint : els seus llistats de matr\u00edcules es nodreixen de persones que alternen la seva jornada laboral amb la seva formaci\u00f3 universit\u00e0ria. Els seus programes es converteixen en la segona oportunitat per a molts ciutadans \u00e0vids de saber que , en el seu moment, per diferents raons, no van accedir a l&#8217;ensenyament superior convencional.<\/p>\n<p>En l&#8217;actualitat dues bones pr\u00e0ctiques d&#8217;organitzaci\u00f3 i gesti\u00f3 del Centre, premiades pel Consell Social de la UNED, mereixen ser citades : INTERNET EN DIRECTE A L&#8217;EXTENSI\u00d3 UNIVERSIT\u00c0RIA , activitat que permet que les persones puguin rebre formaci\u00f3 no reglada acreditable des de casa a directe i ara tamb\u00e9 en diferit ; i INTERNET: CLASSES TUTORIES A LA CARTA, amb el desenvolupament de les classes tutories, en el 100 % de les titulacions de Grau i en el Curs d&#8217;Acc\u00e9s , en les diferents modalitats: presencial , per internet a directe i per internet en diferit , amb la seguretat contrastada que \u00e9s una causa molt significativa per la qual el centre hagi incrementat el nombre d&#8217;estudiants recentment: la persona que s&#8217;incorpora al centre sap que podr\u00e0 obtenir el suport tutorial en qualsevol moment independentment del seu lloc de resid\u00e8ncia i de les seves diferents obligacions .<\/p>\n<p>Les dades de matr\u00edcula dels cursos d&#8217;estiu i d&#8217;Extensi\u00f3 universit\u00e0ria s\u00f3n espectaculars: m\u00e9s de 2500 en els d&#8217;estiu i prop de 9000 en els d&#8217;Extensi\u00f3. La pres\u00e8ncia, cada vegada m\u00e9s gran, de col\u00b7lectius professionals justifiquen aquests resultats.<br \/>\nL&#8217;\u00faltim any la taxa d&#8217;\u00e8xit en els Graus ha arribat al 82%, 1,3 punts per sobre de la mitjana nacional.<\/p>\n<p>En el curs acad\u00e8mic 2014-2015 els enregistraments de m\u00e9s de 6700 classes tutories dels Graus, han disposat de m\u00e9s de 715.000 visites; els enregistraments del curs acc\u00e9s han estat visualitzades m\u00e9s de 170.000 vegades. Uns valors inimaginables quan vam iniciar aquesta nova metodologia fa cinc cursos acad\u00e8mics.<\/p>\n<p>L&#8217;esfor\u00e7, dedicaci\u00f3 i organitzaci\u00f3 realitzat pel professorat i el personal del tot el centre de manera col\u00b7laborativa i coordinada (Mallorca, Menorca i Eivissa) en donar aquest servei a la comunitat universit\u00e0ria. Tots ens hem de sentir orgullosos de la feina ben feta i dels fruits obtinguts.<\/p>\n<p>Miguel \u00c1ngel V\u00e1zquez<\/p>\n<p>Director CA UNED Les Illes Balears<\/p>\n<\/div>\n<\/div>\n","protected":false},"excerpt":{"rendered":"<p>CENTRE ASSOCIAT DE LA UNED EN LES ILLES BALEARS Hem de recordar que la iniciativa de la creaci\u00f3 del Centre Associat sorgeix dels propis alumnes . Les primeres gestions que es van realitzar per crear aquest centre el van desenvolupar una representaci\u00f3 d&#8217;uns 90 alumnes residents a les illes en els anys 1974 i 1975 [&hellip;]<\/p>\n","protected":false},"author":1,"featured_media":0,"parent":841,"menu_order":0,"comment_status":"closed","ping_status":"closed","template":"","meta":{"_acf_changed":false,"footnotes":""},"acf":[],"_links":{"self":[{"href":"https:\/\/uned-illesbalears.net\/ca\/wp-json\/wp\/v2\/pages\/861"}],"collection":[{"href":"https:\/\/uned-illesbalears.net\/ca\/wp-json\/wp\/v2\/pages"}],"about":[{"href":"https:\/\/uned-illesbalears.net\/ca\/wp-json\/wp\/v2\/types\/page"}],"author":[{"embeddable":true,"href":"https:\/\/uned-illesbalears.net\/ca\/wp-json\/wp\/v2\/users\/1"}],"replies":[{"embeddable":true,"href":"https:\/\/uned-illesbalears.net\/ca\/wp-json\/wp\/v2\/comments?post=861"}],"version-history":[{"count":0,"href":"https:\/\/uned-illesbalears.net\/ca\/wp-json\/wp\/v2\/pages\/861\/revisions"}],"up":[{"embeddable":true,"href":"https:\/\/uned-illesbalears.net\/ca\/wp-json\/wp\/v2\/pages\/841"}],"wp:attachment":[{"href":"https:\/\/uned-illesbalears.net\/ca\/wp-json\/wp\/v2\/media?parent=861"}],"curies":[{"name":"wp","href":"https:\/\/api.w.org\/{rel}","templated":true}]}}