{"id":84408,"date":"2017-11-29T22:29:33","date_gmt":"2017-11-29T20:29:33","guid":{"rendered":"https:\/\/uned-illesbalears.net\/servicios\/coie\/tablon-de-anuncios-coie\/"},"modified":"2020-02-01T11:42:36","modified_gmt":"2020-02-01T10:42:36","slug":"tablon-de-anuncios-coie","status":"publish","type":"page","link":"https:\/\/uned-illesbalears.net\/ca\/servicios\/coie\/tablon-de-anuncios-coie\/","title":{"rendered":"Tauler d&#8217;anuncis COIE (Balears)"},"content":{"rendered":"<h4><span style=\"color: #008000;\">31\/01\/20 OFERTA DE PR\u00c0CTIQUES extracurriculars PER A ESTUDIANTS DE TURISME a Amarehotels (Eivissa)<\/span><\/h4>\n<p>LLOCS: &#8211; Ajudant de Relacions P\u00fabliques &#8211; Ajudant de Recepci\u00f3 DURADA: 6 mesos, inici ABRIL 2020 HORARI: Jornada completa de dilluns a diumenge amb dos dies de descans setmanals REMUNERACI\u00d3: 400 euros \/ bruts a l&#8217;mes. Manutenci\u00f3 al menjador de personal de l&#8217;Hotel. Idiomes requerits: Nivell alt d&#8217;Espanyol i Angl\u00e8s. Interessats enviar CV a: <a href=\"mailto:maryllera@palma.uned.es\">maryllera@palma.uned.es<\/a><\/p>\n<h4><span style=\"color: #008000;\"><a style=\"color: #008000;\" href=\"https:\/\/uned-illesbalears.net\/wp-content\/uploads\/2019\/12\/Oferta-de-feina-Perit-de-diversos-Menorca.pdf\" class=\"mtli_attachment mtli_pdf\">Enlla\u00e7Oferta de Treball de Perit de RAMOS DIVERSOS MENORCA. Per a estudiants d&#8217;Enginyeria T\u00e8cnica-Industrial (14-12-2019)<\/a><\/span><\/h4>\n<h4><span style=\"color: #008000;\"><strong>OFERTA DE PR\u00c0CTIQUES EXTRACURRICULARS (29-11-19)<\/strong><\/span><\/h4>\n<p><strong>KELLER WILLIAMS<\/strong> a Palma de Mallorca, empresa immobili\u00e0ria dedicada a comercialitzar habitatges de segona m\u00e0, projectes integrals i comercialitzaci\u00f3 d&#8217;obra nova, lloguer i gesti\u00f3 patrimonial.<\/p>\n<p>Precisa incorporar a un Becari \/ a que doni suport a l&#8217;\u00e0rea de selecci\u00f3.<\/p>\n<p>Funcions: \u2022 Publicaci\u00f3 d&#8217;ofertes en diferents canals de recruitment, cribatge curricular de candidats i recerca directa de candidats. \u2022 Gesti\u00f3 de l&#8217;agenda d&#8217;entrevistes (personals i din\u00e0miques de grup) \u2022 Comunicaci\u00f3 amb candidats per informar sobre el proc\u00e9s de selecci\u00f3 (citaci\u00f3, comunicaci\u00f3 de resultat &#8230;) \u2022 Registre en base de dades i informes de candidatures \u2022 Suport en altres tasques de l&#8217;departament (formaci\u00f3 &#8230;) \u2022 Donar suport als Consultors en els processos de selecci\u00f3 (recerques, screening i update de CV) \u2022 Gesti\u00f3 de Newsletter i seguiment de perfils interessants. \u2022 Supervisar la resposta a les ofertes publicades en els portals d&#8217;ocupaci\u00f3. \u2022 Recerca de talent a trav\u00e9s d&#8217;Infojobs, Linkedin, Universitats, etc. \u2022 En un segon moment, donar suport als consultors amb entrevistes a candidats via telef\u00f2nica<\/p>\n<p>S&#8217;ofereix: \u2022 Desenvolupament professional i formaci\u00f3 cont\u00ednua \u2022 Jornada a temps parcial \u2022 Aprendre dins d&#8217;un sector en auge i creixement \u2022 Entorn professional din\u00e0mic \u2022 Beca remunerada al voltant de 300 euros \/ mes<\/p>\n<p>DESTINATARIS:<\/p>\n<p>\u2022 Alumnes d&#8217;\u00faltims cursos (3r i 4t) de l&#8217;Grau en Psicologia, Pedagogia, Relacions laborals o semblant \u2022 Es valorar\u00e0 alumnes de M\u00e0ster relacionat amb RRHH<\/p>\n<p>Interessats, contactar via email enviant CV: <strong>maryllera@palma.uned.es<\/strong><\/p>\n<h4><\/h4>\n<h4><span style=\"color: #008000;\">CONVOCAT\u00d2RIA DE LA VI EDICI\u00d3 DEL PROGRAMA UNED-SANTANDER DE CREACI\u00d3 D&#8217;EMPRESES PER A ESTUDIANTS I TITULATS DE LA UNED, # EMPRENDEUNED20.<\/span><\/h4>\n<p>El COIE de la UNED posa en marxa la VI Edici\u00f3 de el Programa de Creaci\u00f3 d&#8217;Empreses, dirigida a aquells estudiants i titulats de la UNED que vulguin posar en marxa un projecte d&#8217;emprenedoria. Els projectes seleccionats gaudiran d&#8217;assessorament personalitzat, mentoria professional i acompanyament per part de l&#8217;equip d&#8217;emprenedoria de l&#8217;COIO de la UNED. Al seu torn, podran ser guardonats amb un premi de 3.000 \u20ac i dos acc\u00e8ssits de 1.500 \u20ac, destinats a la posada en marxa dels seus projectes. A m\u00e9s, com en les \u00faltimes convocat\u00f2ries, comptarem amb altres premis atorgats pels nostres col\u00b7laboradors, que contribuiran a el desenvolupament d&#8217;aquells projectes seleccionats.<\/p>\n<p><strong>Tota la informaci\u00f3 sobre la convocat\u00f2ria,<\/strong> a partir d&#8217;l&#8217;11 de novembre, a:\u00a0<a href=\"http:\/\/blogs.uned.es\/emprende\">http:\/\/blogs.uned.es\/emprende<\/a><\/p>\n<h4><span style=\"color: #008000;\">OFERTA DE PR\u00c0CTIQUES extracurriculars PER A ESTUDIANTS DE PSICOLOGIA I PEDAGOGIA (2019.11.04)<\/span><\/h4>\n<p>S&#8217;ofereixen pr\u00e0ctiques extracurriculars no remunerades en el Departament d&#8217;Orientaci\u00f3 de Secund\u00e0ria del col\u00b7legi Madre Alberta de Palma. Podr\u00e0 con\u00e8ixer i aplicar el protocol d&#8217;Altes Capacitats i altres proves (test) de diagn\u00f2stic, podr\u00e0 realitzar intervencions psicopedag\u00f2giques amb alumnes NESE, assistir a les reunions i intervencions amb pares i professors i aprendre a redactar informes psicopedag\u00f2gics. Podr\u00e0 con\u00e8ixer i intervenir en el dia a dia d&#8217;un departament que es dedica a l&#8217;Orientaci\u00f3 i a la Pedagogia Terap\u00e8utica a Secund\u00e0ria. &#8220;Interessats enviar un email a: maryllera@palma.uned.es<\/p>\n<h4><span style=\"color: #008000;\">RANDSTAD SELECCIONA NOUS TITULATS (13\/08\/2019)<\/span><\/h4>\n<p>Randstad selecciona per Endesa recent titulats \/ des en Enginyeria Industrial; que vulguin posar en pr\u00e0ctica els seus coneixements en la unitat d&#8217;Operaci\u00f3 i Manteniment de la Central de Cicle Combinat a Mallorca.<\/p>\n<p>T&#8217;ofereix la possibilitat de desenvolupar el teu talent i comen\u00e7ar en el m\u00f3n de l&#8217;empresa en les diferents \u00e0rees de la companyia a trav\u00e9s del seu Pla de Beques.<\/p>\n<p>La pr\u00e0ctica en l&#8217;Empresa tindr\u00e0 una durada de DOTZE MESOS, amb una jornada completa de dilluns a divendres i un ajut a l&#8217;estudi de 900 euros bruts al mes.<\/p>\n<p>\u00c9s imprescindible tenir superats el 100% dels cr\u00e8dits dels estudis universitaris finalitzats (a excepci\u00f3 de TFG), aix\u00ed com un nivell alt d&#8217;angl\u00e8s (es passar\u00e0 prova de nivell).<\/p>\n<p>FUNCIONS DEL PROJECTE:<\/p>\n<p>La unitat d&#8217;Operaci\u00f3 i manteniment de la Central de Cicle Combinat a Mallorca t\u00e9 com a objectiu assegurar la gesti\u00f3 energ\u00e8tica, aix\u00ed com la gesti\u00f3 documental, complint amb els requisits legals establerts.<\/p>\n<p>El becari s&#8217;encarregar\u00e0 de:<\/p>\n<p>&#8211; Actualitzaci\u00f3 dels pl\u00e0nols i esquemes el\u00e8ctrics mitjan\u00e7ant Autocad.<\/p>\n<p>&#8211; Compliment del Pla Reglamentari.<\/p>\n<p>&#8211; Compliment de la ISO 50.001<\/p>\n<p>&#8211; Gesti\u00f3 documental.<\/p>\n<p>Els requisits que has de complir per accedir a la beca s\u00f3n els seg\u00fcents:<\/p>\n<p>&#8211; Recentment graduad els i en Enginyeria Industrial (Estudiant universitari de grau a falta de TFG \/ PFC o Titulat universitari de grau o Titulat universitari pre-Bolonya)<\/p>\n<p>&#8211; Coneixements d&#8217;Autocad i Microsoft office<\/p>\n<p>&#8211; Idiomes: nivell d&#8217;angl\u00e8s C1.<\/p>\n<p>&#8211; Disponibilitat de jornada completa i incorporaci\u00f3 immediata<\/p>\n<p>&#8211; No disposar d&#8217;experi\u00e8ncia professional com a titulat \/ a<\/p>\n<p>En cas d&#8217;estar interessat \/ da en aquesta oferta de Beca, inscriu-te a trav\u00e9s del portal <a href=\"https:\/\/enel.taleo.net\/careersection\/ex01\/jobdetail.ftl?job=BAL00N&amp;lang=es\">https:\/\/enel.taleo.net\/careersection\/ex01\/jobdetail.ftl?job=BAL00N&amp;lang=es<\/a> i adjunta el teu CV actualitzat.<\/p>\n<p>&nbsp;<\/p>\n<p><span style=\"color: #008000;\">MAIL BOXES ETC (2019.07.25)<\/span><br \/>\nEmpresa de transport dedicada als serveis de missatgeria i paqueteria nacional i internacional, situada a Palma de Mallorca, ofereix:<br \/>\nPer\u00edode de Pr\u00e0ctiques: Setembre de 2019 a desembre de 2019<br \/>\nHorari: 9:30 a 14:30 h<br \/>\nRetribuci\u00f3: 450 \u20ac mensuals<br \/>\nNombre de llocs: 1<br \/>\nTasques: Suport en tasques administratives, control d&#8217;albarans i facturaci\u00f3, aix\u00ed com en l&#8217;operativa de transport nacional i internacional, Exportacions i importacions.<br \/>\nRequisits: \u00c9s imprescindible saber angl\u00e8s escrit i parlat.<br \/>\nInteressats contactar al correu: maryllera@palma.uned.es<\/p>\n<h4><\/h4>\n<h4><span style=\"color: #008000;\">PER A GRADUATS EN QUALSEVOL ESPECIALIDAD<\/span><\/h4>\n<p>Si ja est\u00e0s Graduat i t&#8217;interessa formar part de la llista de Formadors del SOIB, s&#8217;ha creat una borsa d&#8217;ocupaci\u00f3 anomenada REFOIB.Te pots inscriure a ella en qualsevol moment en aquest enlla\u00e7:\u00a0<a href=\"https:\/\/www.caib.es\/seucaib\/es\/200\/persones\/tramites\/tramite\/3635565\/\">https:\/\/www.caib.es\/seucaib\/es\/200\/persones\/tramites\/tramite\/3635565\/<\/a><\/p>\n<h4><span style=\"color: #008000;\">PR\u00c0CTIQUES EXTRACURRICULARES A LA ONG PROYECTOJUNTOS (<a style=\"color: #008000;\" href=\"https:\/\/proyectojuntos.org\/\">https:\/\/proyectojuntos.org\/<\/a>) (2019.07.02) <\/span><\/h4>\n<h4><span style=\"color: #008000;\">IBIZA<\/span><\/h4>\n<p>Alumnos d&#8217;ADE o ECONOMIA que desitgin fer pr\u00e0ctiques en tasques d&#8217;Administraci\u00f3 en horari de ma\u00f1ana.Alumnos del Grau de PSICOLOGIA, PEDAGOGIA, EDUCACI\u00d3 SOCIAL o TREBALL SOCIAL que vulguin fer Pr\u00e0ctiques en Hospital Can Misses en horari de tarde.Interesados posar-se en contacte amb <a href=\"mailto:maryllera@palma.uned.es\">maryllera@palma.uned.es<\/a> per rebre m\u00e9s informaci\u00f3<\/p>\n<h4><span style=\"color: #008000;\">PLAYASOL IBIZA HOTELS<\/span><\/h4>\n<p>Important empresa hotelera a Eivissa ofereix Treball en Pr\u00e0ctiques per cobrir diferents llocs en tots els seus departaments:<\/p>\n<p>&#8211; \u00c0rea Financera i Administrativa<br \/>\n&#8211; Recursos Humans i Relacions Laborals<br \/>\n&#8211; Inform\u00e0tica<br \/>\n&#8211; Recepci\u00f3<\/p>\n<p>Obert a tots els estudiants de la UNED, tant de Grau com de M\u00e0ster.<\/p>\n<p>En funci\u00f3 del Curr\u00edculum i \u00e0rea de coneixement de l&#8217;estudiant, se li s&#8217;ubicar\u00e0 en el lloc m\u00e9s adequat. Nom\u00e9s fa falta entusiasme i ganes d&#8217;aprendre.<\/p>\n<p>L&#8217;empresa est\u00e0 formada per 35 hotels i ofereix possibilitats de treball en acabar les pr\u00e0ctiques.<\/p>\n<p>Horari: de dilluns a divendres de 9h a 16h<\/p>\n<p>Salari: 300 \u20ac<\/p>\n<p>Si est\u00e0s interessat, contacta via email amb <strong>maryllera@palma.uned.es<\/strong><\/p>\n<p>&nbsp;<\/p>\n<h4><span style=\"color: #008000;\"><strong>ANUNCI<\/strong><\/span><\/h4>\n<p>Pr\u00e0ctiques per a estudiants universitaris del Grau en ECONOMIA i \/ o Postgrau del M\u00e0ster Universitari d&#8217;An\u00e0lisi de Dades Massius en Economia i Empresa:<\/p>\n<p><a href=\"https:\/\/uned-illesbalears.net\/wp-content\/uploads\/2019\/05\/Habitissimo-1.docx\" class=\"mtli_attachment mtli_docx\"><span style=\"color: #008000;\">Habitissimo<\/span><\/a><\/p>\n<p>Pr\u00e0ctiques per a estudiants universitaris de GRAU D&#8217;ADMINISTRACI\u00d3 D&#8217;EMPRESES i POSTGRAU DE M\u00c0RQUETING DIGITAL I DIRECCI\u00d3:<\/p>\n<p><span style=\"color: #008000;\"><a style=\"color: #008000;\" href=\"https:\/\/uned-illesbalears.net\/wp-content\/uploads\/2019\/05\/Habitissimo-2-1.docx\" class=\"mtli_attachment mtli_docx\">Habitissimo 2<\/a><\/span><\/p>\n<p><strong>ESAP EXERTUS<\/strong>, empresa amb m\u00e9s de 30 anys en el mercat espanyol i actualment amb un servei programat a Mallorca, ve fent des de fa anys un torneig de golf organitzat per Porsche, pel que estem en la recerca cont\u00ednua de Hostesses \/ us que puguin participar i combinar-ho amb els seus estudis o treballs brindant-los una experi\u00e8ncia en el sector.<\/p>\n<p><strong>Qu\u00e8 estem buscant?<\/strong><br \/>\n\u00b7 Persones din\u00e0miques i amb ganes de treballar.<br \/>\n\u00b7 Experi\u00e8ncia en el tracte amb el p\u00fablic.<br \/>\n\u00b7 ANGL\u00c8S ALT o MIG ALT (que puguin mantenir una conversa o respondre preguntes)<br \/>\n\u00b7 Valorable cotxe propi<br \/>\n\u00b7 DISPONIBILITAT TOTAL 10 d&#8217;ABRIL (c\u00e0sting) I DEL 5 al 9 de MAIG.<\/p>\n<p><strong>Els teus beneficis.<\/strong><br \/>\n\u00b7 Experi\u00e8ncia \u00fanica i bon ambient de treball.<br \/>\n\u00b7 Cobrament 18 Euros C\u00c0STING (2 hores)<br \/>\n\u00b7 Descripci\u00f3 de l&#8217;esdeveniment 6.50 NETS<br \/>\n\u00b7 Oportunitat de con\u00e8ixer-te i seguir treballant amb nosaltres.<br \/>\n\u00b7 Pagament de KM<\/p>\n<p><strong>DADES DE L&#8217;ESDEVENIMENT<\/strong><br \/>\n\u00b7 ZONA de Proven\u00e7als, CANYAMEL, CAPDEPERA<br \/>\n\u00b7 El transport s&#8217;organitz\u00e9s perqu\u00e8 puguin anar junts als punts de l&#8217;esdeveniment.<\/p>\n<p><strong>Interessats contactar amb:<\/strong><br \/>\nAndrea Susana Salcedo<br \/>\nCoordinadora Producci\u00f3 | Expertus Serveis Atenci\u00f3 al P\u00fablic<br \/>\n600.459.934<br \/>\nwww.expertus.es\/atencionalpublico<\/p>\n<h4><\/h4>\n<p>&nbsp;<\/p>\n<h4><span style=\"color: #008000;\"><strong>GARAU CONSULTORES Y ASESORES<\/strong><\/span><\/h4>\n<p>Assessoria dedicada a la realitzaci\u00f3 d&#8217;estudis econ\u00f2mics, financers, fiscals, comptables, de mercat, o qualsevol altre tema relacionat amb activitats comercials, industrials, professionals o mercantils, aix\u00ed com a l&#8217;Assessoria Laboral<\/p>\n<p><strong>OFEREIX:<\/strong><\/p>\n<p>1 lloc de Pr\u00e0ctiques remunerades en super Departament Fiscal<\/p>\n<p>Horari: De 9h a 16h<\/p>\n<p>Sou: 1.166 \u20ac \/ m\u00e9s bruts<\/p>\n<p><strong>REQUISITS:<\/strong><\/p>\n<p>Estudiants dels \u00faltims cursos de:<\/p>\n<p>Grau en Direcci\u00f3 i Administraci\u00f3 d&#8217;Empreses<\/p>\n<p>Grau en Economia<\/p>\n<p>Estudiants de M\u00e0ster de la Facultat de Ci\u00e8ncies Econ\u00f2miques i Empresarials<\/p>\n<p>Lloc amb projecci\u00f3 de futur (POSSIBILITATS de quedar-se a plantilla)<\/p>\n<p>Interessats enviar CV a <strong>maryllera@palma.uned.es<\/strong><\/p>\n<h4><\/h4>\n<h4><span style=\"color: #008000;\"><strong>GRUP EULEN BUSCA INFORMADORS \/ A EN OFICINES TUR\u00cdSTIQUES (2019.02.28)<\/strong><\/span><\/h4>\n<p><strong>REQUISITS:<\/strong><\/p>\n<p>GRAU EN TURISME; GRAU EN HIST\u00d2RIA \/ HIST\u00d2RIA DE L&#8217;ART<\/p>\n<p><strong>IDIOMES DE TREBALL:<\/strong><\/p>\n<p>&#8211; Castell\u00e0 B2<\/p>\n<p>&#8211; Catal\u00e0 B2<\/p>\n<p>&#8211; Ingles B2<\/p>\n<p>&#8211; Alemany B2<\/p>\n<p>&#8211; Franc\u00e8s<\/p>\n<p>&#8211; Itali\u00e0<\/p>\n<p>valorable:<\/p>\n<p>&#8211; Bona pres\u00e8ncia, actituds de tracte cordial. Persona responsable, seriosa, compromesa i din\u00e0mica.<\/p>\n<p>&#8211; Es valorar\u00e0 do de gents, perfil comercial i gust pel treball en equip.<\/p>\n<p><strong>Funcions:<\/strong><\/p>\n<p>&#8211; Informar turistes, excursionistes i residents, tant de forma presencial com a trav\u00e9s de consultes (correu postal, fax, telef\u00f2nicament, correu electr\u00f2nic de les ofertes tur\u00edstiques i culturals).<\/p>\n<p>&#8211; Venda d&#8217;excursions<\/p>\n<p>S&#8217;ofereix Contracte Obra o Servei &#8211; Jornada Completa<\/p>\n<p>Horari 09:00 -20.00h torns rotatius. Lloc de treball a Palma<\/p>\n<p>incorporaci\u00f3 Immediata<\/p>\n<p>Interessats enviar CV a amlamata@eulen.com indicant en l&#8217;assumpte &#8220;Informador Tur\u00edstic&#8221;.<\/p>\n<p>I si encara no est\u00e0s graduat, per\u00f2 tens aprovats la meitat dels cr\u00e8dits de les especialitats demandades, tamb\u00e9 pots sol\u00b7licitar el lloc sota un Contracte en Pr\u00e0ctiques.<\/p>\n<p>En aquest cas envia el teu CV a <strong>maryllera@palma.uned.es<\/strong><\/p>\n<h6><\/h6>\n<h6>OFERTA PR\u00c1CTICAS EXTRACURRICULARES EN MALLORCA (27\/1\/18)<\/h6>\n<p>Si eres estudiante de los <strong>Grados de Psicolog\u00eda, Pedagog\u00eda, Educaci\u00f3n Social o Trabajo Social<\/strong>, ya tienes aprobados <strong>la mitad de los cr\u00e9ditos de tu titulaci\u00f3n<\/strong>, y tienes ganas de empezar a hacer Pr\u00e1cticas Extracurriculares en relaci\u00f3n a tus estudios, ponte en contacto con tu universidad a trav\u00e9s del e-mail: <a href=\"mailto:maryllera@palma.uned.es\">maryllera@palma.uned.es<\/a><\/p>\n<p>En Palma de Mallorca, la Organizaci\u00f3n privada sin \u00e1nimo de lucro ASPROM, te ofrece la oportunidad. Est\u00e1 dedicada a la inserci\u00f3n y mejora de la calidad de vida de las personas con discapacidad. Entre sus programas y servicios destacan:<\/p>\n<p>-Valoraci\u00f3n integral. Valoraci\u00f3n para detectar y cuantificar los problemas, necesidades y capacidades del usuario y elaborar una estrategia interdisciplinar de intervenci\u00f3n, tratamiento y seguimiento a largo plazo con el fin de optimizar los recursos y de lograr el mayor grado de independencia y, en definitiva, calidad de vida.<\/p>\n<p>-Servicio de Orientaci\u00f3n Laboral, (SOL)<\/p>\n<p>-Vivienda Tutelada para personas con discapacidad f\u00edsica \u201cCa Nostra\u201d \u2013 \u201cEs Voltors\u201d, para la promoci\u00f3n de la Autonom\u00eda Personal y preparaci\u00f3n para una vida independiente.<\/p>\n<p>-Servicio de Apoyo a la vivienda. Servicio con una finalidad de promoci\u00f3n de la autonom\u00eda y la inclusi\u00f3n, que se presta en la propia vivienda de la persona, trabajando en su entorno. Se da apoyo en las actividades de la vida diaria, como en la comunicaci\u00f3n, las relaciones, la autodirecci\u00f3n, y el uso de los recursos de la comunidad.<\/p>\n<p>-Centro de D\u00eda para personas con discapacidad f\u00edsica, \u201cVell Mar\u00ed\u201d un centro de d\u00eda con un servicio integral con el objetivo de mejorar o mantener el mayor nivel de autonom\u00eda posible, ofreciendo un apoyo a la familia en todo momento.<\/p>\n<p>-Servicio de Habilitaci\u00f3n y Terapia Ocupaciona<\/p>\n<p>-Asesoramiento, informaci\u00f3n y gesti\u00f3n en cuestiones de vivienda, trabajo, educaci\u00f3n, ocio y jur\u00eddico.<\/p>\n<p>-Contribuir e informar sobre la eliminaci\u00f3n de barreras Arquitect\u00f3nicas y de posibles soluciones.<\/p>\n<p>-Actividades que mejoren la salud f\u00edsica, ps\u00edquica y emocional de las personas con discapacidad (rehabilitaci\u00f3n, terapias alternativas, atenci\u00f3n psicol\u00f3gica y grupos de autoayuda entre otros).<\/p>\n<p>-Servicio de acompa\u00f1amiento, apoyo y asesoramiento a las familias.<\/p>\n<p>-Actividades de ocio y tiempo libre.<\/p>\n<p>-Huerto Urbano.<\/p>\n<p>-Nuevas tecnolog\u00edas, como manera de combatir la exclusi\u00f3n sociolaboral de las personas con discapacidad f\u00edsica.<\/p>\n<p>&nbsp;<\/p>\n<h6 class=\"titulo\">Becas Santander-CRUE CEPYME<\/h6>\n<ul class=\"secciones grande lista_imagenes\">\n<li class=\"\">\n<h6><a href=\"http:\/\/coie-server.uned.es\/5532\"><img loading=\"lazy\" decoding=\"async\" class=\"\" src=\"http:\/\/coie-server.uned.es\/archivos_publicos\/qweb_paginas\/5532\/logosantander_mini2.png\" width=\"111\" height=\"111\" \/><\/a><\/h6>\n<h6><a href=\"http:\/\/coie-server.uned.es\/5532\">BECAS SANTANDER CRUE-CEPYME<\/a>\u00a0Convocatoria 2017-2018<\/h6>\n<\/li>\n<li>\n<h6><span class=\"strokeme\">152 becas asignadas a la UNED<\/span><\/h6>\n<h6>Inscripci\u00f3n hasta el 31 de enero de 2018<\/h6>\n<\/li>\n<\/ul>\n","protected":false},"excerpt":{"rendered":"<p>31\/01\/20 OFERTA DE PR\u00c0CTIQUES extracurriculars PER A ESTUDIANTS DE TURISME a Amarehotels (Eivissa) LLOCS: &#8211; Ajudant de Relacions P\u00fabliques &#8211; Ajudant de Recepci\u00f3 DURADA: 6 mesos, inici ABRIL 2020 HORARI: Jornada completa de dilluns a diumenge amb dos dies de descans setmanals REMUNERACI\u00d3: 400 euros \/ bruts a l&#8217;mes. Manutenci\u00f3 al menjador de personal de [&hellip;]<\/p>\n","protected":false},"author":1,"featured_media":0,"parent":1381,"menu_order":0,"comment_status":"closed","ping_status":"closed","template":"","meta":{"_acf_changed":false,"footnotes":""},"acf":[],"_links":{"self":[{"href":"https:\/\/uned-illesbalears.net\/ca\/wp-json\/wp\/v2\/pages\/84408"}],"collection":[{"href":"https:\/\/uned-illesbalears.net\/ca\/wp-json\/wp\/v2\/pages"}],"about":[{"href":"https:\/\/uned-illesbalears.net\/ca\/wp-json\/wp\/v2\/types\/page"}],"author":[{"embeddable":true,"href":"https:\/\/uned-illesbalears.net\/ca\/wp-json\/wp\/v2\/users\/1"}],"replies":[{"embeddable":true,"href":"https:\/\/uned-illesbalears.net\/ca\/wp-json\/wp\/v2\/comments?post=84408"}],"version-history":[{"count":24,"href":"https:\/\/uned-illesbalears.net\/ca\/wp-json\/wp\/v2\/pages\/84408\/revisions"}],"predecessor-version":[{"id":144139,"href":"https:\/\/uned-illesbalears.net\/ca\/wp-json\/wp\/v2\/pages\/84408\/revisions\/144139"}],"up":[{"embeddable":true,"href":"https:\/\/uned-illesbalears.net\/ca\/wp-json\/wp\/v2\/pages\/1381"}],"wp:attachment":[{"href":"https:\/\/uned-illesbalears.net\/ca\/wp-json\/wp\/v2\/media?parent=84408"}],"curies":[{"name":"wp","href":"https:\/\/api.w.org\/{rel}","templated":true}]}}