{"id":840,"date":"2013-08-26T18:23:10","date_gmt":"2013-08-26T18:23:10","guid":{"rendered":"https:\/\/uned-illesbalears.net\/?page_id=840"},"modified":"2013-09-07T11:49:07","modified_gmt":"2013-09-07T11:49:07","slug":"reconeixements","status":"publish","type":"page","link":"https:\/\/uned-illesbalears.net\/ca\/qualitat\/reconeixements\/","title":{"rendered":"Reconeixements"},"content":{"rendered":"<ul>\n<li>El Centro Asociado de la UNED Les Illes Balears fue galardonado con el primer premio en la categor\u00eda de &#8220;Buenas pr\u00e1cticas de gesti\u00f3n puestas en marcha por un Centro Asociado nacional o extranjero&#8221; con la buena pr\u00e1ctica titulada &#8220;INTERNET EN DIRECTO EN LA EXTENSI\u00d3N UNIVERSITARIA&#8221;. El premio fue entregado en Madrid el 22 de diciembre de 2011.\u00a0<span style=\"color: #008000;\"><a href=\"https:\/\/uned-illesbalears.net\/wp-content\/uploads\/2013\/08\/FichaBMLesillesbalears2011.pdf\" class=\"mtli_attachment mtli_pdf\"><span style=\"color: #008000;\">FichaBMLesillesbalears2011<\/span><\/a>\u00a0(pdf)<\/span><\/li>\n<\/ul>\n<p>&nbsp;<\/p>\n<ul>\n<li>El Centro Asociado de la UNED Les Illes Balears fue galardonado con el accesit en la categor\u00eda de &#8220;Buenas pr\u00e1cticas de gesti\u00f3n puestas en marcha por un Centro Asociado nacional o extranjero&#8221; con la buena pr\u00e1ctica titulada &#8220;INTERNET: CLASES TUTOR\u00cdAS A LA CARTA&#8221;. El premio fue entregado en Madrid el 21 de diciembre de 2012.\u00a0 <span style=\"color: #008000;\"><a href=\"https:\/\/uned-illesbalears.net\/wp-content\/uploads\/2013\/08\/FichaBMLesillesbalears2012junio0806.pdf\" class=\"mtli_attachment mtli_pdf\"><span style=\"color: #008000;\">FichaBMLesillesbalears2012<\/span><\/a>\u00a0(pdf)<\/span><a href=\"https:\/\/uned-illesbalears.net\/wp-content\/uploads\/2013\/08\/FichaBMLesillesbalears2011.pdf\" class=\"mtli_attachment mtli_pdf\"><br \/>\n<\/a><\/li>\n<\/ul>\n<p>&nbsp;<\/p>\n<ul>\n<li>El Centro Asociado de la UNED Les Illes Balears conmemor\u00f3 \u00a0el 7 de febrero de 2013 el 35 aniversario del Centro Asociado, en un Acto institucional donde se entregaron diplomas conmemorativos al profesorado y personal administrativo del Centro.\u00a0<span style=\"color: #008000;\"><a href=\"https:\/\/intecca.uned.es\/portalavip\/grabacion.php?ID_Sala=3&amp;ID_Grabacion=72233&amp;hashData=63340a9115d74b51588c55e844d16cfd&amp;paramsToCheck=SURfR3JhYmFjaW9uLElEX1NhbGEs\"><span style=\"color: #008000;\">Grabaci\u00f3n Acto Institucional<\/span><\/a>\u00a0(adobe flash player)<\/span><\/li>\n<\/ul>\n","protected":false},"excerpt":{"rendered":"<p>El Centro Asociado de la UNED Les Illes Balears fue galardonado con el primer premio en la categor\u00eda de &#8220;Buenas pr\u00e1cticas de gesti\u00f3n puestas en marcha por un Centro Asociado nacional o extranjero&#8221; con la buena pr\u00e1ctica titulada &#8220;INTERNET EN DIRECTO EN LA EXTENSI\u00d3N UNIVERSITARIA&#8221;. El premio fue entregado en Madrid el 22 de diciembre [&hellip;]<\/p>\n","protected":false},"author":1,"featured_media":0,"parent":833,"menu_order":0,"comment_status":"closed","ping_status":"closed","template":"","meta":{"_acf_changed":false,"footnotes":""},"acf":[],"_links":{"self":[{"href":"https:\/\/uned-illesbalears.net\/ca\/wp-json\/wp\/v2\/pages\/840"}],"collection":[{"href":"https:\/\/uned-illesbalears.net\/ca\/wp-json\/wp\/v2\/pages"}],"about":[{"href":"https:\/\/uned-illesbalears.net\/ca\/wp-json\/wp\/v2\/types\/page"}],"author":[{"embeddable":true,"href":"https:\/\/uned-illesbalears.net\/ca\/wp-json\/wp\/v2\/users\/1"}],"replies":[{"embeddable":true,"href":"https:\/\/uned-illesbalears.net\/ca\/wp-json\/wp\/v2\/comments?post=840"}],"version-history":[{"count":0,"href":"https:\/\/uned-illesbalears.net\/ca\/wp-json\/wp\/v2\/pages\/840\/revisions"}],"up":[{"embeddable":true,"href":"https:\/\/uned-illesbalears.net\/ca\/wp-json\/wp\/v2\/pages\/833"}],"wp:attachment":[{"href":"https:\/\/uned-illesbalears.net\/ca\/wp-json\/wp\/v2\/media?parent=840"}],"curies":[{"name":"wp","href":"https:\/\/api.w.org\/{rel}","templated":true}]}}