{"id":838,"date":"2013-08-22T16:28:11","date_gmt":"2013-08-22T16:28:11","guid":{"rendered":"https:\/\/uned-illesbalears.net\/?page_id=838"},"modified":"2017-11-20T00:14:48","modified_gmt":"2017-11-19T22:14:48","slug":"carta-de-servicios","status":"publish","type":"page","link":"https:\/\/uned-illesbalears.net\/ca\/qualitat\/carta-de-servicios\/","title":{"rendered":"Carta de Serveis"},"content":{"rendered":"<h6>Curs 2017-2018<\/h6>\n<h6><a href=\"https:\/\/uned-illesbalears.net\/wp-content\/uploads\/2013\/08\/3.2.3.-DCGE.Realizaci\u00f3nCartasServiciosLesIllesbalears2017-2018.pdf\" class=\"mtli_attachment mtli_pdf\"><span style=\"color: #008000;\">3.2.3. DCGE.Realizaci\u00f3nCartasServiciosLesIllesbalears2017-2018<\/span><\/a><\/h6>\n<h6><span style=\"color: #008000;\"><a href=\"https:\/\/uned-illesbalears.net\/wp-content\/uploads\/2013\/08\/3.2.3.CartaServiciosEd7V1CaraA.pdf\" class=\"mtli_attachment mtli_pdf\"><span style=\"color: #008000;\">3.2.3.CartaServiciosEd7V1CaraA<\/span><\/a><\/span><\/h6>\n<h6><a href=\"https:\/\/uned-illesbalears.net\/wp-content\/uploads\/2013\/08\/3.2.3.CartaServiciosEd7V1CaraB.pdf\" class=\"mtli_attachment mtli_pdf\"><span style=\"color: #008000;\">3.2.3.CartaServiciosEd7V1CaraB<\/span><\/a><\/h6>\n<h6><a href=\"https:\/\/uned-illesbalears.net\/wp-content\/uploads\/2013\/08\/3.2.3.M\u00e9todoSelecci\u00f3nCompromisosLesIllesBalears2017-2018.pdf\" class=\"mtli_attachment mtli_pdf\"><span style=\"color: #008000;\">3.2.3.M\u00e9todoSelecci\u00f3nCompromisosLesIllesBalears2017-2018<\/span><\/a><\/h6>\n<h6><a href=\"https:\/\/uned-illesbalears.net\/wp-content\/uploads\/2013\/08\/3.2.3.-MCGE.-Revisi\u00f3nActualizaci\u00f3nCartaServiciosLesIllesBalears2017-2018.pdf\" class=\"mtli_attachment mtli_pdf\"><span style=\"color: #008000;\">3.2.3. MCGE. Revisi\u00f3nActualizaci\u00f3nCartaServiciosLesIllesBalears2017-2018<\/span><\/a><\/h6>\n<h6><a href=\"https:\/\/uned-illesbalears.net\/wp-content\/uploads\/2013\/08\/3.2.3.-ICGE.-InstruccionesSeguimientoCartaServiciosLesIllesbalears2017-2018.pdf\" class=\"mtli_attachment mtli_pdf\"><span style=\"color: #008000;\">3.2.3. ICGE. InstruccionesSeguimientoCartaServiciosLesIllesbalears2017-2018<\/span><\/a><\/h6>\n<h6><a href=\"https:\/\/uned-illesbalears.net\/wp-content\/uploads\/2013\/08\/3.2.3.SistemaDifusi\u00f3nCartaServiciosLesIllesBalears2017-2018.pdf\" class=\"mtli_attachment mtli_pdf\"><span style=\"color: #008000;\">3.2.3.SistemaDifusi\u00f3nCartaServiciosLesIllesBalears2017-2018<\/span><\/a><\/h6>\n<h6><span style=\"color: #008000;\"><a href=\"https:\/\/uned-illesbalears.net\/wp-content\/uploads\/2013\/08\/3.2.3.M\u00e9todosF\u00f3rmulasRecabarSugerenciasLesIllesBalears2017-2018.pdf\" class=\"mtli_attachment mtli_pdf\"><span style=\"color: #008000;\">3.2.3.M\u00e9todosF\u00f3rmulasRecabarSugerenciasLesIllesBalears2017-2018<\/span><\/a><\/span><\/h6>\n<h6><span style=\"color: #008000;\"><a href=\"https:\/\/uned-illesbalears.net\/wp-content\/uploads\/2013\/08\/3.2.3.EquipoTrabajoFormaci\u00f3nRecibidaLesIllesBalears2017-2018.pdf\" class=\"mtli_attachment mtli_pdf\"><span style=\"color: #008000;\">3.2.3.EquipoTrabajoFormaci\u00f3nRecibidaLesIllesBalears2017-2018<\/span><\/a><\/span><\/h6>\n<h6>Curs 2016-2017<\/h6>\n<h6><span style=\"color: #008000;\"><a href=\"https:\/\/uned-illesbalears.net\/wp-content\/uploads\/2013\/08\/3.2.3.RCGE_.Reg-publico-cumplir-compromisosCSe2LesIllesBalearsSept2017R.pdf\" class=\"mtli_attachment mtli_pdf\"><span style=\"color: #008000;\">3.2.3.RCGE.Reg publico cumplir compromisosCSe2LesIllesBalearsSept2017R<\/span><\/a><\/span><\/h6>\n<h6><span style=\"color: #008000;\"><a style=\"color: #008000;\" href=\"https:\/\/uned-illesbalears.net\/wp-content\/uploads\/2013\/08\/3.2.3.-DCGE-Dtriz-Realizaci\u00f3n-de-Cartas-de-serviciosLesIllesBalears2016-2017.pdf\" class=\"mtli_attachment mtli_pdf\">3.2.3.DCGE.DtrizRealizacionCartaServiciosLesIllesBalears2016-2017<\/a><\/span><\/h6>\n<h6><a href=\"https:\/\/uned-illesbalears.net\/wp-content\/uploads\/2013\/08\/3.2.3.-ISCGE-Informe-seguimiento-Carta-ServiciosLesIllesBalears2016-2017julio.pdf\" class=\"mtli_attachment mtli_pdf\"><span style=\"color: #008000;\">3.2.3. ISCGE Informe seguimiento Carta ServiciosLesIllesBalears2016-2017julio<\/span><\/a><\/h6>\n<h6><span style=\"color: #008000;\"><a style=\"color: #008000;\" href=\"https:\/\/uned-illesbalears.net\/wp-content\/uploads\/2013\/08\/3.2.3.-ISCGE-Informe-seguimiento-Carta-ServiciosEneroLesIllesBalears2016-2017.pdf\" class=\"mtli_attachment mtli_pdf\">3.2.3. ISCGE.Carta ServiciosLesIllesBalearsEnero2017<\/a><\/span><\/h6>\n<h6><span style=\"color: #008000;\"><a style=\"color: #008000;\" href=\"https:\/\/uned-illesbalears.net\/wp-content\/uploads\/2013\/08\/3.2.3.-MCGE-Revisi\u00f3n-y-actualizaci\u00f3n-de-la-CS-ed.6LesIllesBalears2016-2017.pdf\" class=\"mtli_attachment mtli_pdf\">3.2.3. MCGE Revisi\u00f3nActualizaci\u00f3nLesIllesBalearsEnero2017<\/a><\/span><\/h6>\n<h6><span style=\"color: #008000;\"><a style=\"color: #008000;\" href=\"https:\/\/uned-illesbalears.net\/wp-content\/uploads\/2013\/08\/3.2.3.-ICGE-Instrucciones-registro-de-seguimiento-de-compromisos-CSLesIllesBaelars2016-2017.pdf\" class=\"mtli_attachment mtli_pdf\">3.2.3. ICGE InstruccionesRegistroSeguimientoCSLesIllesBaelarsEnero2017<\/a><\/span><\/h6>\n<h6><span style=\"color: #008000;\"><a style=\"color: #008000;\" href=\"https:\/\/uned-illesbalears.net\/wp-content\/uploads\/2013\/08\/3.2.3.RCGE_.Reg-publico-cumplir-compromisosCSe2LesIllesBalearsSept2016.pdf\" class=\"mtli_attachment mtli_pdf\">3.2.3.RCGE.Registrop\u00fablico cumplimientoCompromisoCartaServiciosLesIllesBalearssept2106<\/a><\/span><\/h6>\n<h6><span style=\"color: #008000;\"><a style=\"color: #008000;\" href=\"https:\/\/uned-illesbalears.net\/wp-content\/uploads\/2013\/08\/3.2.3.Sistema-de-Difusi\u00f3n-de-la-CSLesIllesBalears2016-2017.pdf\" class=\"mtli_attachment mtli_pdf\">3.2.3.SistemaDifusi\u00f3nCSLesIllesBalearsEnero2017<\/a><\/span><\/h6>\n<h6><span style=\"color: #008000;\"><a style=\"color: #008000;\" href=\"https:\/\/uned-illesbalears.net\/wp-content\/uploads\/2013\/08\/3.2.3.CartaDeServiciosLesIllesBalearsEd6V2-2016.pdf\" class=\"mtli_attachment mtli_pdf\">3.2.3.CartaDeServiciosLesIllesBalearsEd6V2-2016<\/a><\/span><\/h6>\n<h6><span style=\"color: #008000;\"><a style=\"color: #008000;\" href=\"https:\/\/uned-illesbalears.net\/wp-content\/uploads\/2013\/08\/3.2.3.M\u00e9todoselecci\u00f3ncompromisosLesIllesbalears2016.pdf\" class=\"mtli_attachment mtli_pdf\">3.2.3.MetodoSeleccionCompromisosLesIllesBalears2016<\/a><\/span><\/h6>\n<h6><span style=\"color: #008000;\"><a style=\"color: #008000;\" href=\"https:\/\/uned-illesbalears.net\/wp-content\/uploads\/2013\/08\/3.2.3.M\u00e9todosf\u00f3rmulaspararecabarsugerenciasLesIllesbalears2016.pdf\" class=\"mtli_attachment mtli_pdf\">3.2.3.MetodosFormulaspararecabarSugerenciasLesIllesBalears2016<\/a><\/span><\/h6>\n<h6><span style=\"color: #008000;\"><a style=\"color: #008000;\" href=\"https:\/\/uned-illesbalears.net\/wp-content\/uploads\/2013\/08\/3.2.3.-ISCGE-Carta-de-servicios-LesIllesbalearsjunio2016.pdf\" class=\"mtli_attachment mtli_pdf\">3.2.3.ISCGE.CartaServiciosLesIllesBalearsjunio2016<\/a><\/span><\/h6>\n<h6><span style=\"color: #008000;\"><a style=\"color: #008000;\" href=\"https:\/\/uned-illesbalears.net\/wp-content\/uploads\/2013\/08\/InformeseguimientoCartaServiciosLesIllesBalearsenero2016.pdf\" class=\"mtli_attachment mtli_pdf\">3.2.3.ISCGE.CartaServiciosLesIllesBalearsenero2016<\/a><\/span><\/h6>\n<p>&nbsp;<\/p>\n","protected":false},"excerpt":{"rendered":"<p>Curs 2017-2018 3.2.3. DCGE.Realizaci\u00f3nCartasServiciosLesIllesbalears2017-2018 3.2.3.CartaServiciosEd7V1CaraA 3.2.3.CartaServiciosEd7V1CaraB 3.2.3.M\u00e9todoSelecci\u00f3nCompromisosLesIllesBalears2017-2018 3.2.3. MCGE. Revisi\u00f3nActualizaci\u00f3nCartaServiciosLesIllesBalears2017-2018 3.2.3. ICGE. InstruccionesSeguimientoCartaServiciosLesIllesbalears2017-2018 3.2.3.SistemaDifusi\u00f3nCartaServiciosLesIllesBalears2017-2018 3.2.3.M\u00e9todosF\u00f3rmulasRecabarSugerenciasLesIllesBalears2017-2018 3.2.3.EquipoTrabajoFormaci\u00f3nRecibidaLesIllesBalears2017-2018 Curs 2016-2017 3.2.3.RCGE.Reg publico cumplir compromisosCSe2LesIllesBalearsSept2017R 3.2.3.DCGE.DtrizRealizacionCartaServiciosLesIllesBalears2016-2017 3.2.3. ISCGE Informe seguimiento Carta ServiciosLesIllesBalears2016-2017julio 3.2.3. ISCGE.Carta ServiciosLesIllesBalearsEnero2017 3.2.3. MCGE Revisi\u00f3nActualizaci\u00f3nLesIllesBalearsEnero2017 3.2.3. ICGE InstruccionesRegistroSeguimientoCSLesIllesBaelarsEnero2017 3.2.3.RCGE.Registrop\u00fablico cumplimientoCompromisoCartaServiciosLesIllesBalearssept2106 3.2.3.SistemaDifusi\u00f3nCSLesIllesBalearsEnero2017 3.2.3.CartaDeServiciosLesIllesBalearsEd6V2-2016 3.2.3.MetodoSeleccionCompromisosLesIllesBalears2016 3.2.3.MetodosFormulaspararecabarSugerenciasLesIllesBalears2016 3.2.3.ISCGE.CartaServiciosLesIllesBalearsjunio2016 3.2.3.ISCGE.CartaServiciosLesIllesBalearsenero2016 &nbsp;<\/p>\n","protected":false},"author":1,"featured_media":0,"parent":833,"menu_order":0,"comment_status":"closed","ping_status":"closed","template":"","meta":{"_acf_changed":false,"footnotes":""},"acf":[],"_links":{"self":[{"href":"https:\/\/uned-illesbalears.net\/ca\/wp-json\/wp\/v2\/pages\/838"}],"collection":[{"href":"https:\/\/uned-illesbalears.net\/ca\/wp-json\/wp\/v2\/pages"}],"about":[{"href":"https:\/\/uned-illesbalears.net\/ca\/wp-json\/wp\/v2\/types\/page"}],"author":[{"embeddable":true,"href":"https:\/\/uned-illesbalears.net\/ca\/wp-json\/wp\/v2\/users\/1"}],"replies":[{"embeddable":true,"href":"https:\/\/uned-illesbalears.net\/ca\/wp-json\/wp\/v2\/comments?post=838"}],"version-history":[{"count":0,"href":"https:\/\/uned-illesbalears.net\/ca\/wp-json\/wp\/v2\/pages\/838\/revisions"}],"up":[{"embeddable":true,"href":"https:\/\/uned-illesbalears.net\/ca\/wp-json\/wp\/v2\/pages\/833"}],"wp:attachment":[{"href":"https:\/\/uned-illesbalears.net\/ca\/wp-json\/wp\/v2\/media?parent=838"}],"curies":[{"name":"wp","href":"https:\/\/api.w.org\/{rel}","templated":true}]}}