{"id":837,"date":"2013-08-22T16:27:40","date_gmt":"2013-08-22T16:27:40","guid":{"rendered":"https:\/\/uned-illesbalears.net\/?page_id=837"},"modified":"2018-12-24T21:46:53","modified_gmt":"2018-12-24T19:46:53","slug":"mision-y-valores","status":"publish","type":"page","link":"https:\/\/uned-illesbalears.net\/ca\/qualitat\/mision-y-valores\/","title":{"rendered":"Missi\u00f3, Valors i Visi\u00f3"},"content":{"rendered":"<h6>La nostra Missi\u00f3. Curs 2018-2019<\/h6>\n<p>El Centre Associat de la UNED de les Illes Balears aporta valor en tres \u00e0rees complement\u00e0ries: La societat, la UNED i les institucions del Patronat que aporten recursos per al seu funcionament i desenvolupament.<\/p>\n<p>La societat: El valor social consisteix que totes les persones que viuen al nostre entorn tinguin acc\u00e9s flexible al coneixement relacionat amb l&#8217;educaci\u00f3 superior, mitjan\u00e7ant la modalitat d&#8217;aprenentatge semipresencial ia dist\u00e0ncia, i al desenvolupament professional i cultural de major inter\u00e8s social en cada moment.<\/p>\n<p>La UNED: en permetre a tots els estudiants de la Universitat el seguiment de les classes tutories a la carta propis del nostre Centre i Aules.<\/p>\n<p>Les institucions del Patronat: en facilitar a tots els patrons finan\u00e7adors el desenvolupament d&#8217;activitats culturals i formatives del seu inter\u00e8s en les modalitats presencial, streaming i en diferit, encaminades al desenvolupament dels seus projectes estrat\u00e8gics.<\/p>\n<p>Per aix\u00f2 integrem els seg\u00fcents aspectes:<\/p>\n<p>. Directrius metodol\u00f2giques de la Seu Acad\u00e8mica<br \/>\n. Estrat\u00e8gies educatives i institucionals del Patronat del Centre<br \/>\n. Iniciatives i demandes dels estudiants i de la societat<br \/>\n. Aven\u00e7os europeus en qualitat i tecnologia<br \/>\n. Ofertes formatives de la xarxa de Centres de la UNED i altres entitats p\u00fabliques i privades<br \/>\n. Aportacions i idees de totes les persones que col\u00b7laboren en el Centre<\/p>\n<h6>\u00a0Els nostres Valors. Curs 2018-2019<\/h6>\n<p>Els valors comuns a totes les persones que col\u00b7laboren en el Centre Associat UNED-Les Illes Balears s\u00f3n:<\/p>\n<p>. Orientaci\u00f3 al client: el destinatari del servei \u00e9s la ra\u00f3 de ser del nostre treball. Tenir en compte les seves demandes i opinions. Que les nostres decisions els aportin valor.<br \/>\n. Professionalitat: realitzar les tasques atenent els objectius establerts, de la forma m\u00e9s eficient possible, dins el termini previst i amb les revisions necess\u00e0ries per evitar errors.<br \/>\n. Treball en equip: sentiment d&#8217;organitzaci\u00f3, i instituci\u00f3, treballant conjuntament amb els companys \/ es per l&#8217;assoliment dels objectius de l&#8217;equip, conreant la comunicaci\u00f3, el respecte i el suport mutu.<br \/>\n. Responsabilitat social: m\u00e9s enll\u00e0 del compliment de la normativa vigent, gestionar cada activitat amb honradesa i tracte igualitari, optimitzant els recursos disponibles i tenint cura l&#8217;impacte mediambiental de les pr\u00f2pies activitats.<br \/>\n. Millora cont\u00ednua: iniciativa per a proposar accions que ajudin a obtenir millors resultats per als clients i la pr\u00f2pia Organitzaci\u00f3. Participar activament en activitats vinculades a la millora dels processos i dels resultats.<\/p>\n<p>\u00c9s recomanable l&#8217;aplicaci\u00f3 dels valors en processos concrets com la selecci\u00f3 de les persones, la valoraci\u00f3 de l&#8217;acompliment o el reconeixement professional per tal que les persones s&#8217;impregnin d&#8217;ells en les seves activitats habituals.<\/p>\n<p>A m\u00e9s existeixen uns valors complementaris que s\u00f3n espec\u00edfics dels l\u00edders:<\/p>\n<p>. Gesti\u00f3 integral (tots els l\u00edders): gestionar cada servei estrat\u00e8gic com si es tract\u00e9s d&#8217;una petita empresa p\u00fablica, tenint en compte aspectes legals, d&#8217;innovaci\u00f3, gesti\u00f3 econ\u00f2mica, administrativa, prove\u00efdors, objectius, millores i resultats.<br \/>\n. Innovaci\u00f3 en la formaci\u00f3: desenvolupar models de formaci\u00f3 en l\u00ednia de qualitat, mitjan\u00e7ant aules AVIP, susceptibles de ser aplicats a la comunitat universit\u00e0ria de la UNED.<\/p>\n<h6>La nostra Visi\u00f3. Curs 2018-2019<\/h6>\n<p>Consolidar l&#8217;aportaci\u00f3 diferencial del Centre Associat UNED-Les Illes Balears i la contribuci\u00f3 social a la Comunitat Aut\u00f2noma, atenent especialment a la qualitat docent i formativa, al desenvolupament de projectes estrat\u00e8gics sostenibles i d&#8217;alt valor per als seus Patrons, aix\u00ed com al finan\u00e7ament necessari per al seu manteniment i millora cont\u00ednua.<\/p>\n<p style=\"text-align: center;\"><a href=\"https:\/\/uned-illesbalears.net\/wp-content\/uploads\/2018\/12\/1.1.1.RCDI_.-MapaEstrat\u00e9gicoVisi\u00f3n-2018-2019.pdf\" class=\"mtli_attachment mtli_pdf\">1.1.1.RCDI. MapaEstrat\u00e9gicoVisi\u00f3n 2018-2019<\/a><\/p>\n","protected":false},"excerpt":{"rendered":"<p>La nostra Missi\u00f3. Curs 2018-2019 El Centre Associat de la UNED de les Illes Balears aporta valor en tres \u00e0rees complement\u00e0ries: La societat, la UNED i les institucions del Patronat que aporten recursos per al seu funcionament i desenvolupament. La societat: El valor social consisteix que totes les persones que viuen al nostre entorn tinguin [&hellip;]<\/p>\n","protected":false},"author":1,"featured_media":0,"parent":833,"menu_order":0,"comment_status":"closed","ping_status":"closed","template":"","meta":{"_acf_changed":false,"footnotes":""},"acf":[],"_links":{"self":[{"href":"https:\/\/uned-illesbalears.net\/ca\/wp-json\/wp\/v2\/pages\/837"}],"collection":[{"href":"https:\/\/uned-illesbalears.net\/ca\/wp-json\/wp\/v2\/pages"}],"about":[{"href":"https:\/\/uned-illesbalears.net\/ca\/wp-json\/wp\/v2\/types\/page"}],"author":[{"embeddable":true,"href":"https:\/\/uned-illesbalears.net\/ca\/wp-json\/wp\/v2\/users\/1"}],"replies":[{"embeddable":true,"href":"https:\/\/uned-illesbalears.net\/ca\/wp-json\/wp\/v2\/comments?post=837"}],"version-history":[{"count":0,"href":"https:\/\/uned-illesbalears.net\/ca\/wp-json\/wp\/v2\/pages\/837\/revisions"}],"up":[{"embeddable":true,"href":"https:\/\/uned-illesbalears.net\/ca\/wp-json\/wp\/v2\/pages\/833"}],"wp:attachment":[{"href":"https:\/\/uned-illesbalears.net\/ca\/wp-json\/wp\/v2\/media?parent=837"}],"curies":[{"name":"wp","href":"https:\/\/api.w.org\/{rel}","templated":true}]}}