{"id":836,"date":"2013-08-22T16:27:17","date_gmt":"2013-08-22T16:27:17","guid":{"rendered":"https:\/\/uned-illesbalears.net\/?page_id=836"},"modified":"2019-02-16T18:48:09","modified_gmt":"2019-02-16T16:48:09","slug":"politica-de-calidad","status":"publish","type":"page","link":"https:\/\/uned-illesbalears.net\/ca\/qualitat\/politica-de-calidad\/","title":{"rendered":"1.1.1.Pol\u00edtica de qualitat i 3.2.1.Mapa de Processos"},"content":{"rendered":"<p>&nbsp;<\/p>\n<h6>Declaraci\u00f3\u00a0de Pol\u00edtica de qualitat (Curs 2018-2019)<\/h6>\n<p>La pol\u00edtica del Centre Associat de la UNED de les Illes Balears i de les Aules, respecte a la qualitat, \u00e9s la de subministrar el servei de formaci\u00f3 acad\u00e8mica d&#8217;acord amb els requisits establerts pel Patronat, les directrius metodol\u00f2giques de la seu central de la UNED, les necessitats dels nostres estudiants i les demandes de la societat, sense acceptar cap comprom\u00eds que pugui afectar la qualitat d&#8217;aquest servei.<\/p>\n<p>Per aix\u00f2, la Direcci\u00f3 del Centre es compromet a complir aquesta Pol\u00edtica de Qualitat, l&#8217;objecte final \u00e9s l&#8217;aplicaci\u00f3 del Sistema de Gesti\u00f3 de la Qualitat del Centre, per tal d&#8217;implantar una pol\u00edtica de millora cont\u00ednua en el mateix.<\/p>\n<p>De la mateixa manera, es compromet a garantir que es respectin, per totes les persones que integren el Centre, les disposicions descrites en el manual de qualitat de centres associats de la UNED.<\/p>\n<p>Amb aquesta finalitat, la Direcci\u00f3 del Centre realitzar\u00e0 de forma peri\u00f2dica l&#8217;avaluaci\u00f3 de l&#8217;aplicaci\u00f3 i l&#8217;efic\u00e0cia d&#8217;aquestes disposicions.<\/p>\n<p>A m\u00e9s, la Direcci\u00f3 del Centre, dins d&#8217;aquest marc de qualitat, assumeix el foment de la responsabilitat social, aprenentatge, cooperaci\u00f3, igualtat i respecte amb tots els membres de la comunitat universit\u00e0ria per tal que s&#8217;assoleixin tots els objectius marcats i que els nostres estudiants i la societat rebin la millora atenci\u00f3 i servei per part nostra.<\/p>\n<p>Mar\u00eda Esperanza Pons Juan<\/p>\n<p>Directora del Centre Associat UNED-Les Illes Balears<\/p>\n<h6><a href=\"https:\/\/uned-illesbalears.net\/wp-content\/uploads\/2013\/08\/3.2.1.MapaProcesosLesIllesBalears2017-2018.pdf\" class=\"mtli_attachment mtli_pdf\"><span style=\"color: #008000;\">3.2.1.MapaProcesosLesIllesBalears2017-2018<\/span><\/a><\/h6>\n<h6><span style=\"color: #008000;\"><a style=\"color: #008000;\" href=\"https:\/\/uned-illesbalears.net\/wp-content\/uploads\/2018\/01\/certificaciondefinitivolesillesbalears.pdf\" class=\"mtli_attachment mtli_pdf\">InformeCertificaciodefinitivoLesillesBalearsNivellConsolidaci\u00f3<\/a><\/span><\/h6>\n<h6><img loading=\"lazy\" decoding=\"async\" class=\"alignnone size-full wp-image-88758 alignleft\" src=\"https:\/\/uned-illesbalears.net\/wp-content\/uploads\/2018\/01\/sgic_logo_nivel2_HD.png\" alt=\"\" width=\"200\" height=\"200\" srcset=\"https:\/\/uned-illesbalears.net\/wp-content\/uploads\/2018\/01\/sgic_logo_nivel2_HD.png 200w, https:\/\/uned-illesbalears.net\/wp-content\/uploads\/2018\/01\/sgic_logo_nivel2_HD-150x150.png 150w, https:\/\/uned-illesbalears.net\/wp-content\/uploads\/2018\/01\/sgic_logo_nivel2_HD-100x100.png 100w, https:\/\/uned-illesbalears.net\/wp-content\/uploads\/2018\/01\/sgic_logo_nivel2_HD-70x70.png 70w\" sizes=\"(max-width: 200px) 100vw, 200px\" \/><\/h6>\n<p>&nbsp;<\/p>\n","protected":false},"excerpt":{"rendered":"<p>&nbsp; Declaraci\u00f3\u00a0de Pol\u00edtica de qualitat (Curs 2018-2019) La pol\u00edtica del Centre Associat de la UNED de les Illes Balears i de les Aules, respecte a la qualitat, \u00e9s la de subministrar el servei de formaci\u00f3 acad\u00e8mica d&#8217;acord amb els requisits establerts pel Patronat, les directrius metodol\u00f2giques de la seu central de la UNED, les necessitats [&hellip;]<\/p>\n","protected":false},"author":1,"featured_media":0,"parent":833,"menu_order":0,"comment_status":"closed","ping_status":"closed","template":"","meta":{"_acf_changed":false,"footnotes":""},"acf":[],"_links":{"self":[{"href":"https:\/\/uned-illesbalears.net\/ca\/wp-json\/wp\/v2\/pages\/836"}],"collection":[{"href":"https:\/\/uned-illesbalears.net\/ca\/wp-json\/wp\/v2\/pages"}],"about":[{"href":"https:\/\/uned-illesbalears.net\/ca\/wp-json\/wp\/v2\/types\/page"}],"author":[{"embeddable":true,"href":"https:\/\/uned-illesbalears.net\/ca\/wp-json\/wp\/v2\/users\/1"}],"replies":[{"embeddable":true,"href":"https:\/\/uned-illesbalears.net\/ca\/wp-json\/wp\/v2\/comments?post=836"}],"version-history":[{"count":1,"href":"https:\/\/uned-illesbalears.net\/ca\/wp-json\/wp\/v2\/pages\/836\/revisions"}],"predecessor-version":[{"id":119758,"href":"https:\/\/uned-illesbalears.net\/ca\/wp-json\/wp\/v2\/pages\/836\/revisions\/119758"}],"up":[{"embeddable":true,"href":"https:\/\/uned-illesbalears.net\/ca\/wp-json\/wp\/v2\/pages\/833"}],"wp:attachment":[{"href":"https:\/\/uned-illesbalears.net\/ca\/wp-json\/wp\/v2\/media?parent=836"}],"curies":[{"name":"wp","href":"https:\/\/api.w.org\/{rel}","templated":true}]}}