{"id":834,"date":"2013-08-24T20:17:55","date_gmt":"2013-08-24T20:17:55","guid":{"rendered":"https:\/\/uned-illesbalears.net\/?page_id=834"},"modified":"2021-09-14T19:11:17","modified_gmt":"2021-09-14T17:11:17","slug":"encuestas","status":"publish","type":"page","link":"https:\/\/uned-illesbalears.net\/ca\/qualitat\/encuestas\/","title":{"rendered":"Encuestas"},"content":{"rendered":"<p>Curso 2020-2021<\/p>\n<h6><span style=\"color: #008000;\"><a style=\"color: #008000;\" href=\"https:\/\/uned-illesbalears.net\/wp-content\/uploads\/2021\/09\/2.1.4-EvaluacionActividadTutorialPresencialCampusIntercampusAsigGrado2020-21-2400.pdf\" class=\"mtli_attachment mtli_pdf\">2.1.4 Evaluaci\u00f3nActividadTutorialPresencialCampusIntercampusAsigGrado2020-21<\/a><\/span><\/h6>\n<h6><span style=\"color: #008000;\"><a style=\"color: #008000;\" href=\"https:\/\/uned-illesbalears.net\/wp-content\/uploads\/2021\/09\/2.1.4-ValoracionServiciosGeneralesCentroAsociado-2020-21.pdf\" class=\"mtli_attachment mtli_pdf\">2.1.4 Valoraci\u00f3nServiciosGeneralesCentroAsociado2020-21<\/a><\/span><\/h6>\n<h6><span style=\"color: #008000;\"><a style=\"color: #008000;\" href=\"https:\/\/uned-illesbalears.net\/wp-content\/uploads\/2021\/04\/2.1.4.-PCCL-Plan-de-mejora-de-atenci\u00f3n-a-los-estudianes-Illes-Balears-2020-2021-V2.pdf\" class=\"mtli_attachment mtli_pdf\">2.1.4.-PCCL-Plan-de-mejora-de-atenci\u00f3n-a-los-estudianes-Illes-Balears-2020-2021-V2<\/a><\/span><\/h6>\n<h6><span style=\"color: #008000;\"><a style=\"color: #008000;\" href=\"https:\/\/uned-illesbalears.net\/wp-content\/uploads\/2021\/06\/2.1.4.-ISCCL-Participaci\u00f3n-QSR-julio-diciembre-2020-SEGUNDO-2020-v\u00bab\u00ba.pdf\" class=\"mtli_attachment mtli_pdf\">2.1.4.-ISCCL-Participaci\u00f3n-QSR-julio-diciembre-2020-SEGUNDO-2020<\/a><\/span><\/h6>\n<h6><span style=\"color: #008000;\"><a style=\"color: #008000;\" href=\"https:\/\/uned-illesbalears.net\/wp-content\/uploads\/2021\/06\/2.1.4.-ISCCL-Participaci\u00f3n-QSR-enero-junio-2020.pdf\" class=\"mtli_attachment mtli_pdf\">2.1.4.-ISCCL-Participaci\u00f3n-QSR-enero-junio-2020<\/a><\/span><\/h6>\n<h6><span style=\"color: #008000;\"><a style=\"color: #008000;\" href=\"https:\/\/uned-illesbalears.net\/wp-content\/uploads\/2021\/06\/5.2.1.-ISCPE-Participaci\u00f3n-QSR-enero-a-junio-2020-PRIMER-INFORME-2020-corregido.pdf\" class=\"mtli_attachment mtli_pdf\">5.2.1.-ISCPE-Participaci\u00f3n-QSR-enero-a-junio-2020-PRIMER-INFORME-2020-c<\/a><\/span><\/h6>\n<h6><span style=\"color: #008000;\"><a style=\"color: #008000;\" href=\"https:\/\/uned-illesbalears.net\/wp-content\/uploads\/2021\/06\/5.2.1.-ISCPE-Participaci\u00f3n-QSR-julio-diciembre-2020-SEGUNDO-INFORME-2020-corregido.pdf\" class=\"mtli_attachment mtli_pdf\">5.2.1.-ISCPE-Participaci\u00f3n-QSR-julio-diciembre-2020-SEGUNDO-INFORME-2020-c<\/a><\/span><\/h6>\n<h6><a href=\"https:\/\/app.uned.es\/evacaldos\/\"><span style=\"color: #008000;\">Portal Estad\u00edstico-UNED<\/span><\/a><\/h6>\n<p>Curso 2019-2020<\/p>\n<h6><span style=\"color: #008000;\"><a style=\"color: #008000;\" href=\"https:\/\/uned-illesbalears.net\/wp-content\/uploads\/2020\/03\/2.1.4.-ISCCL-Participaci\u00f3n-QSR-julio-diciembre-2019.pdf\" class=\"mtli_attachment mtli_pdf\">2.1.4. ISCCL Participaci\u00f3n QSR julio-diciembre 2019<\/a><\/span><\/h6>\n<h6><span style=\"color: #008000;\"><a style=\"color: #008000;\" href=\"https:\/\/uned-illesbalears.net\/wp-content\/uploads\/2021\/04\/2.1.4-EncuestasatisfaccionstudiantesItems2019-20.pdf\" class=\"mtli_attachment mtli_pdf\">2.1.4 EncuestasatisfaccionstudiantesItems2019-20<\/a><\/span><\/h6>\n<h6><span style=\"color: #008000;\"><a style=\"color: #008000;\" href=\"https:\/\/uned-illesbalears.net\/wp-content\/uploads\/2021\/04\/2.1.4-Evaluaci\u00f3n-Actividad-Tutorial-Grados-2029-20.pdf\" class=\"mtli_attachment mtli_pdf\">2.1.4 Evaluaci\u00f3n Actividad Tutorial Grados 2029-20<\/a><\/span><\/h6>\n<h6><span style=\"color: #008000;\"><a style=\"color: #008000;\" href=\"https:\/\/uned-illesbalears.net\/wp-content\/uploads\/2021\/04\/2.1.4-Evaluaci\u00f3n-Actividad-Tutorial-Acceso25-45-2029-20.pdf\" class=\"mtli_attachment mtli_pdf\">2.1.4 Evaluaci\u00f3n Actividad Tutorial Acceso25-45 2029-20<\/a><\/span><\/h6>\n<h6><span style=\"color: #008000;\"><a style=\"color: #008000;\" href=\"https:\/\/uned-illesbalears.net\/wp-content\/uploads\/2021\/04\/2.1.4-Adaptaci\u00f3n-del-CA-a-situaci\u00f3n-Alarma-Covid-19.pdf\" class=\"mtli_attachment mtli_pdf\">2.1.4 Adaptaci\u00f3n del CA a situaci\u00f3n Alarma Covid-19<\/a><\/span><\/h6>\n<h6><a href=\"https:\/\/app.uned.es\/evacaldos\/\"><span style=\"color: #008000;\">Portal Estad\u00edstico-UNED<\/span><\/a><\/h6>\n<p>Curso 2018-2019<\/p>\n<h6><span style=\"color: #008000;\"><a style=\"color: #008000;\" href=\"https:\/\/uned-illesbalears.net\/wp-content\/uploads\/2020\/03\/2.1.4.-ISCCL-Informe-de-seguimiento-Plan-de-mejora-de-estudiantes-enero-18-19.pdf\" class=\"mtli_attachment mtli_pdf\">2.1.4. ISCCL Informe de seguimiento Plan de mejora de estudiantes enero 18-19<\/a><\/span><\/h6>\n<h6><span style=\"color: #008000;\"><a style=\"color: #008000;\" href=\"https:\/\/uned-illesbalears.net\/wp-content\/uploads\/2019\/05\/2.1.4.-ISCCL-Participaci\u00f3n-QSR-julio-diciembre-2018.pdf\" class=\"mtli_attachment mtli_pdf\">2.1.4. ISCCL Participaci\u00f3n QSR julio-diciembre 2018<\/a><\/span><\/h6>\n<h6><span style=\"color: #008000;\"><a style=\"color: #008000;\" href=\"https:\/\/uned-illesbalears.net\/wp-content\/uploads\/2020\/03\/2.1.4.Encuestasestudiantes2018.pdf\" class=\"mtli_attachment mtli_pdf\">2.1.4.Encuestasestudiantes2018<\/a><\/span><\/h6>\n<h6><a href=\"https:\/\/app.uned.es\/evacaldos\/\"><span style=\"color: #008000;\">Portal Estad\u00edstico-UNED<\/span><\/a><\/h6>\n<p>Curso 2017-2018<\/p>\n<h6><span style=\"color: #008000;\"><a style=\"color: #008000;\" href=\"https:\/\/uned-illesbalears.net\/wp-content\/uploads\/2020\/03\/2.1.4.-ISCCL.-Participaci\u00f3n-QSR-.LesIllesBalears2016-2017Julio.pdf\" class=\"mtli_attachment mtli_pdf\">2.1.4.-ISCCL.-Participaci\u00f3n-QSR-.LesIllesBalears2016-2017Julio<\/a><\/span><\/h6>\n<h6><span style=\"color: #008000;\"><a style=\"color: #008000;\" href=\"https:\/\/uned-illesbalears.net\/wp-content\/uploads\/2020\/03\/2.1.4.-ISCCLPlan-de-mejora-de-estudiantes-julio2017-2018.pdf\" class=\"mtli_attachment mtli_pdf\">2.1.4.-ISCCLPlan-de-mejora-de-estudiantes-julio2017-2018<\/a><\/span><\/h6>\n<h6><span style=\"color: #008000;\"><a style=\"color: #008000;\" href=\"https:\/\/uned-illesbalears.net\/wp-content\/uploads\/2020\/03\/2.1.4.-ISCCL.PlanMejoraEstudiantesLesIllesBalears2017-2018Febrero.pdf\" class=\"mtli_attachment mtli_pdf\">2.1.4.-ISCCL.PlanMejoraEstudiantesLesIllesBalears2017-2018Febrero<\/a><\/span><\/h6>\n<h6><a href=\"https:\/\/app.uned.es\/evacaldos\/\"><span style=\"color: #008000;\">Portal Estad\u00edstico-UNED<\/span><\/a><\/h6>\n<p>Curso 2016-2017<\/p>\n<h6><a href=\"https:\/\/uned-illesbalears.net\/wp-content\/uploads\/2013\/08\/2.1.4.-ISCCL.PlanMejoraEstudiantesLesIllesBalears2016-2017Julio.pdf\" class=\"mtli_attachment mtli_pdf\"><span style=\"color: #008000;\">2.1.4. ISCCL.PlanMejoraEstudiantesLesIllesBalears2016-2017Julio<\/span><\/a><\/h6>\n<h6><span style=\"color: #008000;\"><a style=\"color: #008000;\" href=\"https:\/\/uned-illesbalears.net\/wp-content\/uploads\/2013\/08\/2.1.4.-ISCCL-Informe-de-seguimiento-Plan-de-mejora-de-estudiantes-enero-16-17.pdf\" class=\"mtli_attachment mtli_pdf\">2.1.4. ISCCL PlanMejoraEstudiantesLesIllesBalears2016-2017Enero<\/a><\/span><\/h6>\n<h6><span style=\"color: #008000;\"><a style=\"color: #008000;\" href=\"https:\/\/uned-illesbalears.net\/wp-content\/uploads\/2013\/08\/2.1.4.PlanmejoraestudiantesLesIllesBalears2016-2017.pdf\" class=\"mtli_attachment mtli_pdf\">2.1.4.PCCL.PlanMejoraEstudianteslesillesbalears2016-2017<\/a><\/span><\/h6>\n<h6><span style=\"color: #008000;\"><a href=\"https:\/\/uned-illesbalears.net\/wp-content\/uploads\/2013\/08\/2.1.4.Valoraci\u00f3nGlobalEncuestaEstudiantes2017.pdf\" class=\"mtli_attachment mtli_pdf\"><span style=\"color: #008000;\">2.1.4.Valoraci\u00f3nGlobalEncuestaEstudiantes2017<\/span><\/a><\/span><\/h6>\n<h6><span style=\"color: #008000;\"><a href=\"https:\/\/uned-illesbalears.net\/wp-content\/uploads\/2013\/08\/2.1.4.EncuestasatisfaccionstudiantesTramos2017.pdf\" class=\"mtli_attachment mtli_pdf\"><span style=\"color: #008000;\">2.1.4.EncuestasatisfaccionstudiantesTramos2017<\/span><\/a><\/span><\/h6>\n<h6><a href=\"https:\/\/uned-illesbalears.net\/wp-content\/uploads\/2013\/08\/2.1.4.EncuestasatisfaccionstudiantesItems2017.pdf\" class=\"mtli_attachment mtli_pdf\"><span style=\"color: #008000;\">2.1.4.EncuestasatisfaccionstudiantesItems2017<\/span><\/a><\/h6>\n<h6><a href=\"https:\/\/app.uned.es\/evacaldos\/\"><span style=\"color: #008000;\">Portal Estad\u00edstico-UNED<\/span><\/a><\/h6>\n<h6><\/h6>\n<h6><\/h6>\n<h6><\/h6>\n","protected":false},"excerpt":{"rendered":"<p>Curso 2020-2021 2.1.4 Evaluaci\u00f3nActividadTutorialPresencialCampusIntercampusAsigGrado2020-21 2.1.4 Valoraci\u00f3nServiciosGeneralesCentroAsociado2020-21 2.1.4.-PCCL-Plan-de-mejora-de-atenci\u00f3n-a-los-estudianes-Illes-Balears-2020-2021-V2 2.1.4.-ISCCL-Participaci\u00f3n-QSR-julio-diciembre-2020-SEGUNDO-2020 2.1.4.-ISCCL-Participaci\u00f3n-QSR-enero-junio-2020 5.2.1.-ISCPE-Participaci\u00f3n-QSR-enero-a-junio-2020-PRIMER-INFORME-2020-c 5.2.1.-ISCPE-Participaci\u00f3n-QSR-julio-diciembre-2020-SEGUNDO-INFORME-2020-c Portal Estad\u00edstico-UNED Curso 2019-2020 2.1.4. ISCCL Participaci\u00f3n QSR julio-diciembre 2019 2.1.4 EncuestasatisfaccionstudiantesItems2019-20 2.1.4 Evaluaci\u00f3n Actividad Tutorial Grados 2029-20 2.1.4 Evaluaci\u00f3n Actividad Tutorial Acceso25-45 2029-20 2.1.4 Adaptaci\u00f3n del CA a situaci\u00f3n Alarma Covid-19 Portal Estad\u00edstico-UNED Curso 2018-2019 2.1.4. ISCCL Informe de seguimiento Plan de mejora [&hellip;]<\/p>\n","protected":false},"author":1,"featured_media":0,"parent":833,"menu_order":0,"comment_status":"closed","ping_status":"closed","template":"","meta":{"_acf_changed":false,"footnotes":""},"acf":[],"_links":{"self":[{"href":"https:\/\/uned-illesbalears.net\/ca\/wp-json\/wp\/v2\/pages\/834"}],"collection":[{"href":"https:\/\/uned-illesbalears.net\/ca\/wp-json\/wp\/v2\/pages"}],"about":[{"href":"https:\/\/uned-illesbalears.net\/ca\/wp-json\/wp\/v2\/types\/page"}],"author":[{"embeddable":true,"href":"https:\/\/uned-illesbalears.net\/ca\/wp-json\/wp\/v2\/users\/1"}],"replies":[{"embeddable":true,"href":"https:\/\/uned-illesbalears.net\/ca\/wp-json\/wp\/v2\/comments?post=834"}],"version-history":[{"count":21,"href":"https:\/\/uned-illesbalears.net\/ca\/wp-json\/wp\/v2\/pages\/834\/revisions"}],"predecessor-version":[{"id":194545,"href":"https:\/\/uned-illesbalears.net\/ca\/wp-json\/wp\/v2\/pages\/834\/revisions\/194545"}],"up":[{"embeddable":true,"href":"https:\/\/uned-illesbalears.net\/ca\/wp-json\/wp\/v2\/pages\/833"}],"wp:attachment":[{"href":"https:\/\/uned-illesbalears.net\/ca\/wp-json\/wp\/v2\/media?parent=834"}],"curies":[{"name":"wp","href":"https:\/\/api.w.org\/{rel}","templated":true}]}}