{"id":827,"date":"2013-08-25T15:33:38","date_gmt":"2013-08-25T15:33:38","guid":{"rendered":"https:\/\/uned-illesbalears.net\/?page_id=827"},"modified":"2015-03-20T19:13:04","modified_gmt":"2015-03-20T19:13:04","slug":"aviso-legal","status":"publish","type":"page","link":"https:\/\/uned-illesbalears.net\/ca\/aviso-legal\/","title":{"rendered":"Aviso legal"},"content":{"rendered":"<p align=\"center\"><b>AVISO LEGAL I. DATOS IDENTIFICATIVOS<\/b><\/p>\n<p>De acuerdo con el art\u00edculo 10 de la Ley 34\/2002, de 11 de julio, de Servicios de la Sociedad de la Informaci\u00f3n y Comercio Electr\u00f3nico, ponemos en su conocimiento la siguiente informaci\u00f3n:<\/p>\n<p>1. El presente portal, https:\/\/uned-illesbalears.net, constituye el Sitio Oficial en Internet del Centro Asociado de la UNED en Les Illes Balears(en adelante, UNED-Illes Balears).<\/p>\n<p>2. La UNED-Illes Balears es una instituci\u00f3n educativa p\u00fablica que fue creada por Orden Ministerial de 1 de diciembre de 1977.<\/p>\n<p>3. La UNED-Illes Balears est\u00e1 provista de CIF n\u00ba: V-07165566<\/p>\n<p>4. La sede UNED-Illes Balears se encuentra en Cam\u00ed Roig s\/n, 07009 Palma de Mallorca.<\/p>\n<p>5. Los usuarios del presente portal podr\u00e1n contactar con la UNED-Illes Balears mediante comunicaci\u00f3n escrita remitida a su domicilio social, indicado en el punto anterior.<\/p>\n<p align=\"center\"><b>II. DERECHOS DE PROPIEDAD INTELECTUAL E INDUSTRIAL<\/b><\/p>\n<p>1. Tanto el dise\u00f1o del Portal y sus c\u00f3digos fuente, como los logos, marcas y dem\u00e1s signos distintivos que aparecen en el mismo, son titularidad de la UNED-Illes Balears o entidades colaboradoras y est\u00e1n protegidos por los correspondientes derechos de propiedad intelectual e industrial.<\/p>\n<p>2. Est\u00e1n prohibidas la reproducci\u00f3n, transformaci\u00f3n, distribuci\u00f3n, comunicaci\u00f3n p\u00fablica, puesta a disposici\u00f3n del p\u00fablico y, en general, cualquier otra forma de explotaci\u00f3n, parcial o total de los elementos referidos en el apartado anterior. Estos actos de explotaci\u00f3n s\u00f3lo podr\u00e1n ser realizados en virtud de autorizaci\u00f3n expresa y por escrito de la UNED-Illes Balears y que, en todo caso, deber\u00e1n hacer referencia expl\u00edcita a la titularidad de los citados derechos de propiedad intelectual de la UNED-Illes Balears. En ning\u00fan caso se podr\u00e1n suprimir, alterar, eludir o manipular cualesquiera dispositivos de protecci\u00f3n o sistemas de seguridad que puedan estar instalados.<\/p>\n<p>En particular, los materiales dispuestos por el personal docente a trav\u00e9s del sitio Web ser\u00e1n para uso exclusivo de los estudiantes con fines educativos.<\/p>\n<p>3. La UNED-Illes Balears declara su respeto a los derechos de propiedad intelectual e industrial de terceros; por ello si considera que este sitio pudiera estar violando sus derechos, rogamos se ponga en contacto con la UNED-Illes Balears.<\/p>\n<p>&nbsp;<\/p>\n<p align=\"center\"><b>III. PUBLICACI\u00d3N DE IM\u00c1GENES DE PERSONAS<\/b><\/p>\n<p>1. En relaci\u00f3n con las im\u00e1genes de personas que aparecen en el sitio Web, la UNED efect\u00faa la publicaci\u00f3n respetando la Ley Org\u00e1nica 1\/1982 de 5 de mayo, de protecci\u00f3n del derecho al honor, a la intimidad personal y familiar y a la propia imagen.<\/p>\n<p>2. El Usuario no est\u00e1 autorizado a reproducir, distribuir y comunicar im\u00e1genes fotogr\u00e1ficas y videogr\u00e1ficas. Estas im\u00e1genes son utilizadas, \u00fanica y exclusivamente, en la composici\u00f3n de archivos gr\u00e1ficos o video gr\u00e1ficos, elaboradas para informar y dar a conocer diversas actividades de la UNED-Illes Balears.<\/p>\n<p>3. El tratamiento de las im\u00e1genes de los estudiantes, del personal docente o del personal de administraci\u00f3n o servicios, se efect\u00faa respetando a la persona, eliminando cualesquiera captaciones o filmaciones que pudieren atentar los derechos fundamentales. Las im\u00e1genes no son utilizadas para otros fines distintos a los expresados, ni son cedidos a terceras personas, salvo las autorizadas al tratamiento.<\/p>\n<p>4. En todo caso, la persona afectada por una publicaci\u00f3n en el sitio Web de su imagen, podr\u00e1 revocar el consentimiento que hubiese prestado, oponerse al tratamiento de la imagen, o ejercitar los derechos de acceso o cancelaci\u00f3n, en cualquier momento, presentando o enviando un escrito, acompa\u00f1ado de la fotocopia de su DNI y una fotograf\u00eda actualizada, a la UNED-Illes Balears.<\/p>\n<p align=\"center\"><b>IV. CONDICIONES Y T\u00c9RMINOS DE USO DE LOS SITIOS WEB<\/b><\/p>\n<p>El Usuario se obliga al cumplimiento de las presentes condiciones y t\u00e9rminos de uso:<\/p>\n<p>1. No introducir, almacenar o difundir en los sitios Web, informaci\u00f3n o material que sea difamatorio, injurioso, obsceno, amenazador, xen\u00f3fobo, incite a la violencia, a la discriminaci\u00f3n por raz\u00f3n de raza, sexo, ideolog\u00eda, religi\u00f3n o que de cualquier forma atente contra la moral, el orden p\u00fablico, los derechos fundamentales, las libertas p\u00fablicas, el honor, la intimidad o la imagen de terceros y en general la normativa vigente.<\/p>\n<p>2. Custodiar adecuadamente el &#8220;Nombre de Usuario&#8221; (Login) y la &#8220;Contrase\u00f1a&#8221; (Password) que le sea facilitada por la UNED-Illes Balears a los Usuarios, como elementos identificadores y habilitadores para el acceso a los distintos servicios ofrecidos en los sitios Web de la UNED, comprometi\u00e9ndose a no ceder su uso ni a permitir el acceso a ellos de terceros, asumiendo la responsabilidad por los da\u00f1os y perjuicios que pudieran derivarse de un uso indebido de los mismos. En virtud de lo anterior, es obligaci\u00f3n del Usuario notificar, UNED-Illes Balears, cualquier hecho que permita el uso indebido de los identificadores y contrase\u00f1as, tales como el robo, extrav\u00edo, o el acceso no autorizado a los mismos, con el fin de proceder a su inmediata cancelaci\u00f3n. Mientras no se comuniquen tales hechos, la UNED-Illes Balears quedar\u00e1 eximida de cualquier responsabilidad que pudiera derivarse del uso indebido de los identificadores o contrase\u00f1as por terceros no autorizados.<\/p>\n<p>3. No realizar actividades publicitarias, promocionales o de explotaci\u00f3n comercial a trav\u00e9s de los sitios Web.<\/p>\n<p>4. No utilizar identidades falsas, ni suplantar la identidad de otros en la utilizaci\u00f3n del sitio Web o en la utilizaci\u00f3n de cualquiera de sus servicios, incluyendo la utilizaci\u00f3n en su caso de contrase\u00f1as o claves de acceso de terceros o de cualquier otra forma.<\/p>\n<p>5. No destruir, alterar, utilizar para su uso, inutilizar o da\u00f1ar los datos, informaciones, programas o documentos electr\u00f3nicos de la UNED-Illes Balears o terceros.<\/p>\n<p align=\"center\"><b>V. CONDICIONES Y T\u00c9RMINOS DE USO PARTICULARES DE DETERMINADOS SERVICIOS<\/b><\/p>\n<p>\u00a0Algunos servicios pertenecientes a la UNED-Illes Balears disponen, por sus peculiaridades de condiciones y t\u00e9rminos de uso particulares. A los mismos les ser\u00e1n de aplicaci\u00f3n las condiciones generales aplicables enunciadas en el apartado anterior, mientras no se opongan a las condiciones particulares.<\/p>\n<p align=\"center\"><b>VI. EXONERACI\u00d3N DE RESPONSABILIDAD DE LA UNED<\/b><\/p>\n<p>\u00a01. La UNED-Illes Balears no se hace responsable, con car\u00e1cter general, del uso inadecuado del sitio Web titularidad de la Instituci\u00f3n educativa. Los Usuarios deber\u00e1n realizar un uso adecuado del sitio Web, de acuerdo con las condiciones y t\u00e9rminos anteriores, sin que la UNED-Illes Balears pueda tener ninguna responsabilidad por la utilizaci\u00f3n indebida.<\/p>\n<p>2. Respecto de posibles deficiencias t\u00e9cnicas.- La UNED-Illes Balears no ser\u00e1 responsable en ning\u00fan caso de las alteraciones en el servicio que se produzcan por fallos en la red el\u00e9ctrica, en la red de conexi\u00f3n de datos, en el servidor o en cualesquiera prestaciones.<\/p>\n<p>3. Respecto al acceso por terceros a su sistema, la UNED adoptar\u00e1 las cautelas t\u00e9cnicas necesarias a fin de proteger los datos e informaci\u00f3n a la que se accede, pero sin que sea responsable de actuaciones de terceros que, vulnerando las medidas de seguridad establecidas, accedan a los citados datos.<\/p>\n<p>4. Respecto a la exactitud de la Informaci\u00f3n, las informaciones contenidas en el sitio Web han sido elaboradas exclusivamente con car\u00e1cter divulgativo y no tienen valor oficial, salvo cuando as\u00ed se indique.<\/p>\n<p>5. Las informaciones y contenidos existentes pueden ser cambiados o retirados sin previo aviso. Igualmente se podr\u00e1n realizar mejoras o cambios en los productos, servicios, dise\u00f1o o programas utilizados para su funcionamiento en cualquier momento y sin previo aviso<\/p>\n<p>6. El sitio contiene enlaces (links) a otras p\u00e1ginas de terceros, cuyos contenidos no puede controlar en todo momento. La conexi\u00f3n de un Usuario desde el sitio con estos otros lugares de la red ajenos a nuestra instituci\u00f3n educativa se realizar\u00e1, por tanto, bajo la exclusiva responsabilidad del navegante. No obstante, si observase en ellas cualquier informaci\u00f3n que pudiese resultar contraria a las leyes, a la dignidad de las personas, o de car\u00e1cter racista, xen\u00f3fobo o de apolog\u00eda del terrorismo o la violencia, rogamos que nos lo comunique con el fin de poder retirarla.<\/p>\n<p align=\"center\"><b>VII. LEGISLACI\u00d3N APLICABLE Y JURISDICCI\u00d3N<\/b><\/p>\n<p>Las presentes condiciones y t\u00e9rminos, se regir\u00e1n por las normas estatutarias, reglamentarias y por la legislaci\u00f3n espa\u00f1ola, que ser\u00e1 de aplicaci\u00f3n en lo no dispuesto en este aviso legal en materia de interpretaci\u00f3n, validez y ejecuci\u00f3n. Las partes renuncian expresamente al fuero que les pudiera corresponder y someten expresamente a los Juzgados y Tribunales de Illes Balears para resolver cualquier controversia que pueda surgir en la interpretaci\u00f3n o ejecuci\u00f3n de las presentes condiciones.<\/p>\n","protected":false},"excerpt":{"rendered":"<p>AVISO LEGAL I. DATOS IDENTIFICATIVOS De acuerdo con el art\u00edculo 10 de la Ley 34\/2002, de 11 de julio, de Servicios de la Sociedad de la Informaci\u00f3n y Comercio Electr\u00f3nico, ponemos en su conocimiento la siguiente informaci\u00f3n: 1. El presente portal, https:\/\/uned-illesbalears.net, constituye el Sitio Oficial en Internet del Centro Asociado de la UNED en [&hellip;]<\/p>\n","protected":false},"author":1,"featured_media":0,"parent":0,"menu_order":0,"comment_status":"closed","ping_status":"open","template":"","meta":{"_acf_changed":false,"footnotes":""},"acf":[],"_links":{"self":[{"href":"https:\/\/uned-illesbalears.net\/ca\/wp-json\/wp\/v2\/pages\/827"}],"collection":[{"href":"https:\/\/uned-illesbalears.net\/ca\/wp-json\/wp\/v2\/pages"}],"about":[{"href":"https:\/\/uned-illesbalears.net\/ca\/wp-json\/wp\/v2\/types\/page"}],"author":[{"embeddable":true,"href":"https:\/\/uned-illesbalears.net\/ca\/wp-json\/wp\/v2\/users\/1"}],"replies":[{"embeddable":true,"href":"https:\/\/uned-illesbalears.net\/ca\/wp-json\/wp\/v2\/comments?post=827"}],"version-history":[{"count":0,"href":"https:\/\/uned-illesbalears.net\/ca\/wp-json\/wp\/v2\/pages\/827\/revisions"}],"wp:attachment":[{"href":"https:\/\/uned-illesbalears.net\/ca\/wp-json\/wp\/v2\/media?parent=827"}],"curies":[{"name":"wp","href":"https:\/\/api.w.org\/{rel}","templated":true}]}}