{"id":71740,"date":"2017-07-02T20:52:44","date_gmt":"2017-07-02T18:52:44","guid":{"rendered":"https:\/\/uned-illesbalears.net\/?page_id=71740\/"},"modified":"2025-07-26T21:49:37","modified_gmt":"2025-07-26T19:49:37","slug":"criminologia-criminologia","status":"publish","type":"page","link":"https:\/\/uned-illesbalears.net\/ca\/recursos-para-estudiantes\/clases-tutorias\/criminologia-criminologia\/","title":{"rendered":"Grado en Criminolog\u00eda\/Grau en Criminologia"},"content":{"rendered":"<h4>RECURSOS<\/h4>\n<ul>\n<li>Compra de material en\u00a0<span style=\"color: #008000;\"><strong><a style=\"color: #008000;\" href=\"http:\/\/libreria.uned-illesbalears.net\/producto-categoria\/6604-grado-en-criminologia\/\">Librer\u00eda virtual<\/a><\/strong><\/span><\/li>\n<li><span style=\"color: #008000;\"><strong><a style=\"color: #008000;\" href=\"https:\/\/www.uned.es\/universidad\/inicio\/estudios\/grados\/grado-en-criminologia.html?idContenido=5\">Listado de asignaturas <\/a><\/strong><\/span><\/li>\n<li><a href=\"https:\/\/uned-illesbalears.net\/recursos-para-estudiantes\/clases-tutorias\/grabaciones-clases-tutorias-curso-2024-2025\/grado-en-criminologia\/primer-semestre\/\"><span style=\"color: #008000;\"><strong>Grabaciones (primer cuatrimestre)<\/strong><\/span><\/a><\/li>\n<li><a href=\"https:\/\/uned-illesbalears.net\/recursos-para-estudiantes\/clases-tutorias\/grabaciones-clases-tutorias-curso-2024-2025\/grado-en-criminologia\/segundo-semestre\/\"><span style=\"color: #008000;\"><strong>Grabaciones (segundo cuatrimestre)<\/strong><\/span><\/a><\/li>\n<li><strong><span style=\"color: #008000;\"><a style=\"color: #008000;\" href=\"https:\/\/uned-illesbalears.net\/wp-content\/uploads\/2023\/10\/2.2.2.ConveniosPracticasCurriculares_2023-2024.pdf\" class=\"mtli_attachment mtli_pdf\">2.2.2.ConveniosPracticasCurriculares_2023-2024<\/a><\/span><\/strong><\/li>\n<li><strong><span style=\"color: #008000;\"><a style=\"color: #008000;\" href=\"https:\/\/uned-illesbalears.net\/wp-content\/uploads\/2023\/10\/2.2.2.FichaPracticasProfesionalesExternas_2023-2024.doc\" class=\"mtli_attachment mtli_doc\">2.2.2.FichaPracticasProfesionalesExternas_2023-2024<\/a><\/span><\/strong><\/li>\n<\/ul>\n<p>&nbsp;<\/p>\n<h5>HORARIOS\/ HORARIS (2025\/2026)<\/h5>\n<p>\n<table id=\"tablepress-773\" class=\"tablepress tablepress-id-773 tbody-has-connected-cells\">\n<tbody class=\"row-striping row-hover\">\n<tr class=\"row-1\">\n\t<td class=\"column-1\">Consultar horarios en AkademosWeb<\/td><td class=\"column-2\"><\/td><td class=\"column-3\"><\/td><td class=\"column-4\"><\/td><td class=\"column-5\"><\/td><td class=\"column-6\"><\/td><td class=\"column-7\"><\/td><td class=\"column-8\"><\/td>\n<\/tr>\n<tr class=\"row-2\">\n\t<td class=\"column-1\"><a href=\"https:\/\/akademosweb.uned.es\/Default.aspx\">AkademosWeb<\/a><\/td><td class=\"column-2\"><\/td><td class=\"column-3\"><\/td><td class=\"column-4\"><\/td><td class=\"column-5\"><\/td><td class=\"column-6\"><\/td><td class=\"column-7\"><\/td><td class=\"column-8\"><\/td>\n<\/tr>\n<tr class=\"row-3\">\n\t<td class=\"column-1\"><\/td><td colspan=\"7\" class=\"column-2\"><h5>Primer curso\/curs - Primer cuatrimestre\/quadrimestre<\/h5><\/td>\n<\/tr>\n<tr class=\"row-4\">\n\t<td class=\"column-1\"><strong>C\u00f3digo\/Codi<\/strong><\/td><td class=\"column-2\"><strong>Asignaturas \/ Assignatures<\/strong><\/td><td class=\"column-3\"><strong>C\/Q<\/strong><\/td><td class=\"column-4\"><strong>Profesorado\/ Professorat<\/strong><\/td><td class=\"column-5\"><strong>D\u00eda\/Dia<\/strong><\/td><td class=\"column-6\"><strong>Hora<\/strong><\/td><td class=\"column-7\"><strong>Aula<\/strong><\/td><td class=\"column-8\"><strong>Sede<\/strong><\/td>\n<\/tr>\n<tr class=\"row-5\">\n\t<td class=\"column-1\">66041064<\/td><td class=\"column-2\">Fundamentos del sistema de responsabilidad penal \/ Fonaments del sistema de responsabilitat penal<\/td><td class=\"column-3\">Anual<\/td><td class=\"column-4\">A. de Pano<\/td><td class=\"column-5\">Martes\/Dimarts<\/td><td class=\"column-6\">16.30<\/td><td class=\"column-7\">T.7<\/td><td class=\"column-8\">Mallorca<\/td>\n<\/tr>\n<tr class=\"row-6\">\n\t<td class=\"column-1\">66041029<\/td><td class=\"column-2\">Introducci\u00f3n a la Teor\u00eda del Derecho \/ Introducci\u00f3 a la Teoria del Dret<\/td><td class=\"column-3\">1<\/td><td class=\"column-4\">J.G. Pol<\/td><td class=\"column-5\">Martes\/Dimarts<\/td><td class=\"column-6\">17.30<\/td><td class=\"column-7\">A. 8<\/td><td class=\"column-8\">Mallorca<\/td>\n<\/tr>\n<tr class=\"row-7\">\n\t<td class=\"column-1\">66041041<\/td><td class=\"column-2\">Historia del delito y del castigo en la edad contempor\u00e1nea \/ Hist\u00f2ria del delicte i del c\u00e0stig en l'edat contempor\u00e0nia<\/td><td class=\"column-3\">1<\/td><td class=\"column-4\">D. P. Le\u00f3n<\/td><td class=\"column-5\">Jueves\/Dijous<\/td><td class=\"column-6\">18.30<\/td><td class=\"column-7\">A. 7<\/td><td class=\"column-8\">Mallorca<\/td>\n<\/tr>\n<tr class=\"row-8\">\n\t<td class=\"column-1\">69011017<\/td><td class=\"column-2\">Introducci\u00f3n a la Sociolog\u00eda \/ Introducci\u00f3 a la Sociologia <\/td><td class=\"column-3\">1<\/td><td class=\"column-4\">A. Gornals<\/td><td class=\"column-5\">Jueves\/Dijous<\/td><td class=\"column-6\">17:30<\/td><td class=\"column-7\">T. 5<\/td><td class=\"column-8\">Mallorca<\/td>\n<\/tr>\n<tr class=\"row-9\">\n\t<td class=\"column-1\">66041070<\/td><td class=\"column-2\">Introducci\u00f3n a la Criminolog\u00eda \/ Introducci\u00f3 a la Criminologia<\/td><td class=\"column-3\">1<\/td><td class=\"column-4\">S.C. Rojas<\/td><td class=\"column-5\">Jueves\/Dijous<\/td><td class=\"column-6\">19.30<\/td><td class=\"column-7\">A. 12<\/td><td class=\"column-8\">Mallorca<\/td>\n<\/tr>\n<tr class=\"row-10\">\n\t<td class=\"column-1\">66041012<\/td><td class=\"column-2\">T\u00e9cnicas de investigaci\u00f3n social aplicadas a la Criminolog\u00eda \/ T\u00e8cniques d'investigaci\u00f3 social aplicades a la Criminologia<\/td><td class=\"column-3\">Anual<\/td><td class=\"column-4\">CAMPUS<\/td><td class=\"column-5\"><\/td><td class=\"column-6\"><\/td><td class=\"column-7\"><\/td><td class=\"column-8\"><\/td>\n<\/tr>\n<\/tbody>\n<\/table>\n<!-- #tablepress-773 from cache --><br \/>\n\n<table id=\"tablepress-774\" class=\"tablepress tablepress-id-774 tbody-has-connected-cells\">\n<tbody class=\"row-striping row-hover\">\n<tr class=\"row-1\">\n\t<td class=\"column-1\"><\/td><td colspan=\"7\" class=\"column-2\"><h5>Primer curso\/curs - Segundo cuatrimestre\/Segon quadrimestre<\/h5><\/td>\n<\/tr>\n<tr class=\"row-2\">\n\t<td class=\"column-1\"><strong>C\u00f3digo\/Codi<\/strong><\/td><td class=\"column-2\"><strong>Asignaturas \/ Assignatures<\/strong><\/td><td class=\"column-3\"><strong>C\/Q<\/strong><\/td><td class=\"column-4\"><strong>Profesorado\/ Professorat<\/strong><\/td><td class=\"column-5\"><strong>D\u00eda\/Dia<\/strong><\/td><td class=\"column-6\"><strong>Hora<\/strong><\/td><td class=\"column-7\"><strong>Aula<\/strong><\/td><td class=\"column-8\"><strong>Sede<\/strong><\/td>\n<\/tr>\n<tr class=\"row-3\">\n\t<td class=\"column-1\">66041064<\/td><td class=\"column-2\">Fundamentos del sistema de responsabilidad penal \/ Fonaments del sistema de responsabilitat penal<\/td><td class=\"column-3\">Anual<\/td><td class=\"column-4\">R. Coll<\/td><td class=\"column-5\">Martes\/Dimarts<\/td><td class=\"column-6\">17.30<\/td><td class=\"column-7\">A. 8<\/td><td class=\"column-8\">Mallorca<\/td>\n<\/tr>\n<tr class=\"row-4\">\n\t<td class=\"column-1\">66041087<\/td><td class=\"column-2\">Estado constitucional \/ Estat constitucional<\/td><td class=\"column-3\">2<\/td><td class=\"column-4\">A. Al Hasani<\/td><td class=\"column-5\">Jueves\/Dijous<\/td><td class=\"column-6\">17.30<\/td><td class=\"column-7\">A. 8<\/td><td class=\"column-8\">Mallorca<\/td>\n<\/tr>\n<tr class=\"row-5\">\n\t<td class=\"column-1\">66041035<\/td><td class=\"column-2\">Introducci\u00f3n a la Psicolog\u00eda \/ Introducci\u00f3 a la Psicologia<\/td><td class=\"column-3\">2<\/td><td class=\"column-4\">M.\u00c1. Ferrer<\/td><td class=\"column-5\">Jueves\/Dijous<\/td><td class=\"column-6\">18.30<\/td><td class=\"column-7\">T. 4<\/td><td class=\"column-8\">Mallorca<\/td>\n<\/tr>\n<tr class=\"row-6\">\n\t<td class=\"column-1\">66041058<\/td><td class=\"column-2\">Ciencia Pol\u00edtica \/ Ci\u00e8ncia Pol\u00edtica<\/td><td class=\"column-3\">2<\/td><td class=\"column-4\">F. Gonz\u00e1lez<\/td><td class=\"column-5\">Jueves\/Dijous<\/td><td class=\"column-6\">19.30<\/td><td class=\"column-7\">T. 4<\/td><td class=\"column-8\">Mallorca<\/td>\n<\/tr>\n<tr class=\"row-7\">\n\t<td class=\"column-1\">66041012<\/td><td class=\"column-2\">T\u00e9cnicas de investigaci\u00f3n social aplicadas a la Criminolog\u00eda \/ T\u00e8cniques d'investigaci\u00f3 social aplicades a la Criminologia<\/td><td class=\"column-3\">Anual<\/td><td class=\"column-4\">CAMPUS<\/td><td class=\"column-5\"><\/td><td class=\"column-6\"><\/td><td class=\"column-7\"><\/td><td class=\"column-8\">Mallorca<\/td>\n<\/tr>\n<\/tbody>\n<\/table>\n<!-- #tablepress-774 from cache --><br \/>\n\n<table id=\"tablepress-775\" class=\"tablepress tablepress-id-775 tbody-has-connected-cells\">\n<tbody class=\"row-striping row-hover\">\n<tr class=\"row-1\">\n\t<td class=\"column-1\"><\/td><td colspan=\"7\" class=\"column-2\"><h5>Segundo curso\/Segon curs - Primer cuatrimestre\/quadrimestre<\/h5><\/td>\n<\/tr>\n<tr class=\"row-2\">\n\t<td class=\"column-1\"><strong>C\u00f3digo\/Codi<\/strong><\/td><td class=\"column-2\"><strong>Asignaturas \/ Assignatures<\/strong><\/td><td class=\"column-3\"><strong>C\/Q<\/strong><\/td><td class=\"column-4\"><strong>Profesorado\/ Professorat<\/strong><\/td><td class=\"column-5\"><strong>D\u00eda\/Dia<\/strong><\/td><td class=\"column-6\"><strong>Hora<\/strong><\/td><td class=\"column-7\"><strong>Aula<\/strong><\/td><td class=\"column-8\"><strong>Sede<\/strong><\/td>\n<\/tr>\n<tr class=\"row-3\">\n\t<td class=\"column-1\">66042081<\/td><td class=\"column-2\">Estad\u00edstica social<\/td><td class=\"column-3\">Anual<\/td><td class=\"column-4\">R. Redondo<\/td><td class=\"column-5\">Lunes\/Dilluns<\/td><td class=\"column-6\">18.30<\/td><td class=\"column-7\">T. 4<\/td><td class=\"column-8\">Mallorca<\/td>\n<\/tr>\n<tr class=\"row-4\">\n\t<td class=\"column-1\">66023066<\/td><td class=\"column-2\">Derecho penal II \/ Dret penal II (Com\u00fan Derecho\/Com\u00fa Dret)<\/td><td class=\"column-3\">Anual<\/td><td class=\"column-4\">C. Moncada<\/td><td class=\"column-5\">Martes\/Dimarts<\/td><td class=\"column-6\">18.30<\/td><td class=\"column-7\">A. 3-4<\/td><td class=\"column-8\">Mallorca<\/td>\n<\/tr>\n<tr class=\"row-5\">\n\t<td class=\"column-1\">66042046<\/td><td class=\"column-2\">Teor\u00eda criminol\u00f3gica \/ Teoria criminol\u00f2gica<\/td><td class=\"column-3\">1<\/td><td class=\"column-4\">R. Coll<\/td><td class=\"column-5\">Martes\/Dimarts<\/td><td class=\"column-6\">19.30<\/td><td class=\"column-7\">A. 10<\/td><td class=\"column-8\">Mallorca<\/td>\n<\/tr>\n<tr class=\"row-6\">\n\t<td class=\"column-1\">66042017<\/td><td class=\"column-2\">Introducci\u00f3n a las pol\u00edticas p\u00fablicas \/ Introducci\u00f3 a les pol\u00edtiques p\u00fabliques<\/td><td class=\"column-3\">1<\/td><td class=\"column-4\">M\u00aaA. Bernal<\/td><td class=\"column-5\">Viernes\/Divendres<\/td><td class=\"column-6\">17.30<\/td><td class=\"column-7\">A. 6<\/td><td class=\"column-8\">Mallorca<\/td>\n<\/tr>\n<tr class=\"row-7\">\n\t<td class=\"column-1\">66042052<\/td><td class=\"column-2\">Psicopatolog\u00eda forense \/ Psicopatologia forense<\/td><td class=\"column-3\">1<\/td><td class=\"column-4\">C. Rojas<\/td><td class=\"column-5\">Jueves\/Dijous<\/td><td class=\"column-6\">18.30<\/td><td class=\"column-7\">A. 12<\/td><td class=\"column-8\">Mallorca<\/td>\n<\/tr>\n<tr class=\"row-8\">\n\t<td class=\"column-1\">66042069<\/td><td class=\"column-2\">Estructura social <\/td><td class=\"column-3\">1<\/td><td class=\"column-4\">P. Lumbreras<\/td><td class=\"column-5\">Mi\u00e9rcoles\/Dimecres<\/td><td class=\"column-6\">13.30<\/td><td class=\"column-7\">A. 14<\/td><td class=\"column-8\">Mallorca<\/td>\n<\/tr>\n<\/tbody>\n<\/table>\n<!-- #tablepress-775 from cache --><br \/>\n\n<table id=\"tablepress-776\" class=\"tablepress tablepress-id-776 tbody-has-connected-cells\">\n<tbody class=\"row-striping row-hover\">\n<tr class=\"row-1\">\n\t<td class=\"column-1\"><\/td><td colspan=\"7\" class=\"column-2\"><h5>Segundo curso\/Segon curs - Segundo cuatrimestre\/Segon quadrimestre<\/h5><\/td>\n<\/tr>\n<tr class=\"row-2\">\n\t<td class=\"column-1\"><strong>C\u00f3digo\/Codi<\/strong><\/td><td class=\"column-2\"><strong>Asignaturas \/ Assignatures<\/strong><\/td><td class=\"column-3\"><strong>C\/Q<\/strong><\/td><td class=\"column-4\"><strong>Profesorado\/ Professorat<\/strong><\/td><td class=\"column-5\"><strong>D\u00eda\/Dia<\/strong><\/td><td class=\"column-6\"><strong>Hora<\/strong><\/td><td class=\"column-7\"><strong>Aula<\/strong><\/td><td class=\"column-8\"><strong>Sede<\/strong><\/td>\n<\/tr>\n<tr class=\"row-3\">\n\t<td class=\"column-1\">66042081<\/td><td class=\"column-2\">Estad\u00edstica social <\/td><td class=\"column-3\">Anual<\/td><td class=\"column-4\">R. Redondo<\/td><td class=\"column-5\">Lunes\/Dilluns<\/td><td class=\"column-6\">18.30<\/td><td class=\"column-7\">A. 14<\/td><td class=\"column-8\">Mallorca<\/td>\n<\/tr>\n<tr class=\"row-4\">\n\t<td class=\"column-1\">66042023<\/td><td class=\"column-2\">Derecho penitenciario  \/ Dret penitenciari<\/td><td class=\"column-3\">2<\/td><td class=\"column-4\">J. Juan<\/td><td class=\"column-5\">Martes\/Dimarts<\/td><td class=\"column-6\">16.30<\/td><td class=\"column-7\">A. 12<\/td><td class=\"column-8\">Ibiza\/Eivissa<\/td>\n<\/tr>\n<tr class=\"row-5\">\n\t<td class=\"column-1\">66023066<\/td><td class=\"column-2\">Derecho Penal II \/ Dret penal II (Com\u00fan Derecho\/Com\u00fa Dret)<\/td><td class=\"column-3\">Anual<\/td><td class=\"column-4\">C. Moncada<\/td><td class=\"column-5\">Martes\/Dimarts<\/td><td class=\"column-6\">20.30<\/td><td class=\"column-7\">T. 8<\/td><td class=\"column-8\">Mallorca<\/td>\n<\/tr>\n<tr class=\"row-6\">\n\t<td class=\"column-1\">6604203-<\/td><td class=\"column-2\">Delincuencia y vulnerabilidad social \/ Delinq\u00fc\u00e8ncia i vulnerabilitat social<\/td><td class=\"column-3\">2<\/td><td class=\"column-4\">C. Rojas<\/td><td class=\"column-5\">Jueves\/Dijous<\/td><td class=\"column-6\">18.30<\/td><td class=\"column-7\">A. 12<\/td><td class=\"column-8\">Mallorca<\/td>\n<\/tr>\n<tr class=\"row-7\">\n\t<td class=\"column-1\">66042075<\/td><td class=\"column-2\">Psicolog\u00eda social \/ Psicologia social<\/td><td class=\"column-3\">2<\/td><td class=\"column-4\">P. Villena<\/td><td class=\"column-5\">Viernes\/Divendres<\/td><td class=\"column-6\">18.30<\/td><td class=\"column-7\">A. 12<\/td><td class=\"column-8\">Ibiza\/Eivissa<\/td>\n<\/tr>\n<\/tbody>\n<\/table>\n<!-- #tablepress-776 from cache --><\/p>\n\n<table id=\"tablepress-973\" class=\"tablepress tablepress-id-973 tbody-has-connected-cells\">\n<tbody class=\"row-hover\">\n<tr class=\"row-1\">\n\t<td class=\"column-1\"><\/td><td colspan=\"7\" class=\"column-2\"><h5>Tercer curso\/ curs - Primer cuatrimestre\/ quadrimestre <\/h5><\/td>\n<\/tr>\n<tr class=\"row-2\">\n\t<td class=\"column-1\"><strong>C\u00f3digo\/Codi<\/strong><\/td><td class=\"column-2\"><strong>Asignaturas \/ Assignatures<\/strong><\/td><td class=\"column-3\"><strong>C\/Q<\/strong><\/td><td class=\"column-4\"><strong>Profesorado\/ Professorat<\/strong><\/td><td class=\"column-5\"><strong>D\u00eda\/Dia<\/strong><\/td><td class=\"column-6\"><strong>Hora<\/strong><\/td><td class=\"column-7\"><strong>Aula<\/strong><\/td><td class=\"column-8\"><strong>Sede<\/strong><\/td>\n<\/tr>\n<tr class=\"row-3\">\n\t<td class=\"column-1\">66043100<\/td><td class=\"column-2\">Psicolog\u00eda de la adolescencia y juventud \/ Psicologia de l'adolesc\u00e8ncia i joventut<\/td><td class=\"column-3\">1<\/td><td class=\"column-4\">A. Buend\u00eda<\/td><td class=\"column-5\">Lunes\/Dilluns<\/td><td class=\"column-6\">18.30<\/td><td class=\"column-7\">A. 1-2<\/td><td class=\"column-8\">Mallorca<\/td>\n<\/tr>\n<tr class=\"row-4\">\n\t<td class=\"column-1\">6604307-<\/td><td class=\"column-2\">Pol\u00edticas sociales \/ Pol\u00edtiques socials<\/td><td class=\"column-3\">1<\/td><td class=\"column-4\">A. Merino<\/td><td class=\"column-5\">Viernes\/Divendres<\/td><td class=\"column-6\">18.30<\/td><td class=\"column-7\">T. 2<\/td><td class=\"column-8\">Mallorca<\/td>\n<\/tr>\n<tr class=\"row-5\">\n\t<td class=\"column-1\">66043086<\/td><td class=\"column-2\">Programas de prevenci\u00f3n y tratamiento de la delincuencia \/ Programes de prevenci\u00f3 i tractament de la delinq\u00fc\u00e8ncia<\/td><td class=\"column-3\">1<\/td><td class=\"column-4\">A. Gornals<\/td><td class=\"column-5\">Jueves\/Dijous<\/td><td class=\"column-6\">16.30<\/td><td class=\"column-7\">T. 5<\/td><td class=\"column-8\"> Mallorca<\/td>\n<\/tr>\n<tr class=\"row-6\">\n\t<td class=\"column-1\">66043092<\/td><td class=\"column-2\">Sistema de justicia penal \/ Sistema de just\u00edcia penal<\/td><td class=\"column-3\">1<\/td><td class=\"column-4\">V. Vaquero<\/td><td class=\"column-5\">Mi\u00e9rcoles\/Dimecres<\/td><td class=\"column-6\">17.30<\/td><td class=\"column-7\">A. 5<\/td><td class=\"column-8\">Menorca<\/td>\n<\/tr>\n<tr class=\"row-7\">\n\t<td class=\"column-1\">66043011<\/td><td class=\"column-2\">Pol\u00edticas de seguridad y prevenci\u00f3n del delito \/ Pol\u00edtiques de seguretat i prevenci\u00f3 del delicte<\/td><td class=\"column-3\">1<\/td><td class=\"column-4\">G. Graciete<\/td><td class=\"column-5\">Jueves\/Dijous<\/td><td class=\"column-6\">19.30<\/td><td class=\"column-7\">T. 1<\/td><td class=\"column-8\">Mallorca<\/td>\n<\/tr>\n<\/tbody>\n<\/table>\n<!-- #tablepress-973 from cache -->\n\n<table id=\"tablepress-974\" class=\"tablepress tablepress-id-974 tbody-has-connected-cells\">\n<tbody class=\"row-striping row-hover\">\n<tr class=\"row-1\">\n\t<td class=\"column-1\"><\/td><td colspan=\"7\" class=\"column-2\"><h5>Tercer curso\/curs - Segundo cuatrimestre\/ Segon quadrimestre<\/h5><\/td>\n<\/tr>\n<tr class=\"row-2\">\n\t<td class=\"column-1\"><strong>C\u00f3digo\/Codi<\/strong><\/td><td class=\"column-2\"><strong>Asignaturas \/ Assignatures<\/strong><\/td><td class=\"column-3\"><strong>C\/Q<\/strong><\/td><td class=\"column-4\"><strong>Profesorado\/ Professorat<\/strong><\/td><td class=\"column-5\"><strong>D\u00eda\/Dia<\/strong><\/td><td class=\"column-6\"><strong>Hora<\/strong><\/td><td class=\"column-7\"><strong>Aula<\/strong><\/td><td class=\"column-8\"><strong>Sede<\/strong><\/td>\n<\/tr>\n<tr class=\"row-3\">\n\t<td class=\"column-1\">66043034<\/td><td class=\"column-2\">Mediaci\u00f3n y medios alternativos de resoluci\u00f3n de conflictos \/ Mediaci\u00f3 i mitjans alternatius de resoluci\u00f3 de conflictes<\/td><td class=\"column-3\">2<\/td><td class=\"column-4\">M. Mascar\u00f3<\/td><td class=\"column-5\">Lunes\/Dilluns<\/td><td class=\"column-6\">18.30<\/td><td class=\"column-7\">A. 11<\/td><td class=\"column-8\"> Mallorca<\/td>\n<\/tr>\n<tr class=\"row-4\">\n\t<td class=\"column-1\">66043028<\/td><td class=\"column-2\">Delincuencia juvenil \/ Delinq\u00fc\u00e8ncia juvenil<\/td><td class=\"column-3\">2<\/td><td class=\"column-4\">A. Gornals<\/td><td class=\"column-5\">Jueves\/Dijous<\/td><td class=\"column-6\">16.30<\/td><td class=\"column-7\">T. 5<\/td><td class=\"column-8\"> Mallorca<\/td>\n<\/tr>\n<tr class=\"row-5\">\n\t<td class=\"column-1\">66043040<\/td><td class=\"column-2\">Patrones y procesos delictivos \/ Patrons i processos delictius<\/td><td class=\"column-3\">2<\/td><td class=\"column-4\">A. de Pano<\/td><td class=\"column-5\"><\/td><td class=\"column-6\"><\/td><td class=\"column-7\"><\/td><td class=\"column-8\">Mallorca<\/td>\n<\/tr>\n<tr class=\"row-6\">\n\t<td class=\"column-1\">66043057<\/td><td class=\"column-2\">Pol\u00edtica criminal<\/td><td class=\"column-3\">2<\/td><td class=\"column-4\">A. Al Hasani<\/td><td class=\"column-5\">Jueves\/Dijous<\/td><td class=\"column-6\">18.30<\/td><td class=\"column-7\">A. 9<\/td><td class=\"column-8\"> Mallorca<\/td>\n<\/tr>\n<tr class=\"row-7\">\n\t<td class=\"column-1\">66043063<\/td><td class=\"column-2\">Victimolog\u00eda \/ Victimologia<\/td><td class=\"column-3\">2<\/td><td class=\"column-4\">M. Ribas<\/td><td class=\"column-5\">Martes\/Dimarts<\/td><td class=\"column-6\">17.30<\/td><td class=\"column-7\">A. 12<\/td><td class=\"column-8\">Ibiza\/Eivissa<\/td>\n<\/tr>\n<\/tbody>\n<\/table>\n<!-- #tablepress-974 from cache -->\n\n<table id=\"tablepress-1148\" class=\"tablepress tablepress-id-1148\">\n<tbody>\n<tr class=\"row-1\">\n\t<td class=\"column-1\">Cuarto curso\/Quart curs - Primer cuatrimestre\/ quadrimestre<\/td><td class=\"column-2\"><\/td><td class=\"column-3\"><\/td><td class=\"column-4\"><\/td><td class=\"column-5\"><\/td><td class=\"column-6\"><\/td><td class=\"column-7\"><\/td><td class=\"column-8\"><\/td>\n<\/tr>\n<tr class=\"row-2\">\n\t<td class=\"column-1\"><strong>C\u00f3digo\/Codi<\/strong><\/td><td class=\"column-2\"><strong>Asignatura<\/strong><\/td><td class=\"column-3\"><strong>C\/Q<\/strong><\/td><td class=\"column-4\"><\/td><td class=\"column-5\"><\/td><td class=\"column-6\"><\/td><td class=\"column-7\"><\/td><td class=\"column-8\"><\/td>\n<\/tr>\n<tr class=\"row-3\">\n\t<td class=\"column-1\">66044163<\/td><td class=\"column-2\">English for Criminology \/ Angl\u00e8s de Criminologia<\/td><td class=\"column-3\">1<\/td><td class=\"column-4\">INTERCAMPUS<\/td><td class=\"column-5\"><\/td><td class=\"column-6\"><\/td><td class=\"column-7\"><\/td><td class=\"column-8\"><\/td>\n<\/tr>\n<tr class=\"row-4\">\n\t<td class=\"column-1\">6604417-<\/td><td class=\"column-2\">Criminal\u00edstica<\/td><td class=\"column-3\">1<\/td><td class=\"column-4\">INTERCAMPUS<\/td><td class=\"column-5\"><\/td><td class=\"column-6\"><\/td><td class=\"column-7\"><\/td><td class=\"column-8\"><\/td>\n<\/tr>\n<tr class=\"row-5\">\n\t<td class=\"column-1\">66044186<\/td><td class=\"column-2\">Criminalidad y Seguridad Inform\u00e1tica \/ Criminalitat i Seguretat Inform\u00e0tica<\/td><td class=\"column-3\">1<\/td><td class=\"column-4\">INTERCAMPUS<\/td><td class=\"column-5\"><\/td><td class=\"column-6\"><\/td><td class=\"column-7\"><\/td><td class=\"column-8\"><\/td>\n<\/tr>\n<\/tbody>\n<\/table>\n<!-- #tablepress-1148 from cache -->\n\n<table id=\"tablepress-1149\" class=\"tablepress tablepress-id-1149\">\n<tbody>\n<tr class=\"row-1\">\n\t<td class=\"column-1\">Cuarto curso\/Quart curs - Segundo Cuatrimestre\/Segon quadrimestre<\/td><td class=\"column-2\"><\/td><td class=\"column-3\"><\/td><td class=\"column-4\"><\/td><td class=\"column-5\"><\/td><td class=\"column-6\"><\/td><td class=\"column-7\"><\/td><td class=\"column-8\"><\/td>\n<\/tr>\n<tr class=\"row-2\">\n\t<td class=\"column-1\"><strong>C\u00f3digo\/Codi<\/strong><\/td><td class=\"column-2\"><strong>Asignaturas \/ Assignatures<\/strong><\/td><td class=\"column-3\"><strong>C\/Q<\/strong><\/td><td class=\"column-4\"><strong>Profesorado\/ Professorat<\/strong><\/td><td class=\"column-5\"><strong>D\u00eda\/Dia<\/strong><\/td><td class=\"column-6\"><strong>Hora<\/strong><\/td><td class=\"column-7\"><strong>Aula<\/strong><\/td><td class=\"column-8\"><strong>SEDE<\/strong><\/td>\n<\/tr>\n<tr class=\"row-3\">\n\t<td class=\"column-1\">66044140<\/td><td class=\"column-2\">Trabajo Finde Grado en Criminolog\u00eda \/ Treball Fi de Grau en Criminologia<\/td><td class=\"column-3\">2<\/td><td class=\"column-4\">INTERCAMPUS<\/td><td class=\"column-5\"><\/td><td class=\"column-6\"><\/td><td class=\"column-7\"><\/td><td class=\"column-8\"><\/td>\n<\/tr>\n<tr class=\"row-4\">\n\t<td class=\"column-1\">66044157<\/td><td class=\"column-2\">Pr\u00e1cticum del Grado en Criminolog\u00eda \/ Pr\u00e0cticum del Grau en Criminologia<\/td><td class=\"column-3\">2<\/td><td class=\"column-4\">A. Gornals<\/td><td class=\"column-5\">Jueves\/Dijous<\/td><td class=\"column-6\">18.30<\/td><td class=\"column-7\">T. 5<\/td><td class=\"column-8\">Mallorca<\/td>\n<\/tr>\n<\/tbody>\n<\/table>\n<!-- #tablepress-1149 from cache -->\n<p>&nbsp;<\/p>\n","protected":false},"excerpt":{"rendered":"<p>RECURSOS Compra de material en\u00a0Librer\u00eda virtual Listado de asignaturas Grabaciones (primer cuatrimestre) Grabaciones (segundo cuatrimestre) 2.2.2.ConveniosPracticasCurriculares_2023-2024 2.2.2.FichaPracticasProfesionalesExternas_2023-2024 &nbsp; HORARIOS\/ HORARIS (2025\/2026) &nbsp;<\/p>\n","protected":false},"author":1,"featured_media":0,"parent":116,"menu_order":0,"comment_status":"closed","ping_status":"closed","template":"","meta":{"_acf_changed":false,"footnotes":""},"acf":[],"_links":{"self":[{"href":"https:\/\/uned-illesbalears.net\/ca\/wp-json\/wp\/v2\/pages\/71740"}],"collection":[{"href":"https:\/\/uned-illesbalears.net\/ca\/wp-json\/wp\/v2\/pages"}],"about":[{"href":"https:\/\/uned-illesbalears.net\/ca\/wp-json\/wp\/v2\/types\/page"}],"author":[{"embeddable":true,"href":"https:\/\/uned-illesbalears.net\/ca\/wp-json\/wp\/v2\/users\/1"}],"replies":[{"embeddable":true,"href":"https:\/\/uned-illesbalears.net\/ca\/wp-json\/wp\/v2\/comments?post=71740"}],"version-history":[{"count":27,"href":"https:\/\/uned-illesbalears.net\/ca\/wp-json\/wp\/v2\/pages\/71740\/revisions"}],"predecessor-version":[{"id":278004,"href":"https:\/\/uned-illesbalears.net\/ca\/wp-json\/wp\/v2\/pages\/71740\/revisions\/278004"}],"up":[{"embeddable":true,"href":"https:\/\/uned-illesbalears.net\/ca\/wp-json\/wp\/v2\/pages\/116"}],"wp:attachment":[{"href":"https:\/\/uned-illesbalears.net\/ca\/wp-json\/wp\/v2\/media?parent=71740"}],"curies":[{"name":"wp","href":"https:\/\/api.w.org\/{rel}","templated":true}]}}