{"id":71240,"date":"2017-06-18T18:17:00","date_gmt":"2017-06-18T16:17:00","guid":{"rendered":"https:\/\/uned-illesbalears.net\/?page_id=71240\/"},"modified":"2018-10-07T16:13:04","modified_gmt":"2018-10-07T14:13:04","slug":"reconocimento-de-creditos-en-grados","status":"publish","type":"page","link":"https:\/\/uned-illesbalears.net\/ca\/estudiar-en-la-uned\/reconocimento-de-creditos-en-grados\/","title":{"rendered":"RECONOCIMENTO DE CR\u00c9DITOS EN GRADOS"},"content":{"rendered":"<table>\n<tbody>\n<tr>\n<td width=\"168\"><span style=\"color: #008000;\"><strong>FACULTAD<\/strong><\/span><\/td>\n<td width=\"246\">\n<p style=\"text-align: center;\"><span style=\"color: #008000;\"><strong>GRADO ENLACE INFORMACI\u00d3N\u00a0 RECONOCIMIENTO DE CR\u00c9DITOS (clique)<\/strong><\/span><\/p>\n<\/td>\n<td width=\"255\">\n<p style=\"text-align: center;\"><span style=\"color: #008000;\"><strong>PLAZOS<\/strong><\/span><\/p>\n<\/td>\n<td width=\"274\">\n<p style=\"text-align: center;\"><span style=\"color: #008000;\"><strong>DIRECCI\u00d3N DE CONTACTO<\/strong><\/span><\/p>\n<\/td>\n<\/tr>\n<tr>\n<td width=\"168\"><span style=\"color: #008000;\">FILOLOG\u00cdA<\/span><\/td>\n<td width=\"246\">\n<p style=\"text-align: center;\"><a href=\"http:\/\/portal.uned.es\/portal\/page?_pageid=93,61705317&amp;_dad=portal&amp;_schema=PORTAL&amp;idContenido=4\"><strong><span style=\"color: #008000;\">&#8211; Grado en Estudios Ingleses<\/span><\/strong><\/a><\/p>\n<p style=\"text-align: center;\"><a href=\"http:\/\/portal.uned.es\/portal\/page?_pageid=93,61705313&amp;_dad=portal&amp;_schema=PORTAL&amp;idContenido=4\"><span style=\"color: #008000;\"><strong>&#8211; Grado en Lengua y Literatura Espa\u00f1olas<\/strong><\/span><\/a><\/p>\n<p><span style=\"color: #008000;\">El procedimiento se inicia a petici\u00f3n del interesado, ya sea por traslado de expediente o por titulaci\u00f3n finalizada. Los alumnos de traslado de expediente no tienen que remitir certificaci\u00f3n acad\u00e9mica.<\/span><\/td>\n<td width=\"255\"><span style=\"color: #008000;\">Del 1 de junio al 31 de octubre<\/span><\/td>\n<td width=\"274\"><span style=\"color: #008000;\">Negociado de convalidaciones<\/span><\/p>\n<p><span style=\"color: #008000;\">Facultad Filolog\u00eda \u2013 UNED <\/span><\/p>\n<p><span style=\"color: #008000;\">Apartado 60.145<\/span><\/p>\n<p><span style=\"color: #008000;\">28080 MADRID<\/span><\/p>\n<p><span style=\"color: #008000;\"><a style=\"color: #008000;\" href=\"mailto:convalid.filologia@adm.uned.es\">convalid.filologia@adm.uned.es<\/a><\/span><\/p>\n<p><span style=\"color: #008000;\">Tel. 913988944\/913988946<\/span><\/p>\n<p><span style=\"color: #008000;\">Remisi\u00f3n de documentaci\u00f3n mediante el servicio de Registro electr\u00f3nico de c\u00f3digo de identificaci\u00f3n: U02800150 Secci\u00f3n de Atenci\u00f3n al Estudiante de la Facultad de Filolog\u00eda<\/span><\/td>\n<\/tr>\n<tr>\n<td width=\"168\"><span style=\"color: #008000;\">FILOSOF\u00cdA<\/span><\/td>\n<td width=\"246\">\n<p style=\"text-align: center;\"><a href=\"http:\/\/portal.uned.es\/portal\/page?_pageid=93,61705366&amp;_dad=portal&amp;_schema=PORTAL&amp;idContenido=4\"><strong><span style=\"color: #008000;\">&#8211; Grado en Filosof\u00eda<\/span><\/strong><\/a><\/p>\n<p style=\"text-align: center;\"><a href=\"http:\/\/portal.uned.es\/portal\/page?_pageid=93,61705370&amp;_dad=portal&amp;_schema=PORTAL&amp;idContenido=4\"><span style=\"color: #008000;\"><strong>&#8211;<\/strong><strong> Grado en Antropolog\u00eda<\/strong><\/span><\/a><\/p>\n<p><span style=\"color: #008000;\">En ning\u00fan caso se va a realizar reconocimiento de cr\u00e9ditos de oficio, todos ser\u00e1n a solicitud del interesado.Los alumnos de traslado de expediente no tienen que remitir certificaci\u00f3n acad\u00e9mica.<\/span><\/td>\n<td width=\"255\"><span style=\"color: #008000;\">Del 1 de julio al 31 de octubre<\/span><\/td>\n<td width=\"274\"><span style=\"color: #008000;\">Negociado de convalidaciones<\/span><\/p>\n<p><span style=\"color: #008000;\">Facultad Filosof\u00eda \u2013 UNED<\/span><\/p>\n<p><span style=\"color: #008000;\">Apartado 60.146<\/span><\/p>\n<p><span style=\"color: #008000;\">28080 MADRID <a style=\"color: #008000;\" href=\"mailto:convalid.filosofia@adm.uned.es\">convalid.filosofia@adm.uned.es<\/a> <\/span><\/p>\n<p><span style=\"color: #008000;\">Tel. 913986818\/913988472<\/span><\/p>\n<p><span style=\"color: #008000;\">Remisi\u00f3n de documentaci\u00f3n mediante el servicio de Registro electr\u00f3nico de c\u00f3digo de identificaci\u00f3n:U02800151 Secci\u00f3n de Atenci\u00f3n al Estudiante de la Facultad de Filosof\u00eda<\/span><\/td>\n<\/tr>\n<tr>\n<td width=\"168\"><span style=\"color: #008000;\">HISTORIA<\/span><\/td>\n<td width=\"246\">\n<p style=\"text-align: center;\"><a href=\"http:\/\/portal.uned.es\/portal\/page?_pageid=93,61705338&amp;_dad=portal&amp;_schema=PORTAL&amp;idContenido=4\"><strong><span style=\"color: #008000;\">&#8211; Grado en Geograf\u00eda e Historia<\/span><\/strong><\/a><\/p>\n<p style=\"text-align: center;\"><a href=\"http:\/\/portal.uned.es\/portal\/page?_pageid=93,61705342&amp;_dad=portal&amp;_schema=PORTAL&amp;idContenido=4\"><strong><span style=\"color: #008000;\">&#8211; Grado en Historia del Arte<\/span><\/strong><\/a><\/p>\n<p><span style=\"color: #008000;\">Hay que solicitar reconocimiento de cr\u00e9ditos ya sea por traslado de expediente o por titulaci\u00f3n finalizada<\/span><\/td>\n<td width=\"255\"><span style=\"color: #008000;\">Del 15 de abril al 31 de octubre<\/span><\/td>\n<td width=\"274\"><span style=\"color: #008000;\">Negociado de convalidaciones<\/span><\/p>\n<p><span style=\"color: #008000;\">Facultad Geograf\u00eda e Historia- UNED <\/span><\/p>\n<p><span style=\"color: #008000;\">Apartado 60.147<\/span><\/p>\n<p><span style=\"color: #008000;\">28080 Madrid<\/span><\/p>\n<p><span style=\"color: #008000;\"><a style=\"color: #008000;\" href=\"mailto:convalid.historia@adm.uned.es\">convalid.historia@adm.uned.es<\/a><\/span><\/p>\n<p><span style=\"color: #008000;\">Tel. 913986705\/8777\/9230<\/span><\/p>\n<p><span style=\"color: #008000;\">Remisi\u00f3n de documentaci\u00f3n mediante el servicio de Registro electr\u00f3nico de c\u00f3digo de identificaci\u00f3n:U02800152 Secci\u00f3n de Atenci\u00f3n al Estudiante de la Facultad de Geograf\u00eda e Historia<\/span><\/td>\n<\/tr>\n<tr>\n<td width=\"168\"><span style=\"color: #008000;\">DERECHO<\/span><\/td>\n<td width=\"246\">\n<p style=\"text-align: center;\"><a href=\"http:\/\/portal.uned.es\/portal\/page?_pageid=93,61705330&amp;_dad=portal&amp;_schema=PORTAL&amp;idContenido=4\"><strong><span style=\"color: #008000;\">&#8211; Grado en Derecho<\/span><\/strong><\/a><\/p>\n<p style=\"text-align: center;\"><a href=\"http:\/\/portal.uned.es\/portal\/page?_pageid=93,61703722&amp;_dad=portal&amp;_schema=PORTAL&amp;idContenido=4\"><strong><span style=\"color: #008000;\">&#8211; Grado en CCJAP<\/span><\/strong><\/a><\/p>\n<p style=\"text-align: center;\"><a href=\"http:\/\/portal.uned.es\/portal\/page?_pageid=93,61703726&amp;_dad=portal&amp;_schema=PORTAL&amp;idContenido=4\"><strong><span style=\"color: #008000;\">&#8211; Grado en Trabajo Social<\/span><\/strong><\/a><\/p>\n<p style=\"text-align: center;\"><a href=\"http:\/\/portal.uned.es\/portal\/page?_pageid=93,61705334&amp;_dad=portal&amp;_schema=PORTAL&amp;idContenido=4\"><strong><span style=\"color: #008000;\">&#8211; Grado en Criminolog\u00eda<\/span><\/strong><\/a><\/p>\n<p><span style=\"color: #008000;\">Hay que solicitar reconocimiento de cr\u00e9ditos ya sea por traslado de expediente o por titulaci\u00f3n finalizada.Traslados de expediente no tienen que enviar certificaci\u00f3n. Se puede remitir la solicitud por correo electr\u00f3nico de cada titulaci\u00f3n (s\u00f3lo en el caso en que no deba enviar documentos compulsados o que los mismos se encuentren ya en poder de la Facultad)<\/span><\/td>\n<td width=\"255\"><span style=\"color: #008000;\">Del 1 de septiembre al 30 de noviembre<\/span><\/td>\n<td width=\"274\"><span style=\"color: #008000;\">Negociado de convalidaciones<\/span><\/p>\n<p><span style=\"color: #008000;\">Facultad de Derecho &#8211; UNED <\/span><\/p>\n<p><span style=\"color: #008000;\">Apartado 60.140<\/span><\/p>\n<p><span style=\"color: #008000;\">28080 Madrid<\/span><\/p>\n<p><span style=\"color: #008000;\">Negociado de convalidaciones<\/span><\/p>\n<p><span style=\"color: #008000;\"><strong>Derecho: <\/strong>913986030<\/span><\/p>\n<p><span style=\"color: #008000;\"><a style=\"color: #008000;\" href=\"mailto:convalidacion@der.uned.es\">convalidacion@der.uned.es<\/a><\/span><\/p>\n<p><span style=\"color: #008000;\"><strong>Criminolog\u00eda: <\/strong>913987917 \/<\/span><\/p>\n<p><span style=\"color: #008000;\"> 913986151 \/ 913986156\u00a0<\/span><\/p>\n<p><span style=\"color: #008000;\"><a style=\"color: #008000;\" href=\"mailto:gradoencriminologia@der.uned.es\">gradoencriminologia@der.uned.es<\/a><\/span><\/p>\n<p><span style=\"color: #008000;\"><strong>Para C. Jur\u00eddicas Administraciones P\u00fablicas:<\/strong><\/span><\/p>\n<p><span style=\"color: #008000;\">913988823 \/ 913986870 \/<\/span><\/p>\n<p><span style=\"color: #008000;\"> 913988452\u00a0\u00a0<\/span><\/p>\n<p><span style=\"color: #008000;\"><a style=\"color: #008000;\" href=\"mailto:gradoencienciasjuridicas@der.uned.es\">gradoencienciasjuridicas@der.uned.es<\/a><\/span><\/p>\n<p><span style=\"color: #008000;\"><strong>Para Trabajo Social: <\/strong><\/span><\/p>\n<p><span style=\"color: #008000;\">913986534 (A-M)<\/span><\/p>\n<p><span style=\"color: #008000;\">913987052 (N-Z)<\/span><\/p>\n<p><span style=\"color: #008000;\"><a style=\"color: #008000;\" href=\"mailto:reconocimientotrabajosocial@adm.uned.es\">reconocimientotrabajosocial@adm.uned.es<\/a> <\/span><\/p>\n<p><span style=\"color: #008000;\">Remisi\u00f3n de documentaci\u00f3n mediante el servicio de Registro electr\u00f3nico de c\u00f3digo de identificaci\u00f3n:U02800148 Secci\u00f3n de Atenci\u00f3n al Estudiante de la Facultad de Derecho<\/span><\/td>\n<\/tr>\n<tr>\n<td width=\"168\"><span style=\"color: #008000;\">EDUCACI\u00d3N<\/span><\/td>\n<td width=\"246\">\n<p style=\"text-align: center;\"><a href=\"http:\/\/portal.uned.es\/portal\/page?_pageid=93,61705309&amp;_dad=portal&amp;_schema=PORTAL&amp;idContenido=4\"><strong><span style=\"color: #008000;\">&#8211; Grado en Educaci\u00f3n Social<\/span><\/strong><\/a><\/p>\n<p style=\"text-align: center;\"><a href=\"http:\/\/portal.uned.es\/portal\/page?_pageid=93,61703712&amp;_dad=portal&amp;_schema=PORTAL&amp;idContenido=4\"><span style=\"color: #008000;\"><strong>&#8211; Grado en Pedagog\u00eda<\/strong><\/span><\/a><\/p>\n<p><span style=\"color: #008000;\">Los alumnos que accedan con traslado de expediente pueden solicitar que se incluya una copia de ese traslado en su solicitud de convalidaciones.<\/span><\/td>\n<td width=\"255\"><span style=\"color: #008000;\">Del 3 de mayo al 31 de octubre<\/span><\/td>\n<td width=\"274\"><span style=\"color: #008000;\">Negociado de Convalidaciones<\/span><\/p>\n<p><span style=\"color: #008000;\">Facultad Educaci\u00f3n \u2013 UNED <\/span><\/p>\n<p><span style=\"color: #008000;\">Apartado 60.098<\/span><\/p>\n<p><span style=\"color: #008000;\">28080 Madrid <a style=\"color: #008000;\" href=\"mailto:convalidaciones.educa@adm.uned.es\">convalidaciones.educa@adm.uned.es<\/a><\/span><\/p>\n<p><span style=\"color: #008000;\">913987370\/8838\/8839\/7651<\/span><\/p>\n<p><span style=\"color: #008000;\">Remisi\u00f3n de documentaci\u00f3n mediante el servicio de Registro electr\u00f3nico de c\u00f3digo de identificaci\u00f3n:U02800149 Secci\u00f3n de Atenci\u00f3n al Estudiante de la Facultad de Educaci\u00f3n<\/span><\/p>\n<p>&nbsp;<\/td>\n<\/tr>\n<tr>\n<td width=\"168\"><span style=\"color: #008000;\">PSICOLOG\u00cdA<\/span><\/td>\n<td style=\"text-align: center;\" width=\"246\"><span style=\"color: #008000;\"><strong>&#8211; <a style=\"color: #008000;\" href=\"http:\/\/portal.uned.es\/portal\/page?_pageid=93,61705305&amp;_dad=portal&amp;_schema=PORTAL&amp;idContenido=4\">Grado en Psicolog\u00eda<\/a><\/strong><\/span><\/p>\n<p style=\"text-align: left;\"><span style=\"color: #008000;\">No tienen que solicitar reconocimientos los alumnos que vengan con traslado de expediente.El tr\u00e1mite se iniciar\u00e1 cuando la UNED reciba el expediente de la Universidad de origen.<\/span><\/p>\n<\/td>\n<td width=\"255\"><span style=\"color: #008000;\">Del 15 de junio al 31 de octubre<\/span><\/td>\n<td width=\"274\"><span style=\"color: #008000;\">Negociado de Convalidaciones<\/span><\/p>\n<p><span style=\"color: #008000;\">Facultad de Psicolog\u00eda \u2013 UNED <\/span><\/p>\n<p><span style=\"color: #008000;\">Apartado 60.148<\/span><\/p>\n<p><span style=\"color: #008000;\">28080 Madrid<\/span><\/p>\n<p><span style=\"color: #008000;\"><u>convalidaciones_psicologia@adm.uned.es<\/u><\/span><\/p>\n<p><span style=\"color: #008000;\">913988890\/6208<\/span><\/p>\n<p><span style=\"color: #008000;\">Remisi\u00f3n de documentaci\u00f3n mediante el servicio de Registro electr\u00f3nico de c\u00f3digo de identificaci\u00f3n:U02800153 Secci\u00f3n de Atenci\u00f3n al Estudiante de la Facultad de Psicolog\u00eda<\/span><\/td>\n<\/tr>\n<tr>\n<td width=\"168\"><span style=\"color: #008000;\">CIENCIAS POL\u00cdTICAS Y SOCIOLOG\u00cdA<\/span><\/td>\n<td width=\"246\">\n<p style=\"text-align: center;\"><a href=\"http:\/\/portal.uned.es\/portal\/page?_pageid=93,61705358&amp;_dad=portal&amp;_schema=PORTAL&amp;idContenido=4\"><strong><span style=\"color: #008000;\">&#8211; Grado en Ciencia Pol\u00edtica y de la<\/span><\/strong><\/a><\/p>\n<p style=\"text-align: center;\"><a href=\"http:\/\/portal.uned.es\/portal\/page?_pageid=93,61705358&amp;_dad=portal&amp;_schema=PORTAL&amp;idContenido=4\"><strong><span style=\"color: #008000;\">Administraci\u00f3n<\/span><\/strong><\/a><\/p>\n<p style=\"text-align: center;\"><a href=\"http:\/\/portal.uned.es\/portal\/page?_pageid=93,61705362&amp;_dad=portal&amp;_schema=PORTAL&amp;idContenido=4\"><span style=\"color: #008000;\"><strong>&#8211; Grado en Sociolog\u00eda<\/strong><\/span><\/a><\/p>\n<p><span style=\"color: #008000;\">La solicitud de reconocimiento de cr\u00e9ditos se realiza a petici\u00f3n del interesado, ya sea por traslado de expediente o por titulaci\u00f3n finalizada. Alumnos por traslado de expediente no tienen que adjuntar certificaci\u00f3n, en la solicitud indicar que se ha realizado dicho traslado.<\/span><\/td>\n<td width=\"255\"><span style=\"color: #008000;\">Del 5 de julio al 30 noviembre<\/span><\/p>\n<p><span style=\"color: #008000;\">Del inicio del segundo plazo de matr\u00edcula al 15 de marzo<\/span><\/td>\n<td width=\"274\"><span style=\"color: #008000;\">Negociado de Convalidaciones<\/span><\/p>\n<p><span style=\"color: #008000;\">Facultad CC. Pol\u00edticas y Sociolog\u00eda-UNED<\/span><\/p>\n<p><span style=\"color: #008000;\">Apartado 60.158<\/span><\/p>\n<p><span style=\"color: #008000;\">28080 Madrid <\/span><\/p>\n<p><span style=\"color: #008000;\"><a style=\"color: #008000;\" href=\"mailto:estudiantes.polisoci@adm.uned.es\">estudiantes.polisoci@adm.uned.es<\/a><\/span><\/p>\n<p><span style=\"color: #008000;\">913987041\/7053\/7055<\/span><\/p>\n<p><span style=\"color: #008000;\">Remisi\u00f3n de documentaci\u00f3n mediante el servicio de Registro electr\u00f3nico de c\u00f3digo de identificaci\u00f3n:U02800147 Secci\u00f3n de Atenci\u00f3n al Estudiante de la Facultad de Ciencias Pol\u00edticas y Sociolog\u00eda<\/span><\/td>\n<\/tr>\n<tr>\n<td width=\"168\"><span style=\"color: #008000;\">CIENCIAS ECON\u00d3MICAS Y EMPRESARIALES<\/span><\/td>\n<td width=\"246\">\n<p style=\"text-align: center;\"><a href=\"http:\/\/portal.uned.es\/portal\/page?_pageid=93,61705321&amp;_dad=portal&amp;_schema=PORTAL&amp;idContenido=4\"><strong><span style=\"color: #008000;\">&#8211; Grado en Econom\u00eda<\/span><\/strong><\/a><\/p>\n<p style=\"text-align: center;\"><a href=\"http:\/\/portal.uned.es\/portal\/page?_pageid=93,61703716&amp;_dad=portal&amp;_schema=PORTAL&amp;idContenido=4\"><strong><span style=\"color: #008000;\">&#8211; Grado en Administraci\u00f3n y Direcci\u00f3n de<\/span><\/strong><\/a><\/p>\n<p style=\"text-align: center;\"><a href=\"http:\/\/portal.uned.es\/portal\/page?_pageid=93,61703716&amp;_dad=portal&amp;_schema=PORTAL&amp;idContenido=4\"><strong><span style=\"color: #008000;\">Empresas<\/span><\/strong><\/a><\/p>\n<p style=\"text-align: center;\"><span style=\"color: #008000;\"><strong>&#8211;<a style=\"color: #008000;\" href=\"http:\/\/portal.uned.es\/portal\/page?_pageid=93,61705326&amp;_dad=portal&amp;_schema=PORTAL&amp;idContenido=4\"> Grado en Turismo<\/a><\/strong><\/span><\/p>\n<p><span style=\"color: #008000;\">La solicitud de reconocimiento de cr\u00e9ditos se realiza a petici\u00f3n del interesado, ya sea por traslado de expediente o por titulaci\u00f3n finalizada. Alumnos por traslado de expediente no tiene que adjuntar certificaci\u00f3n, en la solicitud indicar\u00e1 que se ha realizado dicho traslado.<\/span><\/td>\n<td width=\"255\"><span style=\"color: #008000;\">Del 1 de septiembre al 30 de noviembre<\/span><\/td>\n<td width=\"274\"><span style=\"color: #008000;\">Negociado de convalidaciones<\/span><\/p>\n<p><span style=\"color: #008000;\">Facultad CC. Econ\u00f3micas-Empresariales<\/span><\/p>\n<p><span style=\"color: #008000;\">Apartado 60.142<\/span><\/p>\n<p><span style=\"color: #008000;\">28080 Madrid<\/span><\/p>\n<p><span style=\"color: #008000;\"><a style=\"color: #008000;\" href=\"mailto:convalid.empresariales@adm.uned.es\">convalid.empresariales@adm.uned.es<\/a><\/span><\/p>\n<p><span style=\"color: #008000;\">ADE Tel. 913987805\/9054<\/span><\/p>\n<p><span style=\"color: #008000;\">Turismo Tel. 913988764<\/span><\/p>\n<p><span style=\"color: #008000;\">Econom\u00eda Tel. 913987803<\/span><\/p>\n<p><span style=\"color: #008000;\">Remisi\u00f3n de documentaci\u00f3n mediante el servicio de Registro electr\u00f3nico de c\u00f3digo de identificaci\u00f3n:U02800146 Secci\u00f3n de Atenci\u00f3n al Estudiante de la Facultad de Ciencias Econ\u00f3micas y Empresariales<\/span><\/td>\n<\/tr>\n<tr>\n<td width=\"168\"><span style=\"color: #008000;\">CIENCIAS<\/span><\/td>\n<td width=\"246\">\n<p style=\"text-align: center;\"><a href=\"http:\/\/portal.uned.es\/portal\/page?_pageid=93,61705301&amp;_dad=portal&amp;_schema=PORTAL&amp;idContenido=4\"><strong><span style=\"color: #008000;\">&#8211; Grado en F\u00edsica<\/span><\/strong><\/a><\/p>\n<p style=\"text-align: center;\"><a href=\"http:\/\/portal.uned.es\/portal\/page?_pageid=93,61703708&amp;_dad=portal&amp;_schema=PORTAL&amp;idContenido=4\"><strong><span style=\"color: #008000;\">&#8211; Grado en Qu\u00edmica<\/span><\/strong><\/a><\/p>\n<p style=\"text-align: center;\"><a href=\"http:\/\/portal.uned.es\/portal\/page?_pageid=93,61703704&amp;_dad=portal&amp;_schema=PORTAL&amp;idContenido=4\"><strong><span style=\"color: #008000;\">&#8211; Grado en Matem\u00e1ticas<\/span><\/strong><\/a><\/p>\n<p style=\"text-align: center;\"><a href=\"http:\/\/portal.uned.es\/portal\/page?_pageid=93,61703700&amp;_dad=portal&amp;_schema=PORTAL&amp;idContenido=4\"><span style=\"color: #008000;\"><strong>&#8211; Grado en Ciencias Ambientales<\/strong><\/span><\/a><\/p>\n<p><span style=\"color: #008000;\">La solicitud de reconocimiento de cr\u00e9ditos se realiza a petici\u00f3n del interesado, ya sea por traslado de expediente o por titulaciones finalizadas.Alumnos por traslado de expediente no tiene que adjuntar certificaci\u00f3n, en la solicitud indicar\u00e1 que se ha realizado dicho traslado.<\/span><\/p>\n<p><span style=\"color: #008000;\">\u00a0<\/span><\/td>\n<td width=\"255\"><span style=\"color: #008000;\">Del 1 se septiembre al 15 de noviembre<\/span><\/td>\n<td width=\"274\"><span style=\"color: #008000;\">Negociado de convalidaciones<\/span><\/p>\n<p><span style=\"color: #008000;\">Facultad de Ciencias \u2013 UNED \u2013 <\/span><\/p>\n<p><span style=\"color: #008000;\">Apartado 60.141<\/span><\/p>\n<p><span style=\"color: #008000;\">28080 Madrid<\/span><\/p>\n<p><span style=\"color: #008000;\"><a style=\"color: #008000;\" href=\"mailto:negociado.ciencias@adm.uned.es\">negociado.ciencias@adm.uned.es<\/a><\/span><\/p>\n<p><span style=\"color: #008000;\">913988628\/7105<\/span><\/p>\n<p><span style=\"color: #008000;\">Remisi\u00f3n de documentaci\u00f3n mediante el servicio de Registro electr\u00f3nico de c\u00f3digo de identificaci\u00f3n:U02800145 Secci\u00f3n de Atenci\u00f3n al Estudiante de la Facultad de Ciencias<\/span><\/td>\n<\/tr>\n<tr>\n<td width=\"168\"><span style=\"color: #008000;\">ETS INGENIEROS INDUSTRIALES<\/span><\/td>\n<td width=\"246\">\n<p style=\"text-align: center;\"><a href=\"http:\/\/portal.uned.es\/portal\/page?_pageid=93,61705350&amp;_dad=portal&amp;_schema=PORTAL&amp;idContenido=4\"><strong><span style=\"color: #008000;\">&#8211; Grado en Ingenier\u00eda en Electr\u00f3nica<\/span><\/strong><\/a><\/p>\n<p style=\"text-align: center;\"><a href=\"http:\/\/portal.uned.es\/portal\/page?_pageid=93,61705350&amp;_dad=portal&amp;_schema=PORTAL&amp;idContenido=4\"><strong><span style=\"color: #008000;\">Industrial y \u00a0Autom\u00e1tica<\/span><\/strong><\/a><\/p>\n<p style=\"text-align: center;\"><a href=\"http:\/\/portal.uned.es\/portal\/page?_pageid=93,61705346&amp;_dad=portal&amp;_schema=PORTAL&amp;idContenido=4\"><strong><span style=\"color: #008000;\">&#8211; Grado en Ingenier\u00eda El\u00e9ctrica<\/span><\/strong><\/a><\/p>\n<p style=\"text-align: center;\"><a href=\"http:\/\/portal.uned.es\/portal\/page?_pageid=93,61703730&amp;_dad=portal&amp;_schema=PORTAL&amp;idContenido=4\"><strong><span style=\"color: #008000;\">&#8211; Grado en Ingenier\u00eda en Tecnolog\u00edas<\/span><\/strong><\/a><\/p>\n<p style=\"text-align: center;\"><a href=\"http:\/\/portal.uned.es\/portal\/page?_pageid=93,61703730&amp;_dad=portal&amp;_schema=PORTAL&amp;idContenido=4\"><strong><span style=\"color: #008000;\">Industriales<\/span><\/strong><\/a><\/p>\n<p style=\"text-align: center;\"><a href=\"http:\/\/portal.uned.es\/portal\/page?_pageid=93,61705354&amp;_dad=portal&amp;_schema=PORTAL&amp;idContenido=4\"><strong><span style=\"color: #008000;\">&#8211; Grado en Ingenier\u00eda Mec\u00e1nica<\/span><\/strong><\/a><\/p>\n<p><span style=\"color: #008000;\">Los alumnos que accedan por traslado de expediente o traslado con simultaneidad de estudios deber\u00e1n enviar la solicitud de convalidaciones, aportando programas asignaturas superadas.<\/span><\/td>\n<td width=\"255\"><span style=\"color: #008000;\">Del 1 de septiembre al 31 de octubre<\/span><\/td>\n<td width=\"274\"><span style=\"color: #008000;\">Negociado de convalidaciones<\/span><\/p>\n<p><span style=\"color: #008000;\">ETS Ingenieros industriales \u2013 UNED \u2013<\/span><\/p>\n<p><span style=\"color: #008000;\">Apartado 60.149<\/span><\/p>\n<p><span style=\"color: #008000;\">28080 Madrid <a style=\"color: #008000;\" href=\"mailto:negconvalidaciones@adm.uned.es\">negconvalidaciones@adm.uned.es<\/a><\/span><\/p>\n<p><span style=\"color: #008000;\">913986414\/6411<\/span><\/p>\n<p><span style=\"color: #008000;\">Remisi\u00f3n de documentaci\u00f3n mediante el servicio de Registro electr\u00f3nico de c\u00f3digo de identificaci\u00f3n:U02800143 Secci\u00f3n de Atenci\u00f3n al Estudiante de la ETS Ingenieros industriales<\/span><\/td>\n<\/tr>\n<tr>\n<td width=\"168\"><span style=\"color: #008000;\">ETS INGENIER\u00cdA INFORM\u00c1TICA<\/span><\/td>\n<td width=\"246\">\n<p style=\"text-align: center;\"><a href=\"http:\/\/portal.uned.es\/portal\/page?_pageid=93,61703738&amp;_dad=portal&amp;_schema=PORTAL&amp;idContenido=4\"><span style=\"color: #008000;\"><strong>&#8211; Grado en Ingenier\u00eda en Tecnolog\u00edas de la Informaci\u00f3n<\/strong><\/span><\/a><\/p>\n<p style=\"text-align: center;\"><a href=\"http:\/\/portal.uned.es\/portal\/page?_pageid=93,61703734&amp;_dad=portal&amp;_schema=PORTAL&amp;idContenido=4\"><strong><span style=\"color: #008000;\">&#8211; Grado en Ingenier\u00eda Inform\u00e1tica<\/span><\/strong><\/a><\/p>\n<p><span style=\"color: #008000;\">La solicitud de reconocimiento de cr\u00e9ditos se realiza a petici\u00f3n del interesado, ya sea por traslado de expediente o por titulaciones finalizadas. Alumnos por traslado de expediente no tiene que adjuntar certificaci\u00f3n, en la solicitud indicar\u00e1 que se ha realizado dicho traslado.<\/span><\/td>\n<td width=\"255\"><span style=\"color: #008000;\">Del 1 de junio al 15 de noviembre<\/span><\/td>\n<td width=\"274\"><span style=\"color: #008000;\">Negociado de Convalidaciones<\/span><\/p>\n<p><span style=\"color: #008000;\">ETS Ingenier\u00eda Inform\u00e1tica \u2013UNED \u2013 Apartado 60.011<\/span><\/p>\n<p><span style=\"color: #008000;\">28080 MADRID<\/span><\/p>\n<p><span style=\"color: #008000;\"><a style=\"color: #008000;\" href=\"mailto:convalidacion@adm.uned.es\">convalidacion@adm.uned.es<\/a><\/span><\/p>\n<p><span style=\"color: #008000;\">913987319\/02<\/span><\/p>\n<p><span style=\"color: #008000;\">Remisi\u00f3n de documentaci\u00f3n mediante el servicio de Registro electr\u00f3nico de c\u00f3digo de identificaci\u00f3n:U02800144 Secci\u00f3n de Atenci\u00f3n al Estudiante de la ETS Ingenier\u00eda Inform\u00e1tica<\/span><\/p>\n<p>&nbsp;<\/td>\n<\/tr>\n<\/tbody>\n<\/table>\n","protected":false},"excerpt":{"rendered":"<p>FACULTAD GRADO ENLACE INFORMACI\u00d3N\u00a0 RECONOCIMIENTO DE CR\u00c9DITOS (clique) PLAZOS DIRECCI\u00d3N DE CONTACTO FILOLOG\u00cdA &#8211; Grado en Estudios Ingleses &#8211; Grado en Lengua y Literatura Espa\u00f1olas El procedimiento se inicia a petici\u00f3n del interesado, ya sea por traslado de expediente o por titulaci\u00f3n finalizada. Los alumnos de traslado de expediente no tienen que remitir certificaci\u00f3n acad\u00e9mica. [&hellip;]<\/p>\n","protected":false},"author":1,"featured_media":0,"parent":6,"menu_order":0,"comment_status":"closed","ping_status":"closed","template":"","meta":{"_acf_changed":false,"footnotes":""},"acf":[],"_links":{"self":[{"href":"https:\/\/uned-illesbalears.net\/ca\/wp-json\/wp\/v2\/pages\/71240"}],"collection":[{"href":"https:\/\/uned-illesbalears.net\/ca\/wp-json\/wp\/v2\/pages"}],"about":[{"href":"https:\/\/uned-illesbalears.net\/ca\/wp-json\/wp\/v2\/types\/page"}],"author":[{"embeddable":true,"href":"https:\/\/uned-illesbalears.net\/ca\/wp-json\/wp\/v2\/users\/1"}],"replies":[{"embeddable":true,"href":"https:\/\/uned-illesbalears.net\/ca\/wp-json\/wp\/v2\/comments?post=71240"}],"version-history":[{"count":0,"href":"https:\/\/uned-illesbalears.net\/ca\/wp-json\/wp\/v2\/pages\/71240\/revisions"}],"up":[{"embeddable":true,"href":"https:\/\/uned-illesbalears.net\/ca\/wp-json\/wp\/v2\/pages\/6"}],"wp:attachment":[{"href":"https:\/\/uned-illesbalears.net\/ca\/wp-json\/wp\/v2\/media?parent=71240"}],"curies":[{"name":"wp","href":"https:\/\/api.w.org\/{rel}","templated":true}]}}