{"id":56994,"date":"2017-01-03T21:48:56","date_gmt":"2017-01-03T19:48:56","guid":{"rendered":"https:\/\/uned-illesbalears.net\/?page_id=56994"},"modified":"2022-01-23T18:49:00","modified_gmt":"2022-01-23T17:49:00","slug":"5-1-5-salud-laboral","status":"publish","type":"page","link":"https:\/\/uned-illesbalears.net\/ca\/calidad\/5-1-5-salud-laboral\/","title":{"rendered":"5.1.5.Salud laboral"},"content":{"rendered":"<h5>Curso 2020-2021<\/h5>\n<h6><span style=\"color: #008000;\"><a style=\"color: #008000;\" href=\"https:\/\/uned-illesbalears.net\/wp-content\/uploads\/2021\/02\/5.1.5.-MCPE-RiesgosLaboralesRedacci\u00f3n-IllesBalears2021-VB.pdf\" class=\"mtli_attachment mtli_pdf\">5.1.5. MCPE RiesgosLaboralesRedacci\u00f3n IllesBalears2021<\/a><\/span><\/h6>\n<h6><span style=\"color: #008000;\"><a style=\"color: #008000;\" href=\"https:\/\/uned-illesbalears.net\/wp-content\/uploads\/2021\/02\/5.1.5-Plan_Prevenci\u00f3n_Riesgos_Laborales_CA_UNED-2021PM-f.pdf\" class=\"mtli_attachment mtli_pdf\">5.1.5 Plan_Prevenci\u00f3n_Riesgos_Laborales_CA_UNED 2021PM<\/a><\/span><\/h6>\n<h6><span style=\"color: #008000;\"><a style=\"color: #008000;\" href=\"https:\/\/uned-illesbalears.net\/wp-content\/uploads\/2021\/02\/5.1.5-Plan_Prevenci\u00f3n_Riesgos_Laborales_CA_UNED-2021MENORCA-f.pdf\" class=\"mtli_attachment mtli_pdf\">5.1.5 Plan_Prevenci\u00f3n_Riesgos_Laborales_CA_UNED 2021MENORCA<\/a><\/span><\/h6>\n<h6><span style=\"color: #008000;\"><a style=\"color: #008000;\" href=\"https:\/\/uned-illesbalears.net\/wp-content\/uploads\/2021\/02\/5.1.5-Plan_Prevenci\u00f3n_Riesgos_Laborales_CA_UNED-2021IBZ-f.pdf\" class=\"mtli_attachment mtli_pdf\">5.1.5 Plan_Prevenci\u00f3n_Riesgos_Laborales_CA_UNED 2021IBZ<\/a><\/span><\/h6>\n<h6><span style=\"color: #008000;\"><a style=\"color: #008000;\" href=\"https:\/\/uned-illesbalears.net\/wp-content\/uploads\/2021\/02\/5.1.5-Planificaci\u00f3n_Acciones_Preventivas_UNED_PM-2021-f.pdf\" class=\"mtli_attachment mtli_pdf\">5.1.5 Planificaci\u00f3n_Acciones_Preventivas_UNED_PM 2021<\/a><\/span><\/h6>\n<h6><span style=\"color: #008000;\"><a style=\"color: #008000;\" href=\"https:\/\/uned-illesbalears.net\/wp-content\/uploads\/2021\/02\/5.1.5-Planificaci\u00f3n_Acciones_Preventivas_UNED_AulaMENORCA-2021-f.pdf\" class=\"mtli_attachment mtli_pdf\">5.1.5 Planificaci\u00f3n_Acciones_Preventivas_UNED_AulaMENORCA 2021<\/a><\/span><\/h6>\n<h6><span style=\"color: #008000;\"><a style=\"color: #008000;\" href=\"https:\/\/uned-illesbalears.net\/wp-content\/uploads\/2021\/02\/5.1.5-Planificaci\u00f3n_Acciones_Preventivas_UNED_AulaIBIZA-2021-f.pdf\" class=\"mtli_attachment mtli_pdf\">5.1.5 Planificaci\u00f3n_Acciones_Preventivas_UNED_AulaIBIZA 2021<\/a><\/span><\/h6>\n<h6><span style=\"color: #008000;\"><a style=\"color: #008000;\" href=\"https:\/\/uned-illesbalears.net\/wp-content\/uploads\/2021\/02\/5.1.5-Evaluaci\u00f3n_Riesgos_Laborales_UNED_2021PM-f.pdf\" class=\"mtli_attachment mtli_pdf\">5.1.5 Evaluaci\u00f3n_Riesgos_Laborales_UNED_2021PM<\/a><\/span><\/h6>\n<h6><span style=\"color: #008000;\"><a style=\"color: #008000;\" href=\"https:\/\/uned-illesbalears.net\/wp-content\/uploads\/2021\/02\/5.1.5-Evaluaci\u00f3n_Riesgos_Laborales_UNED-2021-MENORCA.pdf\" class=\"mtli_attachment mtli_pdf\">5.1.5 Evaluaci\u00f3n_Riesgos_Laborales_UNED 2021 MENORCA<\/a><\/span><\/h6>\n<h6><span style=\"color: #008000;\"><a style=\"color: #008000;\" href=\"https:\/\/uned-illesbalears.net\/wp-content\/uploads\/2021\/02\/5.1.5-Evaluaci\u00f3n_Riesgos_Laborales_UNED-2021-IBIZA.pdf\" class=\"mtli_attachment mtli_pdf\">5.1.5 Evaluaci\u00f3n_Riesgos_Laborales_UNED 2021 IBIZA<\/a><\/span><\/h6>\n<h6><span style=\"color: #008000;\"><a style=\"color: #008000;\" href=\"https:\/\/uned-illesbalears.net\/wp-content\/uploads\/2022\/01\/5.1.5-Informe-simulacro-diciembre-2021-F.pdf\" class=\"mtli_attachment mtli_pdf\">5.1.5 Informe simulacro diciembre 2021 F<\/a><\/span><\/h6>\n<h5>Curso 2019-2020<\/h5>\n<h6><span style=\"color: #008000;\"><a style=\"color: #008000;\" href=\"https:\/\/uned-illesbalears.net\/wp-content\/uploads\/2020\/03\/5.1.5.-MCPERiesgosLaboralesRedacci\u00f3n-IllesBalears2020-c.pdf\" class=\"mtli_attachment mtli_pdf\">5.1.5. MCPERiesgosLaboralesRedacci\u00f3n IllesBalears2020 c<\/a><\/span><\/h6>\n<h6><span style=\"color: #008000;\"><a style=\"color: #008000;\" href=\"https:\/\/uned-illesbalears.net\/wp-content\/uploads\/2020\/03\/5.1.5.Plan_Prevenci\u00f3n_Riesgos_Laborales_CA_UNED_cast2019PM.pdf\" class=\"mtli_attachment mtli_pdf\">5.1.5.Plan_Prevenci\u00f3n_Riesgos_Laborales_CA_UNED_cast2019PM<\/a><\/span><\/h6>\n<h6><span style=\"color: #008000;\"><a style=\"color: #008000;\" href=\"https:\/\/uned-illesbalears.net\/wp-content\/uploads\/2020\/03\/5.1.5.Plan_Prevenci\u00f3n_Riesgos_Laborales_CA_UNED_cast2019MENORCA-.pdf\" class=\"mtli_attachment mtli_pdf\">5.1.5.Plan_Prevenci\u00f3n_Riesgos_Laborales_CA_UNED_cast2019MENORCA<\/a><\/span><\/h6>\n<h6><span style=\"color: #008000;\"><a style=\"color: #008000;\" href=\"https:\/\/uned-illesbalears.net\/wp-content\/uploads\/2020\/03\/5.1.5.Plan_Prevenci\u00f3n_Riesgos_Laborales_CA_UNED_cast2019IBIZA.pdf\" class=\"mtli_attachment mtli_pdf\">5.1.5.Plan_Prevenci\u00f3n_Riesgos_Laborales_CA_UNED_cast2019IBIZA<\/a><\/span><\/h6>\n<h6><span style=\"color: #008000;\"><a style=\"color: #008000;\" href=\"https:\/\/uned-illesbalears.net\/wp-content\/uploads\/2020\/03\/5.1.5.Planificaci\u00f3n_Acciones_Preventivas_UNEDAula_PM_cast-2019.pdf\" class=\"mtli_attachment mtli_pdf\">5.1.5.Planificaci\u00f3n_Acciones_Preventivas_UNEDAula_PM_cast 2019<\/a><\/span><\/h6>\n<h6><span style=\"color: #008000;\"><a style=\"color: #008000;\" href=\"https:\/\/uned-illesbalears.net\/wp-content\/uploads\/2020\/03\/5.1.5.Planificaci\u00f3n_Acciones_Preventivas_UNED_AulaMENORCA_cast-2019.pdf\" class=\"mtli_attachment mtli_pdf\">5.1.5.Planificaci\u00f3n_Acciones_Preventivas_UNED_AulaMENORCA_cast 2019<\/a><\/span><\/h6>\n<h6><span style=\"color: #008000;\"><a style=\"color: #008000;\" href=\"https:\/\/uned-illesbalears.net\/wp-content\/uploads\/2020\/03\/5.1.5.Planificaci\u00f3n_Acciones_Preventivas_UNED_AulaIBIZA_cast-2019-v2.pdf\" class=\"mtli_attachment mtli_pdf\">5.1.5.Planificaci\u00f3n_Acciones_Preventivas_UNED_AulaIBIZA_cast 2019 v2<\/a><\/span><\/h6>\n<h6><span style=\"color: #008000;\"><a style=\"color: #008000;\" href=\"https:\/\/uned-illesbalears.net\/wp-content\/uploads\/2020\/03\/5.1.5.Evaluaci\u00f3n_Riesgos_Laborales_UNED_cast2019PM.pdf\" class=\"mtli_attachment mtli_pdf\">5.1.5.Evaluaci\u00f3n_Riesgos_Laborales_UNED_cast2019PM<\/a><\/span><\/h6>\n<h6><span style=\"color: #008000;\"><a style=\"color: #008000;\" href=\"https:\/\/uned-illesbalears.net\/wp-content\/uploads\/2020\/03\/5.1.5.Evaluaci\u00f3n_Riesgos_Laborales_UNED_cast2019MENORCA-V2.pdf\" class=\"mtli_attachment mtli_pdf\">5.1.5.Evaluaci\u00f3n_Riesgos_Laborales_UNED_cast2019MENORCA V2<\/a><\/span><\/h6>\n<h6><span style=\"color: #008000;\"><a style=\"color: #008000;\" href=\"https:\/\/uned-illesbalears.net\/wp-content\/uploads\/2020\/03\/5.1.5.Evaluaci\u00f3n_Riesgos_Laborales_UNED_cast2019-IBIZA-V2.pdf\" class=\"mtli_attachment mtli_pdf\">5.1.5.Evaluaci\u00f3n_Riesgos_Laborales_UNED_cast2019 IBIZA V2<\/a><\/span><\/h6>\n<h5>Curso 2018-2019<\/h5>\n<h6><span style=\"color: #008000;\"><a style=\"color: #008000;\" href=\"https:\/\/uned-illesbalears.net\/wp-content\/uploads\/2020\/03\/5.1.5.-MCPE-RiesgosLaboralesRedacci\u00f3nLesIllesBalears2018-2019.pdf\" class=\"mtli_attachment mtli_pdf\">5.1.5. MCPE RiesgosLaboralesRedacci\u00f3nLesIllesBalears2018-2019<\/a><\/span><\/h6>\n<h6><span style=\"color: #008000;\"><a style=\"color: #008000;\" href=\"https:\/\/uned-illesbalears.net\/wp-content\/uploads\/2020\/03\/5.1.5.Plan_Prevenci\u00f3n_Riesgos_Laborales_UNED_cast2018PM.pdf\" class=\"mtli_attachment mtli_pdf\">5.1.5.Plan_Prevenci\u00f3n_Riesgos_Laborales_UNED_cast2018PM<\/a><\/span><\/h6>\n<h6><span style=\"color: #008000;\"><a style=\"color: #008000;\" href=\"https:\/\/uned-illesbalears.net\/wp-content\/uploads\/2020\/03\/5.1.5.Planificaci\u00f3n_Acciones_Preventivas_PM_cast-2018.pdf\" class=\"mtli_attachment mtli_pdf\">5.1.5.Planificaci\u00f3n_Acciones_Preventivas_PM_cast 2018<\/a><\/span><\/h6>\n<h5>Curso 2017-2018<\/h5>\n<h6><span style=\"color: #008000;\"><a style=\"color: #008000;\" href=\"https:\/\/uned-illesbalears.net\/wp-content\/uploads\/2020\/03\/5.1.5.-MCPE-RiesgosLaboralesRedacci\u00f3nLesIllesBalears2017-2018.pdf\" class=\"mtli_attachment mtli_pdf\">5.1.5. MCPE RiesgosLaboralesRedacci\u00f3nLesIllesBalears2017-2018<\/a><\/span><\/h6>\n<h5>Curso 2016-2017<\/h5>\n<h6><span style=\"color: #008000;\"><a style=\"color: #008000;\" href=\"https:\/\/uned-illesbalears.net\/wp-content\/uploads\/2017\/01\/5.1.5.PLAN-DE-PREVENCI\u00d3N_DE_RIESGOS_LABORALES_UNED_CAST-2016-fcmF.pdf\" class=\"mtli_attachment mtli_pdf\">5.1.5.PlanPrevencionRiesgoLaboralesCAUNEDLesIllesBalears2016-2017<\/a><\/span><\/h6>\n<h6><span style=\"color: #008000;\"><a style=\"color: #008000;\" href=\"https:\/\/uned-illesbalears.net\/wp-content\/uploads\/2017\/01\/5.1.5.PLANIFICACI\u00d3N_DE_ACCIONES_PREVENTIVAS_PM_cast-2016-f.pdf\" class=\"mtli_attachment mtli_pdf\">5.1.5.PlanificacionAccionesPreventivasCAUNEDLesIllesBalears2016-2017<\/a><\/span><\/h6>\n<h6><span style=\"color: #008000;\"><a style=\"color: #008000;\" href=\"https:\/\/uned-illesbalears.net\/wp-content\/uploads\/2017\/01\/5.1.5.PLANIFICACI\u00d3N_DE_ACCIONES_PREVENTIVAS_MENORCA_cast-2016.pdf\" class=\"mtli_attachment mtli_pdf\">5.1.5.PlanificacionAccionesPreventivasUNEDAulaMenorca2016-2017<\/a><\/span><\/h6>\n<h6><span style=\"color: #008000;\"><a style=\"color: #008000;\" href=\"https:\/\/uned-illesbalears.net\/wp-content\/uploads\/2017\/01\/5.1.5.PLANIFICACI\u00d3N_DE_ACCIONES_PREVENTIVAS_ibiza_cast-2016.pdf\" class=\"mtli_attachment mtli_pdf\">5.1.5.PlanificacionAccionesPreventivasUNEDAulaIbiza2016-2017<\/a><\/span><\/h6>\n<h6><span style=\"color: #008000;\"><a style=\"color: #008000;\" href=\"https:\/\/uned-illesbalears.net\/wp-content\/uploads\/2017\/01\/5.1.5.EVALUACI\u00d3N_DE_RIESGOS_LABORALES_UNED_PM-2016-con-anexos-F.pdf\" class=\"mtli_attachment mtli_pdf\">5.1.5.EvaluacionRiesgosLaboralesCAUNEDIllesBalears2016-2017<\/a><\/span><\/h6>\n<h6><span style=\"color: #008000;\"><a style=\"color: #008000;\" href=\"https:\/\/uned-illesbalears.net\/wp-content\/uploads\/2017\/01\/5.1.5.EVALUACI\u00d3N_DE_RIESGOS_LABORALES_UNED_CAST-2016-MENORCA-f.pdf\" class=\"mtli_attachment mtli_pdf\">5.1.5.EvaluacionRiesgosLaboralesUNEDAulaMenorca2016-2017<\/a><\/span><\/h6>\n<h6><span style=\"color: #008000;\"><a style=\"color: #008000;\" href=\"https:\/\/uned-illesbalears.net\/wp-content\/uploads\/2017\/01\/5.1.5.EVALUACI\u00d3N_DE_RIESGOS_LABORALES_UNED_CAST-2016-IBIZA.pdf\" class=\"mtli_attachment mtli_pdf\">5.1.5.EvaluacionRiesgosLaboralesUNEDAulaIbiza2016-2017<\/a><\/span><\/h6>\n<h6><span style=\"color: #008000;\"><a style=\"color: #008000;\" href=\"https:\/\/uned-illesbalears.net\/wp-content\/uploads\/2017\/01\/5.1.5.ANEXOMODELOCOMUNICACI\u00d3NPREVENCI\u00d3N.doc\" class=\"mtli_attachment mtli_doc\">5.1.5.AnexoModeloComunicacionPrevencionCAUNEDLesIllesBalears<\/a><\/span><\/h6>\n<h6><span style=\"color: #008000;\"><a style=\"color: #008000;\" href=\"https:\/\/uned-illesbalears.net\/wp-content\/uploads\/2017\/01\/5.1.5.RegistroEntradaRenovaci\u00f3nPlanEmergenciasUnedLesIllesBalears.pdf\" class=\"mtli_attachment mtli_pdf\">5.1.5.RegistroEntradaRenovacionPlanEmergenciasCAUNEDLesIllesBalears2016-2017<\/a><\/span><\/h6>\n<h6><span style=\"color: #008000;\"><a style=\"color: #008000;\" href=\"https:\/\/uned-illesbalears.net\/wp-content\/uploads\/2017\/01\/5.1.5.informesimulacrojunio2016-F.pdf\" class=\"mtli_attachment mtli_pdf\">5.1.5.InformeSimulacroCAUNEDLesIllesBalearsjunio2016<\/a><\/span><\/h6>\n<h6><span style=\"color: #008000;\"><a style=\"color: #008000;\" href=\"https:\/\/uned-illesbalears.net\/wp-content\/uploads\/2017\/01\/5.1.5.OrientacionesRelaciaci\u00f3nSimulacroCAUNEDLesIllesBalears.pdf\" class=\"mtli_attachment mtli_pdf\">5.1.5.OrientacionesRelaciacionSimulacroCAUNEDLesIllesBalears<\/a><\/span><\/h6>\n<h6><span style=\"color: #008000;\"><a style=\"color: #008000;\" href=\"https:\/\/uned-illesbalears.net\/wp-content\/uploads\/2017\/01\/5.1.5.ParteAccidentesTrabajoCAUNEDLesIllesBalears.pdf\" class=\"mtli_attachment mtli_pdf\">5.1.5.ParteAccidentesTrabajoCAUNEDLesIllesBalears<\/a><\/span><\/h6>\n<p>&nbsp;<\/p>\n","protected":false},"excerpt":{"rendered":"<p>Curso 2020-2021 5.1.5. MCPE RiesgosLaboralesRedacci\u00f3n IllesBalears2021 5.1.5 Plan_Prevenci\u00f3n_Riesgos_Laborales_CA_UNED 2021PM 5.1.5 Plan_Prevenci\u00f3n_Riesgos_Laborales_CA_UNED 2021MENORCA 5.1.5 Plan_Prevenci\u00f3n_Riesgos_Laborales_CA_UNED 2021IBZ 5.1.5 Planificaci\u00f3n_Acciones_Preventivas_UNED_PM 2021 5.1.5 Planificaci\u00f3n_Acciones_Preventivas_UNED_AulaMENORCA 2021 5.1.5 Planificaci\u00f3n_Acciones_Preventivas_UNED_AulaIBIZA 2021 5.1.5 Evaluaci\u00f3n_Riesgos_Laborales_UNED_2021PM 5.1.5 Evaluaci\u00f3n_Riesgos_Laborales_UNED 2021 MENORCA 5.1.5 Evaluaci\u00f3n_Riesgos_Laborales_UNED 2021 IBIZA 5.1.5 Informe simulacro diciembre 2021 F Curso 2019-2020 5.1.5. MCPERiesgosLaboralesRedacci\u00f3n IllesBalears2020 c 5.1.5.Plan_Prevenci\u00f3n_Riesgos_Laborales_CA_UNED_cast2019PM 5.1.5.Plan_Prevenci\u00f3n_Riesgos_Laborales_CA_UNED_cast2019MENORCA 5.1.5.Plan_Prevenci\u00f3n_Riesgos_Laborales_CA_UNED_cast2019IBIZA 5.1.5.Planificaci\u00f3n_Acciones_Preventivas_UNEDAula_PM_cast 2019 5.1.5.Planificaci\u00f3n_Acciones_Preventivas_UNED_AulaMENORCA_cast 2019 5.1.5.Planificaci\u00f3n_Acciones_Preventivas_UNED_AulaIBIZA_cast 2019 [&hellip;]<\/p>\n","protected":false},"author":1,"featured_media":0,"parent":305,"menu_order":0,"comment_status":"closed","ping_status":"closed","template":"","meta":{"_acf_changed":false,"footnotes":""},"acf":[],"_links":{"self":[{"href":"https:\/\/uned-illesbalears.net\/ca\/wp-json\/wp\/v2\/pages\/56994"}],"collection":[{"href":"https:\/\/uned-illesbalears.net\/ca\/wp-json\/wp\/v2\/pages"}],"about":[{"href":"https:\/\/uned-illesbalears.net\/ca\/wp-json\/wp\/v2\/types\/page"}],"author":[{"embeddable":true,"href":"https:\/\/uned-illesbalears.net\/ca\/wp-json\/wp\/v2\/users\/1"}],"replies":[{"embeddable":true,"href":"https:\/\/uned-illesbalears.net\/ca\/wp-json\/wp\/v2\/comments?post=56994"}],"version-history":[{"count":6,"href":"https:\/\/uned-illesbalears.net\/ca\/wp-json\/wp\/v2\/pages\/56994\/revisions"}],"predecessor-version":[{"id":204418,"href":"https:\/\/uned-illesbalears.net\/ca\/wp-json\/wp\/v2\/pages\/56994\/revisions\/204418"}],"up":[{"embeddable":true,"href":"https:\/\/uned-illesbalears.net\/ca\/wp-json\/wp\/v2\/pages\/305"}],"wp:attachment":[{"href":"https:\/\/uned-illesbalears.net\/ca\/wp-json\/wp\/v2\/media?parent=56994"}],"curies":[{"name":"wp","href":"https:\/\/api.w.org\/{rel}","templated":true}]}}