{"id":50408,"date":"2016-10-30T13:56:45","date_gmt":"2016-10-30T11:56:45","guid":{"rendered":"https:\/\/uned-illesbalears.net\/?page_id=50408"},"modified":"2017-01-01T17:15:22","modified_gmt":"2017-01-01T15:15:22","slug":"patronat-caunedlesillesbalears-noviembre-2016","status":"publish","type":"page","link":"https:\/\/uned-illesbalears.net\/ca\/calidad\/patronat-caunedlesillesbalears-noviembre-2016\/","title":{"rendered":"PATRONAT CAUNEDLESILLESBALEARS NOVIEMBRE 2016"},"content":{"rendered":"<h6><span style=\"color: #008000;\">Acta Reuni\u00f3n de 20 de julio de 2016<\/span><\/h6>\n<h6><span style=\"color: #008000;\"><a style=\"color: #008000;\" href=\"https:\/\/uned-illesbalears.net\/wp-content\/uploads\/2016\/10\/Acta-Patronato200716.pdf\" class=\"mtli_attachment mtli_pdf\">ActaPatronato200716 (pendiente aprobaci\u00f3n)<\/a><\/span><\/h6>\n<h6><span style=\"color: #008000;\"><a style=\"color: #008000;\" href=\"https:\/\/uned-illesbalears.net\/wp-content\/uploads\/2016\/10\/Acta-Patronato200716cat.pdf\" class=\"mtli_attachment mtli_pdf\">ActaPatronato200716cat(pendent aprovaci\u00f3)<\/a><\/span><\/h6>\n<h6><span style=\"color: #008000;\">Estatutos aprobado Patronato 22-11-16<br \/>\n<\/span><\/h6>\n<ul>\n<li>\n<h6><span style=\"color: #008000;\"> <a style=\"color: #008000;\" href=\"https:\/\/uned-illesbalears.net\/wp-content\/uploads\/2016\/10\/EstatutosCAUNEDILLESBALEARSaprovado221116.pdf\" class=\"mtli_attachment mtli_pdf\">EstatutosCAUNEDIllesBalearsaprovado221116<\/a><\/span><\/h6>\n<\/li>\n<li>\n<h6><span style=\"color: #008000;\"><a style=\"color: #008000;\" href=\"https:\/\/uned-illesbalears.net\/wp-content\/uploads\/2016\/10\/EstatutosCAUNEDILLESBALEARSaprovado221116.doc\" class=\"mtli_attachment mtli_doc\">EstatutosCAUNEDIllesBalearsaprovado221116<\/a><\/span><\/h6>\n<\/li>\n<li>\n<h6><span style=\"color: #008000;\"><a style=\"color: #008000;\" href=\"https:\/\/uned-illesbalears.net\/wp-content\/uploads\/2014\/10\/Informe-no-duplicidad-Art.-7.4-LRBRL-Copia-certificada-UNED.pdf\" class=\"mtli_attachment mtli_pdf\">Informe-no-duplicidad-art-7-4-lrbrl-copia-certificada-uned<\/a><\/span><\/h6>\n<\/li>\n<li>\n<h6><span style=\"color: #008000;\"><a style=\"color: #008000;\" href=\"https:\/\/uned-illesbalears.net\/wp-content\/uploads\/2014\/10\/5.0-env\u00edo-desde-el-MECyD-del-ESCRITO-ART.-7.4.-DE-LBRL.pdf\" class=\"mtli_attachment mtli_pdf\">MECDdel-escrito-art-7-4-de-lbrl<\/a><\/span><\/h6>\n<\/li>\n<li>\n<h6><span style=\"color: #008000;\"><a style=\"color: #008000;\" href=\"https:\/\/uned-illesbalears.net\/wp-content\/uploads\/2014\/10\/doc10099420160727101506.pdf\" class=\"mtli_attachment mtli_pdf\">NotaInformativaMECD<\/a><\/span><\/h6>\n<\/li>\n<\/ul>\n<h6><span style=\"color: #008000;\">Documentaci\u00f3n Programa de Calidad del Centro<\/span><\/h6>\n<ul>\n<li>\n<h6><a href=\"https:\/\/uned-illesbalears.net\/calidad\/informes-programa-calidad\/\"><span style=\"color: #008000;\">Informes programa de calidad Curso 2015-2016<\/span><\/a><\/h6>\n<\/li>\n<li>\n<h6><span style=\"color: #008000;\"><a style=\"color: #008000;\" href=\"https:\/\/uned-illesbalears.net\/calidad\/programa-calidad-ca-uned-illes-balears-directrices-2016-2017\/\">Directrices Curso 2016-2017<\/a><\/span><\/h6>\n<\/li>\n<li>\n<h6><span style=\"color: #008000;\"><a style=\"color: #008000;\" href=\"https:\/\/uned-illesbalears.net\/calidad\/programa-calidad-ca-uned-illes-balears-planes-2016-2017\/\">Plan de Gesti\u00f3n y Planes de \u00c1rea del Curso 2016-2017<\/a><\/span><\/h6>\n<\/li>\n<li>\n<h6><span style=\"color: #008000;\"><a style=\"color: #008000;\" href=\"https:\/\/uned-illesbalears.net\/wp-content\/uploads\/2013\/08\/3.2.3.CartaDeServiciosLesIllesBalearsEd6V2-oct2016-1.pdf\" class=\"mtli_attachment mtli_pdf\">Carta de Servicios Curso 2016-2017<\/a><\/span><\/h6>\n<\/li>\n<li>\n<h6><span style=\"color: #008000;\"><a style=\"color: #008000;\" href=\"https:\/\/uned-illesbalears.net\/calidad\/memorias-academicas\/\">Memorias Acad\u00e9mica y COIE<\/a><\/span><\/h6>\n<\/li>\n<\/ul>\n<h6><span style=\"color: #008000;\"><a style=\"color: #008000;\" href=\"https:\/\/uned-illesbalears.net\/calidad\/datos-economicos\/\">Presupuesto Ejercicio econ\u00f3mico 2017<\/a><\/span><\/h6>\n<h6><span style=\"color: #008000;\"><a style=\"color: #008000;\" href=\"https:\/\/uned-illesbalears.net\/Director\/DossierPatronato22-11-2016.pdf\" class=\"mtli_attachment mtli_pdf\">Dossier Patronato 22 de noviembre de 2016<\/a><\/span><\/h6>\n<p>&nbsp;<\/p>\n","protected":false},"excerpt":{"rendered":"<p>Acta Reuni\u00f3n de 20 de julio de 2016 ActaPatronato200716 (pendiente aprobaci\u00f3n) ActaPatronato200716cat(pendent aprovaci\u00f3) Estatutos aprobado Patronato 22-11-16 EstatutosCAUNEDIllesBalearsaprovado221116 EstatutosCAUNEDIllesBalearsaprovado221116 Informe-no-duplicidad-art-7-4-lrbrl-copia-certificada-uned MECDdel-escrito-art-7-4-de-lbrl NotaInformativaMECD Documentaci\u00f3n Programa de Calidad del Centro Informes programa de calidad Curso 2015-2016 Directrices Curso 2016-2017 Plan de Gesti\u00f3n y Planes de \u00c1rea del Curso 2016-2017 Carta de Servicios Curso 2016-2017 Memorias Acad\u00e9mica y [&hellip;]<\/p>\n","protected":false},"author":1,"featured_media":0,"parent":305,"menu_order":0,"comment_status":"closed","ping_status":"closed","template":"","meta":{"_acf_changed":false,"footnotes":""},"acf":[],"_links":{"self":[{"href":"https:\/\/uned-illesbalears.net\/ca\/wp-json\/wp\/v2\/pages\/50408"}],"collection":[{"href":"https:\/\/uned-illesbalears.net\/ca\/wp-json\/wp\/v2\/pages"}],"about":[{"href":"https:\/\/uned-illesbalears.net\/ca\/wp-json\/wp\/v2\/types\/page"}],"author":[{"embeddable":true,"href":"https:\/\/uned-illesbalears.net\/ca\/wp-json\/wp\/v2\/users\/1"}],"replies":[{"embeddable":true,"href":"https:\/\/uned-illesbalears.net\/ca\/wp-json\/wp\/v2\/comments?post=50408"}],"version-history":[{"count":0,"href":"https:\/\/uned-illesbalears.net\/ca\/wp-json\/wp\/v2\/pages\/50408\/revisions"}],"up":[{"embeddable":true,"href":"https:\/\/uned-illesbalears.net\/ca\/wp-json\/wp\/v2\/pages\/305"}],"wp:attachment":[{"href":"https:\/\/uned-illesbalears.net\/ca\/wp-json\/wp\/v2\/media?parent=50408"}],"curies":[{"name":"wp","href":"https:\/\/api.w.org\/{rel}","templated":true}]}}