{"id":45596,"date":"2016-09-19T22:19:58","date_gmt":"2016-09-19T22:19:58","guid":{"rendered":"https:\/\/uned-illesbalears.net\/?page_id=45596"},"modified":"2017-04-16T22:44:24","modified_gmt":"2017-04-16T20:44:24","slug":"programa-calidad-ca-uned-illes-balears-planes-2016-2017","status":"publish","type":"page","link":"https:\/\/uned-illesbalears.net\/ca\/calidad\/programa-calidad-ca-uned-illes-balears-planes-2016-2017\/","title":{"rendered":"Programa Calidad CA UNED Illes Balears: Planes 2016-2017"},"content":{"rendered":"<h6><span style=\"color: #008000;\"><a style=\"color: #008000;\" href=\"https:\/\/uned-illesbalears.net\/wp-content\/uploads\/2016\/09\/1.1.1.-Misi\u00f3n-LesIllesBalears2016-2017V2.pdf\" class=\"mtli_attachment mtli_pdf\">1.1.1.Mision-lesillesbalears2016-2017v2<\/a><\/span><\/h6>\n<h6><span style=\"color: #008000;\"><a style=\"color: #008000;\" href=\"https:\/\/uned-illesbalears.net\/wp-content\/uploads\/2016\/09\/1.1.1.-Valores-LesIllesBalears2016-2017.pdf\" class=\"mtli_attachment mtli_pdf\">1.1.1.ValoresLesillesbalears2016-2017<\/a><\/span><\/h6>\n<h6><span style=\"color: #008000;\"><a style=\"color: #008000;\" href=\"https:\/\/uned-illesbalears.net\/wp-content\/uploads\/2016\/09\/1.1.1.-Grupos-de-inter\u00e9s-y-expectativas-2016-2017V2.pdf\" class=\"mtli_attachment mtli_pdf\">1.1.1. GruposInter\u00e9sExpectativasLesIllesBalears 2016-2017V2<\/a><\/span><\/h6>\n<h6><span style=\"color: #008000;\"><a style=\"color: #008000;\" href=\"https:\/\/uned-illesbalears.net\/wp-content\/uploads\/2016\/09\/1.1.1.-Pol\u00edtica-de-calidadLesIllesBalears2016-2017.pdf\" class=\"mtli_attachment mtli_pdf\">1.1.1.PoliticaCalidadLesillesbalears2016-2017<\/a><\/span><\/h6>\n<h6><span style=\"color: #008000;\"><a style=\"color: #008000;\" href=\"https:\/\/uned-illesbalears.net\/wp-content\/uploads\/2016\/09\/1.1.1.-RCDI-Control-de-ubicaci\u00f3n-de-Misi\u00f3n-y-ValoresLesIllesBalears2016-2017.pdf\" class=\"mtli_attachment mtli_pdf\">1.1.1.RCDIControlubicaci\u00f3nMyVLesillesbalears2016-2017<\/a><\/span><\/h6>\n<h6><span style=\"color: #008000;\"><a style=\"color: #008000;\" href=\"https:\/\/uned-illesbalears.net\/wp-content\/uploads\/2016\/09\/1.1.1.ControldeubicacionLesIllesBalears2016-2017V2.pdf\" class=\"mtli_attachment mtli_pdf\">1.1.1.AnexoRCDIControlubicacionLesillesbalears2016-2017v2<\/a><\/span><\/h6>\n<h6><span style=\"color: #008000;\"><a style=\"color: #008000;\" href=\"https:\/\/uned-illesbalears.net\/wp-content\/uploads\/2016\/09\/1.1.1RCDI.Estrategiadirecci\u00f3nLesIllesbalears2016-2017.pdf\" class=\"mtli_attachment mtli_pdf\">1.1.1.RCDI-EstrategiaDireccionLesillesbalears2016-2017<\/a><\/span><\/h6>\n<h6><span style=\"color: #008000;\"><a style=\"color: #008000;\" href=\"https:\/\/uned-illesbalears.net\/wp-content\/uploads\/2016\/09\/1.1.1.-RCDI-DAFOLesIllesBalears2016-2017.pdf\" class=\"mtli_attachment mtli_pdf\">1.1.1.RCDIDafoLesillesbalears2016-2017<\/a><\/span><\/h6>\n<h6><span style=\"color: #008000;\"><a style=\"color: #008000;\" href=\"https:\/\/uned-illesbalears.net\/wp-content\/uploads\/2016\/09\/1.1.1.-RCDI-Mapa-estrat\u00e9gico-y-Visi\u00f3nLesIllesBalears2016-2017.pdf\" class=\"mtli_attachment mtli_pdf\">1.1.1.RCDIMapaEstrategicoVisi\u00f3nLesillesbalears2016-2017<\/a><\/span><\/h6>\n<h6><span style=\"color: #008000;\"><a style=\"color: #008000;\" href=\"https:\/\/uned-illesbalears.net\/wp-content\/uploads\/2014\/09\/1.1.1.-RCDI.ProcesosClaveFactoresCriticosLesIllesBalearsdiciembre2016-2017.pdf\" class=\"mtli_attachment mtli_pdf\">1.1.1.RCDI.ProcesosClaveFactoresCriticosLesIllesBalearsdiciembre2016-2017<\/a><\/span><\/h6>\n<h6><span style=\"color: #008000;\"><a style=\"color: #008000;\" href=\"https:\/\/uned-illesbalears.net\/wp-content\/uploads\/2016\/09\/1.1.1.-RCDI-FC.ExitoRiesgoLesIllesBalears-2016-17Febrero-V3.pdf\" class=\"mtli_attachment mtli_pdf\">1.1.1. RCDI FC.ExitoRiesgoLesIllesBalears 2016-17V3<\/a><\/span><\/h6>\n<h6><span style=\"color: #008000;\"><a style=\"color: #008000;\" href=\"https:\/\/uned-illesbalears.net\/wp-content\/uploads\/2016\/09\/1.1.1.Estrategia-RCDI-Gu\u00eda-an\u00e1lisis-estrat\u00e9gicoLesIllesBalears2016-2017.pdf\" class=\"mtli_attachment mtli_pdf\">1.1.1.RCDIEstrategiaGuiaAnalisisEstrat\u00e9gicoLesillesbalears2016-2017<\/a><\/span><\/h6>\n<h6><span style=\"color: #008000;\"><a style=\"color: #008000;\" href=\"https:\/\/uned-illesbalears.net\/wp-content\/uploads\/2016\/09\/1.1.1.ICDI-Informaci\u00f3nGI2016-2017.pdf\" class=\"mtli_attachment mtli_pdf\">1.1.1.RCDIInformacionGILesIllesbalears2016-2017<\/a><\/span><\/h6>\n<h6><span style=\"color: #008000;\"><a style=\"color: #008000;\" href=\"https:\/\/uned-illesbalears.net\/wp-content\/uploads\/2014\/09\/1.1.2.PCDI_.PlangestionLesillesbalears2016-2017E.pdf\" class=\"mtli_attachment mtli_pdf\">1.1.2.PCDI.PlangestionLesillesbalears2016-2017E<\/a><\/span><\/h6>\n<h6><span style=\"color: #008000;\"><a style=\"color: #008000;\" href=\"https:\/\/uned-illesbalears.net\/wp-content\/uploads\/2016\/09\/1.1.2.-PCDI-Plan-contingencias-2016-2017.pdf\" class=\"mtli_attachment mtli_pdf\">1.1.2. PCDI Plan contingencias 2016-2017<\/a><\/span><\/h6>\n<h6><span style=\"color: #008000;\"><a style=\"color: #008000;\" href=\"https:\/\/uned-illesbalears.net\/Director\/MemoriaAnualLesIllesBalears2015-2016.pdf\" class=\"mtli_attachment mtli_pdf\">1.1.2.MemoriaAnualLesIllesBalears2015-2016<\/a><\/span><\/h6>\n<h6><span style=\"color: #008000;\"><a style=\"color: #008000;\" href=\"https:\/\/uned-illesbalears.net\/wp-content\/uploads\/2016\/09\/1.1.3.-PLDI-PlanMejoraLiderazgoLesIllesBalears2016-2017.pdf\" class=\"mtli_attachment mtli_pdf\">1.1.3.PLDIPlanMejoraLiderazgoLesillesbalears2016-2017<\/a><\/span><\/h6>\n<h6><span style=\"color: #008000;\"><a style=\"color: #008000;\" href=\"https:\/\/uned-illesbalears.net\/wp-content\/uploads\/2016\/09\/1.1.4-ISDI-Gu\u00eda-interna-de-sostenibilidad-medioambiental-2016-2017-1.pdf\" class=\"mtli_attachment mtli_pdf\">1.1.4.ISDI.GuiaInternaSostenibilidadMedioambiental-2016-2017<\/a><\/span><\/h6>\n<h6><span style=\"color: #008000;\"><a style=\"color: #008000;\" href=\"https:\/\/uned-illesbalears.net\/wp-content\/uploads\/2016\/09\/1.2.1.PlanRegistrodifusi\u00f3nmatr\u00edculacurso2016-2017.pdf\" class=\"mtli_attachment mtli_pdf\">1.2.1.PCDIPlanRegistroDifusionMatriculaLesIllesbalears2016-2017<\/a><\/span><\/h6>\n<h6><span style=\"color: #008000;\"><a style=\"color: #008000;\" href=\"https:\/\/uned-illesbalears.net\/wp-content\/uploads\/2016\/09\/1.2.3.-ICDIReunionesPatronatoLesIllesBalears2016-2017.pdf\" class=\"mtli_attachment mtli_pdf\">1.2.3.ICDI-ReunionesPatronatoLesillesbalears2016-2017<\/a><\/span><\/h6>\n<h6><span style=\"color: #008000;\"><a style=\"color: #008000;\" href=\"https:\/\/uned-illesbalears.net\/wp-content\/uploads\/2016\/09\/2.1.1.-MCCL.Sistema-de-apoyo-o-tutelaje-a-la-matriculaci\u00f3nV2Marzo2017.pdf\" class=\"mtli_attachment mtli_pdf\">2.1.1. MCCL.Sistema de apoyo o tutelaje a la matriculaci\u00f3nLesIllesBalears2016-2017V2<\/a><\/span><\/h6>\n<h6><span style=\"color: #008000;\"><a style=\"color: #008000;\" href=\"https:\/\/uned-illesbalears.net\/wp-content\/uploads\/2016\/09\/2.1.2.MemoriaPlanAcogidaCALesIllesBalears2015-2016.pdf\" class=\"mtli_attachment mtli_pdf\">2.1.2.MemoriaPlanAcogidacaLesillesbalears2015-2016<\/a><\/span><\/h6>\n<h6><span style=\"color: #008000;\"><a style=\"color: #008000;\" href=\"https:\/\/uned-illesbalears.net\/wp-content\/uploads\/2016\/09\/2.1.2.-MCCL-Sistema-de-acogida-a-nuevos-estudiantesV2Marzo2017.pdf\" class=\"mtli_attachment mtli_pdf\">2.1.2. MCCL SistemaAcogidaNuevosEstudiantesLesIllesBalears2016-2017V2<\/a><\/span><\/h6>\n<h6><span style=\"color: #008000;\"><a style=\"color: #008000;\" href=\"https:\/\/uned-illesbalears.net\/wp-content\/uploads\/2016\/09\/2.1.3.-MCCL.Sistema-y-o-plan-de-informaci\u00f3n-al-estudianteV2.pdf\" class=\"mtli_attachment mtli_pdf\">2.1.3. MCCL.Sistema y-o PlanInformaci\u00f3nEstudianteLesIllesBalears2016-2017V2<\/a><\/span><\/h6>\n<h6><span style=\"color: #008000;\"><a style=\"color: #008000;\" href=\"https:\/\/uned-illesbalears.net\/wp-content\/uploads\/2013\/08\/2.1.4.PlanmejoraestudiantesLesIllesBalears2016-2017.pdf\" class=\"mtli_attachment mtli_pdf\">2.1.4.PCCL.PlanMejoraEstudiantesLesIllesBalears2016-2017<\/a><\/span><\/h6>\n<h6><span style=\"color: #008000;\"><a style=\"color: #008000;\" href=\"https:\/\/uned-illesbalears.net\/wp-content\/uploads\/2016\/09\/2.2.1.-MCCL-Sistema-de-tutor\u00eda-docente-establecido-por-la-UNEDPATV2Marzo2017.pdf\" class=\"mtli_attachment mtli_pdf\">2.2.1. MCCL SistemaTutor\u00edaDocenteEstablecidoUNEDPATLesIllesBalears2016-2017V2<\/a><\/span><\/h6>\n<h6><span style=\"color: #008000;\"><a style=\"color: #008000;\" href=\"https:\/\/uned-illesbalears.net\/wp-content\/uploads\/2016\/09\/2.2.1.-MCCL-SistemaControlCorreccionesPECsV.2Marzo2017.pdf\" class=\"mtli_attachment mtli_pdf\">2.2.1. MCCL SistemaControlCorreccionesPECsLesIllesBalears2016-2017V2<\/a><\/span><\/h6>\n<h6><span style=\"color: #008000;\"><a style=\"color: #008000;\" href=\"https:\/\/uned-illesbalears.net\/wp-content\/uploads\/2016\/09\/2.2.2.-MCCL-Sistema-o-proceso-de-gesti\u00f3n-de-pr\u00e1cticas-acad\u00e9micas-externa-v.1-Marzo-17.pdf\" class=\"mtli_attachment mtli_pdf\">2.2.2. MCCL SistemaoProcesoGesti\u00f3nPr\u00e1cticasAcad\u00e9micasExternaLesIllesBalears2016-2017 V1<\/a><\/span><\/h6>\n<h6><span style=\"color: #008000;\"><a style=\"color: #008000;\" href=\"https:\/\/uned-illesbalears.net\/wp-content\/uploads\/2016\/09\/2.3.1.-MCCL-Sistema-de-gesti\u00f3n-y-orientaci\u00f3n-al-empleoV1Marzo2017.pdf\" class=\"mtli_attachment mtli_pdf\">2.3.1. MCCL SistemaGesti\u00f3nOrientaci\u00f3nEmpleoLesIllesBalears2016-2017V1<\/a><\/span><\/h6>\n<h6><span style=\"color: #008000;\"><a style=\"color: #008000;\" href=\"https:\/\/uned-illesbalears.net\/wp-content\/uploads\/2016\/09\/2.4.1.PlanExtensi\u00f3nUniversitariaLesIllesBalears2016-2017.pdf\" class=\"mtli_attachment mtli_pdf\">2.4.1.PCCL.PlanExtensionUniversitariaLesillesbalears2016-2017<\/a><\/span><\/h6>\n<h6><span style=\"color: #008000;\"><a style=\"color: #008000;\" href=\"https:\/\/uned-illesbalears.net\/wp-content\/uploads\/2016\/09\/3.1.1.PCGE-PlanacademincodocenteLesIllesBalears2016-2017.pdf\" class=\"mtli_attachment mtli_pdf\">3.1.1.PCGE-PlanAcademincoDocenteLesillesbalears2016-2017<\/a><\/span><\/h6>\n<h6><span style=\"color: #008000;\"><a style=\"color: #008000;\" href=\"https:\/\/uned-illesbalears.net\/wp-content\/uploads\/2016\/09\/3.1.1.-MCGE-SistemacambiosrecuperacioensLesIllesBalears2016-2017.pdf\" class=\"mtli_attachment mtli_pdf\">3.1.1.MCGE-SistemaCambiosRecuperacioensLesillesbalears2016-2017<\/a><\/span><\/h6>\n<h6><span style=\"color: #008000;\"><a style=\"color: #008000;\" href=\"https:\/\/uned-illesbalears.net\/wp-content\/uploads\/2016\/09\/3.2.1.MapaProcesosLesIllesBalearsFebrero2017.pdf\" class=\"mtli_attachment mtli_pdf\">3.2.1.MapaProcesosLesIllesBalears2016-2017V2<\/a><\/span><\/h6>\n<h6><span style=\"color: #008000;\"><a style=\"color: #008000;\" href=\"https:\/\/uned-illesbalears.net\/wp-content\/uploads\/2016\/09\/3.2.1.TablaPropietariosProcesosLesIllesBalears2016-2017.pdf\" class=\"mtli_attachment mtli_pdf\">3.2.1.TablaPropietariosProcesosLesillesbalears2016-2017<\/a><\/span><\/h6>\n<h6><span style=\"color: #008000;\"><a style=\"color: #008000;\" href=\"https:\/\/uned-illesbalears.net\/wp-content\/uploads\/2016\/09\/3.2.1.-ICGE-ModelopautasRedaccionDocumentacionLesIllesBalearsV2.2016-2017.pdf\" class=\"mtli_attachment mtli_pdf\">3.2.1. ICGE ModelopautasRedaccionDocumentacionLesIllesBalearsV2.2016-2017<\/a><\/span><\/h6>\n<h6><span style=\"color: #008000;\"><a style=\"color: #008000;\" href=\"https:\/\/uned-illesbalears.net\/wp-content\/uploads\/2016\/09\/3.2.1.RCGE_.ObjetivosGestionDocumentalLesIllesBalears2016-2017.pdf\" class=\"mtli_attachment mtli_pdf\">3.2.1.RCGE-ObjetivosGestionDocumentalLesillesbalears2016-2017<\/a><\/span><\/h6>\n<h6><span style=\"color: #008000;\"><a style=\"color: #008000;\" href=\"https:\/\/uned-illesbalears.net\/wp-content\/uploads\/2016\/09\/3.2.3.CartaDeServiciosLesIllesBalearsEd6V2-2016.pdf\" class=\"mtli_attachment mtli_pdf\">3.2.3.CartaDeServiciosLesIllesBalearsEd6V2-2016<\/a><\/span><\/h6>\n<h6><span style=\"color: #008000;\"><a style=\"color: #008000;\" href=\"https:\/\/uned-illesbalears.net\/wp-content\/uploads\/2016\/09\/3.2.3.RCGE-PCGE-PlanRegistroRevisi\u00f3nDirecci\u00f3nLesIllesBalearssept2016-2017.pdf\" class=\"mtli_attachment mtli_pdf\">3.2.3.RCGE-PCGE-PlanRegistroRevisionDireccionLesillesbalearssept2016-2017<\/a><\/span><\/h6>\n<h6><span style=\"color: #008000;\"><a style=\"color: #008000;\" href=\"https:\/\/uned-illesbalears.net\/wp-content\/uploads\/2016\/09\/3.2.3.Autoevaluaci\u00f3nPLMjulio2016.pdf\" class=\"mtli_attachment mtli_pdf\">3.2.3.PCGE-AutoevaluacionPLMLesIllesbalearsjulio2016<\/a><\/span><\/h6>\n<h6><span style=\"color: #008000;\"><a style=\"color: #008000;\" href=\"https:\/\/uned-illesbalears.net\/wp-content\/uploads\/2016\/09\/3.3.1.PCGE_.PlanTecnol\u00f3gicoLesillesbalears2016-2017V2.pdf\" class=\"mtli_attachment mtli_pdf\">3.3.1.PCGE.PlanTecnol\u00f3gicoLesillesBalears2016-2017V2<\/a><\/span><\/h6>\n<h6><span style=\"color: #008000;\"><a style=\"color: #008000;\" href=\"https:\/\/uned-illesbalears.net\/wp-content\/uploads\/2016\/09\/4.2.1.PCSO-PlanGestionBibliotecaLesIllesBalears2016-2017.pdf\" class=\"mtli_attachment mtli_pdf\">4.2.1.PCSO-PlanGestionBibliotecaLesillesbalears2016-2017<\/a><\/span><\/h6>\n<h6><span style=\"color: #008000;\"><a style=\"color: #008000;\" href=\"https:\/\/uned-illesbalears.net\/wp-content\/uploads\/2016\/09\/5.1.1.MCPE-SistemaGestionPersonasLesIllesBalear2016-2017.pdf\" class=\"mtli_attachment mtli_pdf\">5.1.1.MCPE-SistemaGestionPersonasLesillesbalear2016-2017<\/a><\/span><\/h6>\n<h6><span style=\"color: #008000;\"><a style=\"color: #008000;\" href=\"https:\/\/uned-illesbalears.net\/wp-content\/uploads\/2016\/09\/5.1.1.ICPE-IntegracionvaloresLesIllesBalears2016-2017-F.pdf\" class=\"mtli_attachment mtli_pdf\">5.1.1.ICPE-IntegracionValoresLesillesbalears2016-2017<\/a><\/span><\/h6>\n<h6><span style=\"color: #008000;\"><a style=\"color: #008000;\" href=\"https:\/\/uned-illesbalears.net\/wp-content\/uploads\/2016\/09\/5.1.2.OrganigramaLesIllesbalears2016-2017.pdf\" class=\"mtli_attachment mtli_pdf\">5.1.2.OrganigramaLesillesbalears2016-2017<\/a><\/span><\/h6>\n<h6><span style=\"color: #008000;\"><a style=\"color: #008000;\" href=\"https:\/\/uned-illesbalears.net\/wp-content\/uploads\/2016\/09\/5.1.2.-Modelo-de-definici\u00f3n-de-puestos-de-trabajoV2.pdf\" class=\"mtli_attachment mtli_pdf\">5.1.2. ModeloDefinici\u00f3nPuestosTrabajoLesIllesBalears2016-2017V2<\/a><\/span><\/h6>\n<h6><span style=\"color: #008000;\"><a style=\"color: #008000;\" href=\"https:\/\/uned-illesbalears.net\/wp-content\/uploads\/2016\/09\/5.1.2.-Puestosdetrabajodl-PASdefinidos.pdf\" class=\"mtli_attachment mtli_pdf\">5.1.2.PuestosTrabajodoPASdefinidos2016-2017<\/a><\/span><\/h6>\n<h6><span style=\"color: #008000;\"><a style=\"color: #008000;\" href=\"https:\/\/uned-illesbalears.net\/wp-content\/uploads\/2016\/09\/5.1.3.-MCPE-Sistema-de-selecci\u00f3n-de-PT-sustitutosLesIllesbalears2016-2017.pdf\" class=\"mtli_attachment mtli_pdf\">5.1.3.MCPE-SistemaSeleccionPTsustitutosLesillesbalears2016-2017<\/a><\/span><\/h6>\n<h6><span style=\"color: #008000;\"><a style=\"color: #008000;\" href=\"https:\/\/uned-illesbalears.net\/wp-content\/uploads\/2016\/09\/5.2.1.-PLPE-PlanmejorapesonasLesIllesBalears2016-2017.pdf\" class=\"mtli_attachment mtli_pdf\">5.2.1.PLPE-PlanMejoraPersonasLesillesbalears2016-2017<\/a><\/span><\/h6>\n<h6><span style=\"color: #008000;\"><a style=\"color: #008000;\" href=\"https:\/\/uned-illesbalears.net\/wp-content\/uploads\/2016\/09\/5.2.1.-RCPE-PlanificacionReunionessinstitucionalesLesIllesBalears2016-2017.pdf\" class=\"mtli_attachment mtli_pdf\">5.2.1.RCPE-PlanificacionReunionessInstitucionalesLesillesbalears2016-2017<\/a><\/span><\/h6>\n<h6><span style=\"color: #008000;\"><a style=\"color: #008000;\" href=\"https:\/\/uned-illesbalears.net\/wp-content\/uploads\/2016\/09\/5.2.2.-MCPE-Sistema-de-Comunicaci\u00f3n-interna-2016-2017.pdf\" class=\"mtli_attachment mtli_pdf\">5.2.2.MCPE-SistemaComunicacionInterna2016-2017<\/a><\/span><\/h6>\n<h6><span style=\"color: #008000;\"><a style=\"color: #008000;\" href=\"https:\/\/uned-illesbalears.net\/wp-content\/uploads\/2016\/09\/5.3.1.-RCPE-CriteriosPFormacionLesIllesBalears2016-2017.pdf\" class=\"mtli_attachment mtli_pdf\">5.3.1.RCPE-CriteriosPlanFormacionLesillesbalears2016-2017<\/a><\/span><\/h6>\n<h6><span style=\"color: #008000;\"><a style=\"color: #008000;\" href=\"https:\/\/uned-illesbalears.net\/wp-content\/uploads\/2016\/09\/5.3.1-RCPE-Evaluaci\u00f3nimpactoformaci\u00f3nrealizadaLesIllesBalears2016-2017.pdf\" class=\"mtli_attachment mtli_pdf\">5.3.1.RCPE-EvaluacionImpactoFormacionRealizadaLesillesbalears2016-2017<\/a><\/span><\/h6>\n<h6><span style=\"color: #008000;\"><a style=\"color: #008000;\" href=\"https:\/\/uned-illesbalears.net\/wp-content\/uploads\/2016\/09\/5.3.1.Plandeformaci\u00f3nLesIllesBalears2016-2017Noviembre2016.pdf\" class=\"mtli_attachment mtli_pdf\">5.3.1.Plandeformaci\u00f3nLesIllesBalears2016-2017Noviembre2016<\/a><\/span><\/h6>\n<h6><span style=\"color: #008000;\"><a style=\"color: #008000;\" href=\"https:\/\/uned-illesbalears.net\/wp-content\/uploads\/2016\/09\/5.3.1.-MCPE-PerfilTutorLesIllesBalears2016-2017.pdf\" class=\"mtli_attachment mtli_pdf\">5.3.1.MCPE-PerfilTutorLesillesbalears2016-2017<\/a><\/span><\/h6>\n<h6><span style=\"color: #008000;\"><a style=\"color: #008000;\" href=\"https:\/\/uned-illesbalears.net\/wp-content\/uploads\/2016\/09\/5.3.2.-MCPE-Sistema-de-autoevaluaci\u00f3ndocenteLesIllesBalears2016-2017.pdf\" class=\"mtli_attachment mtli_pdf\">5.3.2.MCPE-SistemaAutoevaluacionDocenteLesillesbalears2016-2017<\/a><\/span><\/h6>\n<h6><\/h6>\n<p>&nbsp;<\/p>\n<p>&nbsp;<\/p>\n<p>&nbsp;<\/p>\n<p>&nbsp;<\/p>\n<p>&nbsp;<\/p>\n<p>&nbsp;<\/p>\n<p>&nbsp;<\/p>\n<p>&nbsp;<\/p>\n<p>&nbsp;<\/p>\n<p>&nbsp;<\/p>\n<p>&nbsp;<\/p>\n<p>&nbsp;<\/p>\n<p>&nbsp;<\/p>\n","protected":false},"excerpt":{"rendered":"<p>1.1.1.Mision-lesillesbalears2016-2017v2 1.1.1.ValoresLesillesbalears2016-2017 1.1.1. GruposInter\u00e9sExpectativasLesIllesBalears 2016-2017V2 1.1.1.PoliticaCalidadLesillesbalears2016-2017 1.1.1.RCDIControlubicaci\u00f3nMyVLesillesbalears2016-2017 1.1.1.AnexoRCDIControlubicacionLesillesbalears2016-2017v2 1.1.1.RCDI-EstrategiaDireccionLesillesbalears2016-2017 1.1.1.RCDIDafoLesillesbalears2016-2017 1.1.1.RCDIMapaEstrategicoVisi\u00f3nLesillesbalears2016-2017 1.1.1.RCDI.ProcesosClaveFactoresCriticosLesIllesBalearsdiciembre2016-2017 1.1.1. RCDI FC.ExitoRiesgoLesIllesBalears 2016-17V3 1.1.1.RCDIEstrategiaGuiaAnalisisEstrat\u00e9gicoLesillesbalears2016-2017 1.1.1.RCDIInformacionGILesIllesbalears2016-2017 1.1.2.PCDI.PlangestionLesillesbalears2016-2017E 1.1.2. PCDI Plan contingencias 2016-2017 1.1.2.MemoriaAnualLesIllesBalears2015-2016 1.1.3.PLDIPlanMejoraLiderazgoLesillesbalears2016-2017 1.1.4.ISDI.GuiaInternaSostenibilidadMedioambiental-2016-2017 1.2.1.PCDIPlanRegistroDifusionMatriculaLesIllesbalears2016-2017 1.2.3.ICDI-ReunionesPatronatoLesillesbalears2016-2017 2.1.1. MCCL.Sistema de apoyo o tutelaje a la matriculaci\u00f3nLesIllesBalears2016-2017V2 2.1.2.MemoriaPlanAcogidacaLesillesbalears2015-2016 2.1.2. MCCL SistemaAcogidaNuevosEstudiantesLesIllesBalears2016-2017V2 2.1.3. MCCL.Sistema y-o PlanInformaci\u00f3nEstudianteLesIllesBalears2016-2017V2 2.1.4.PCCL.PlanMejoraEstudiantesLesIllesBalears2016-2017 2.2.1. MCCL SistemaTutor\u00edaDocenteEstablecidoUNEDPATLesIllesBalears2016-2017V2 2.2.1. MCCL SistemaControlCorreccionesPECsLesIllesBalears2016-2017V2 2.2.2. MCCL [&hellip;]<\/p>\n","protected":false},"author":1,"featured_media":0,"parent":305,"menu_order":0,"comment_status":"closed","ping_status":"closed","template":"","meta":{"_acf_changed":false,"footnotes":""},"acf":[],"_links":{"self":[{"href":"https:\/\/uned-illesbalears.net\/ca\/wp-json\/wp\/v2\/pages\/45596"}],"collection":[{"href":"https:\/\/uned-illesbalears.net\/ca\/wp-json\/wp\/v2\/pages"}],"about":[{"href":"https:\/\/uned-illesbalears.net\/ca\/wp-json\/wp\/v2\/types\/page"}],"author":[{"embeddable":true,"href":"https:\/\/uned-illesbalears.net\/ca\/wp-json\/wp\/v2\/users\/1"}],"replies":[{"embeddable":true,"href":"https:\/\/uned-illesbalears.net\/ca\/wp-json\/wp\/v2\/comments?post=45596"}],"version-history":[{"count":0,"href":"https:\/\/uned-illesbalears.net\/ca\/wp-json\/wp\/v2\/pages\/45596\/revisions"}],"up":[{"embeddable":true,"href":"https:\/\/uned-illesbalears.net\/ca\/wp-json\/wp\/v2\/pages\/305"}],"wp:attachment":[{"href":"https:\/\/uned-illesbalears.net\/ca\/wp-json\/wp\/v2\/media?parent=45596"}],"curies":[{"name":"wp","href":"https:\/\/api.w.org\/{rel}","templated":true}]}}