{"id":41322,"date":"2016-07-11T08:59:22","date_gmt":"2016-07-11T08:59:22","guid":{"rendered":"https:\/\/uned-illesbalears.net\/cursos-0-2\/"},"modified":"2024-04-01T17:48:29","modified_gmt":"2024-04-01T15:48:29","slug":"cursos-0","status":"publish","type":"page","link":"https:\/\/uned-illesbalears.net\/ca\/cursos-0\/","title":{"rendered":"Cursos 0 ONLINE Baleares"},"content":{"rendered":"<h3>NUEVA Oferta de Cursos 0 (Baleares) segundo cuatrimestre Curso 2023-2024: <a href=\"https:\/\/uned-illesbalears.net\/cursos-y-actividades\/cursos-0-baleares\/\">PROGRAMAS Y MATR\u00cdCULA ONLINE EN DIRECTO Y EN DIFERIDO POR INTERNET<\/a><a title=\"Programas y matr\u00edcula online\" href=\"http:\/\/extension.uned.es\/indice\/idcentro\/54\"><br \/>\n<\/a><\/h3>\n<p>El Centro de Baleares ofrece Cursos 0 ONLINE con una metodolog\u00eda flexible y adaptada a la singularidad del estudiante de la UNED.<\/p>\n<p>Cursos muy recomendables para aquellas personas que\u00a0 realicen estudios de los grados de las facultades\/escuelas de: Historia del arte, ciencias, ciencias econ\u00f3micas y empresariales, ciencias pol\u00edticas y sociolog\u00eda, derecho, educaci\u00f3n, geograf\u00eda e historia, E.T.S. de ingenieros industriales, E.T.S. de ingenier\u00eda inform\u00e1tica y psicolog\u00eda.<\/p>\n<p>Estos cursos no est\u00e1n dise\u00f1ados exclusivamente para alumnos de primer curso, de hecho, est\u00e1n abiertos a toda persona interesada, tanto profesores como alumnos actuales o bien personas que no est\u00e1n matriculadas.<\/p>\n<p>Si ten\u00e9is lagunas o carencias de conocimientos, dudas u os faltan conceptos que nunca hab\u00e9is entendido o que nunca os han explicado, los cursos 0 os ayudar\u00e1n, as\u00ed sea con temas b\u00e1sicos de c\u00e1lculo, de qu\u00edmica, de t\u00e9cnicas de estudio o de c\u00f3mo responder bien a una pregunta de desarrollo<\/p>\n<p>Cr\u00e9ditos para estudiantes de la UNED: 1 ECTS.<\/p>\n<p>Se pone a disposici\u00f3n del estudiante un conjunto de sesiones emitidas en directo por internet y en diferido de clases te\u00f3ricas-pr\u00e1cticas, material espec\u00edfico, actividades complementarias. Tambi\u00e9n se dispone de un foro de comunicaci\u00f3n profesor tutor y estudiantes para la resoluci\u00f3n dudas e incidencias.<\/p>\n<p>Las actividades propuestas para finalizar el curso pueden ser resueltas hasta el \u00faltimo d\u00eda del curso. El estudiante puede visionar las grabaciones en cualquier momento y desde cualquier ordenador, tantas veces como desee.<br \/>\nEl nivel de los contenidos es intermedio entre el curso de acceso y el primer curso de grado.<\/p>\n<p><span style=\"color: #008000;\"><strong><a style=\"color: #008000;\" href=\"https:\/\/extension.uned.es\/actividad\/35413&amp;codigo=CDN0\">Introducci\u00f3n a la Historia del Arte<\/a><\/strong><\/span><\/p>\n<p><span style=\"color: #008000;\"><strong><a style=\"color: #008000;\" href=\"https:\/\/extension.uned.es\/actividad\/35415&amp;codigo=CDN0\">T\u00e9cnicas de Estudios y ex\u00e1menes de desarrollo<\/a><\/strong><\/span><\/p>\n<p><span style=\"color: #008000;\"><strong><a style=\"color: #008000;\" href=\"https:\/\/extension.uned.es\/actividad\/35431&amp;codigo=CDN0\">Introducci\u00f3n al ingl\u00e9s b\u00e1sico: Day-to-day English (Ingl\u00e9s en la vida cotidiana)<\/a><\/strong><\/span><\/p>\n<p><span style=\"color: #008000;\"><strong><a style=\"color: #008000;\" href=\"https:\/\/extension.uned.es\/actividad\/35419&amp;codigo=CDN0\">Fundamentos\u00a0matem\u00e1ticos de las Ciencias Sociales<\/a><\/strong><\/span><\/p>\n<p><span style=\"color: #008000;\"><strong><a style=\"color: #008000;\" href=\"https:\/\/extension.uned.es\/actividad\/35417&amp;codigo=CDN0\">Electromagnetismo para estudiantes de Ciencias e Ingenier\u00edas<\/a><\/strong><\/span><\/p>\n<p><span style=\"color: #008000;\"><strong><a style=\"color: #008000;\" href=\"https:\/\/extension.uned.es\/actividad\/35425&amp;codigo=CDN0\">Teor\u00eda de circuitos para estudiantes de Ingenier\u00eda<\/a><\/strong><\/span><\/p>\n<p><span style=\"color: #008000;\"><strong><a style=\"color: #008000;\" href=\"https:\/\/extension.uned.es\/actividad\/35427&amp;codigo=CDN0\">Estad\u00edstica para estudiantes de Educaci\u00f3n, ADE, Econom\u00eda y Turismo<\/a><\/strong><\/span><\/p>\n<p>&nbsp;<\/p>\n","protected":false},"excerpt":{"rendered":"<p>NUEVA Oferta de Cursos 0 (Baleares) segundo cuatrimestre Curso 2023-2024: PROGRAMAS Y MATR\u00cdCULA ONLINE EN DIRECTO Y EN DIFERIDO POR INTERNET El Centro de Baleares ofrece Cursos 0 ONLINE con una metodolog\u00eda flexible y adaptada a la singularidad del estudiante de la UNED. Cursos muy recomendables para aquellas personas que\u00a0 realicen estudios de los grados [&hellip;]<\/p>\n","protected":false},"author":1,"featured_media":0,"parent":0,"menu_order":0,"comment_status":"closed","ping_status":"closed","template":"","meta":{"_acf_changed":false,"footnotes":""},"acf":[],"_links":{"self":[{"href":"https:\/\/uned-illesbalears.net\/ca\/wp-json\/wp\/v2\/pages\/41322"}],"collection":[{"href":"https:\/\/uned-illesbalears.net\/ca\/wp-json\/wp\/v2\/pages"}],"about":[{"href":"https:\/\/uned-illesbalears.net\/ca\/wp-json\/wp\/v2\/types\/page"}],"author":[{"embeddable":true,"href":"https:\/\/uned-illesbalears.net\/ca\/wp-json\/wp\/v2\/users\/1"}],"replies":[{"embeddable":true,"href":"https:\/\/uned-illesbalears.net\/ca\/wp-json\/wp\/v2\/comments?post=41322"}],"version-history":[{"count":3,"href":"https:\/\/uned-illesbalears.net\/ca\/wp-json\/wp\/v2\/pages\/41322\/revisions"}],"predecessor-version":[{"id":254267,"href":"https:\/\/uned-illesbalears.net\/ca\/wp-json\/wp\/v2\/pages\/41322\/revisions\/254267"}],"wp:attachment":[{"href":"https:\/\/uned-illesbalears.net\/ca\/wp-json\/wp\/v2\/media?parent=41322"}],"curies":[{"name":"wp","href":"https:\/\/api.w.org\/{rel}","templated":true}]}}