{"id":28313,"date":"2016-01-20T22:23:44","date_gmt":"2016-01-20T22:23:44","guid":{"rendered":"https:\/\/uned-illesbalears.net\/qualitat\/profesores-tutores\/actividades-formativas-profesorado-tutor\/"},"modified":"2019-03-08T20:08:43","modified_gmt":"2019-03-08T18:08:43","slug":"actividades-formativas-profesorado-tutor","status":"publish","type":"page","link":"https:\/\/uned-illesbalears.net\/ca\/qualitat\/profesores-tutores\/actividades-formativas-profesorado-tutor\/","title":{"rendered":"5.3.1.Formaci\u00f3n profesorado tutor"},"content":{"rendered":"<h6><span style=\"color: #008000;\">Curs 2018-2019<\/span><\/h6>\n<ul>\n<li>\n<h6><span style=\"color: #008000;\">Activitat Formaci\u00f3 AVIP Professorado Tutor dissabte 9 de mar\u00e7 a las 9:30<\/span><\/h6>\n<\/li>\n<li>\n<h6><a href=\"http:\/\/extension.uned.es\/actividad\/19181&amp;codigo=FAPT\"><span style=\"color: #339966;\">Programa del curs, matricula online i materials<\/span><\/a><\/h6>\n<\/li>\n<li>\n<h6><span style=\"color: #008000;\">Enlla\u00e7 grabaci\u00f3 formativa del professorat tutor (mar\u00e7-abril 2019)<\/span><\/h6>\n<\/li>\n<li>\n<h6><a href=\"https:\/\/uned-illesbalears.net\/calidad\/encuestas\/cuestionario-actividad-formativa-de-profesorado-tutor-enero-febrero-2019\/\"><span style=\"color: #339966;\">Q\u00fcestionari activitat formativa AVIP Professorat-Tutor (mar\u00e7-abril 2019) termini de lliurament 5 de abril 2019<\/span><\/a><\/h6>\n<\/li>\n<\/ul>\n<p>&nbsp;<\/p>\n<ul>\n<li>\n<h6><span style=\"color: #008000;\">Actividad formativa obligatoria jueves 1 de febrero a las 19.00 h<\/span><\/h6>\n<\/li>\n<li>\n<h6><a href=\"http:\/\/extension.uned.es\/actividad\/16342\"><span style=\"color: #008000;\">Programa del curso, matr\u00edcula online y materiales<\/span><\/a><\/h6>\n<\/li>\n<li>\n<h6><span style=\"color: #008000;\">Enlace grabaci\u00f3n Jornada formativa del profesorado tutor (enero-febrero 2018)<\/span><\/h6>\n<\/li>\n<li>\n<h6><span style=\"color: #008000;\">Cuestionario actividad formativa del profesorado tutor (enero-febrero 2018) plazo de entrega 12 de febrero<\/span><\/h6>\n<\/li>\n<\/ul>\n<h6><\/h6>\n<h6><span style=\"color: #008000;\">Curs 2017-2018<\/span><\/h6>\n<ul>\n<li>\n<h6><span style=\"color: #008000;\">Actividad formativa obligatoria martes 19 de septiembre a las 18.30 h<\/span><\/h6>\n<\/li>\n<li>\n<h6><a href=\"http:\/\/extension.uned.es\/actividad\/15044\"><span style=\"color: #008000;\">Programa del curso, matr\u00edcula online y materiales<\/span><\/a><\/h6>\n<\/li>\n<li>\n<h6><a href=\"https:\/\/www.intecca.uned.es\/portalavip\/grabacion.php?ID_Sala=3&amp;ID_Grabacion=254960&amp;hashData=9ed7aaba5cda26924ec1a4014451e985&amp;amp;paramsToCheck=SURfR3JhYmFjaW9uLElEX1NhbGEs\"><span style=\"color: #008000;\">Enlace grabaci\u00f3n Jornada formativa del profesorado tutor (septiembre 2017)<\/span><\/a><\/h6>\n<\/li>\n<li>\n<h6><a href=\"https:\/\/uned-illesbalears.net\/calidad\/encuestas\/cuestionario-actividad-formativa-profesorado-tutor-septiembre-2017\/\"><span style=\"color: #008000;\">Cuestionario actividad formativa del profesorado tutor (septiembre 2017) plazo de entrega 2 de octubre<\/span><\/a><\/h6>\n<\/li>\n<\/ul>\n<h6><\/h6>\n<p>&nbsp;<\/p>\n<h6><span style=\"color: #008000;\">Curso 2016-2017<\/span><\/h6>\n<ul>\n<li>\n<h6><span style=\"color: #008000;\">Actividad formativa obligatoria el jueves 1 de junio de 19.00-21.00 h:<\/span><\/h6>\n<h6><span style=\"color: #008000;\">Jornada formativa del profesorado tutor CA UNED Illes Balears, Junio 2017<\/span><\/h6>\n<\/li>\n<li>\n<h6><a href=\"http:\/\/extension.uned.es\/actividad\/14545\"><span style=\"color: #008000;\">Programa del curso, matr\u00edcula online y materiales<\/span><\/a><\/h6>\n<\/li>\n<li>\n<h6><a href=\"https:\/\/www.intecca.uned.es\/portalavip\/grabacion.php?ID_Sala=3&amp;ID_Grabacion=253409&amp;hashData=f014d4950e9f97487572ce452b83a82d&amp;amp;paramsToCheck=SURfR3JhYmFjaW9uLElEX1NhbGEs\"><span style=\"color: #008000;\"><strong>Enlace grabaci\u00f3n Jornada formativa del profesorado tutor (junio 2017)<\/strong><\/span><\/a><\/h6>\n<\/li>\n<li>\n<h6><a href=\"https:\/\/uned-illesbalears.net\/calidad\/encuestas\/cuestionario-actividad-formativa-de-profesorado-tutor-junio-2017\/\"><span style=\"color: #008000;\">Cuestionario actividad formativa de PROFESORADO TUTOR (junio 2017) plazo de entrega 15 junio<\/span><\/a><\/h6>\n<\/li>\n<\/ul>\n<p>&nbsp;<\/p>\n<p>&nbsp;<\/p>\n<ul>\n<li>\n<h6><span style=\"color: #008000;\">Actividad formativa obligatoria el martes 31 de enero de 19.00-21.00 h:<\/span><\/h6>\n<\/li>\n<\/ul>\n<h6><span style=\"color: #008000;\">\u00a0\u00a0\u00a0\u00a0\u00a0\u00a0\u00a0\u00a0\u00a0\u00a0\u00a0\u00a0\u00a0 Jornada formativa del profesorado tutor CA UNED Illes Balears, Enero-Febrero 2017<\/span><\/h6>\n<ul>\n<li>\n<h6><a href=\"http:\/\/extension.uned.es\/actividad\/13579\"><span style=\"color: #008000;\">Programa del curso, matr\u00edcula online y materiales<\/span><\/a><\/h6>\n<\/li>\n<li>\n<h6><span style=\"color: #008000;\"><a style=\"color: #008000;\" href=\"https:\/\/www.intecca.uned.es\/portalavip\/grabacion.php?ID_Sala=3&amp;ID_Grabacion=233399&amp;hashData=79e963253acdf934c0cf0d05c5d811ef&amp;amp;paramsToCheck=SURfR3JhYmFjaW9uLElEX1NhbGEs\"><strong>Enlace grabaci\u00f3n Jornada formativa del profesorado tutor (enero-febrero 2017)<\/strong> <\/a><\/span><\/h6>\n<\/li>\n<li class=\"page_item page-item-58923\">\n<h6><span style=\"color: #008000;\"><a style=\"color: #008000;\" href=\"https:\/\/uned-illesbalears.net\/calidad\/encuestas\/cuestionario-actividad-formativa-de-profesorado-tutor-enero-2017\/\">Cuestionario actividad formativa de PROFESORADO TUTOR (Enero-Febrero 2017) plazo de entrega 19 febrero<\/a><\/span><\/h6>\n<\/li>\n<li>\n<h6><span style=\"color: #008000;\"><a style=\"color: #008000;\" href=\"https:\/\/uned-illesbalears.net\/wp-content\/uploads\/2016\/01\/ClasesTutor\u00edas_Segundo-cuatrimestre1617.pdf\" class=\"mtli_attachment mtli_pdf\">ClasesTutor\u00edas_Segundo cuatrimestre1617<\/a><\/span><\/h6>\n<\/li>\n<li>\n<h6><span style=\"color: #008000;\"><a style=\"color: #008000;\" href=\"https:\/\/uned-illesbalears.net\/wp-content\/uploads\/2016\/01\/PlantillaPlanAccionTutorial-GradoLesIllesBalears2016-2017.doc\" class=\"mtli_attachment mtli_doc\">PlantillaPlanAccionTutorial-GradoLesIllesBalears2016-2017<\/a><\/span><\/h6>\n<\/li>\n<li>\n<h6><span style=\"color: #008000;\"><a style=\"color: #008000;\" href=\"https:\/\/uned-illesbalears.net\/wp-content\/uploads\/2016\/01\/PlantillaPlanAccionTutorial-ACCESOLesIllesBalears2016-2017.doc\" class=\"mtli_attachment mtli_doc\">PlantillaPlanAccionTutorial-ACCESOLesIllesBalears2016-2017<\/a><\/span><\/h6>\n<\/li>\n<li class=\"page_item page-item-58667\">\n<h6><span style=\"color: #008000;\"><a style=\"color: #008000;\" href=\"https:\/\/uned-illesbalears.net\/contactar\/autoinforme-profesorado-tutor-de-grado\/\">Autoinforme Profesorado Ttutor de Grado<\/a><\/span><\/h6>\n<\/li>\n<li class=\"page_item page-item-58667\">\n<h6><span style=\"color: #008000;\"><a style=\"color: #008000;\" href=\"https:\/\/uned-illesbalears.net\/contactar\/autoinforme-profesorado-tutor-del-curso-de-acceso\/\">Autoinforme Profesorado Tutor del Curso de Acceso <\/a><\/span><\/h6>\n<\/li>\n<li class=\"page_item page-item-58625\">\n<h6><span style=\"color: #008000;\"><a style=\"color: #008000;\" href=\"https:\/\/uned-illesbalears.net\/contactar\/autoinforme-profesorado-tutor-intercampus\/\">Autoinforme Profesorado tutor Intercampus<\/a><\/span><\/h6>\n<\/li>\n<li>\n<h6><span style=\"color: #008000;\">Enlace grabaci\u00f3n JORNADA FORMATIVA<\/span><\/h6>\n<\/li>\n<li>\n<h6><span style=\"color: #008000;\">Cuestionario actividad formativa de PROFESORADO TUTOR (enero 2017)<\/span><\/h6>\n<\/li>\n<\/ul>\n<p>&nbsp;<\/p>\n<p>&nbsp;<\/p>\n<ul>\n<li>\n<h6><span style=\"color: #008000;\">Actividad formativa obligatoria el jueves 15 de septiembre de 19.00-21.00 h :\u00a0<\/span><\/h6>\n<h6><span style=\"color: #008000;\">Jornada formativa del profesorado tutor CA UNED Illes Balears, septiembre 2016<\/span><\/h6>\n<\/li>\n<li>\n<h6><span style=\"color: #008000;\"><a style=\"color: #008000;\" href=\"http:\/\/extension.uned.es\/actividad\/12573\">Programa del curso, matr\u00edcula online y materiales<\/a><\/span><\/h6>\n<\/li>\n<li>\n<h6><a href=\"https:\/\/www.intecca.uned.es\/portalavip\/grabacion.php?ID_Sala=3&amp;ID_Grabacion=211942&amp;hashData=5a24158d7bbcd42356e45803c231dab5&amp;amp;paramsToCheck=SURfR3JhYmFjaW9uLElEX1NhbGEs\"><span style=\"color: #008000;\">Enlace grabaci\u00f3n JORNADA FORMATIVA<\/span><\/a><\/h6>\n<\/li>\n<li class=\"page_item page-item-45531\">\n<h6><span style=\"color: #008000;\"><a style=\"color: #008000;\" href=\"https:\/\/uned-illesbalears.net\/calidad\/encuestas\/cuestionario-actividad-formativa-de-profesorado-tutor-septiembre-2016\/\">Cuestionario actividad formativa de PROFESORADO TUTOR (septiembre 2016)<\/a><\/span><\/h6>\n<\/li>\n<\/ul>\n<h6><\/h6>\n<h6><\/h6>\n","protected":false},"excerpt":{"rendered":"<p>Curs 2018-2019 Activitat Formaci\u00f3 AVIP Professorado Tutor dissabte 9 de mar\u00e7 a las 9:30 Programa del curs, matricula online i materials Enlla\u00e7 grabaci\u00f3 formativa del professorat tutor (mar\u00e7-abril 2019) Q\u00fcestionari activitat formativa AVIP Professorat-Tutor (mar\u00e7-abril 2019) termini de lliurament 5 de abril 2019 &nbsp; Actividad formativa obligatoria jueves 1 de febrero a las 19.00 h [&hellip;]<\/p>\n","protected":false},"author":1,"featured_media":0,"parent":839,"menu_order":0,"comment_status":"closed","ping_status":"closed","template":"","meta":{"_acf_changed":false,"footnotes":""},"acf":[],"_links":{"self":[{"href":"https:\/\/uned-illesbalears.net\/ca\/wp-json\/wp\/v2\/pages\/28313"}],"collection":[{"href":"https:\/\/uned-illesbalears.net\/ca\/wp-json\/wp\/v2\/pages"}],"about":[{"href":"https:\/\/uned-illesbalears.net\/ca\/wp-json\/wp\/v2\/types\/page"}],"author":[{"embeddable":true,"href":"https:\/\/uned-illesbalears.net\/ca\/wp-json\/wp\/v2\/users\/1"}],"replies":[{"embeddable":true,"href":"https:\/\/uned-illesbalears.net\/ca\/wp-json\/wp\/v2\/comments?post=28313"}],"version-history":[{"count":5,"href":"https:\/\/uned-illesbalears.net\/ca\/wp-json\/wp\/v2\/pages\/28313\/revisions"}],"predecessor-version":[{"id":122006,"href":"https:\/\/uned-illesbalears.net\/ca\/wp-json\/wp\/v2\/pages\/28313\/revisions\/122006"}],"up":[{"embeddable":true,"href":"https:\/\/uned-illesbalears.net\/ca\/wp-json\/wp\/v2\/pages\/839"}],"wp:attachment":[{"href":"https:\/\/uned-illesbalears.net\/ca\/wp-json\/wp\/v2\/media?parent=28313"}],"curies":[{"name":"wp","href":"https:\/\/api.w.org\/{rel}","templated":true}]}}