{"id":2752,"date":"2013-10-06T20:18:36","date_gmt":"2013-10-06T20:18:36","guid":{"rendered":"https:\/\/uned-illesbalears.net\/recursos-para-estudiantes\/grabaciones\/psicologia-primer-semestre-tercer-curso-enlaces-grabaciones\/"},"modified":"2014-01-25T18:51:06","modified_gmt":"2014-01-25T18:51:06","slug":"psicologia3cu2se","status":"publish","type":"page","link":"https:\/\/uned-illesbalears.net\/ca\/recursos-para-estudiantes\/psicologia3cu2se\/","title":{"rendered":"Psicolog\u00eda &#8211; Segundo semestre &#8211; Tercer curso &#8211; Enlaces grabaciones"},"content":{"rendered":"<p>Recuerde que debe estar identificado en Campus UNED y\u00a0 tener instalado la \u00faltima versi\u00f3n del Adobe Flash Player.<br \/>\nHa de realizar clic en la tutor\u00eda para acceder a la grabaci\u00f3n, o bien copiar el hiperv\u00ednculo y &#8220;pegar e ir&#8221; en la barra de su navegador. Los enlaces se actualizan cada semana.<\/p>\n\n<table id=\"tablepress-74\" class=\"tablepress tablepress-id-74 tbody-has-connected-cells\">\n<tbody class=\"row-striping row-hover\">\n<tr class=\"row-1\">\n\t<td rowspan=\"2\" class=\"column-1\"><\/td><td rowspan=\"2\" class=\"column-2\"><\/td><td rowspan=\"2\" class=\"column-3\"><\/td><td rowspan=\"2\" class=\"column-4\"><\/td><td colspan=\"5\" class=\"column-5\"><\/td><td colspan=\"8\" class=\"column-10\"><strong>Semana<\/strong><\/td>\n<\/tr>\n<tr class=\"row-2\">\n\t<td class=\"column-5\">10-14 feb<\/td><td class=\"column-6\">17-21 feb<\/td><td class=\"column-7\">24-28 feb<\/td><td class=\"column-8\">3-7 mar<\/td><td class=\"column-9\">10-14 mar<\/td><td class=\"column-10\">17-21 mar<\/td><td class=\"column-11\">24-28 mar<\/td><td class=\"column-12\">31 mar - 4 abr<\/td><td class=\"column-13\">7-11 abr<\/td><td class=\"column-14\">14-16 abr<\/td><td class=\"column-15\">28 abr - 2 may<\/td><td class=\"column-16\">5-9 may<\/td><td class=\"column-17\">12-16 may<\/td>\n<\/tr>\n<tr class=\"row-3\">\n\t<td class=\"column-1\"><strong>D\u00eda<\/strong><\/td><td class=\"column-2\"><strong>Hora<\/strong><\/td><td class=\"column-3\"><strong>Asignatura<\/strong><\/td><td class=\"column-4\"><strong>Profesor<\/strong><\/td><td colspan=\"5\" class=\"column-5\"><\/td><td colspan=\"8\" class=\"column-10\"><strong>Clase Tutor\u00eda<\/strong><\/td>\n<\/tr>\n<tr class=\"row-4\">\n\t<td class=\"column-1\">Lunes<\/td><td class=\"column-2\">18.30<\/td><td class=\"column-3\">Psicolog\u00eda de la educaci\u00f3n <\/td><td class=\"column-4\">P.Tom\u00e1s<\/td><td class=\"column-5\"><a href=\"https:\/\/www.intecca.uned.es\/portalavip\/grabacion.php?ID_Sala=42689&amp;ID_Grabacion=110668&amp;hashData=c987e3586a93fcf46bd1889b21fdce23&amp;paramsToCheck=SURfR3JhYmFjaW9uLElEX1NhbGEs\">T1a<\/a><br \/>\n<a href=\"https:\/\/www.intecca.uned.es\/portalavip\/grabacion.php?ID_Sala=42689&amp;ID_Grabacion=110693&amp;hashData=5312407f9e58ec9db4093c77b666bc36&amp;paramsToCheck=SURfR3JhYmFjaW9uLElEX1NhbGEs \">T1b<\/a><br \/>\n<a href=\"https:\/\/www.intecca.uned.es\/portalavip\/grabacion.php?ID_Sala=42689&amp;ID_Grabacion=110716&amp;hashData=acf7f9e57e10d17257dd2a9c1b90d41a&amp;paramsToCheck=SURfR3JhYmFjaW9uLElEX1NhbGEs \">T1c<\/a><\/td><td class=\"column-6\"><a href=\"https:\/\/www.intecca.uned.es\/portalavip\/grabacion.php?ID_Sala=42689&amp;ID_Grabacion=111572&amp;hashData=910aa0d840fb6df0a3469bc5fd9a5d39&amp;paramsToCheck=SURfR3JhYmFjaW9uLElEX1NhbGEs\">T2<\/a><\/td><td class=\"column-7\"><a href=\"https:\/\/www.intecca.uned.es\/portalavip\/grabacion.php?ID_Sala=42689&amp;ID_Grabacion=112769&amp;hashData=e7313996a5624be70cee43ebf61f9861&amp;paramsToCheck=SURfR3JhYmFjaW9uLElEX1NhbGEs \">T3<\/a><\/td><td class=\"column-8\"><a href=\"https:\/\/www.intecca.uned.es\/portalavip\/grabacion.php?ID_Sala=42689&amp;ID_Grabacion=114112&amp;hashData=d888065a654538f92a1db3d5c62d1329&amp;paramsToCheck=SURfR3JhYmFjaW9uLElEX1NhbGEs \">T4<\/a><\/td><td class=\"column-9\"><a href=\"https:\/\/www.intecca.uned.es\/portalavip\/grabacion.php?ID_Sala=42689&amp;ID_Grabacion=115772&amp;hashData=87a557b11c3a89972a37ff004806a9c7&amp;paramsToCheck=SURfR3JhYmFjaW9uLElEX1NhbGEs \">T5<\/a><\/td><td class=\"column-10\"><a href=\"https:\/\/www.intecca.uned.es\/portalavip\/grabacion.php?ID_Sala=42689&amp;ID_Grabacion=117014&amp;hashData=02112d397182736f379dd8176e048769&amp;paramsToCheck=SURfR3JhYmFjaW9uLElEX1NhbGEs \">T6<\/a><\/td><td class=\"column-11\"><a href=\"https:\/\/www.intecca.uned.es\/portalavip\/grabacion.php?ID_Sala=42689&amp;ID_Grabacion=118236&amp;hashData=3a25be43003cae269cdb49b550266f59&amp;paramsToCheck=SURfR3JhYmFjaW9uLElEX1NhbGEs\">T7<\/a><\/td><td class=\"column-12\"><a href=\"https:\/\/www.intecca.uned.es\/portalavip\/grabacion.php?ID_Sala=42689&amp;ID_Grabacion=120154&amp;hashData=610146ca041fec5fcf7b0dfcd5bcf461&amp;paramsToCheck=SURfR3JhYmFjaW9uLElEX1NhbGEs\">T8<\/a><\/td><td class=\"column-13\"><a href=\"https:\/\/www.intecca.uned.es\/portalavip\/grabacion.php?ID_Sala=42689&amp;ID_Grabacion=121466&amp;hashData=6f578772caa8358f3c740bdb0fcb93c9&amp;paramsToCheck=SURfR3JhYmFjaW9uLElEX1NhbGEs \">T9<\/a><\/td><td class=\"column-14\"><a href=\"https:\/\/www.intecca.uned.es\/portalavip\/grabacion.php?ID_Sala=42689&amp;ID_Grabacion=122552&amp;hashData=0fdb684155bb51e55bed6df8529a61ce&amp;paramsToCheck=SURfR3JhYmFjaW9uLElEX1NhbGEs \">T10<\/a><\/td><td class=\"column-15\"><a href=\"https:\/\/www.intecca.uned.es\/portalavip\/grabacion.php?ID_Sala=42689&amp;ID_Grabacion=123912&amp;hashData=612245eba3b413dba8da647751a6219b&amp;paramsToCheck=SURfR3JhYmFjaW9uLElEX1NhbGEs \">T11<\/a><\/td><td class=\"column-16\"><a href=\"https:\/\/www.intecca.uned.es\/portalavip\/grabacion.php?ID_Sala=42689&amp;ID_Grabacion=125077&amp;hashData=a5ea5742f5817541279e98047a82d2cd&amp;paramsToCheck=SURfR3JhYmFjaW9uLElEX1NhbGEs \">T12<\/a><\/td><td class=\"column-17\"><a href=\"https:\/\/www.intecca.uned.es\/portalavip\/grabacion.php?ID_Sala=42689&amp;ID_Grabacion=127132&amp;hashData=f72c5c733452bcdd3b140ebd3b5f8264&amp;paramsToCheck=SURfR3JhYmFjaW9uLElEX1NhbGEs \">T13<\/a><\/td>\n<\/tr>\n<tr class=\"row-5\">\n\t<td class=\"column-1\">Lunes<\/td><td class=\"column-2\">19.30<\/td><td class=\"column-3\">Psicolog\u00eda de las organizaciones <\/td><td class=\"column-4\">P.Tabares<\/td><td class=\"column-5\"><a href=\"https:\/\/www.intecca.uned.es\/portalavip\/grabacion.php?ID_Sala=42689&amp;ID_Grabacion=110749&amp;hashData=8d1e902f12fabac16583faf5fe2f1cdb&amp;paramsToCheck=SURfR3JhYmFjaW9uLElEX1NhbGEs\">T1<\/a><\/td><td class=\"column-6\"><a href=\"https:\/\/www.intecca.uned.es\/portalavip\/grabacion.php?ID_Sala=42689&amp;ID_Grabacion=111614&amp;hashData=c280ceee560633049806cb24345d23ac&amp;paramsToCheck=SURfR3JhYmFjaW9uLElEX1NhbGEs\">T2<\/a><\/td><td class=\"column-7\"><a href=\"https:\/\/www.intecca.uned.es\/portalavip\/grabacion.php?ID_Sala=42689&amp;ID_Grabacion=112821&amp;hashData=af085fdc8685cf10cdc475a24074024b&amp;paramsToCheck=SURfR3JhYmFjaW9uLElEX1NhbGEs \">T3<\/a><\/td><td class=\"column-8\"><a href=\"https:\/\/www.intecca.uned.es\/portalavip\/grabacion.php?ID_Sala=42689&amp;ID_Grabacion=114172&amp;hashData=61075a7d59aebdaab9cefc228b8b93b6&amp;paramsToCheck=SURfR3JhYmFjaW9uLElEX1NhbGEs \">T4<\/a><\/td><td class=\"column-9\"><a href=\"https:\/\/www.intecca.uned.es\/portalavip\/grabacion.php?ID_Sala=42689&amp;ID_Grabacion=115824&amp;hashData=d70bcdf0d57088bb3dbcd2bc304c859b&amp;paramsToCheck=SURfR3JhYmFjaW9uLElEX1NhbGEs \">T5<\/a><\/td><td class=\"column-10\"><a href=\"https:\/\/www.intecca.uned.es\/portalavip\/grabacion.php?ID_Sala=42689&amp;ID_Grabacion=117064&amp;hashData=fee8c37be328ecbe5cd0ec370e4799ac&amp;paramsToCheck=SURfR3JhYmFjaW9uLElEX1NhbGEs \">T6<\/a><\/td><td class=\"column-11\"><a href=\"https:\/\/www.intecca.uned.es\/portalavip\/grabacion.php?ID_Sala=42689&amp;ID_Grabacion=118312&amp;hashData=fd95d9eaaf8b525850f25766d1deead8&amp;paramsToCheck=SURfR3JhYmFjaW9uLElEX1NhbGEs\">T7<\/a><\/td><td class=\"column-12\"><a href=\"https:\/\/www.intecca.uned.es\/portalavip\/grabacion.php?ID_Sala=42689&amp;ID_Grabacion=120206&amp;hashData=a1bdd59a5048d37738e6f2f7bbd97671&amp;paramsToCheck=SURfR3JhYmFjaW9uLElEX1NhbGEs\">T8<\/a><br \/>\n<a href=\"https:\/\/www.intecca.uned.es\/portalavip\/grabacion.php?ID_Sala=42689&amp;ID_Grabacion=120244&amp;hashData=7dd5be3b41c66b4c600754c3a85ae784&amp;paramsToCheck=SURfR3JhYmFjaW9uLElEX1NhbGEs\">T8a<\/a><\/td><td class=\"column-13\"><a href=\"https:\/\/www.intecca.uned.es\/portalavip\/grabacion.php?ID_Sala=42689&amp;ID_Grabacion=121506&amp;hashData=41ee8fcd54f47deae8e250b1faab9fbe&amp;paramsToCheck=SURfR3JhYmFjaW9uLElEX1NhbGEs\">T9<\/a><\/td><td class=\"column-14\"><a href=\"https:\/\/www.intecca.uned.es\/portalavip\/grabacion.php?ID_Sala=42689&amp;ID_Grabacion=122579&amp;hashData=8b283eeea8994b3c4396d279082454b2&amp;paramsToCheck=SURfR3JhYmFjaW9uLElEX1NhbGEs\">T10<\/a><\/td><td class=\"column-15\"><a href=\"https:\/\/www.intecca.uned.es\/portalavip\/grabacion.php?ID_Sala=42689&amp;ID_Grabacion=123964&amp;hashData=7059c00d8f31cef1149c40eed9f0578b&amp;paramsToCheck=SURfR3JhYmFjaW9uLElEX1NhbGEs \">T11<\/a><\/td><td class=\"column-16\"><a href=\"https:\/\/www.intecca.uned.es\/portalavip\/grabacion.php?ID_Sala=42689&amp;ID_Grabacion=125124&amp;hashData=0c2e420bb16a966a6e248ddf5e174035&amp;paramsToCheck=SURfR3JhYmFjaW9uLElEX1NhbGEs \">T12<\/a><\/td><td class=\"column-17\"><a href=\"https:\/\/www.intecca.uned.es\/portalavip\/grabacion.php?ID_Sala=42689&amp;ID_Grabacion=127264&amp;hashData=75c03f7f773afe724657f27b8d8e6d3d&amp;paramsToCheck=SURfR3JhYmFjaW9uLElEX1NhbGEs \">T13<\/a><\/td>\n<\/tr>\n<tr class=\"row-6\">\n\t<td class=\"column-1\">Mi\u00e9rcoles<\/td><td class=\"column-2\">18.30<\/td><td class=\"column-3\">T\u00e9cnicas de intervenci\u00f3n cognitivo-conductales <\/td><td class=\"column-4\">A.Reina<\/td><td class=\"column-5\"><a href=\"https:\/\/www.intecca.uned.es\/portalavip\/grabacion.php?ID_Sala=42689&amp;ID_Grabacion=111044&amp;hashData=84cbca82ef045a70ac98c2ea27f7188c&amp;paramsToCheck=SURfR3JhYmFjaW9uLElEX1NhbGEs \">T1<\/a><\/td><td class=\"column-6\"><a href=\"https:\/\/www.intecca.uned.es\/portalavip\/grabacion.php?ID_Sala=42689&amp;ID_Grabacion=111994&amp;hashData=6ec806dd8b2456ee954643ce38f80eae&amp;paramsToCheck=SURfR3JhYmFjaW9uLElEX1NhbGEs \">T2<\/a><\/td><td class=\"column-7\"><a href=\"https:\/\/www.intecca.uned.es\/portalavip\/grabacion.php?ID_Sala=42689&amp;ID_Grabacion=113291&amp;hashData=32a8921f569b57120b1d5943895b9719&amp;paramsToCheck=SURfR3JhYmFjaW9uLElEX1NhbGEs \">T3<\/a><\/td><td class=\"column-8\"><a href=\"https:\/\/www.intecca.uned.es\/portalavip\/grabacion.php?ID_Sala=42689&amp;ID_Grabacion=114669&amp;hashData=f45f3eb5f74dbd005cbbcf6dae4dbe6a&amp;paramsToCheck=SURfR3JhYmFjaW9uLElEX1NhbGEs \">T4<\/a><\/td><td class=\"column-9\"><a href=\"https:\/\/www.intecca.uned.es\/portalavip\/grabacion.php?ID_Sala=42689&amp;ID_Grabacion=116338&amp;hashData=b555ad14a589195ae46d2c101f4acab8&amp;paramsToCheck=SURfR3JhYmFjaW9uLElEX1NhbGEs \">T5<\/a><\/td><td class=\"column-10\"><a href=\"https:\/\/www.intecca.uned.es\/portalavip\/grabacion.php?ID_Sala=42689&amp;ID_Grabacion=117453&amp;hashData=62066f588572cc6dfb41e3e6540f466b&amp;paramsToCheck=SURfR3JhYmFjaW9uLElEX1NhbGEs \">T6<\/a><\/td><td class=\"column-11\"><a href=\"https:\/\/www.intecca.uned.es\/portalavip\/grabacion.php?ID_Sala=42689&amp;ID_Grabacion=119069&amp;hashData=57af7f9bac64a99ab7daf1a01c96b4b2&amp;paramsToCheck=SURfR3JhYmFjaW9uLElEX1NhbGEs\">T7<\/a><\/td><td class=\"column-12\"><a href=\"https:\/\/www.intecca.uned.es\/portalavip\/grabacion.php?ID_Sala=42689&amp;ID_Grabacion=120704&amp;hashData=71cf3123d99154f1a1a67e14d6d6e90d&amp;paramsToCheck=SURfR3JhYmFjaW9uLElEX1NhbGEs \">T8<\/a><\/td><td class=\"column-13\"><a href=\"https:\/\/www.intecca.uned.es\/portalavip\/grabacion.php?ID_Sala=42689&amp;ID_Grabacion=121961&amp;hashData=9a0ceeac9b2a719a6da8dab1542cb294&amp;paramsToCheck=SURfR3JhYmFjaW9uLElEX1NhbGEs\">T9<\/a><\/td><td class=\"column-14\"><a href=\"https:\/\/www.intecca.uned.es\/portalavip\/grabacion.php?ID_Sala=42689&amp;ID_Grabacion=122751&amp;hashData=895e6e945b2441060bc061f0c79cd6c1&amp;paramsToCheck=SURfR3JhYmFjaW9uLElEX1NhbGEs\">T10<\/a><\/td><td class=\"column-15\"><a href=\"https:\/\/www.intecca.uned.es\/portalavip\/grabacion.php?ID_Sala=42689&amp;ID_Grabacion=124447&amp;hashData=8091fdcde43b7099330e1b438a2a6e94&amp;paramsToCheck=SURfR3JhYmFjaW9uLElEX1NhbGEs \">T11<\/a><\/td><td class=\"column-16\"><a href=\"https:\/\/www.intecca.uned.es\/portalavip\/grabacion.php?ID_Sala=42689&amp;ID_Grabacion=125552&amp;hashData=a5ecf7d5f0fd294200033101f7c50c7b&amp;paramsToCheck=SURfR3JhYmFjaW9uLElEX1NhbGEs \">T12<\/a><\/td><td class=\"column-17\"><a href=\"https:\/\/www.intecca.uned.es\/portalavip\/grabacion.php?ID_Sala=42689&amp;ID_Grabacion=128229&amp;hashData=0a45ca5a464a0382b9bac171a13e4659&amp;paramsToCheck=SURfR3JhYmFjaW9uLElEX1NhbGEs \">T13<\/a><\/td>\n<\/tr>\n<tr class=\"row-7\">\n\t<td class=\"column-1\">Mi\u00e9rcoles<\/td><td class=\"column-2\">19.30<\/td><td class=\"column-3\">Neuropsicolog\u00eda del desarrollo <\/td><td class=\"column-4\">E.Madrigal<\/td><td class=\"column-5\"><a href=\"https:\/\/www.intecca.uned.es\/portalavip\/grabacion.php?ID_Sala=42689&amp;ID_Grabacion=111085&amp;hashData=8d68de5d079d4e72897bbb799e664f41&amp;paramsToCheck=SURfR3JhYmFjaW9uLElEX1NhbGEs\">T1<\/a><\/td><td class=\"column-6\"><a href=\"https:\/\/www.intecca.uned.es\/portalavip\/grabacion.php?ID_Sala=42689&amp;ID_Grabacion=112060&amp;hashData=e8ceecfc0ac20e5862b90863eb9f95b1&amp;paramsToCheck=SURfR3JhYmFjaW9uLElEX1NhbGEs\">T2<\/a><\/td><td class=\"column-7\"><a href=\"https:\/\/www.intecca.uned.es\/portalavip\/grabacion.php?ID_Sala=42689&amp;ID_Grabacion=113338&amp;hashData=aec0fa963b0f463440c0f07a487e1530&amp;paramsToCheck=SURfR3JhYmFjaW9uLElEX1NhbGEs \">T3<\/a><\/td><td class=\"column-8\"><a href=\"https:\/\/www.intecca.uned.es\/portalavip\/grabacion.php?ID_Sala=42689&amp;ID_Grabacion=114722&amp;hashData=94e8736b5887f235630a3fd52dbae01f&amp;paramsToCheck=SURfR3JhYmFjaW9uLElEX1NhbGEs \">T4<\/a><\/td><td class=\"column-9\"><a href=\"https:\/\/www.intecca.uned.es\/portalavip\/grabacion.php?ID_Sala=42689&amp;ID_Grabacion=116403&amp;hashData=e7fd0fdb7d40b0aa8fdbb0da32f85237&amp;paramsToCheck=SURfR3JhYmFjaW9uLElEX1NhbGEs \">T5<\/a><\/td><td class=\"column-10\"><a href=\"https:\/\/www.intecca.uned.es\/portalavip\/grabacion.php?ID_Sala=42689&amp;ID_Grabacion=117489&amp;hashData=8e62912d2cc15944dc6bfd1224a6edab&amp;paramsToCheck=SURfR3JhYmFjaW9uLElEX1NhbGEs\">T6<\/a><\/td><td class=\"column-11\"><a href=\"https:\/\/www.intecca.uned.es\/portalavip\/grabacion.php?ID_Sala=42689&amp;ID_Grabacion=119168&amp;hashData=bfd9bc305cf4ff825e3a3acc32aadd65&amp;paramsToCheck=SURfR3JhYmFjaW9uLElEX1NhbGEs\">T7<\/a><\/td><td class=\"column-12\"><a href=\"https:\/\/www.intecca.uned.es\/portalavip\/grabacion.php?ID_Sala=42689&amp;ID_Grabacion=120783&amp;hashData=3d1c4bac3d07ebc2e78c02f34b958ca7&amp;paramsToCheck=SURfR3JhYmFjaW9uLElEX1NhbGEs \">T8<\/a><\/td><td class=\"column-13\"><a href=\"https:\/\/www.intecca.uned.es\/portalavip\/grabacion.php?ID_Sala=42689&amp;ID_Grabacion=122023&amp;hashData=db37ff89d95828b1aa02594cf62706cd&amp;paramsToCheck=SURfR3JhYmFjaW9uLElEX1NhbGEs \">T9<\/a><\/td><td class=\"column-14\"><a href=\"https:\/\/www.intecca.uned.es\/portalavip\/grabacion.php?ID_Sala=42689&amp;ID_Grabacion=122781&amp;hashData=b9b03bca56fc3d86a43592bd6b68b3aa&amp;paramsToCheck=SURfR3JhYmFjaW9uLElEX1NhbGEs \">T10<\/a><\/td><td class=\"column-15\"><a href=\"https:\/\/www.intecca.uned.es\/portalavip\/grabacion.php?ID_Sala=42689&amp;ID_Grabacion=124513&amp;hashData=f02a0860ff49458260dbf8e51c3dafea&amp;paramsToCheck=SURfR3JhYmFjaW9uLElEX1NhbGEs \">T11<\/a><\/td><td class=\"column-16\"><a href=\"https:\/\/www.intecca.uned.es\/portalavip\/grabacion.php?ID_Sala=42689&amp;ID_Grabacion=125602&amp;hashData=e98900d5344840adadccdae19a0d9170&amp;paramsToCheck=SURfR3JhYmFjaW9uLElEX1NhbGEs \">T12<\/a><\/td><td class=\"column-17\"><a href=\"https:\/\/www.intecca.uned.es\/portalavip\/grabacion.php?ID_Sala=42689&amp;ID_Grabacion=128275&amp;hashData=5bd7440419bd98a6211b25ba0f69042f&amp;paramsToCheck=SURfR3JhYmFjaW9uLElEX1NhbGEs\">T13<\/a><\/td>\n<\/tr>\n<\/tbody>\n<\/table>\n<!-- #tablepress-74 from cache -->\n<p>Clave:<br \/>\n<strong>PA<\/strong>: Problemas de audio<br \/>\n<strong>PT<\/strong>: Problema t\u00e9cnico<br \/>\n<strong>NT<\/strong>: No realiz\u00f3 la tutor\u00eda<\/p>\n<p>&nbsp;<\/p>\n","protected":false},"excerpt":{"rendered":"<p>Recuerde que debe estar identificado en Campus UNED y\u00a0 tener instalado la \u00faltima versi\u00f3n del Adobe Flash Player. Ha de realizar clic en la tutor\u00eda para acceder a la grabaci\u00f3n, o bien copiar el hiperv\u00ednculo y &#8220;pegar e ir&#8221; en la barra de su navegador. Los enlaces se actualizan cada semana. Clave: PA: Problemas de [&hellip;]<\/p>\n","protected":false},"author":1,"featured_media":0,"parent":1031,"menu_order":0,"comment_status":"closed","ping_status":"closed","template":"","meta":{"_acf_changed":false,"footnotes":""},"acf":[],"_links":{"self":[{"href":"https:\/\/uned-illesbalears.net\/ca\/wp-json\/wp\/v2\/pages\/2752"}],"collection":[{"href":"https:\/\/uned-illesbalears.net\/ca\/wp-json\/wp\/v2\/pages"}],"about":[{"href":"https:\/\/uned-illesbalears.net\/ca\/wp-json\/wp\/v2\/types\/page"}],"author":[{"embeddable":true,"href":"https:\/\/uned-illesbalears.net\/ca\/wp-json\/wp\/v2\/users\/1"}],"replies":[{"embeddable":true,"href":"https:\/\/uned-illesbalears.net\/ca\/wp-json\/wp\/v2\/comments?post=2752"}],"version-history":[{"count":0,"href":"https:\/\/uned-illesbalears.net\/ca\/wp-json\/wp\/v2\/pages\/2752\/revisions"}],"up":[{"embeddable":true,"href":"https:\/\/uned-illesbalears.net\/ca\/wp-json\/wp\/v2\/pages\/1031"}],"wp:attachment":[{"href":"https:\/\/uned-illesbalears.net\/ca\/wp-json\/wp\/v2\/media?parent=2752"}],"curies":[{"name":"wp","href":"https:\/\/api.w.org\/{rel}","templated":true}]}}