{"id":27331,"date":"2015-12-30T16:41:35","date_gmt":"2015-12-30T16:41:35","guid":{"rendered":"https:\/\/uned-illesbalears.net\/servicios\/coie-balears\/pruebas-presenciales\/"},"modified":"2016-01-05T11:33:45","modified_gmt":"2016-01-05T11:33:45","slug":"proves-presencials","status":"publish","type":"page","link":"https:\/\/uned-illesbalears.net\/ca\/servicios\/coie\/proves-presencials\/","title":{"rendered":"Proves Presencials"},"content":{"rendered":"<h6 class=\"previo\"><strong>C\u00f3mo realizar el carn\u00e9 de estudiante y presentarlo el d\u00eda del examen.<\/strong><\/h6>\n<p>&nbsp;<\/p>\n<p>Carn\u00e9 de estudiante. Hay dos maneras\u00a0de formalizarlo:<\/p>\n<p>Presencialmente en el Centro<\/p>\n<ul>\n<li>En la\u00a0Secretar\u00eda del Centro<\/li>\n<li>Se precisa\u00a0\u00a0 el DNI o documento oficial (pasaporte, carn\u00e9\u00a0de conducir)<\/li>\n<li>Se realiza\u00a0y se entrega en el momento.<\/li>\n<\/ul>\n<p>Por correo electr\u00f3nico\/correo postal<\/p>\n<ul>\n<li>Se precisa\u00a0adjuntar una fotograf\u00eda reciente digitalizada\/impresa, en formato jpg<\/li>\n<li>Fotocopia del DNI<\/li>\n<li>En unos d\u00edas se enviar\u00e1 a la direcci\u00f3n se\u00f1alada en el correo, o bien se puede pasar a recoger en\u00a0la Secretar\u00eda del Centro<\/li>\n<\/ul>\n<p>&nbsp;<\/p>\n<h6><strong>C\u00f3mo presentarlo el d\u00eda del examen<\/strong><\/h6>\n<p>&nbsp;<\/p>\n<ul>\n<li>Muestra tu documentaci\u00f3n en el puesto de control de entrada al aula: DNI (documento oficial) y carn\u00e9 de estudiante UNED.<\/li>\n<li>Tu carn\u00e9 ser\u00e1 le\u00eddo por la\u00a0lectora \u00f3ptica, descifrando la informaci\u00f3n necesaria para que se imprima tu examen, con tus datos personales, duraci\u00f3n, y la indicaci\u00f3n exacta del asiento que se te ha asignado en el aula: fila y columna donde debes sentarte.<\/li>\n<\/ul>\n<p>Para m\u00e1s informaci\u00f3n, contacta con la Secretar\u00eda del Centro Asociado en secretaria@palma.uned.es \u00a0(Mallorca), info@mao.uned.es (Menorca), info@eivissa.uned.es (Ibiza).<\/p>\n<h6>Recuerda, el d\u00eda del examen ven provisto con tu carn\u00e9 de estudiante y con tu DNI o documento oficial.<\/h6>\n<h6><\/h6>\n<h6><strong><a href=\"https:\/\/uned-illesbalears.net\/wp-content\/uploads\/2015\/12\/INFORMACI\u00d3N-IMPORTANTE-PARA-REALIZAR-TUS-EX\u00c1MENES.pdf\" class=\"mtli_attachment mtli_pdf\">INFORMACI\u00d3N IMPORTANTE PARA REALIZAR TUS EX\u00c1MENES<\/a><\/strong><\/h6>\n<h6 class=\"previo\"><\/h6>\n<h6 class=\"previo\"><\/h6>\n<h6 class=\"previo\"><strong>\u00bfEn qu\u00e9 fecha y hora debo presentarme a cada una de mis asignaturas?<\/strong><\/h6>\n<p>&nbsp;<\/p>\n<p>En primer lugar\u00a0debes\u00a0consultar el d\u00eda y la hora de examen de cada asignatura en el calendario de ex\u00e1menes personalizado en <i>Acceso al CAMPUS<\/i> de cada estudiante.<\/p>\n<p>Acceso a CAMPUS<\/p>\n<ul>\n<li>Entra en el portal UNED<\/li>\n<li>Necesitas identificarte en<i> Acceso CAMPUS:\u00a0<\/i>\u00a0introduce tu clave y contrase\u00f1a.<\/li>\n<li>Una vez dentro del <i>CAMPUS<\/i> debes situarte en la parte inferior\u00a0derecha, y acceder a tu calendario personalizado.<\/li>\n<li>Los calendarios de ex\u00e1menes est\u00e1n disponibles desde el inicio oficial del curso para que puedas planificar tu agenda y posibles desplazamientos. A partir del 10 de diciembre el calendario es definitivo.<\/li>\n<li>En el portal de la UNED, en cada Facultad\/Escuela, tambi\u00e9n \u00a0puedes encontrar el enlace al calendario de ex\u00e1menes.<\/li>\n<\/ul>\n<h6><\/h6>\n<h6><\/h6>\n<h6><strong>Ex\u00e1menes<\/strong><\/h6>\n<p>&nbsp;<\/p>\n<p>Los ex\u00e1menes en la UNED se realizan en dos sesiones por la ma\u00f1ana y dos por la tarde.<\/p>\n<p>Ma\u00f1ana<\/p>\n<ul>\n<li>1\u00aa sesi\u00f3n de 9:00 a 11:00 horas<\/li>\n<li>Descanso de 11:00 a 11:30 horas<\/li>\n<li>2\u00aa sesi\u00f3n de 11:30 a 13:30 horas<\/li>\n<\/ul>\n<p>Tarde<\/p>\n<ul>\n<li>1\u00aa sesi\u00f3n de 16:00 a 18:00 horas<\/li>\n<li>Descanso de 18:00 a 18:30 horas<\/li>\n<li>2\u00aa sesi\u00f3n de 18:30 a 20:30 horas<\/li>\n<\/ul>\n<p>No te olvides<\/p>\n<ul>\n<li>En las dos semanas de ex\u00e1menes de las convocatorias de enero-febrero, y de mayo-junio, estos se realizan de lunes a viernes.<\/li>\n<li>En las convocatorias de enero\/febrero y mayo\/junio, en los Centros Asociados en Espa\u00f1a, en los que hay dos semanas de ex\u00e1menes, observa que en el calendario de ex\u00e1menes se invierten las sesiones durante las dos semanas para facilitar al alumno su asistencia; esto es, los ex\u00e1menes que en la primera semana se celebran en sesi\u00f3n de ma\u00f1ana pasar\u00e1n a celebrarse por la tarde durante la segunda semana y, asimismo, los ex\u00e1menes que en la primera semana son de tarde pasar\u00e1n a la ma\u00f1ana.<\/li>\n<\/ul>\n<p>&nbsp;<\/p>\n<ul>\n<li>\n<h6><strong>Es muy importante que compruebes el horario de los ex\u00e1menes en cada una de las semanas.<\/strong><\/h6>\n<\/li>\n<\/ul>\n<h6><\/h6>\n<h6><strong>Asignaturas<\/strong><\/h6>\n<ul>\n<li>Si la asignatura es anual, se realizan dos ex\u00e1menes: uno con el contenido del primer cuatrimestre y otro con el del segundo.<\/li>\n<li>Si la asignatura es cuatrimestral, se realiza al finalizarla, de manera que si es de primer cuatrimestre, te examinar\u00e1s en enero-febrero, y si es de segundo cuatrimestre, se examinar\u00e1s en mayo-junio.<\/li>\n<li>El estudiante puede presentarse en septiembre, con los contenidos de asignaturas anuales o cuatrimestrales, en los siguientes casos:\n<ul>\n<li>Cuando no te has presentado en alguna de las anteriores convocatorias del mismo a\u00f1o<\/li>\n<li>Cuando has suspendido alguna de ellas.<\/li>\n<\/ul>\n<\/li>\n<li>Al presentarte en septiembre con una asignatura anual, puedes hacerlo con un cuatrimestre o ambos (en dicha convocatoria, las dos partes de las asignaturas anuales se examinan el mismo d\u00eda, pero en horarios diferentes).<\/li>\n<\/ul>\n<p>&nbsp;<\/p>\n<h6><strong>\u00bfQu\u00e9 normas rigen durante el examen?<\/strong><\/h6>\n<p>&nbsp;<\/p>\n<ul>\n<li>Puedes acceder a la sala de examen hasta 30 minutos despu\u00e9s de\u00a0la hora oficial del inicio de la prueba.<\/li>\n<li>Una vez pasados 30 minutos de la hora oficial del inicio del examen, puedes entregar tu prueba y salir del aula.<\/li>\n<li>En el momento de entrega del examen al Tribunal, debes entregar la hoja de cabecera en primer lugar, junto con el carn\u00e9, incluso si has dejado el examen en blanco.<\/li>\n<li>No debes escribir en el anverso de la hoja de cabecera.<\/li>\n<li>No se permiten m\u00f3viles o dispositivos electr\u00f3nicos.<\/li>\n<li>Para consultas, se recomienda levantar la mano y un miembro del Tribunal se acercar\u00e1 a\u00a0tu lugar de examen<\/li>\n<li>En la mesa, \u00fanicamente, debes tener el material indicado para el examen en la hoja de cabecera.<\/li>\n<\/ul>\n<p>&nbsp;<\/p>\n<h6><strong>Ex\u00e1menes adaptados.\u00a0<\/strong><strong>C\u00f3mo solicitar adaptaciones<\/strong><\/h6>\n<p>&nbsp;<\/p>\n<p>En el momento de la realizaci\u00f3n de la matr\u00edcula, por internet, tanto si lo haces de forma individual o acudes a tu Centro Asociado.<\/p>\n<p>Puedes solicitar las adaptaciones para cada una de sus asignaturas a trav\u00e9s de un apartado espec\u00edfico dentro de los formularios de la web de matr\u00edcula. Para acceder a estos apartados has tenido que rellenar previamente el dato referente al grado y tipo de discapacidad dentro de tu informaci\u00f3n personal. <b>Este dato es obligatorio para realizar la solicitud y sin \u00e9l la aplicaci\u00f3n web de matr\u00edcula no permite realizar la solicitud de adaptaciones.<\/b><\/p>\n<p>Una vez solicitadas las adaptaciones que se precisen se debe:<\/p>\n<ul>\n<li>Imprimir el documento que genera la aplicaci\u00f3n de matr\u00edcula y que ser\u00e1 un comprobante de que las adaptaciones han sido solicitadas.<\/li>\n<li>Enviarlo firmado a UNIDIS.<\/li>\n<li>Acompa\u00f1ar al env\u00edo de UNIDIS una copia del Dictamen T\u00e9cnico Facultativo o Certificado M\u00e9dico Oficial en los que conste el diagn\u00f3stico de la discapacidad.<\/li>\n<li>Si te acercaste al Centro Asociado a formalizar tu matr\u00edcula, deber\u00e1s indicarle a la persona que est\u00e9 tramitando la matr\u00edcula on-line que debe rellenar la solicitud de adaptaciones de examen.<\/li>\n<\/ul>\n<p>&nbsp;<\/p>\n<h6><b>Durante las pruebas presenciales<\/b><\/h6>\n<ul>\n<li>En el momento de realizaci\u00f3n de las pruebas presenciales los estudiantes deber\u00e1n comunicar a los tribunales de examen las adaptaciones concedidas. Para ello es obligatorio acudir a las pruebas presenciales con la Resoluci\u00f3n recibida.<\/li>\n<li>Esta comunicaci\u00f3n es imprescindible y obligatoria cuando las adaptaciones suponen un cambio en la duraci\u00f3n, formato o soporte del examen enviado por los Equipos Docentes o cuando implican ajustes en la forma de respuesta al mismo por parte del estudiante.<\/li>\n<li>Una vez concluidas las pruebas, UNIDIS realizar\u00e1 una valoraci\u00f3n de su desarrollo en cada convocatoria. Para ello es conveniente que los propios estudiantes hagan llegar a los T\u00e9cnicos de UNIDIS las observaciones que estimen oportunas.<\/li>\n<\/ul>\n<h6><\/h6>\n<h6>M\u00e1s informaci\u00f3n <a class=\"d p\" href=\"http:\/\/portal.uned.es\/portal\/page?_pageid=93,3024370&amp;_dad=portal&amp;_schema=PORTAL\">UNIDIS<\/a><\/h6>\n<p>&nbsp;<\/p>\n<h6 class=\"previo\"><strong>Gu\u00eda para acceder a tus calificaciones<\/strong><\/h6>\n<p>Podr\u00e1s consultar tus calificaciones pero necesitas identificarte, pr\u00e9viamente, en <i>Acceso al CAMPUS<\/i>, en el recuadro <i>Calificaciones.<\/i><\/p>\n<p>En el recuadro <i>Mis Ex\u00e1menes<\/i>, podr\u00e1s ver un enlace para <i>\u201cVer los ex\u00e1menes que he realizado&#8221;<\/i>. Los ex\u00e1menes escaneados estar\u00e1n visibles en dicho enlace unos d\u00edas despu\u00e9s de finalizar la semana de ex\u00e1menes.<\/p>\n<ul>\n<li>Desde ah\u00ed tambi\u00e9n podr\u00e1s descargarte un Certificado de Asistencia a examen si lo necesitaras y no lo solicitaste el d\u00eda del examen (firma digital, c\u00f3digo de seguridad en la sede electr\u00f3nica de la Uned).<\/li>\n<li>En esa misma p\u00e1gina inicial, puedes consultar las fechas l\u00edmite de publicaci\u00f3n de las listas de notas y de las Actas oficiales.<\/li>\n<li>En un primer momento los equipos docentes publicar\u00e1n los listados\u00a0\u00a0provisionales de notas.<\/li>\n<li>Recibidas las reclamaciones a dichos listados, si las hubiera, y revisados los ex\u00e1menes, los equipos docentes publicar\u00e1n las Actas oficiales de las asignaturas.<\/li>\n<li>No obstante, en el <i>Curso Virtual <\/i>de la asignatura se podr\u00e1n publicar plantillas de correcci\u00f3n del examen (si es tipo test), o aclaraciones a las preguntas de examen con anterioridad a la publicaci\u00f3n de las listas de calificaciones, y podr\u00e1n concretar un poco m\u00e1s la fecha esperada de publicaci\u00f3n de las mismas.<\/li>\n<li>Las calificaciones que puedes ver en los listados\u00a0de calificaciones s\u00f3lo se trasladan a tu expediente acad\u00e9mico despu\u00e9s de que se publiquen las Actas oficiales de la asignatura, lo que se produce unos d\u00edas m\u00e1s tarde de publicadas los listados de notas y realizadas\u00a0las oportunas revisiones.<\/li>\n<\/ul>\n","protected":false},"excerpt":{"rendered":"<p>C\u00f3mo realizar el carn\u00e9 de estudiante y presentarlo el d\u00eda del examen. &nbsp; Carn\u00e9 de estudiante. Hay dos maneras\u00a0de formalizarlo: Presencialmente en el Centro En la\u00a0Secretar\u00eda del Centro Se precisa\u00a0\u00a0 el DNI o documento oficial (pasaporte, carn\u00e9\u00a0de conducir) Se realiza\u00a0y se entrega en el momento. Por correo electr\u00f3nico\/correo postal Se precisa\u00a0adjuntar una fotograf\u00eda reciente digitalizada\/impresa, [&hellip;]<\/p>\n","protected":false},"author":1,"featured_media":0,"parent":1381,"menu_order":0,"comment_status":"closed","ping_status":"closed","template":"","meta":{"_acf_changed":false,"footnotes":""},"acf":[],"_links":{"self":[{"href":"https:\/\/uned-illesbalears.net\/ca\/wp-json\/wp\/v2\/pages\/27331"}],"collection":[{"href":"https:\/\/uned-illesbalears.net\/ca\/wp-json\/wp\/v2\/pages"}],"about":[{"href":"https:\/\/uned-illesbalears.net\/ca\/wp-json\/wp\/v2\/types\/page"}],"author":[{"embeddable":true,"href":"https:\/\/uned-illesbalears.net\/ca\/wp-json\/wp\/v2\/users\/1"}],"replies":[{"embeddable":true,"href":"https:\/\/uned-illesbalears.net\/ca\/wp-json\/wp\/v2\/comments?post=27331"}],"version-history":[{"count":0,"href":"https:\/\/uned-illesbalears.net\/ca\/wp-json\/wp\/v2\/pages\/27331\/revisions"}],"up":[{"embeddable":true,"href":"https:\/\/uned-illesbalears.net\/ca\/wp-json\/wp\/v2\/pages\/1381"}],"wp:attachment":[{"href":"https:\/\/uned-illesbalears.net\/ca\/wp-json\/wp\/v2\/media?parent=27331"}],"curies":[{"name":"wp","href":"https:\/\/api.w.org\/{rel}","templated":true}]}}