{"id":2697,"date":"2013-10-06T17:09:53","date_gmt":"2013-10-06T17:09:53","guid":{"rendered":"https:\/\/uned-illesbalears.net\/trabajo-social-primer-semestre-segundo-curso-enlaces-grabaciones-2\/"},"modified":"2014-01-25T18:39:57","modified_gmt":"2014-01-25T18:39:57","slug":"trabajosocial2cu2se","status":"publish","type":"page","link":"https:\/\/uned-illesbalears.net\/ca\/trabajosocial2cu2se\/","title":{"rendered":"Trabajo social &#8211; Segundo semestre &#8211; Segundo curso &#8211; Enlaces grabaciones"},"content":{"rendered":"<p>Recuerde que debe estar identificado en Campus UNED y\u00a0 tener instalado la \u00faltima versi\u00f3n del Adobe Flash Player.<br \/>\nHa de realizar clic en la tutor\u00eda para acceder a la grabaci\u00f3n, o bien copiar el hiperv\u00ednculo y &#8220;pegar e ir&#8221; en la barra de su navegador. Los enlaces se actualizan cada semana.<\/p>\n\n<table id=\"tablepress-65\" class=\"tablepress tablepress-id-65 tbody-has-connected-cells\">\n<tbody class=\"row-striping row-hover\">\n<tr class=\"row-1\">\n\t<td rowspan=\"2\" class=\"column-1\"><\/td><td rowspan=\"2\" class=\"column-2\"><\/td><td rowspan=\"2\" class=\"column-3\"><\/td><td rowspan=\"2\" class=\"column-4\"><\/td><td class=\"column-5\"><\/td><td class=\"column-6\"><\/td><td class=\"column-7\"><\/td><td class=\"column-8\"><\/td><td class=\"column-9\"><\/td><td class=\"column-10\"><\/td><td class=\"column-11\"><\/td><td class=\"column-12\"><\/td><td class=\"column-13\"><\/td><td class=\"column-14\"><\/td><td class=\"column-15\"><\/td><td class=\"column-16\"><\/td><td class=\"column-17\"><\/td>\n<\/tr>\n<tr class=\"row-2\">\n\t<td class=\"column-5\">10-14 feb<\/td><td class=\"column-6\">17-21 feb<\/td><td class=\"column-7\">24- 28 feb<\/td><td class=\"column-8\">3-7 mar<\/td><td class=\"column-9\">10-14 mar<\/td><td class=\"column-10\">17-21 mar<\/td><td class=\"column-11\">24-28 mar<\/td><td class=\"column-12\">31 mar-4 abr<\/td><td class=\"column-13\">7-11 abr<\/td><td class=\"column-14\">14-16 abr<\/td><td class=\"column-15\">28 abr- 2 may<\/td><td class=\"column-16\">5-9 may<\/td><td class=\"column-17\">12-16 may<\/td>\n<\/tr>\n<tr class=\"row-3\">\n\t<td class=\"column-1\"><strong>D\u00eda<\/strong><\/td><td class=\"column-2\"><strong>Hora<\/strong><\/td><td class=\"column-3\"><strong>Asignatura<\/strong><\/td><td colspan=\"14\" class=\"column-4\"><strong>Profesor<\/strong><\/td>\n<\/tr>\n<tr class=\"row-4\">\n\t<td class=\"column-1\">Martes<\/td><td class=\"column-2\">17.30<\/td><td class=\"column-3\">Psicolog\u00eda social <\/td><td class=\"column-4\">A.Sastre<\/td><td class=\"column-5\"><a href=\"https:\/\/www.intecca.uned.es\/portalavip\/grabacion.php?ID_Sala=42702&amp;ID_Grabacion=110838&amp;hashData=3e28b5549af0f5d15bba78c827d0bab3&amp;paramsToCheck=SURfR3JhYmFjaW9uLElEX1NhbGEs\">T1<\/a><\/td><td class=\"column-6\"><a href=\"https:\/\/www.intecca.uned.es\/portalavip\/grabacion.php?ID_Sala=42702&amp;ID_Grabacion=111735&amp;hashData=9b09eb90410b829c582be9e87143be41&amp;paramsToCheck=SURfR3JhYmFjaW9uLElEX1NhbGEs\">T2<\/a><\/td><td class=\"column-7\"><a href=\"https:\/\/www.intecca.uned.es\/portalavip\/grabacion.php?ID_Sala=42702&amp;ID_Grabacion=112974&amp;hashData=036e798f24fe3c35581215d48191c96e&amp;paramsToCheck=SURfR3JhYmFjaW9uLElEX1NhbGEs\">T3<\/a><\/td><td class=\"column-8\"><a href=\"https:\/\/www.intecca.uned.es\/portalavip\/grabacion.php?ID_Sala=42702&amp;ID_Grabacion=114324&amp;hashData=98ba898bfb3257431eea688389ff8913&amp;paramsToCheck=SURfR3JhYmFjaW9uLElEX1NhbGEs\">T4<\/a><br \/>\n<a href=\"https:\/\/www.intecca.uned.es\/portalavip\/grabacion.php?ID_Sala=42702&amp;ID_Grabacion=114364&amp;hashData=2e2b34a2e48fcfd078922fc97e162c4d&amp;paramsToCheck=SURfR3JhYmFjaW9uLElEX1NhbGEs\">T4a<\/a><\/td><td class=\"column-9\"><a href=\"https:\/\/www.intecca.uned.es\/portalavip\/grabacion.php?ID_Sala=42702&amp;ID_Grabacion=116038&amp;hashData=8450eda399a3e84018c5c0722cb40c34&amp;paramsToCheck=SURfR3JhYmFjaW9uLElEX1NhbGEs\">T5<\/a><\/td><td class=\"column-10\"><a href=\"https:\/\/www.intecca.uned.es\/portalavip\/grabacion.php?ID_Sala=42702&amp;ID_Grabacion=117189&amp;hashData=025a12bcbc4b9e1b8e3f83f83da739ff&amp;paramsToCheck=SURfR3JhYmFjaW9uLElEX1NhbGEs\">T6<\/a><\/td><td class=\"column-11\"><a href=\"https:\/\/www.intecca.uned.es\/portalavip\/grabacion.php?ID_Sala=42702&amp;ID_Grabacion=118543&amp;hashData=f770ec6e09d6a1d831824171c497b9c5&amp;paramsToCheck=SURfR3JhYmFjaW9uLElEX1NhbGEs\">T7<\/a><\/td><td class=\"column-12\"><a href=\"https:\/\/www.intecca.uned.es\/portalavip\/grabacion.php?ID_Sala=42702&amp;ID_Grabacion=120358&amp;hashData=a134194cf2525ce2314f8fc650187a36&amp;paramsToCheck=SURfR3JhYmFjaW9uLElEX1NhbGEs\">T8<\/a><\/td><td class=\"column-13\"><a href=\"https:\/\/www.intecca.uned.es\/portalavip\/grabacion.php?ID_Sala=42702&amp;ID_Grabacion=121635&amp;hashData=d9dbb02e3ed62d0e0e5d9c4263380be9&amp;paramsToCheck=SURfR3JhYmFjaW9uLElEX1NhbGEs\">T9<\/a><\/td><td class=\"column-14\"><a href=\"https:\/\/www.intecca.uned.es\/portalavip\/grabacion.php?ID_Sala=42702&amp;ID_Grabacion=122631&amp;hashData=74b70da1cac6799fd74eb75affbd7112&amp;paramsToCheck=SURfR3JhYmFjaW9uLElEX1NhbGEs\">T10<\/a><\/td><td class=\"column-15\"><a href=\"https:\/\/www.intecca.uned.es\/portalavip\/grabacion.php?ID_Sala=42702&amp;ID_Grabacion=124133&amp;hashData=54a13722c609a87c5639ede21f8e6300&amp;paramsToCheck=SURfR3JhYmFjaW9uLElEX1NhbGEs\">T11<\/a><\/td><td class=\"column-16\"><a href=\"https:\/\/www.intecca.uned.es\/portalavip\/grabacion.php?ID_Sala=42702&amp;ID_Grabacion=124707&amp;hashData=6a5fa83b197c6c31bf77ce2cde7322aa&amp;paramsToCheck=SURfR3JhYmFjaW9uLElEX1NhbGEs\">T12<\/a><br \/>\n<a href=\"https:\/\/www.intecca.uned.es\/portalavip\/grabacion.php?ID_Sala=42702&amp;ID_Grabacion=124708&amp;hashData=ed72f2824445464f1d8f3b581cc09a2f&amp;paramsToCheck=SURfR3JhYmFjaW9uLElEX1NhbGEs\">T12a<\/a><\/td><td class=\"column-17\"><a href=\"https:\/\/www.intecca.uned.es\/portalavip\/grabacion.php?ID_Sala=42702&amp;ID_Grabacion=125253&amp;hashData=e1043993665d6d4902b443ed90e9af0d&amp;paramsToCheck=SURfR3JhYmFjaW9uLElEX1NhbGEs\">T13<\/a><br \/>\n<a href=\"https:\/\/www.intecca.uned.es\/portalavip\/grabacion.php?ID_Sala=42702&amp;ID_Grabacion=127899&amp;hashData=41080401e982cad22bb4b6a97d1c5651&amp;paramsToCheck=SURfR3JhYmFjaW9uLElEX1NhbGEs\">T13a<\/a><br \/>\n<a href=\"https:\/\/www.intecca.uned.es\/portalavip\/grabacion.php?ID_Sala=42702&amp;ID_Grabacion=127932&amp;hashData=82b156c5cf9e28cf3e981db7ec5e3d0f&amp;paramsToCheck=SURfR3JhYmFjaW9uLElEX1NhbGEs\">T13b<\/a><\/td>\n<\/tr>\n<tr class=\"row-5\">\n\t<td class=\"column-1\">Martes<\/td><td class=\"column-2\">18.30<\/td><td class=\"column-3\">Derecho de los servicios p\u00fablicos sociales  <\/td><td class=\"column-4\">M.J.Ferrandis<\/td><td class=\"column-5\"><a href=\"https:\/\/www.intecca.uned.es\/portalavip\/grabacion.php?ID_Sala=42702&amp;ID_Grabacion=110867&amp;hashData=a1f68329b1b4ccc7038e2a7c4557cc51&amp;paramsToCheck=SURfR3JhYmFjaW9uLElEX1NhbGEs\">T1<\/a><\/td><td class=\"column-6\"><a href=\"https:\/\/www.intecca.uned.es\/portalavip\/grabacion.php?ID_Sala=42702&amp;ID_Grabacion=111779&amp;hashData=2c26fbcb70e05aa616c9c0aef1d8d611&amp;paramsToCheck=SURfR3JhYmFjaW9uLElEX1NhbGEs\">T2<\/a><\/td><td class=\"column-7\"><a href=\"https:\/\/www.intecca.uned.es\/portalavip\/grabacion.php?ID_Sala=42702&amp;ID_Grabacion=113024&amp;hashData=145a16648afd87bb341cc6ab392bc573&amp;paramsToCheck=SURfR3JhYmFjaW9uLElEX1NhbGEs\">T3<\/a><\/td><td class=\"column-8\"><a href=\"https:\/\/www.intecca.uned.es\/portalavip\/grabacion.php?ID_Sala=42702&amp;ID_Grabacion=114388&amp;hashData=31ceb7a2f294a1958b0cb5ce0c9e0981&amp;paramsToCheck=SURfR3JhYmFjaW9uLElEX1NhbGEs\">T4<\/a><\/td><td class=\"column-9\"><a href=\"https:\/\/www.intecca.uned.es\/portalavip\/grabacion.php?ID_Sala=42702&amp;ID_Grabacion=115997&amp;hashData=402ed2badb50bc8ce8623d5b219cab06&amp;paramsToCheck=SURfR3JhYmFjaW9uLElEX1NhbGEs\">T5<\/a><\/td><td class=\"column-10\">T6<br \/>\nPA<\/td><td class=\"column-11\"><a href=\"https:\/\/www.intecca.uned.es\/portalavip\/grabacion.php?ID_Sala=42702&amp;ID_Grabacion=118604&amp;hashData=acc206b45b542cc05771c26923890c9a&amp;paramsToCheck=SURfR3JhYmFjaW9uLElEX1NhbGEs\">T7<\/a><\/td><td class=\"column-12\"><a href=\"https:\/\/www.intecca.uned.es\/portalavip\/grabacion.php?ID_Sala=42702&amp;ID_Grabacion=120419&amp;hashData=0c408462281259986adbf08ff6fba174&amp;paramsToCheck=SURfR3JhYmFjaW9uLElEX1NhbGEs\">T8<\/a><\/td><td class=\"column-13\"><a href=\"https:\/\/www.intecca.uned.es\/portalavip\/grabacion.php?ID_Sala=42702&amp;ID_Grabacion=121697&amp;hashData=f0aed1eddf18185bdf830eb7761127a8&amp;paramsToCheck=SURfR3JhYmFjaW9uLElEX1NhbGEs\">T9<\/a><\/td><td class=\"column-14\"><a href=\"https:\/\/www.intecca.uned.es\/portalavip\/grabacion.php?ID_Sala=42702&amp;ID_Grabacion=122649&amp;hashData=fce9132abb81677d838fd9142ab64ace&amp;paramsToCheck=SURfR3JhYmFjaW9uLElEX1NhbGEs\">T10<\/a><\/td><td class=\"column-15\"><a href=\"https:\/\/www.intecca.uned.es\/portalavip\/grabacion.php?ID_Sala=42702&amp;ID_Grabacion=124180&amp;hashData=dd47c0dea85a95141aaac04cd6007f87&amp;paramsToCheck=SURfR3JhYmFjaW9uLElEX1NhbGEs\">T11<\/a><\/td><td class=\"column-16\"><a href=\"https:\/\/www.intecca.uned.es\/portalavip\/grabacion.php?ID_Sala=42702&amp;ID_Grabacion=125314&amp;hashData=7a78ff9e6db26b508e7888a6ffb3fd5c&amp;paramsToCheck=SURfR3JhYmFjaW9uLElEX1NhbGEs\">T12<\/a><\/td><td class=\"column-17\"><a href=\"https:\/\/www.intecca.uned.es\/portalavip\/grabacion.php?ID_Sala=42702&amp;ID_Grabacion=127977&amp;hashData=641b394fd0bba2d01810d984e4e4415d&amp;paramsToCheck=SURfR3JhYmFjaW9uLElEX1NhbGEs\">T13<\/a><\/td>\n<\/tr>\n<tr class=\"row-6\">\n\t<td class=\"column-1\">Martes<\/td><td class=\"column-2\">19.30<\/td><td class=\"column-3\">Procesos psicol\u00f3gicos b\u00e1sicos <\/td><td class=\"column-4\">J.Garc\u00eda<\/td><td class=\"column-5\"><a href=\"https:\/\/www.intecca.uned.es\/portalavip\/grabacion.php?ID_Sala=42702&amp;ID_Grabacion=110898&amp;hashData=1f162f8930c1ca675c51b2eaa16f1be4&amp;paramsToCheck=SURfR3JhYmFjaW9uLElEX1NhbGEs\">T1<\/a><\/td><td class=\"column-6\"><a href=\"https:\/\/www.intecca.uned.es\/portalavip\/grabacion.php?ID_Sala=42702&amp;ID_Grabacion=111828&amp;hashData=3bb25b81353b158340311f6b73b2733d&amp;paramsToCheck=SURfR3JhYmFjaW9uLElEX1NhbGEs\">T2<\/a><\/td><td class=\"column-7\"><a href=\"https:\/\/www.intecca.uned.es\/portalavip\/grabacion.php?ID_Sala=42702&amp;ID_Grabacion=113087&amp;hashData=b372e9131d1e8ec57fed80d90419fc48&amp;paramsToCheck=SURfR3JhYmFjaW9uLElEX1NhbGEs\">T3<\/a><\/td><td class=\"column-8\"><a href=\"https:\/\/www.intecca.uned.es\/portalavip\/grabacion.php?ID_Sala=42702&amp;ID_Grabacion=114444&amp;hashData=8f95ff9e440727a632a5f9313bed1cd0&amp;paramsToCheck=SURfR3JhYmFjaW9uLElEX1NhbGEs\">T4<\/a><\/td><td class=\"column-9\"><a href=\"https:\/\/www.intecca.uned.es\/portalavip\/grabacion.php?ID_Sala=55583&amp;ID_Grabacion=116080&amp;hashData=c65a8feec2531c3980d5fdecc0fd8367&amp;paramsToCheck=SURfR3JhYmFjaW9uLElEX1NhbGEs\">T5<\/a><\/td><td class=\"column-10\"><a href=\"https:\/\/www.intecca.uned.es\/portalavip\/grabacion.php?ID_Sala=42702&amp;ID_Grabacion=117268&amp;hashData=7bc536ea5c3b6eb26b00b0e6ac6c1dd8&amp;paramsToCheck=SURfR3JhYmFjaW9uLElEX1NhbGEs\">T6<\/a><\/td><td class=\"column-11\"><a href=\"https:\/\/www.intecca.uned.es\/portalavip\/grabacion.php?ID_Sala=42702&amp;ID_Grabacion=118671&amp;hashData=cac92adbc301ec3df20bdeda01be50db&amp;paramsToCheck=SURfR3JhYmFjaW9uLElEX1NhbGEs\">T7<\/a><\/td><td class=\"column-12\"><a href=\"https:\/\/www.intecca.uned.es\/portalavip\/grabacion.php?ID_Sala=42702&amp;ID_Grabacion=120467&amp;hashData=e6103966cf9731b1f38748f29234bd91&amp;paramsToCheck=SURfR3JhYmFjaW9uLElEX1NhbGEs\">T8<\/a><br \/>\n<a href=\"https:\/\/www.intecca.uned.es\/portalavip\/grabacion.php?ID_Sala=42702&amp;ID_Grabacion=120492&amp;hashData=3e92779365b7cea418f5575297c70be4&amp;paramsToCheck=SURfR3JhYmFjaW9uLElEX1NhbGEs\">T8a<\/a><\/td><td class=\"column-13\"><a href=\"https:\/\/www.intecca.uned.es\/portalavip\/grabacion.php?ID_Sala=42702&amp;ID_Grabacion=121749&amp;hashData=b904966221a59a118485c9a1b5c3af65&amp;paramsToCheck=SURfR3JhYmFjaW9uLElEX1NhbGEs\">T9<\/a><\/td><td class=\"column-14\"><a href=\"https:\/\/www.intecca.uned.es\/portalavip\/grabacion.php?ID_Sala=42702&amp;ID_Grabacion=122665&amp;hashData=7a30806ab3dd2cc0f817032e9033fbfd&amp;paramsToCheck=SURfR3JhYmFjaW9uLElEX1NhbGEs\">T10<\/a><\/td><td class=\"column-15\"><a href=\"https:\/\/www.intecca.uned.es\/portalavip\/grabacion.php?ID_Sala=42702&amp;ID_Grabacion=124229&amp;hashData=d5b7cc53f54fef082ea9a29a80a53953&amp;paramsToCheck=SURfR3JhYmFjaW9uLElEX1NhbGEs\">T11<\/a><\/td><td class=\"column-16\"><a href=\"https:\/\/www.intecca.uned.es\/portalavip\/grabacion.php?ID_Sala=42702&amp;ID_Grabacion=125359&amp;hashData=c635d41078bc40685e3efe0951b27463&amp;paramsToCheck=SURfR3JhYmFjaW9uLElEX1NhbGEs\">T12<\/a><\/td><td class=\"column-17\"><a href=\"https:\/\/www.intecca.uned.es\/portalavip\/grabacion.php?ID_Sala=42702&amp;ID_Grabacion=128020&amp;hashData=ace71b424eb292e9d67c367af0577f22&amp;paramsToCheck=SURfR3JhYmFjaW9uLElEX1NhbGEs\">T13<\/a><\/td>\n<\/tr>\n<tr class=\"row-7\">\n\t<td class=\"column-1\">Jueves<\/td><td class=\"column-2\">19.30<\/td><td class=\"column-3\">M\u00e9todos y t\u00e9cnicas de investigaci\u00f3n II  <\/td><td class=\"column-4\">C.Vecina<\/td><td class=\"column-5\"><a href=\"https:\/\/www.intecca.uned.es\/portalavip\/grabacion.php?ID_Sala=42702&amp;ID_Grabacion=111273&amp;hashData=729d398a1279d690bd0d3917c0b59c4d&amp;paramsToCheck=SURfR3JhYmFjaW9uLElEX1NhbGEs\">T1<\/a><\/td><td class=\"column-6\"><a href=\"https:\/\/www.intecca.uned.es\/portalavip\/grabacion.php?ID_Sala=42702&amp;ID_Grabacion=112309&amp;hashData=18760dbc5167432c281c210fb87b1cc3&amp;paramsToCheck=SURfR3JhYmFjaW9uLElEX1NhbGEs\">T2<\/a><\/td><td class=\"column-7\"><a href=\"https:\/\/www.intecca.uned.es\/portalavip\/grabacion.php?ID_Sala=42702&amp;ID_Grabacion=113607&amp;hashData=115ffe98109df97395bc5915dcf09b12&amp;paramsToCheck=SURfR3JhYmFjaW9uLElEX1NhbGEs\">T3<\/a><\/td><td class=\"column-8\"><a href=\"https:\/\/www.intecca.uned.es\/portalavip\/grabacion.php?ID_Sala=42702&amp;ID_Grabacion=114942&amp;hashData=b0f216bfcb4924c4983ebc10e08ca811&amp;amp%3BparamsToCheck=SURfR3JhYmFjaW9uLElEX1NhbGEs\">T4<\/a><\/td><td class=\"column-9\"><a href=\"https:\/\/www.intecca.uned.es\/portalavip\/grabacion.php?ID_Sala=42702&amp;ID_Grabacion=116629&amp;hashData=2db07317c197990371832db39851b343&amp;paramsToCheck=SURfR3JhYmFjaW9uLElEX1NhbGEs\">T5<\/a><\/td><td class=\"column-10\"><a href=\"https:\/\/www.intecca.uned.es\/portalavip\/grabacion.php?ID_Sala=42702&amp;ID_Grabacion=117698&amp;hashData=2d1f737ee2d760d2eb82e77e461582ec&amp;paramsToCheck=SURfR3JhYmFjaW9uLElEX1NhbGEs\">T6<\/a><\/td><td class=\"column-11\"><a href=\"https:\/\/www.intecca.uned.es\/portalavip\/grabacion.php?ID_Sala=42702&amp;ID_Grabacion=119658&amp;hashData=bdab42b400297866b1447297ce8c2657&amp;paramsToCheck=SURfR3JhYmFjaW9uLElEX1NhbGEs\">T7<\/a><\/td><td class=\"column-12\"><a href=\"https:\/\/www.intecca.uned.es\/portalavip\/grabacion.php?ID_Sala=42702&amp;ID_Grabacion=121011&amp;hashData=3b4d2c8c02dad8aebc9e2828a382188f&amp;paramsToCheck=SURfR3JhYmFjaW9uLElEX1NhbGEs\">T8<\/a><\/td><td class=\"column-13\"><a href=\"https:\/\/www.intecca.uned.es\/portalavip\/grabacion.php?ID_Sala=42702&amp;ID_Grabacion=122245&amp;hashData=d8fca78279e4a38bb3b3e58dc2119833&amp;paramsToCheck=SURfR3JhYmFjaW9uLElEX1NhbGEs\">T9<\/a><\/td><td class=\"column-14\"><a href=\"https:\/\/www.intecca.uned.es\/portalavip\/grabacion.php?ID_Sala=42702&amp;ID_Grabacion=123575&amp;hashData=6a1642843d94de45c15d69bdf6953885&amp;paramsToCheck=SURfR3JhYmFjaW9uLElEX1NhbGEs\">T10*<\/a><\/td><td class=\"column-15\"><\/td><td class=\"column-16\"><a href=\"https:\/\/www.intecca.uned.es\/portalavip\/grabacion.php?ID_Sala=42702&amp;ID_Grabacion=125907&amp;hashData=8a42324ef55468263e272c6a7a1efd76&amp;paramsToCheck=SURfR3JhYmFjaW9uLElEX1NhbGEs\">T11<\/a><\/td><td class=\"column-17\"><a href=\"https:\/\/www.intecca.uned.es\/portalavip\/grabacion.php?ID_Sala=42702&amp;ID_Grabacion=128455&amp;hashData=567b6b73459407bfb2cb8164f7ac7975&amp;paramsToCheck=SURfR3JhYmFjaW9uLElEX1NhbGEs\">T12<\/a><\/td>\n<\/tr>\n<tr class=\"row-8\">\n\t<td class=\"column-1\">Jueves<\/td><td class=\"column-2\">20.30<\/td><td class=\"column-3\">Pol\u00edtica social <\/td><td class=\"column-4\">F.Gonz\u00e1lez<\/td><td class=\"column-5\"><a href=\"https:\/\/www.intecca.uned.es\/portalavip\/grabacion.php?ID_Sala=42702&amp;ID_Grabacion=111299&amp;hashData=f7dbb0be0ddb46d2e743f42802a15d13&amp;paramsToCheck=SURfR3JhYmFjaW9uLElEX1NhbGEs\">T1<\/a><\/td><td class=\"column-6\"><a href=\"https:\/\/www.intecca.uned.es\/portalavip\/grabacion.php?ID_Sala=42702&amp;ID_Grabacion=112335&amp;hashData=5636453c3ba581ed69b347b6262d398d&amp;paramsToCheck=SURfR3JhYmFjaW9uLElEX1NhbGEs\">T2<\/a><\/td><td class=\"column-7\"><a href=\"https:\/\/www.intecca.uned.es\/portalavip\/grabacion.php?ID_Sala=42702&amp;ID_Grabacion=113663&amp;hashData=0af31ec07121640745e2513f489a997c&amp;paramsToCheck=SURfR3JhYmFjaW9uLElEX1NhbGEs\">T3<\/a><\/td><td class=\"column-8\"><a href=\"https:\/\/www.intecca.uned.es\/portalavip\/grabacion.php?ID_Sala=42702&amp;ID_Grabacion=114966&amp;hashData=d2748715491b82f8c5295c67b92783d9&amp;paramsToCheck=SURfR3JhYmFjaW9uLElEX1NhbGEs\">T4<\/a><\/td><td class=\"column-9\"><a href=\"https:\/\/www.intecca.uned.es\/portalavip\/grabacion.php?ID_Sala=42702&amp;ID_Grabacion=116661&amp;hashData=0c23b0f6f37fad4832f17ba34eb3444a&amp;paramsToCheck=SURfR3JhYmFjaW9uLElEX1NhbGEs\">T5<\/a><\/td><td class=\"column-10\"><a href=\"https:\/\/www.intecca.uned.es\/portalavip\/grabacion.php?ID_Sala=42702&amp;ID_Grabacion=117731&amp;hashData=d3ce6cfaafda0248725f19a6ceef8f7a&amp;paramsToCheck=SURfR3JhYmFjaW9uLElEX1NhbGEs\">T6<\/a><\/td><td class=\"column-11\"><a href=\"https:\/\/www.intecca.uned.es\/portalavip\/grabacion.php?ID_Sala=42702&amp;ID_Grabacion=119701&amp;hashData=bad0901031b4c752eb8ddbc8b9e1c76e&amp;paramsToCheck=SURfR3JhYmFjaW9uLElEX1NhbGEs\">T7<\/a><\/td><td class=\"column-12\"><a href=\"https:\/\/www.intecca.uned.es\/portalavip\/grabacion.php?ID_Sala=42702&amp;ID_Grabacion=121059&amp;hashData=95b09e17186c53990915f2eb3ea2f9b3&amp;paramsToCheck=SURfR3JhYmFjaW9uLElEX1NhbGEs\">T8<\/a><\/td><td class=\"column-13\"><a href=\"https:\/\/www.intecca.uned.es\/portalavip\/grabacion.php?ID_Sala=42702&amp;ID_Grabacion=122280&amp;hashData=62931d01ffa2ad27987344a815b61980&amp;paramsToCheck=SURfR3JhYmFjaW9uLElEX1NhbGEs\">T9<\/a><\/td><td class=\"column-14\"><a href=\"https:\/\/www.intecca.uned.es\/portalavip\/grabacion.php?ID_Sala=42702&amp;ID_Grabacion=123614&amp;hashData=620e3aaa2ef393ee71098bf14e5d63f9&amp;paramsToCheck=SURfR3JhYmFjaW9uLElEX1NhbGEs\">T10*<\/a><\/td><td class=\"column-15\"><\/td><td class=\"column-16\"><a href=\"https:\/\/www.intecca.uned.es\/portalavip\/grabacion.php?ID_Sala=42702&amp;ID_Grabacion=125922&amp;hashData=48911ea7a8196f5968caa53033513664&amp;paramsToCheck=SURfR3JhYmFjaW9uLElEX1NhbGEs\">T11<\/a><\/td><td class=\"column-17\"><a href=\"https:\/\/www.intecca.uned.es\/portalavip\/grabacion.php?ID_Sala=42702&amp;ID_Grabacion=128480&amp;hashData=813d7067575c4bc91529783ea487c4ac&amp;paramsToCheck=SURfR3JhYmFjaW9uLElEX1NhbGEs\">T12<\/a><\/td>\n<\/tr>\n<\/tbody>\n<\/table>\n<!-- #tablepress-65 from cache -->\n<p>Clave:<br \/>\n<strong>PA<\/strong>: Problemas de audio<br \/>\n<strong>PT<\/strong>: Problema t\u00e9cnico<br \/>\n<strong>NT<\/strong>: No realiz\u00f3 la tutor\u00eda<\/p>\n<p>&nbsp;<\/p>\n","protected":false},"excerpt":{"rendered":"<p>Recuerde que debe estar identificado en Campus UNED y\u00a0 tener instalado la \u00faltima versi\u00f3n del Adobe Flash Player. Ha de realizar clic en la tutor\u00eda para acceder a la grabaci\u00f3n, o bien copiar el hiperv\u00ednculo y &#8220;pegar e ir&#8221; en la barra de su navegador. Los enlaces se actualizan cada semana. Clave: PA: Problemas de [&hellip;]<\/p>\n","protected":false},"author":1,"featured_media":0,"parent":0,"menu_order":0,"comment_status":"closed","ping_status":"closed","template":"","meta":{"_acf_changed":false,"footnotes":""},"acf":[],"_links":{"self":[{"href":"https:\/\/uned-illesbalears.net\/ca\/wp-json\/wp\/v2\/pages\/2697"}],"collection":[{"href":"https:\/\/uned-illesbalears.net\/ca\/wp-json\/wp\/v2\/pages"}],"about":[{"href":"https:\/\/uned-illesbalears.net\/ca\/wp-json\/wp\/v2\/types\/page"}],"author":[{"embeddable":true,"href":"https:\/\/uned-illesbalears.net\/ca\/wp-json\/wp\/v2\/users\/1"}],"replies":[{"embeddable":true,"href":"https:\/\/uned-illesbalears.net\/ca\/wp-json\/wp\/v2\/comments?post=2697"}],"version-history":[{"count":0,"href":"https:\/\/uned-illesbalears.net\/ca\/wp-json\/wp\/v2\/pages\/2697\/revisions"}],"wp:attachment":[{"href":"https:\/\/uned-illesbalears.net\/ca\/wp-json\/wp\/v2\/media?parent=2697"}],"curies":[{"name":"wp","href":"https:\/\/api.w.org\/{rel}","templated":true}]}}