{"id":218611,"date":"2022-09-17T16:30:15","date_gmt":"2022-09-17T14:30:15","guid":{"rendered":"https:\/\/uned-illesbalears.net\/recursos-para-estudiantes\/classes-de-tutoria\/clases-tutorias-en-mallorca-2\/"},"modified":"2026-02-13T20:47:40","modified_gmt":"2026-02-13T19:47:40","slug":"horarios","status":"publish","type":"page","link":"https:\/\/uned-illesbalears.net\/ca\/recursos-para-estudiantes\/classes-de-tutoria\/horarios\/","title":{"rendered":"Horarios Clases Tutor\u00edas 2025-2026"},"content":{"rendered":"<h3><span style=\"color: #008000;\"><strong>Horario clases tutor\u00edas del CA UNED Illes Balears<\/strong><\/span><\/h3>\n<p>Seleccione en el \u00e1rea de conocimiento los estudios que realiza para acceder a los horarios de las clases tutor\u00edas correspondientes.<\/p>\n<p>En Akademos Web pueden consultar su horario y el tutor\/a que tiene asignado, as\u00ed como conectarse en directo a la tutor\u00eda. Para acceder en directo a la tutor\u00eda hay que conectarse en el horario que corresponde, no se puede conectar antes, el sistema no lo permite. Permitir en elementos emergentes a INTECCA para que puedan acceder a la sala AVIP de la clase tutor\u00eda.<\/p>\n<h5 style=\"text-align: center;\"><a href=\"https:\/\/uned-illesbalears.net\/ca\/recursos-para-estudiantes\/incidencies-classes-tutories\/\"><span style=\"color: #008000;\"><strong>Incidencias clases tutor\u00edas 2025-2026<\/strong><\/span><\/a><\/h5>\n<p style=\"text-align: center;\" data-start=\"359\" data-end=\"457\">Las grabaciones son competencia exclusiva del profesorado tutor\/a.<br data-start=\"425\" data-end=\"428\" \/>Para acceder a una grabaci\u00f3n, tienes dos opciones:<\/p>\n<p style=\"text-align: center;\">1.Entra en el <a href=\"https:\/\/www.uned.es\/universidad\/inicio\/estudios\/grados.html?utm_source=google_search&amp;utm_medium=joven_ebau_inicio_matricula&amp;utm_campaign=grados_julio_octubre&amp;utm_term=trafico&amp;utm_term=carreras%20universitarias%20a%20distancia&amp;utm_campaign=&amp;utm_source=adwords&amp;utm_medium=ppc&amp;hsa_acc=1499330721&amp;hsa_cam=22737056340&amp;hsa_grp=187055526132&amp;hsa_ad=761621403560&amp;hsa_src=g&amp;hsa_tgt=kwd-398331737230&amp;hsa_kw=carreras%20universitarias%20a%20distancia&amp;hsa_mt=b&amp;hsa_net=adwords&amp;hsa_ver=3&amp;gad_source=1&amp;gad_campaignid=22737056340&amp;gbraid=0AAAAA9x7bdL3tyGGdupO-zQt5GTDc6o-G&amp;gclid=Cj0KCQjw9JLHBhC-ARIsAK4Phcp6LvT13_en2pNDiJiPwEof3MWX4GD4ept-Vgjhx-iarrZdJwWcboEaAoq9EALw_wcB\">Campus<\/a><\/p>\n<p style=\"text-align: center;\" data-start=\"505\" data-end=\"546\">Haz clic en el nombre de la asignatura<\/p>\n<p style=\"text-align: center;\">Selecciona <strong data-start=\"561\" data-end=\"586\"><span style=\"color: #ff0000;\">Tutor\u00edas anteriores<\/span><\/strong><\/p>\n<p style=\"text-align: center;\">2.En <a href=\"https:\/\/akademosweb.uned.es\/Default.aspx\">Akademos Web<\/a><\/p>\n<p style=\"text-align: center;\">Haz clic en ver\u00a0<span style=\"color: #ff0000;\"><strong> calendario completo<\/strong><\/span><\/p>\n<h6 style=\"text-align: center;\"><\/h6>\n<p>&nbsp;<\/p>\n<h6><\/h6>\n<h6 style=\"text-align: center;\"><\/h6>\n","protected":false},"excerpt":{"rendered":"<p>Horario clases tutor\u00edas del CA UNED Illes Balears Seleccione en el \u00e1rea de conocimiento los estudios que realiza para acceder a los horarios de las clases tutor\u00edas correspondientes. En Akademos Web pueden consultar su horario y el tutor\/a que tiene asignado, as\u00ed como conectarse en directo a la tutor\u00eda. Para acceder en directo a la [&hellip;]<\/p>\n","protected":false},"author":1,"featured_media":0,"parent":1272,"menu_order":0,"comment_status":"closed","ping_status":"closed","template":"listado-tutorias.php","meta":{"_acf_changed":false,"footnotes":""},"acf":[],"_links":{"self":[{"href":"https:\/\/uned-illesbalears.net\/ca\/wp-json\/wp\/v2\/pages\/218611"}],"collection":[{"href":"https:\/\/uned-illesbalears.net\/ca\/wp-json\/wp\/v2\/pages"}],"about":[{"href":"https:\/\/uned-illesbalears.net\/ca\/wp-json\/wp\/v2\/types\/page"}],"author":[{"embeddable":true,"href":"https:\/\/uned-illesbalears.net\/ca\/wp-json\/wp\/v2\/users\/1"}],"replies":[{"embeddable":true,"href":"https:\/\/uned-illesbalears.net\/ca\/wp-json\/wp\/v2\/comments?post=218611"}],"version-history":[{"count":62,"href":"https:\/\/uned-illesbalears.net\/ca\/wp-json\/wp\/v2\/pages\/218611\/revisions"}],"predecessor-version":[{"id":282242,"href":"https:\/\/uned-illesbalears.net\/ca\/wp-json\/wp\/v2\/pages\/218611\/revisions\/282242"}],"up":[{"embeddable":true,"href":"https:\/\/uned-illesbalears.net\/ca\/wp-json\/wp\/v2\/pages\/1272"}],"wp:attachment":[{"href":"https:\/\/uned-illesbalears.net\/ca\/wp-json\/wp\/v2\/media?parent=218611"}],"curies":[{"name":"wp","href":"https:\/\/api.w.org\/{rel}","templated":true}]}}