{"id":217267,"date":"2022-09-17T12:11:35","date_gmt":"2022-09-17T10:11:35","guid":{"rendered":"https:\/\/uned-illesbalears.net\/?page_id=217267"},"modified":"2025-07-26T21:57:34","modified_gmt":"2025-07-26T19:57:34","slug":"ingenieria-de-la-energia","status":"publish","type":"page","link":"https:\/\/uned-illesbalears.net\/ca\/recursos-para-estudiantes\/clases-tutorias\/clases-tutorias-en-mallorca\/ingenieria-de-la-energia\/","title":{"rendered":"Ingenier\u00eda de la energ\u00eda\/Enginyeria de l&#8217;energia"},"content":{"rendered":"<h4>RECURSOS<\/h4>\n<ul>\n<li>Compra de material en<span style=\"color: #339966;\">\u00a0<strong><a style=\"color: #339966;\" href=\"https:\/\/libreria.uned-illesbalears.net\/?_ga=2.88666066.878879539.1663567862-913454422.1651826770\">Librer\u00eda virtual<\/a><\/strong><\/span><\/li>\n<li><span style=\"color: #339966;\"><strong><a style=\"color: #339966;\" href=\"https:\/\/www.uned.es\/universidad\/inicio\/estudios\/grados\/grado-en-ingenieria-de-la-energia.html?idContenido=5\">Listado de asignaturas <\/a><\/strong><\/span><\/li>\n<li><a href=\"https:\/\/uned-illesbalears.net\/recursos-para-estudiantes\/clases-tutorias\/grabaciones-clases-tutorias-curso-2024-2025\/grado-en-ingenieria-de-la-energia\/primer-semestre\/\"><span style=\"color: #339966;\"><strong>Grabaciones (Primer cuatrimestre)<\/strong><\/span><\/a><\/li>\n<li><a href=\"https:\/\/uned-illesbalears.net\/recursos-para-estudiantes\/clases-tutorias\/grabaciones-clases-tutorias-curso-2024-2025\/grado-en-ingenieria-de-la-energia\/segundo-semestre\/\"><span style=\"color: #339966;\"><strong>Grabaciones (Segundo cuatrimestre)<\/strong><\/span><\/a><\/li>\n<li><span style=\"color: #339966;\"><a style=\"color: #339966;\" href=\"https:\/\/uned-illesbalears.net\/recursos-para-estudiantes\/horarios-practicas\/formulario-de-practicas-grados-en-ingenieria-mecanica-electricidad-electronica-industrial-y-automatica-tecnologia-industrial\/\"><strong>Pr\u00e1cticas de laboratorio<\/strong><\/a><\/span><\/li>\n<\/ul>\n<h4>HORARIOS \/ HORARIS (2025\/2026)<\/h4>\n<p>\n<table id=\"tablepress-1225\" class=\"tablepress tablepress-id-1225 tbody-has-connected-cells\">\n<tbody class=\"row-striping row-hover\">\n<tr class=\"row-1\">\n\t<td class=\"column-1\">Consultar los horarios en AkademosWeb<\/td><td class=\"column-2\"><\/td><td class=\"column-3\"><\/td><td class=\"column-4\"><\/td><td class=\"column-5\"><\/td><td class=\"column-6\"><\/td><td class=\"column-7\"><\/td><td class=\"column-8\"><\/td>\n<\/tr>\n<tr class=\"row-2\">\n\t<td class=\"column-1\"><a href=\"https:\/\/akademosweb.uned.es\/Default.aspx\">AkademosWeb<\/a><\/td><td class=\"column-2\"><\/td><td class=\"column-3\"><\/td><td class=\"column-4\"><\/td><td class=\"column-5\"><\/td><td class=\"column-6\"><\/td><td class=\"column-7\"><\/td><td class=\"column-8\"><\/td>\n<\/tr>\n<tr class=\"row-3\">\n\t<td class=\"column-1\"><\/td><td colspan=\"7\" class=\"column-2\"><h5>Primer curso\/curs - Primer cuatrimestre\/quadrimestre<\/h5><\/td>\n<\/tr>\n<tr class=\"row-4\">\n\t<td class=\"column-1\"><strong>C\u00f3digo\/Codi<\/strong><\/td><td class=\"column-2\"><strong>Asignaturas \/ Assignatures<\/strong><\/td><td class=\"column-3\"><strong>C\/Q<\/strong><\/td><td class=\"column-4\"><strong>Profesorado\/ Professorat<\/strong><\/td><td class=\"column-5\"><strong>D\u00eda\/Dia<\/strong><\/td><td class=\"column-6\"><strong>Hora<\/strong><\/td><td class=\"column-7\"><strong>Aula<\/strong><\/td><td class=\"column-8\"><strong>Sede<\/strong><\/td>\n<\/tr>\n<tr class=\"row-5\">\n\t<td class=\"column-1\">68901105<\/td><td class=\"column-2\">Expresi\u00f3n gr\u00e1fica y dise\u00f1o asistido \/ Expressi\u00f3 gr\u00e0fica i disseny assistit<br \/>\n<br \/>\n<\/td><td class=\"column-3\">1<\/td><td class=\"column-4\">V. Rey<\/td><td class=\"column-5\">Lunes\/Dilluns<\/td><td class=\"column-6\">20.30<\/td><td class=\"column-7\">A. Inform\u00e1tica<\/td><td class=\"column-8\">Mallorca<\/td>\n<\/tr>\n<tr class=\"row-6\">\n\t<td class=\"column-1\">68901134<\/td><td class=\"column-2\">\u00c1lgebra\/ \u00c0lgebra (ETSI INDUSTRIALES)<\/td><td class=\"column-3\">1<\/td><td class=\"column-4\">A. Monge<\/td><td class=\"column-5\">Martes\/Dimarts<\/td><td class=\"column-6\">17.30<\/td><td class=\"column-7\"><\/td><td class=\"column-8\">Ibiza\/Eivissa\t<\/td>\n<\/tr>\n<tr class=\"row-7\">\n\t<td class=\"column-1\">68041016<br \/>\n<\/td><td class=\"column-2\">C\u00e1lculo\/ C\u00e0lcul (ING. ELECTR\u00cdCA\/TECNOLOG\u00cdAS INDUSTRIALES)<\/td><td class=\"column-3\">1<\/td><td class=\"column-4\">F.Monserrat<\/td><td class=\"column-5\">Mi\u00e9rcoles\/Dimecres<br \/>\n<br \/>\n<\/td><td class=\"column-6\">20.30<br \/>\n<\/td><td class=\"column-7\">A. Inform\u00e1tica<\/td><td class=\"column-8\">Mallorca<\/td>\n<\/tr>\n<tr class=\"row-8\">\n\t<td class=\"column-1\">68901128<\/td><td class=\"column-2\">Fundamentos qu\u00edmicos de la ingenier\u00eda \/<br \/>\nFonaments qu\u00edmics de l\u2019enginyeria (I. MEC\u00c1NICA\/I.TECNOLOG\u00cdAS INDUSTRIALES)<\/td><td class=\"column-3\">1<\/td><td class=\"column-4\">M. \u00c1. V\u00e1zquez<\/td><td class=\"column-5\">Jueves\/Dijous <br \/>\n<\/td><td class=\"column-6\">18.30<\/td><td class=\"column-7\">A. 15<\/td><td class=\"column-8\">Mallorca<\/td>\n<\/tr>\n<tr class=\"row-9\">\n\t<td class=\"column-1\">68901016<\/td><td class=\"column-2\">F\u00edsica I<br \/>\n(Com\u00fan Ciencias \/ Com\u00fa Ci\u00e8ncies)<br \/>\n<\/td><td class=\"column-3\">1<\/td><td class=\"column-4\">M. \u00c1. V\u00e1zquez<\/td><td class=\"column-5\">Jueves\/Dijous<br \/>\n<br \/>\n<br \/>\n<\/td><td class=\"column-6\">19.30<br \/>\n<\/td><td class=\"column-7\">A. 15 <\/td><td class=\"column-8\">Mallorca<\/td>\n<\/tr>\n<\/tbody>\n<\/table>\n<!-- #tablepress-1225 from cache --><br \/>\n\n<table id=\"tablepress-1226\" class=\"tablepress tablepress-id-1226 tbody-has-connected-cells\">\n<tbody class=\"row-striping row-hover\">\n<tr class=\"row-1\">\n\t<td class=\"column-1\"><\/td><td colspan=\"7\" class=\"column-2\"><h5>Primer curso\/curs - Segundo cuatrimestre\/Segon quadrimestre<\/h5><\/td>\n<\/tr>\n<tr class=\"row-2\">\n\t<td class=\"column-1\"><strong>C\u00f3digo\/Codi<\/strong><\/td><td class=\"column-2\"><strong>Asignaturas \/ Assignatures<\/strong><\/td><td class=\"column-3\"><strong>C\/Q<\/strong><\/td><td class=\"column-4\"><strong>Profesorado\/ Professorat<\/strong><\/td><td class=\"column-5\"><strong>D\u00eda\/Dia<\/strong><\/td><td class=\"column-6\"><strong>Hora<\/strong><\/td><td class=\"column-7\"><strong>Aula<\/strong><\/td><td class=\"column-8\"><strong>Sede<\/strong><\/td>\n<\/tr>\n<tr class=\"row-3\">\n\t<td class=\"column-1\">68901022<\/td><td class=\"column-2\">Mec\u00e1nica \/ Mec\u00e0nica<br \/>\n(Electr\u00f3nica\/El\u00e9ctrica\/Tec. Industrial)<\/td><td class=\"column-3\">2<\/td><td class=\"column-4\">S. Alc\u00e1zar<\/td><td class=\"column-5\">Lunes\/Dilluns<\/td><td class=\"column-6\">16.30<\/td><td class=\"column-7\">T. 9<\/td><td class=\"column-8\">Mallorca<\/td>\n<\/tr>\n<tr class=\"row-4\">\n\t<td class=\"column-1\">68901068<\/td><td class=\"column-2\">Ecuaciones diferenciales \/ Equacions diferencials<\/td><td class=\"column-3\">2<\/td><td class=\"column-4\">M. de la Rosa<\/td><td class=\"column-5\">Lunes\/Dilluns<\/td><td class=\"column-6\">17.30<\/td><td class=\"column-7\">T. 1<\/td><td class=\"column-8\">Mallorca<\/td>\n<\/tr>\n<tr class=\"row-5\">\n\t<td class=\"column-1\">68901140<\/td><td class=\"column-2\">Ciencia e Ingenier\u00eda de materiales \/ Ci\u00e8ncia i Enginyeria de materials <\/td><td class=\"column-3\">2<\/td><td class=\"column-4\">M. Ortiz<\/td><td class=\"column-5\">Lunes\/Dilluns<\/td><td class=\"column-6\">20.30<\/td><td class=\"column-7\">T. 10<\/td><td class=\"column-8\">Mallorca<\/td>\n<\/tr>\n<tr class=\"row-6\">\n\t<td class=\"column-1\">6805101-<\/td><td class=\"column-2\">Termodin\u00e1mica I \/ Termodin\u00e0mica I<\/td><td class=\"column-3\">2<\/td><td class=\"column-4\">F. Monserrat<\/td><td class=\"column-5\">Lunes\/Dilluns<\/td><td class=\"column-6\">20.30<\/td><td class=\"column-7\">T. 9<\/td><td class=\"column-8\">Mallorca<\/td>\n<\/tr>\n<tr class=\"row-7\">\n\t<td class=\"column-1\">68032069<\/td><td class=\"column-2\"> Mec\u00e1nica de Fluidos I \/ Mec\u00e0nica de Fluids I<\/td><td class=\"column-3\">2<\/td><td class=\"column-4\">F. Monserrat<\/td><td class=\"column-5\">Martes\/Dimarts<\/td><td class=\"column-6\">18.30<\/td><td class=\"column-7\">T. 10<\/td><td class=\"column-8\">Mallorca<\/td>\n<\/tr>\n<tr class=\"row-8\">\n\t<td class=\"column-1\">68901039<\/td><td class=\"column-2\">F\u00edsica II<\/td><td class=\"column-3\">2<\/td><td class=\"column-4\">M. \u00c1. V\u00e1zquez<\/td><td class=\"column-5\">Martes\/Dimarts<\/td><td class=\"column-6\">19.30<\/td><td class=\"column-7\">A. 12<\/td><td class=\"column-8\">Mallorca<\/td>\n<\/tr>\n<tr class=\"row-9\">\n\t<td class=\"column-1\">68901097<\/td><td class=\"column-2\">Fundamentos de inform\u00e1tica \/ <br \/>\nFonaments d\u2019inform\u00e0tica<br \/>\n(I. MEC\u00c1NICA\/TECNOLOG\u00cdA INDUSTRIAL)<\/td><td class=\"column-3\">2<\/td><td class=\"column-4\">A. Rivero<\/td><td class=\"column-5\">Mi\u00e9rcoles\/Dimecres <br \/>\n<br \/>\n<br \/>\n<\/td><td class=\"column-6\">18.30<br \/>\n<br \/>\n<\/td><td class=\"column-7\">A. Inform\u00e1tica<\/td><td class=\"column-8\">Mallorca<\/td>\n<\/tr>\n<\/tbody>\n<\/table>\n<!-- #tablepress-1226 from cache --><br \/>\n\n<table id=\"tablepress-1227\" class=\"tablepress tablepress-id-1227 tbody-has-connected-cells\">\n<tbody class=\"row-striping row-hover\">\n<tr class=\"row-1\">\n\t<td class=\"column-1\"><\/td><td colspan=\"7\" class=\"column-2\"><h5>Segundo curso\/Segon curs - Primer cuatrimestre\/quadrimestre <\/h5><\/td>\n<\/tr>\n<tr class=\"row-2\">\n\t<td class=\"column-1\"><strong>C\u00f3digo\/Codi<\/strong><\/td><td class=\"column-2\"><strong>Asignaturas \/ Assignatures<\/strong><\/td><td class=\"column-3\"><strong>C\/Q<\/strong><\/td><td class=\"column-4\"><strong>Profesorado\/ Professorat<\/strong><\/td><td class=\"column-5\"><strong>D\u00eda\/Dia<\/strong><\/td><td class=\"column-6\"><strong>Hora<\/strong><\/td><td class=\"column-7\"><strong>Aula<\/strong><\/td><td class=\"column-8\"><strong>Sede<\/strong><\/td>\n<\/tr>\n<tr class=\"row-3\">\n\t<td class=\"column-1\">68902091<\/td><td class=\"column-2\">Estad\u00edstica (INGENIER\u00cdAS INDUSTRIALES)<\/td><td class=\"column-3\">1<\/td><td class=\"column-4\">S. Alc\u00e1zar<\/td><td class=\"column-5\">Lunes\/Dilluns<\/td><td class=\"column-6\">16.30<\/td><td class=\"column-7\">T. 9<\/td><td class=\"column-8\">Mallorca<\/td>\n<\/tr>\n<tr class=\"row-4\">\n\t<td class=\"column-1\">68052014<\/td><td class=\"column-2\">Termodin\u00e1mica II \/ Termodin\u00e0mica II<\/td><td class=\"column-3\">1<\/td><td class=\"column-4\">S. Alc\u00e1zar<\/td><td class=\"column-5\"><\/td><td class=\"column-6\"><\/td><td class=\"column-7\"><\/td><td class=\"column-8\">Mallorca<\/td>\n<\/tr>\n<tr class=\"row-5\">\n\t<td class=\"column-1\">68902010<\/td><td class=\"column-2\">Fundamentos de gesti\u00f3n empresarial \/ Fonaments de gesti\u00f3 empresarial<\/td><td class=\"column-3\">1<\/td><td class=\"column-4\">F. Monserrat<\/td><td class=\"column-5\">Martes\/Dimarts<\/td><td class=\"column-6\">17.30<\/td><td class=\"column-7\">T. 3<\/td><td class=\"column-8\">Mallorca<\/td>\n<\/tr>\n<tr class=\"row-6\">\n\t<td class=\"column-1\">6890210-<\/td><td class=\"column-2\">Ampliaci\u00f3n de c\u00e1lculo \/ Ampliaci\u00f3 de c\u00e0lcul<br \/>\n<\/td><td class=\"column-3\">1<\/td><td class=\"column-4\">M. de la Rosa<\/td><td class=\"column-5\">Lunes\/Dilluns<\/td><td class=\"column-6\">20:30<\/td><td class=\"column-7\">T. 3<\/td><td class=\"column-8\">Mallorca<\/td>\n<\/tr>\n<tr class=\"row-7\">\n\t<td class=\"column-1\">68902027<\/td><td class=\"column-2\">Campos y ondas \/ Camps i ones<\/td><td class=\"column-3\">1<br \/>\n<\/td><td class=\"column-4\">CAMPUS<\/td><td class=\"column-5\"><\/td><td class=\"column-6\"><\/td><td class=\"column-7\"><\/td><td class=\"column-8\"><\/td>\n<\/tr>\n<\/tbody>\n<\/table>\n<!-- #tablepress-1227 from cache --><br \/>\n\n<table id=\"tablepress-1228\" class=\"tablepress tablepress-id-1228 tbody-has-connected-cells\">\n<tbody class=\"row-striping row-hover\">\n<tr class=\"row-1\">\n\t<td class=\"column-1\"><\/td><td colspan=\"7\" class=\"column-2\"><h5>Segundo curso\/Segon curs - Segundo Cuatrimestre\/Segon quadrimestre<\/h5><\/td>\n<\/tr>\n<tr class=\"row-2\">\n\t<td class=\"column-1\"><strong>C\u00f3digo\/Codi<\/strong><\/td><td class=\"column-2\"><strong>Asignaturas \/ Assignatures<\/strong><\/td><td class=\"column-3\"><strong>C\/Q<\/strong><\/td><td class=\"column-4\"><strong>Profesorado\/ Professorat<\/strong><\/td><td class=\"column-5\"><strong>D\u00eda\/Dia<\/strong><\/td><td class=\"column-6\"><strong>Hora<\/strong><\/td><td class=\"column-7\"><strong>Aula<\/strong><\/td><td class=\"column-8\"><strong>Sede<\/strong><\/td>\n<\/tr>\n<tr class=\"row-3\">\n\t<td class=\"column-1\">6890204-<br \/>\n<\/td><td class=\"column-2\">Teor\u00eda de circuitos \/ Teoria de circuits (Electr\u00f3nica, T.I)<\/td><td class=\"column-3\">2<\/td><td class=\"column-4\">S. Alc\u00e1zar<\/td><td class=\"column-5\">Lunes\/Dilluns<\/td><td class=\"column-6\">17.30<\/td><td class=\"column-7\">T. 9<\/td><td class=\"column-8\">Mallorca<\/td>\n<\/tr>\n<tr class=\"row-4\">\n\t<td class=\"column-1\">68902062<\/td><td class=\"column-2\">Elasticidad y resistencia de materiales I \/ Elasticitat i resist\u00e8ncia de materials I<br \/>\n<\/td><td class=\"column-3\">2<\/td><td class=\"column-4\">S. Alc\u00e1zar<\/td><td class=\"column-5\">Lunes\/Dilluns<\/td><td class=\"column-6\">18.30<\/td><td class=\"column-7\">T. 9<\/td><td class=\"column-8\">Mallorca<\/td>\n<\/tr>\n<tr class=\"row-5\">\n\t<td class=\"column-1\">68901140<\/td><td class=\"column-2\">Ciencia e ingenier\u00eda de materiales \/ Ci\u00e8ncia i enginyeria de materials<\/td><td class=\"column-3\">2<\/td><td class=\"column-4\">M. Ortiz<br \/>\n<br \/>\n<br \/>\n<br \/>\n<\/td><td class=\"column-5\">Lunes\/Dilluns<\/td><td class=\"column-6\">20.30<\/td><td class=\"column-7\">T. 10<\/td><td class=\"column-8\">Mallorca<\/td>\n<\/tr>\n<tr class=\"row-6\">\n\t<td class=\"column-1\">68032069<br \/>\n<\/td><td class=\"column-2\">Mec\u00e1nica de Fluidos I \/ Mec\u00e0nica de Fluids I<\/td><td class=\"column-3\">2<\/td><td class=\"column-4\">F. Monserrat<\/td><td class=\"column-5\">Martes\/Dimarts<\/td><td class=\"column-6\">18.30<\/td><td class=\"column-7\">T. 10<\/td><td class=\"column-8\">Mallorca<\/td>\n<\/tr>\n<tr class=\"row-7\">\n\t<td class=\"column-1\">68052020<\/td><td class=\"column-2\">Transmisi\u00f3n de calor \/ Transmissi\u00f3 de calor<\/td><td class=\"column-3\">2<\/td><td class=\"column-4\">CAMPUS<\/td><td class=\"column-5\"><\/td><td class=\"column-6\"><\/td><td class=\"column-7\"><\/td><td class=\"column-8\"><\/td>\n<\/tr>\n<tr class=\"row-8\">\n\t<td class=\"column-1\">6890308-<\/td><td class=\"column-2\">Fundamentos de ingenier\u00eda nuclear \/ Fonaments d'enginyeria nuclear<\/td><td class=\"column-3\">2<\/td><td class=\"column-4\">INTERCAMPUS<\/td><td class=\"column-5\"><\/td><td class=\"column-6\"><\/td><td class=\"column-7\"><\/td><td class=\"column-8\"><\/td>\n<\/tr>\n<\/tbody>\n<\/table>\n<!-- #tablepress-1228 from cache --><\/p>\n","protected":false},"excerpt":{"rendered":"<p>RECURSOS Compra de material en\u00a0Librer\u00eda virtual Listado de asignaturas Grabaciones (Primer cuatrimestre) Grabaciones (Segundo cuatrimestre) Pr\u00e1cticas de laboratorio HORARIOS \/ HORARIS (2025\/2026)<\/p>\n","protected":false},"author":1,"featured_media":0,"parent":669,"menu_order":0,"comment_status":"closed","ping_status":"closed","template":"","meta":{"_acf_changed":false,"footnotes":""},"acf":[],"_links":{"self":[{"href":"https:\/\/uned-illesbalears.net\/ca\/wp-json\/wp\/v2\/pages\/217267"}],"collection":[{"href":"https:\/\/uned-illesbalears.net\/ca\/wp-json\/wp\/v2\/pages"}],"about":[{"href":"https:\/\/uned-illesbalears.net\/ca\/wp-json\/wp\/v2\/types\/page"}],"author":[{"embeddable":true,"href":"https:\/\/uned-illesbalears.net\/ca\/wp-json\/wp\/v2\/users\/1"}],"replies":[{"embeddable":true,"href":"https:\/\/uned-illesbalears.net\/ca\/wp-json\/wp\/v2\/comments?post=217267"}],"version-history":[{"count":16,"href":"https:\/\/uned-illesbalears.net\/ca\/wp-json\/wp\/v2\/pages\/217267\/revisions"}],"predecessor-version":[{"id":278021,"href":"https:\/\/uned-illesbalears.net\/ca\/wp-json\/wp\/v2\/pages\/217267\/revisions\/278021"}],"up":[{"embeddable":true,"href":"https:\/\/uned-illesbalears.net\/ca\/wp-json\/wp\/v2\/pages\/669"}],"wp:attachment":[{"href":"https:\/\/uned-illesbalears.net\/ca\/wp-json\/wp\/v2\/media?parent=217267"}],"curies":[{"name":"wp","href":"https:\/\/api.w.org\/{rel}","templated":true}]}}