{"id":217261,"date":"2022-09-17T12:04:46","date_gmt":"2022-09-17T10:04:46","guid":{"rendered":"https:\/\/uned-illesbalears.net\/?page_id=217261"},"modified":"2025-08-31T23:58:54","modified_gmt":"2025-08-31T21:58:54","slug":"educacion-infantil","status":"publish","type":"page","link":"https:\/\/uned-illesbalears.net\/ca\/recursos-para-estudiantes\/clases-tutorias\/clases-tutorias-en-mallorca\/educacion-infantil\/","title":{"rendered":"Grado en Educaci\u00f3n infantil\/Grau en Educaci\u00f3 infantil"},"content":{"rendered":"<h4>RECURSOS<\/h4>\n<ul>\n<li>Compra de material en\u00a0<span style=\"color: #008000;\"><strong><a style=\"color: #008000;\" href=\"https:\/\/libreria.uned-illesbalears.net\/?_ga=2.88666066.878879539.1663567862-913454422.1651826770\">Librer\u00eda virtual<\/a><\/strong><\/span><\/li>\n<li><span style=\"color: #339966;\"><strong><a style=\"color: #339966;\" href=\"https:\/\/www.uned.es\/universidad\/inicio\/estudios\/grados\/grado-en-educacion-infantil.html?idContenido=5\">Listado de asignaturas <\/a><\/strong><\/span><\/li>\n<li><a href=\"https:\/\/uned-illesbalears.net\/recursos-para-estudiantes\/clases-tutorias\/grabaciones-clases-tutorias-curso-2024-2025\/grado-en-educacion-infantil\/primer-semestre\/\"><span style=\"color: #339966;\"><strong>Grabaciones (primer cuatrimestre)<\/strong><\/span><\/a><\/li>\n<li><a href=\"https:\/\/uned-illesbalears.net\/recursos-para-estudiantes\/clases-tutorias\/grabaciones-clases-tutorias-curso-2024-2025\/grado-en-educacion-infantil\/segundo-semestre\/\"><span style=\"color: #339966;\"><strong>Grabaciones (segundo cuatrimestre)<\/strong><\/span><\/a><\/li>\n<li><span style=\"color: #339966;\"><strong><a style=\"color: #339966;\" href=\"https:\/\/uned-illesbalears.net\/wp-content\/uploads\/2023\/10\/2.2.2.ConveniosPracticasCurriculares_2023-2024.pdf\" class=\"mtli_attachment mtli_pdf\">2.2.2.ConveniosPracticasCurriculares_2023-2024<\/a><\/strong><\/span><\/li>\n<li><span style=\"color: #339966;\"><strong><a style=\"color: #339966;\" href=\"https:\/\/uned-illesbalears.net\/wp-content\/uploads\/2024\/10\/2.2.2.FichaPracticasProfesionalesExternas_2024-2025.doc\" class=\"mtli_attachment mtli_doc\">2.2.2.FichaPracticasProfesionalesExternas_2024-2025<\/a><\/strong><\/span><\/li>\n<\/ul>\n<p><strong>HORARIOS \/ HORARIS (2025\/2026)\u00a0<span style=\"color: #ff0000;\">El horario pendiente de actualizar<\/span><\/strong><\/p>\n<p>\n<table id=\"tablepress-1221\" class=\"tablepress tablepress-id-1221 tbody-has-connected-cells\">\n<tbody class=\"row-striping row-hover\">\n<tr class=\"row-1\">\n\t<td class=\"column-1\">Consultar horarios en AkademosWeb<\/td><td class=\"column-2\"><\/td><td class=\"column-3\"><\/td><td class=\"column-4\"><\/td><td class=\"column-5\"><\/td><td class=\"column-6\"><\/td><td class=\"column-7\"><\/td><td class=\"column-8\"><\/td>\n<\/tr>\n<tr class=\"row-2\">\n\t<td class=\"column-1\"><a href=\"https:\/\/akademosweb.uned.es\/Default.aspx\">AkademosWeb<\/a><\/td><td class=\"column-2\"><\/td><td class=\"column-3\"><\/td><td class=\"column-4\"><\/td><td class=\"column-5\"><\/td><td class=\"column-6\"><\/td><td class=\"column-7\"><\/td><td class=\"column-8\"><\/td>\n<\/tr>\n<tr class=\"row-3\">\n\t<td class=\"column-1\"><\/td><td colspan=\"7\" class=\"column-2\"><h5>Primer curso\/curs - Primer cuatrimestre\/quadrimestre<\/h5><\/td>\n<\/tr>\n<tr class=\"row-4\">\n\t<td class=\"column-1\"><strong>C\u00f3digo\/Codi<\/strong><\/td><td class=\"column-2\"><strong>Asignaturas \/ Assignatures<\/strong><\/td><td class=\"column-3\"><strong>C\/Q<\/strong><\/td><td class=\"column-4\"><strong>Profesorado\/ Professorat<\/strong><\/td><td class=\"column-5\"><strong>D\u00eda\/Dia<\/strong><\/td><td class=\"column-6\"><strong>Hora<\/strong><\/td><td class=\"column-7\"><strong>Aula<\/strong><\/td><td class=\"column-8\"><strong>Sede<\/strong><\/td>\n<\/tr>\n<tr class=\"row-5\">\n\t<td class=\"column-1\">63031013<\/td><td class=\"column-2\">Procesos de ense\u00f1anza y aprendizaje en educaci\u00f3n infantil \/ Processos d'ensenyament i aprenentatge a educaci\u00f3 infantil<\/td><td class=\"column-3\">1<\/td><td class=\"column-4\">R. Rodrigo<\/td><td class=\"column-5\">Mi\u00e9rcoles\/Dimecres<\/td><td class=\"column-6\">16.30<\/td><td class=\"column-7\">A. 10<\/td><td class=\"column-8\">Mallorca<\/td>\n<\/tr>\n<tr class=\"row-6\">\n\t<td class=\"column-1\">63031042<\/td><td class=\"column-2\">Claves educativas en escenarios actuales \/ Claus educatives en escenaris actuals<\/td><td class=\"column-3\">1<\/td><td class=\"column-4\">A. Timoneda<\/td><td class=\"column-5\">Martes\/Dimarts<\/td><td class=\"column-6\">16.30<\/td><td class=\"column-7\">A. 7<\/td><td class=\"column-8\">Mallorca<\/td>\n<\/tr>\n<tr class=\"row-7\">\n\t<td class=\"column-1\">63031059<\/td><td class=\"column-2\">La escuela de educaci\u00f3n infantil en Espa\u00f1a \/ L'escola d\u00b4educaci\u00f3 infantil a Espanya<\/td><td class=\"column-3\">1<\/td><td class=\"column-4\">P. Espinoza<\/td><td class=\"column-5\">Lunes\/Dilluns<\/td><td class=\"column-6\">16.30<\/td><td class=\"column-7\">A. 4<\/td><td class=\"column-8\">Ibiza\/Eivissa<\/td>\n<\/tr>\n<tr class=\"row-8\">\n\t<td class=\"column-1\">63031036<\/td><td class=\"column-2\">Atenci\u00f3n a la diversidad e inclusi\u00f3n educativa \/ Atenci\u00f3 a la diversitat i inclusi\u00f3 educativa<\/td><td class=\"column-3\">1<\/td><td class=\"column-4\">R. Rodrigo<\/td><td class=\"column-5\">Mi\u00e9rcoles\/Dimecres<\/td><td class=\"column-6\">17.30<\/td><td class=\"column-7\">A. 10<\/td><td class=\"column-8\">Mallorca<\/td>\n<\/tr>\n<tr class=\"row-9\">\n\t<td class=\"column-1\">6303102-<\/td><td class=\"column-2\">Aprendizaje y desarrollo en la infancia \/ Aprenentatge i desenvolupament a la inf\u00e0ncia<\/td><td class=\"column-3\">1<\/td><td class=\"column-4\">N. Torabuela<\/td><td class=\"column-5\">Mi\u00e9rcoles\/Dimecres<\/td><td class=\"column-6\">18.30<\/td><td class=\"column-7\">A. 4<\/td><td class=\"column-8\">Ibiza\/Eivissa<\/td>\n<\/tr>\n<\/tbody>\n<\/table>\n<!-- #tablepress-1221 from cache --><br \/>\n\n<table id=\"tablepress-1222\" class=\"tablepress tablepress-id-1222 tbody-has-connected-cells\">\n<tbody class=\"row-striping row-hover\">\n<tr class=\"row-1\">\n\t<td class=\"column-1\"><\/td><td colspan=\"7\" class=\"column-2\"><h5>Primer curso\/curs - Segundo cuatrimestre\/Segon quadrimestre<\/h5><\/td>\n<\/tr>\n<tr class=\"row-2\">\n\t<td class=\"column-1\"><strong>C\u00f3digo\/Codi<\/strong><\/td><td class=\"column-2\"><strong>Asignaturas \/ Assignatures<\/strong><\/td><td class=\"column-3\"><strong>C\/Q<\/strong><\/td><td class=\"column-4\"><strong>Profesorado\/ Professorat<\/strong><\/td><td class=\"column-5\"><strong>D\u00eda\/Dia<\/strong><\/td><td class=\"column-6\"><strong>Hora<\/strong><\/td><td class=\"column-7\"><strong>Aula<\/strong><\/td><td class=\"column-8\"><strong>Sede<\/strong><\/td>\n<\/tr>\n<tr class=\"row-3\">\n\t<td class=\"column-1\">63031094<\/td><td class=\"column-2\">Diversidad cultural y equidad en la escuela \/ Diversitat cultural i equitat a l'escola<\/td><td class=\"column-3\">2<\/td><td class=\"column-4\">S. P\u00e9rez<\/td><td class=\"column-5\">Martes\/Dimarts<\/td><td class=\"column-6\">16.30<\/td><td class=\"column-7\">A. 7<\/td><td class=\"column-8\">Mallorca<\/td>\n<\/tr>\n<tr class=\"row-4\">\n\t<td class=\"column-1\">63031102<\/td><td class=\"column-2\">Metodolog\u00edas innovadoras y participativas en la escuela infantil \/ Metodologies innovadores i participatives a l'escola infantil<\/td><td class=\"column-3\">2<\/td><td class=\"column-4\">A. Timoneda<\/td><td class=\"column-5\">Mi\u00e9rcoles\/Dimecres<\/td><td class=\"column-6\">17.30<\/td><td class=\"column-7\">A. 7<\/td><td class=\"column-8\">Ibiza<\/td>\n<\/tr>\n<tr class=\"row-5\">\n\t<td class=\"column-1\">63031065<\/td><td class=\"column-2\">Orientaci\u00f3n familiar y acci\u00f3n tutorial \/ Orientaci\u00f3 familiar i acci\u00f3 tutorial<\/td><td class=\"column-3\">2<\/td><td class=\"column-4\">A. Timoneda<\/td><td class=\"column-5\">Mi\u00e9rcoles\/Dimecres<\/td><td class=\"column-6\">18.30<\/td><td class=\"column-7\">A. 7<\/td><td class=\"column-8\">Mallorca<\/td>\n<\/tr>\n<tr class=\"row-6\">\n\t<td class=\"column-1\">63031071<\/td><td class=\"column-2\">Organizaci\u00f3n y gesti\u00f3n del aula de educaci\u00f3n infantil \/ Organitzaci\u00f3 i gesti\u00f3 de l'aula d'educaci\u00f3 infantil<\/td><td class=\"column-3\">2<\/td><td class=\"column-4\">L. Acebedo<\/td><td class=\"column-5\">Martes\/Dimarts<\/td><td class=\"column-6\">17:30<\/td><td class=\"column-7\">A. 7<\/td><td class=\"column-8\">Mallorca<\/td>\n<\/tr>\n<tr class=\"row-7\">\n\t<td class=\"column-1\">63031088<\/td><td class=\"column-2\">Organizaci\u00f3n y gesti\u00f3n de centros educativos \/ Organitzaci\u00f3 i gesti\u00f3 de centres educatius<\/td><td class=\"column-3\">2<\/td><td class=\"column-4\">L. Acebedo<\/td><td class=\"column-5\">Martes\/Dimarts<\/td><td class=\"column-6\">18:30<\/td><td class=\"column-7\">A. 7<\/td><td class=\"column-8\">Mallorca<\/td>\n<\/tr>\n<\/tbody>\n<\/table>\n<!-- #tablepress-1222 from cache --><br \/>\n\n<table id=\"tablepress-1223\" class=\"tablepress tablepress-id-1223 tbody-has-connected-cells\">\n<tbody class=\"row-striping row-hover\">\n<tr class=\"row-1\">\n\t<td class=\"column-1\"><\/td><td colspan=\"7\" class=\"column-2\"><h5>Segundo curso\/Segon curs - Primer cuatrimestre\/quadrimestre<\/h5><\/td>\n<\/tr>\n<tr class=\"row-2\">\n\t<td class=\"column-1\"><strong>C\u00f3digo\/Codi<\/strong><\/td><td class=\"column-2\"><strong>Asignaturas \/ Assignatures<\/strong><\/td><td class=\"column-3\"><strong>C\/Q<\/strong><\/td><td class=\"column-4\"><strong>Profesorado\/ Professorat<\/strong><\/td><td class=\"column-5\"><strong>D\u00eda\/Dia<\/strong><\/td><td class=\"column-6\"><strong>Hora<\/strong><\/td><td class=\"column-7\"><strong>Aula<\/strong><\/td><td class=\"column-8\"><strong>Sede<\/strong><\/td>\n<\/tr>\n<tr class=\"row-3\">\n\t<td class=\"column-1\">63032030<\/td><td class=\"column-2\">Socializaci\u00f3n educativa en la infancia \/ Socialitzaci\u00f3 educativa a la inf\u00e0ncia<\/td><td class=\"column-3\">1<\/td><td class=\"column-4\">L. Acebedo<\/td><td class=\"column-5\">Martes\/Dimarts<\/td><td class=\"column-6\">17.30<\/td><td class=\"column-7\">A. 5<\/td><td class=\"column-8\">Mallorca<\/td>\n<\/tr>\n<tr class=\"row-4\">\n\t<td class=\"column-1\">63032047<\/td><td class=\"column-2\">Investigaci\u00f3n en contextos escolares \/ Investigaci\u00f3 en contextos escolars<\/td><td class=\"column-3\">1<\/td><td class=\"column-4\">A. Timoneda<\/td><td class=\"column-5\">Mi\u00e9rcoles\/Dimecres<\/td><td class=\"column-6\">16.30<\/td><td class=\"column-7\">A.6<\/td><td class=\"column-8\">Ibiza\/Eivissa<\/td>\n<\/tr>\n<tr class=\"row-5\">\n\t<td class=\"column-1\">63032024<\/td><td class=\"column-2\">Necesidades espec\u00edficas de apoyo educativo \/ Necessitats <br \/>\nespec\u00edfiques de suport educatiu<\/td><td class=\"column-3\">1<\/td><td class=\"column-4\">R. Rodrigo<\/td><td class=\"column-5\">Jueves\/Dijous<\/td><td class=\"column-6\">17.30<\/td><td class=\"column-7\">A. 10<\/td><td class=\"column-8\">Mallorca<\/td>\n<\/tr>\n<tr class=\"row-6\">\n\t<td class=\"column-1\">63032018<\/td><td class=\"column-2\">Aprendizaje emocional y social \/ Aprenentatge emocional i social<\/td><td class=\"column-3\">1<\/td><td class=\"column-4\">N. Torabuela<br \/>\n<\/td><td class=\"column-5\">Mi\u00e9rcoles\/Dimecres<\/td><td class=\"column-6\">17.30<\/td><td class=\"column-7\">A. 4<\/td><td class=\"column-8\">Ibiza\/Eivissa<\/td>\n<\/tr>\n<tr class=\"row-7\">\n\t<td class=\"column-1\">63032053<\/td><td class=\"column-2\">Educaci\u00f3n para la salud en la infancia \/ Educaci\u00f3 per a la salut a la inf\u00e0ncia<\/td><td class=\"column-3\">1<\/td><td class=\"column-4\">L. Acebedo<\/td><td class=\"column-5\">Martes\/Dimarts<\/td><td class=\"column-6\">16.30<\/td><td class=\"column-7\">A. 5<\/td><td class=\"column-8\">Mallorca<\/td>\n<\/tr>\n<\/tbody>\n<\/table>\n<!-- #tablepress-1223 from cache --><br \/>\n\n<table id=\"tablepress-1224\" class=\"tablepress tablepress-id-1224 tbody-has-connected-cells\">\n<tbody class=\"row-striping row-hover\">\n<tr class=\"row-1\">\n\t<td class=\"column-1\"><\/td><td colspan=\"7\" class=\"column-2\"><h5>Segundo curso\/Segon curs - Segundo cuatrimestre\/Segon quadrimestre<\/h5><\/td>\n<\/tr>\n<tr class=\"row-2\">\n\t<td class=\"column-1\"><strong>C\u00f3digo\/Codi<\/strong><\/td><td class=\"column-2\"><strong>Asignaturas \/ Assignatures<\/strong><\/td><td class=\"column-3\"><strong>C\/Q<\/strong><\/td><td class=\"column-4\"><strong>Profesorado\/ Professorat<\/strong><\/td><td class=\"column-5\"><strong>D\u00eda\/Dia<\/strong><\/td><td class=\"column-6\"><strong>Hora<\/strong><\/td><td class=\"column-7\"><strong>Aula<\/strong><\/td><td class=\"column-8\"><strong>Sede<\/strong><\/td>\n<\/tr>\n<tr class=\"row-3\">\n\t<td class=\"column-1\">6303206-<\/td><td class=\"column-2\">Atenci\u00f3n temprana \/ Atenci\u00f3 primerenca<\/td><td class=\"column-3\">2<\/td><td class=\"column-4\">C. Espinoza<\/td><td class=\"column-5\">Mi\u00e9rcoles\/Dimecres<\/td><td class=\"column-6\">17.30<\/td><td class=\"column-7\"><\/td><td class=\"column-8\">Mallorca<\/td>\n<\/tr>\n<tr class=\"row-4\">\n\t<td class=\"column-1\">63032076<\/td><td class=\"column-2\">La educaci\u00f3n infantil en perspectiva internacional \/ L'educaci\u00f3 infantil en perspectiva internacional<\/td><td class=\"column-3\">2<\/td><td class=\"column-4\">CAMPUS<\/td><td class=\"column-5\"><\/td><td class=\"column-6\"><\/td><td class=\"column-7\"><\/td><td class=\"column-8\"><\/td>\n<\/tr>\n<tr class=\"row-5\">\n\t<td class=\"column-1\">63032082<\/td><td class=\"column-2\">Aplicaci\u00f3n de la tecnolog\u00eda al entorno de aprendizaje \/ Aplicaci\u00f3 de la tecnologia a l'entorn d'aprenentatge<\/td><td class=\"column-3\">2<\/td><td class=\"column-4\">CAMPUS<\/td><td class=\"column-5\"><\/td><td class=\"column-6\"><\/td><td class=\"column-7\"><\/td><td class=\"column-8\"><\/td>\n<\/tr>\n<tr class=\"row-6\">\n\t<td class=\"column-1\">63032099<\/td><td class=\"column-2\">Adquisici\u00f3n y desarrollo del lenguaje \/ Adquisici\u00f3 i desenvolupament del llenguatge<\/td><td class=\"column-3\">2<\/td><td class=\"column-4\">R. Rodrigo<\/td><td class=\"column-5\">Martes\/Dimarts<\/td><td class=\"column-6\">17:30<\/td><td class=\"column-7\">A. 6<\/td><td class=\"column-8\">Mallorca<\/td>\n<\/tr>\n<tr class=\"row-7\">\n\t<td class=\"column-1\">63032107<\/td><td class=\"column-2\">Aprendizaje de la lectoescritura \/ Aprenentatge de la lectoescriptura<\/td><td class=\"column-3\">2<\/td><td class=\"column-4\">O.Lete<\/td><td class=\"column-5\"><\/td><td class=\"column-6\"><\/td><td class=\"column-7\"><\/td><td class=\"column-8\">Ibiza<\/td>\n<\/tr>\n<tr class=\"row-8\">\n\t<td class=\"column-1\">TERCER CURSO:<\/td><td class=\"column-2\"><\/td><td class=\"column-3\"><\/td><td class=\"column-4\"><\/td><td class=\"column-5\"><\/td><td class=\"column-6\"><\/td><td class=\"column-7\"><\/td><td class=\"column-8\"><\/td>\n<\/tr>\n<tr class=\"row-9\">\n\t<td class=\"column-1\">63033058<\/td><td class=\"column-2\">Pr\u00e1cticum I\/Pr\u00e0cticum I<\/td><td class=\"column-3\">1<\/td><td class=\"column-4\">L. Acebedo<\/td><td class=\"column-5\">Martes\/Dimarts<\/td><td class=\"column-6\">18.30<\/td><td class=\"column-7\">A.15<\/td><td class=\"column-8\">Mallorca<\/td>\n<\/tr>\n<tr class=\"row-10\">\n\t<td class=\"column-1\">63033035<\/td><td class=\"column-2\">Did\u00e1ctica del medio natural, social y cultural en educaci\u00f3n infantil\/Did\u00e0ctica del medi natural, social i cultural en educaci\u00f3 infantil<\/td><td class=\"column-3\">1<\/td><td class=\"column-4\">C. Espinoza<\/td><td class=\"column-5\">Lunes\/Dilluns<\/td><td class=\"column-6\">17.30<\/td><td class=\"column-7\">A. 6<\/td><td class=\"column-8\">Mallorca<\/td>\n<\/tr>\n<tr class=\"row-11\">\n\t<td class=\"column-1\">63033058<\/td><td class=\"column-2\">Pr\u00e1cticum I\/Pr\u00e0cticum  I<\/td><td class=\"column-3\">2<\/td><td class=\"column-4\">L. Acebedo<\/td><td class=\"column-5\">Martes\/Dimarts<\/td><td class=\"column-6\">18.30<\/td><td class=\"column-7\">A.15<\/td><td class=\"column-8\">Mallorca<\/td>\n<\/tr>\n<tr class=\"row-12\">\n\t<td class=\"column-1\">CUARTO CURSO:<\/td><td class=\"column-2\"><\/td><td class=\"column-3\"><\/td><td class=\"column-4\"><\/td><td class=\"column-5\"><\/td><td class=\"column-6\"><\/td><td class=\"column-7\"><\/td><td class=\"column-8\"><\/td>\n<\/tr>\n<tr class=\"row-13\">\n\t<td class=\"column-1\">63034023<\/td><td class=\"column-2\">Pr\u00e1cticum II\/Pr\u00e0cticum II<\/td><td class=\"column-3\">1<\/td><td class=\"column-4\">A. Timoneda<\/td><td class=\"column-5\">Martes\/Dimarts<\/td><td class=\"column-6\">17.30<\/td><td class=\"column-7\">A. 10<\/td><td class=\"column-8\"><\/td>\n<\/tr>\n<tr class=\"row-14\">\n\t<td class=\"column-1\">63034023<\/td><td class=\"column-2\">Pr\u00e1cticum II\/Pr\u00e0cticum II<\/td><td class=\"column-3\">2<\/td><td class=\"column-4\">A. timoneda<\/td><td class=\"column-5\">Martes\/Dimarts<\/td><td class=\"column-6\">17.30<\/td><td class=\"column-7\">A. 10<\/td><td class=\"column-8\">Mallorca<\/td>\n<\/tr>\n<tr class=\"row-15\">\n\t<td class=\"column-1\">63034069<\/td><td class=\"column-2\">Aprendizaje integrado (AICLE)<\/td><td class=\"column-3\">1<\/td><td class=\"column-4\">A. Tobar\u00edas<\/td><td class=\"column-5\">Viernes\/Divendres<\/td><td class=\"column-6\">19:30<\/td><td class=\"column-7\">Ibiza<\/td><td class=\"column-8\">Ibiza<\/td>\n<\/tr>\n<\/tbody>\n<\/table>\n<!-- #tablepress-1224 from cache --><\/p>\n","protected":false},"excerpt":{"rendered":"<p>RECURSOS Compra de material en\u00a0Librer\u00eda virtual Listado de asignaturas Grabaciones (primer cuatrimestre) Grabaciones (segundo cuatrimestre) 2.2.2.ConveniosPracticasCurriculares_2023-2024 2.2.2.FichaPracticasProfesionalesExternas_2024-2025 HORARIOS \/ HORARIS (2025\/2026)\u00a0El horario pendiente de actualizar<\/p>\n","protected":false},"author":1,"featured_media":0,"parent":669,"menu_order":0,"comment_status":"closed","ping_status":"closed","template":"","meta":{"_acf_changed":false,"footnotes":""},"acf":[],"_links":{"self":[{"href":"https:\/\/uned-illesbalears.net\/ca\/wp-json\/wp\/v2\/pages\/217261"}],"collection":[{"href":"https:\/\/uned-illesbalears.net\/ca\/wp-json\/wp\/v2\/pages"}],"about":[{"href":"https:\/\/uned-illesbalears.net\/ca\/wp-json\/wp\/v2\/types\/page"}],"author":[{"embeddable":true,"href":"https:\/\/uned-illesbalears.net\/ca\/wp-json\/wp\/v2\/users\/1"}],"replies":[{"embeddable":true,"href":"https:\/\/uned-illesbalears.net\/ca\/wp-json\/wp\/v2\/comments?post=217261"}],"version-history":[{"count":26,"href":"https:\/\/uned-illesbalears.net\/ca\/wp-json\/wp\/v2\/pages\/217261\/revisions"}],"predecessor-version":[{"id":278600,"href":"https:\/\/uned-illesbalears.net\/ca\/wp-json\/wp\/v2\/pages\/217261\/revisions\/278600"}],"up":[{"embeddable":true,"href":"https:\/\/uned-illesbalears.net\/ca\/wp-json\/wp\/v2\/pages\/669"}],"wp:attachment":[{"href":"https:\/\/uned-illesbalears.net\/ca\/wp-json\/wp\/v2\/media?parent=217261"}],"curies":[{"name":"wp","href":"https:\/\/api.w.org\/{rel}","templated":true}]}}