{"id":2158,"date":"2013-09-22T12:06:11","date_gmt":"2013-09-22T12:06:11","guid":{"rendered":"https:\/\/uned-illesbalears.net\/accesibilidad-2\/"},"modified":"2015-03-20T19:13:04","modified_gmt":"2015-03-20T19:13:04","slug":"accesibilidad","status":"publish","type":"page","link":"https:\/\/uned-illesbalears.net\/ca\/accesibilidad\/","title":{"rendered":"Accesibilidad"},"content":{"rendered":"<p>Para la creaci\u00f3n de la nueva web de la UNED Illes Balears se ha tenido especialmente en cuenta al colectivo de discapacitados que accede al mismo, prestando una especial atenci\u00f3n a la accesibilidad del sitio. A continuaci\u00f3n, se detallan las facilidades con las que cuenta el portal para que todos sus contenidos sean accesibles para sus visitantes.<\/p>\n<h4>Tama\u00f1o del texto<\/h4>\n<p>El tama\u00f1o del texto est\u00e1 definido en t\u00e9rminos relativos, por lo que se puede aumentar y disminuir por el visitante en su navegador.<\/p>\n<h4>Qu\u00e9 navegadores soportan este sistema<\/h4>\n<p>La web de la UNED est\u00e1 probada con los siguientes navegadores:<\/p>\n<p><strong>Internet Explorer<\/strong>: a partir de la versi\u00f3n 8 para Windows y Mac<\/p>\n<p><strong>Mozilla<\/strong>: tanto para Windows como para Linux<\/p>\n<p><strong>Firefox<\/strong>: tanto para Windows como para Linux<\/p>\n<p><strong>Opera<\/strong>: versi\u00f3n 8 tanto en Windows como en Linux<\/p>\n<p><strong>Safari<\/strong>: en Mac OS X<\/p>\n<h4>Sugerencias y propuestas relacionadas con el acceso<\/h4>\n<p>Si encuentra problemas de acceso a contenidos, nos los puede hacer llegar pulsando en este <a title=\"Contactar\" href=\"https:\/\/uned-illesbalears.net\/contactar\/\">enlace.<\/a><\/p>\n","protected":false},"excerpt":{"rendered":"<p>Para la creaci\u00f3n de la nueva web de la UNED Illes Balears se ha tenido especialmente en cuenta al colectivo de discapacitados que accede al mismo, prestando una especial atenci\u00f3n a la accesibilidad del sitio. A continuaci\u00f3n, se detallan las facilidades con las que cuenta el portal para que todos sus contenidos sean accesibles para [&hellip;]<\/p>\n","protected":false},"author":1,"featured_media":0,"parent":0,"menu_order":0,"comment_status":"closed","ping_status":"closed","template":"","meta":{"_acf_changed":false,"footnotes":""},"acf":[],"_links":{"self":[{"href":"https:\/\/uned-illesbalears.net\/ca\/wp-json\/wp\/v2\/pages\/2158"}],"collection":[{"href":"https:\/\/uned-illesbalears.net\/ca\/wp-json\/wp\/v2\/pages"}],"about":[{"href":"https:\/\/uned-illesbalears.net\/ca\/wp-json\/wp\/v2\/types\/page"}],"author":[{"embeddable":true,"href":"https:\/\/uned-illesbalears.net\/ca\/wp-json\/wp\/v2\/users\/1"}],"replies":[{"embeddable":true,"href":"https:\/\/uned-illesbalears.net\/ca\/wp-json\/wp\/v2\/comments?post=2158"}],"version-history":[{"count":0,"href":"https:\/\/uned-illesbalears.net\/ca\/wp-json\/wp\/v2\/pages\/2158\/revisions"}],"wp:attachment":[{"href":"https:\/\/uned-illesbalears.net\/ca\/wp-json\/wp\/v2\/media?parent=2158"}],"curies":[{"name":"wp","href":"https:\/\/api.w.org\/{rel}","templated":true}]}}