{"id":21497,"date":"2015-08-28T11:00:46","date_gmt":"2015-08-28T11:00:46","guid":{"rendered":"https:\/\/uned-illesbalears.net\/?page_id=21497"},"modified":"2022-05-14T11:13:03","modified_gmt":"2022-05-14T09:13:03","slug":"cursosverano","status":"publish","type":"page","link":"https:\/\/uned-illesbalears.net\/ca\/cursosverano\/","title":{"rendered":"Cursos de Verano 2022 UNED Baleares"},"content":{"rendered":"<h4><strong>CURSOS DE VERANO 2022 UNED BALEARES: Internet directo y diferido<br \/>\n<\/strong><\/h4>\n<h6><strong>INSTRUCCIONES: <span style=\"color: #008000;\"><a style=\"color: #008000;\" href=\"https:\/\/uned-illesbalears.net\/wp-content\/uploads\/2021\/05\/instruccionesmodalidadinternetendirecto2021.pdf\" class=\"mtli_attachment mtli_pdf\">instrucciones modalidad internet en directo 2021<\/a><\/span><\/strong><\/h6>\n<h6><strong>INSTRUCCIONES: <span style=\"color: #008000;\"><a style=\"color: #008000;\" href=\"https:\/\/uned-illesbalears.net\/wp-content\/uploads\/2021\/05\/instruccionesmodalidadinternetendiferido2021.pdf\" class=\"mtli_attachment mtli_pdf\">instrucciones modalidad internet en diferido 2021<\/a><\/span><\/strong><strong><br \/>\n<\/strong><\/h6>\n<h6>Bolet\u00edn: <a href=\"https:\/\/uned-illesbalears.net\/wp-content\/uploads\/2021\/05\/matriculatradicionalcursoverano2021.doc\" class=\"mtli_attachment mtli_doc\">matricula tradicional curso verano 2021<\/a><span style=\"color: #008000;\">\u00a0<\/span>(utilice este bolet\u00edn, s\u00f3lo si tiene problemas para realizar la matr\u00edcula online)<\/h6>\n<h6><strong>Cursos Verano\u00a0INTERNET DIRECTO\/DIFERIDO:<span style=\"color: #008000;\"> <a style=\"color: #008000;\" href=\"https:\/\/uned-illesbalears.net\/cursos-y-actividades\/cursos-verano\/\">FORMULARIOS PARA\u00a0SUPERAR LOS CURSOS<\/a><\/span><\/strong><\/h6>\n<h6><span style=\"color: #008000;\"><strong>BECAS:<\/strong> la matr\u00edcula de dos cursos de verano en este centro de la UNED\u00a0\u00a0da derecho a una beca de matr\u00edcula gratuita de un tercer curso de verano en este centro, 1 curso 63 \u20ac (20 h), 3 cursos 126 \u20ac (60 h). Se matricula de tres cursos: ABONE S\u00d3LO DOS cursos de verano y solicite la gratuidad del tercer curso a<strong>\u00a0 <a style=\"color: #000000;\" href=\"mailto:info@palma.uned.es\">info@palma.uned.es<\/a>\u00a0indicando su nombre completo y n\u00ba DNI.<\/strong><\/span><\/h6>\n<h6><span style=\"color: #008000;\">PUEDE SOLICITAR LA MATR\u00cdCULA DE CURSOS DE VERANO YA REALIZADOS A info@palma.uned.es indicando su nombre completo y n\u00ba DNI.<\/span><\/h6>\n<h6><\/h6>\n","protected":false},"excerpt":{"rendered":"<p>CURSOS DE VERANO 2022 UNED BALEARES: Internet directo y diferido INSTRUCCIONES: instrucciones modalidad internet en directo 2021 INSTRUCCIONES: instrucciones modalidad internet en diferido 2021 Bolet\u00edn: matricula tradicional curso verano 2021\u00a0(utilice este bolet\u00edn, s\u00f3lo si tiene problemas para realizar la matr\u00edcula online) Cursos Verano\u00a0INTERNET DIRECTO\/DIFERIDO: FORMULARIOS PARA\u00a0SUPERAR LOS CURSOS BECAS: la matr\u00edcula de dos cursos de [&hellip;]<\/p>\n","protected":false},"author":1,"featured_media":38934,"parent":0,"menu_order":0,"comment_status":"closed","ping_status":"closed","template":"","meta":{"_acf_changed":false,"footnotes":""},"acf":[],"_links":{"self":[{"href":"https:\/\/uned-illesbalears.net\/ca\/wp-json\/wp\/v2\/pages\/21497"}],"collection":[{"href":"https:\/\/uned-illesbalears.net\/ca\/wp-json\/wp\/v2\/pages"}],"about":[{"href":"https:\/\/uned-illesbalears.net\/ca\/wp-json\/wp\/v2\/types\/page"}],"author":[{"embeddable":true,"href":"https:\/\/uned-illesbalears.net\/ca\/wp-json\/wp\/v2\/users\/1"}],"replies":[{"embeddable":true,"href":"https:\/\/uned-illesbalears.net\/ca\/wp-json\/wp\/v2\/comments?post=21497"}],"version-history":[{"count":13,"href":"https:\/\/uned-illesbalears.net\/ca\/wp-json\/wp\/v2\/pages\/21497\/revisions"}],"predecessor-version":[{"id":213220,"href":"https:\/\/uned-illesbalears.net\/ca\/wp-json\/wp\/v2\/pages\/21497\/revisions\/213220"}],"wp:featuredmedia":[{"embeddable":true,"href":"https:\/\/uned-illesbalears.net\/ca\/wp-json\/wp\/v2\/media\/38934"}],"wp:attachment":[{"href":"https:\/\/uned-illesbalears.net\/ca\/wp-json\/wp\/v2\/media?parent=21497"}],"curies":[{"name":"wp","href":"https:\/\/api.w.org\/{rel}","templated":true}]}}