{"id":21339,"date":"2015-08-16T00:13:25","date_gmt":"2015-08-16T00:13:25","guid":{"rendered":"https:\/\/uned-illesbalears.net\/qualitat\/nuestros-clientes\/"},"modified":"2018-09-02T20:53:30","modified_gmt":"2018-09-02T18:53:30","slug":"nuestros-clientes","status":"publish","type":"page","link":"https:\/\/uned-illesbalears.net\/ca\/qualitat\/nuestros-clientes\/","title":{"rendered":"Nostros Clients"},"content":{"rendered":"<div align=\"center\">\n<table border=\"1\" cellspacing=\"0\" cellpadding=\"0\">\n<tbody>\n<tr>\n<td valign=\"top\" width=\"605\">\n<h6 align=\"center\"><strong>FITXA DE CLIENTS DEL CENTRE ASSOCIAT DE LES ILLES BALEARS. Curs 2018-2019.<\/strong><\/h6>\n<\/td>\n<\/tr>\n<\/tbody>\n<\/table>\n<\/div>\n<p>Des del model europeu d&#8217;excel\u00b7l\u00e8ncia en la gesti\u00f3 s&#8217;ent\u00e9n que els Grups d&#8217;inter\u00e8s s\u00f3n persones, grups o organitzacions que poden afectar l&#8217;organitzaci\u00f3 i veure afectats per la mateixa.<\/p>\n<p>&nbsp;<\/p>\n<p>Dins dels grups d&#8217;inter\u00e8s destaquen els <strong>clients<\/strong> externs aquelles persones o organitzacions que reben productes o serveis produ\u00efts pel nostre Centre Associat i les seves aules. Poden ser usuaris, compradors i \/ o beneficiaris.<\/p>\n<p>&nbsp;<\/p>\n<p>L&#8217;estrat\u00e8gia, gesti\u00f3, productes i serveis giren al voltant del<strong> client<\/strong>. \u00c9s fonamental, per tant, entendre i donar resposta a les seves demandes actuals i futures en termes valorats per ells i pel propi <strong>Centre<\/strong>.<\/p>\n<p>&nbsp;<\/p>\n<p>\u00c9s important segmentar els clients fins al nivell que permeti prendre decisions pr\u00e0ctiques de planificaci\u00f3 i millora de les activitats.<\/p>\n<table border=\"1\" width=\"996\" cellspacing=\"0\" cellpadding=\"0\">\n<tbody>\n<tr>\n<td colspan=\"2\" width=\"404\">\n<p align=\"center\"><b>Grups d&#8217;inter\u00e8s segmentats<\/b><\/p>\n<\/td>\n<td width=\"280\">\n<p align=\"center\"><b>Estatus\u00a0\u00a0 (que aporta)<\/b><\/p>\n<\/td>\n<td width=\"312\">\n<p align=\"center\"><b>Rep (a m\u00e9s \u00a0d&#8217;informaci\u00f3)<\/b><\/p>\n<\/td>\n<\/tr>\n<tr>\n<td rowspan=\"2\" width=\"168\">CONSORCI UNIVERSITARI<\/td>\n<td width=\"236\">UNED<\/td>\n<td width=\"280\">Acreditador\/ financiador \/\u00a0coneixement i reglament Acad\u00e8mic<\/td>\n<td width=\"312\">Matr\u00edcules, sistemes gesti\u00f3, TIC, imatge, classes tutories<\/td>\n<\/tr>\n<tr>\n<td width=\"236\">Consells Insulares (Mallorca, Menorca, Eivissa)<\/td>\n<td width=\"280\">Conveni \/ Financiador<\/td>\n<td width=\"312\">Matr\u00edcules, oferta formativa, M\u00e0sters, Desenvolupament de projectes, places de formaci\u00f3, imatge<\/td>\n<\/tr>\n<tr>\n<td rowspan=\"2\" width=\"168\">ESTUDIANTS<\/td>\n<td width=\"236\">Persones matriculades en ensenyaments oficials<\/td>\n<td width=\"280\">Usuari \/ financiador<\/td>\n<td width=\"312\">Serveis acad\u00e8mics, de formaci\u00f3 i culturals<\/td>\n<\/tr>\n<tr>\n<td width=\"236\">Persones matriculades en Extensi\u00f3 Universit\u00e0ria i Cursos Estiu<\/td>\n<td width=\"280\">Usuari \/ financiador<\/td>\n<td width=\"312\">Serveis culturals, formaci\u00f3, cr\u00e8dits ECTS, certificats, desenvolupament professional<\/td>\n<\/tr>\n<tr>\n<td rowspan=\"5\" width=\"168\">SOCIETAT<\/td>\n<td width=\"236\">Patrocinadors d&#8217;activitats d&#8217;Extensi\u00f3<\/td>\n<td width=\"280\">Usuari \/ financiador<\/td>\n<td width=\"312\">Activitats de formaci\u00f3 i culturals, imatge<\/td>\n<\/tr>\n<tr>\n<td width=\"236\">Responsables d&#8217;empreses i ocupadors<\/td>\n<td width=\"280\">Ocupadors finals<\/td>\n<td width=\"312\">Titulats, practicants, formaci\u00f3<\/td>\n<\/tr>\n<tr>\n<td width=\"236\">Col\u00b7legis professionals<\/td>\n<td width=\"280\">Usuari \/ financiador<\/td>\n<td width=\"312\">Graduats, formaci\u00f3<\/td>\n<\/tr>\n<tr>\n<td width=\"236\">Persones Titulades<\/td>\n<td width=\"280\">Usuaris directes<\/td>\n<td width=\"312\">Associaci\u00f3, formaci\u00f3, orientaci\u00f3<\/td>\n<\/tr>\n<tr>\n<td width=\"236\">Ciutadania (sectors professionals)<\/td>\n<td width=\"280\">Usuari potencial<\/td>\n<td width=\"312\">Oferta acad\u00e8mica, de formaci\u00f3 i cultural<\/td>\n<\/tr>\n<\/tbody>\n<\/table>\n<p>&nbsp;<\/p>\n","protected":false},"excerpt":{"rendered":"<p>FITXA DE CLIENTS DEL CENTRE ASSOCIAT DE LES ILLES BALEARS. Curs 2018-2019. Des del model europeu d&#8217;excel\u00b7l\u00e8ncia en la gesti\u00f3 s&#8217;ent\u00e9n que els Grups d&#8217;inter\u00e8s s\u00f3n persones, grups o organitzacions que poden afectar l&#8217;organitzaci\u00f3 i veure afectats per la mateixa. &nbsp; Dins dels grups d&#8217;inter\u00e8s destaquen els clients externs aquelles persones o organitzacions que reben [&hellip;]<\/p>\n","protected":false},"author":1,"featured_media":0,"parent":833,"menu_order":0,"comment_status":"closed","ping_status":"closed","template":"","meta":{"_acf_changed":false,"footnotes":""},"acf":[],"_links":{"self":[{"href":"https:\/\/uned-illesbalears.net\/ca\/wp-json\/wp\/v2\/pages\/21339"}],"collection":[{"href":"https:\/\/uned-illesbalears.net\/ca\/wp-json\/wp\/v2\/pages"}],"about":[{"href":"https:\/\/uned-illesbalears.net\/ca\/wp-json\/wp\/v2\/types\/page"}],"author":[{"embeddable":true,"href":"https:\/\/uned-illesbalears.net\/ca\/wp-json\/wp\/v2\/users\/1"}],"replies":[{"embeddable":true,"href":"https:\/\/uned-illesbalears.net\/ca\/wp-json\/wp\/v2\/comments?post=21339"}],"version-history":[{"count":0,"href":"https:\/\/uned-illesbalears.net\/ca\/wp-json\/wp\/v2\/pages\/21339\/revisions"}],"up":[{"embeddable":true,"href":"https:\/\/uned-illesbalears.net\/ca\/wp-json\/wp\/v2\/pages\/833"}],"wp:attachment":[{"href":"https:\/\/uned-illesbalears.net\/ca\/wp-json\/wp\/v2\/media?parent=21339"}],"curies":[{"name":"wp","href":"https:\/\/api.w.org\/{rel}","templated":true}]}}