{"id":197814,"date":"2021-10-23T11:48:44","date_gmt":"2021-10-23T09:48:44","guid":{"rendered":"https:\/\/uned-illesbalears.net\/estudiar-uned-illes-balears\/microtitulos-universitarios\/"},"modified":"2025-07-19T15:30:06","modified_gmt":"2025-07-19T13:30:06","slug":"microtitulos-universitarios","status":"publish","type":"page","link":"https:\/\/uned-illesbalears.net\/ca\/estudiar-uned-illes-balears\/microtitulos-universitarios\/","title":{"rendered":"Microt\u00edtulos universitarios"},"content":{"rendered":"<h4><\/h4>\n<h4><span style=\"color: #008000;\"><strong>MICROT\u00cdTULOS<\/strong><\/span><\/h4>\n<h6>Un \u201cmicrot\u00edtulo\u201d es un tipo de ense\u00f1anza propia de la UNED, cuyo objetivo principal es facilitar la adquisici\u00f3n de nuevas competencias que ayuden a quienes los cursen a responder a los r\u00e1pidos cambios sociales y tecnol\u00f3gicos de nuestro tiempo.<\/h6>\n<h6>Los microt\u00edtulos han sido concebidos, primordialmente, para permitir que el alumnado de la UNED pueda obtener un reconocimiento de haber adquirido unos conocimientos y competencias sin necesidad de concluir los estudios de Grado o M\u00e1ster oficiales o bien para quienes quieran completar, actualizar o reforzar una serie de conocimientos transversales localizados en un \u00e1rea concreta de gran repercusi\u00f3n y demanda social, incluso desde una visi\u00f3n interfacultativa, siempre y cuando supongan nuevos enfoques espec\u00edficos que sean un valor a\u00f1adido a los estudios de grados y m\u00e1steres preexistentes.<\/h6>\n<p><span style=\"color: #008000;\"><strong>TIPOS DE MICROT\u00cdTULOS<\/strong><\/span><\/p>\n<ul>\n<li>\n<h6>Microt\u00edtulos de grado (Microgrado)<\/h6>\n<\/li>\n<\/ul>\n<ul>\n<li>\n<h6>Microt\u00edtulos de m\u00e1ster (Microm\u00e1ster)<\/h6>\n<\/li>\n<\/ul>\n<p><strong style=\"color: #008000; font-size: 16px;\">CONDICIONES DE ACCESO<\/strong><\/p>\n<ul>\n<li>\n<h6>Para poder acceder a un microt\u00edtulo de grado se deber\u00e1n reunir los requisitos exigidos para acceder a estudios de grado, as\u00ed como los espec\u00edficos que se recojan en la gu\u00eda correspondiente<\/h6>\n<\/li>\n<li>\n<h6>Para poder acceder a un microt\u00edtulo de m\u00e1ster se deber\u00e1n reunir los requisitos exigidos para acceder a estudios de m\u00e1ster oficial, as\u00ed como los espec\u00edficos que se recojan en la gu\u00eda correspondiente<\/h6>\n<\/li>\n<\/ul>\n<p><span style=\"color: #008000;\"><strong>PROCEDIMIENTO PARA CURSAR MICROT\u00cdTULOS<\/strong><\/span><\/p>\n<ul>\n<li>\n<h6>Las ense\u00f1anzas para la consecuci\u00f3n de un microt\u00edtulo han de ser cursadas y superadas en su totalidad en la UNED y podr\u00e1n conducir a la obtenci\u00f3n del t\u00edtulo de grado o m\u00e1ster oficial si se completa el plan de estudios correspondiente en los t\u00e9rminos previstos en su normativa reguladora.<\/h6>\n<\/li>\n<li>\n<h6>Los estudiantes de Grado o M\u00e1ster oficial que hayan cursado y superado las ense\u00f1anzas conducentes a un Microgrado o Microm\u00e1ster, podr\u00e1n obtener su correspondiente certificaci\u00f3n<\/h6>\n<\/li>\n<\/ul>\n<p><span style=\"color: #008000;\"><strong>OFERTA DE MICROT\u00cdTULOS<\/strong><\/span><\/p>\n<ul>\n<li>\n<h6><a title=\"Acceda al listado de Oferta de Microt\u00edtulos \" href=\"https:\/\/www.uned.es\/universidad\/inicio\/estudios\/microtitulos.html\">Acceda al listado de Oferta de Microt\u00edtulos<\/a><\/h6>\n<\/li>\n<\/ul>\n<p><strong><span style=\"color: #008000;\">REGIMEN ECON\u00d3MICO<\/span><\/strong><\/p>\n<h6>Se aplicar\u00e1n los mismos precios por cr\u00e9dito y tasas que para las asignaturas de Grado o M\u00e1ster Oficial. Por ser un t\u00edtulo propio no tendr\u00e1 descuentos ni bonificaciones.<\/h6>\n<h5><span style=\"color: #008000;\"><strong>CERTIFICACI\u00d3N<\/strong><\/span><\/h5>\n<h6>La superaci\u00f3n de estos estudios dar\u00e1 derecho a la obtenci\u00f3n del correspondiente t\u00edtulo propio.<\/h6>\n<p><span style=\"color: #008000;\"><strong>PLAZOS DE MATR\u00cdCULA<\/strong><\/span><\/p>\n<p>Del <span style=\"color: #008000;\"><strong>3<\/strong><\/span> de julio al <span style=\"color: #008000;\"><strong>22<\/strong><\/span> de octubre de 2025<\/p>\n<h3><span style=\"color: #ff0000;\"><strong><em>Las matr\u00edculas de todos los estudios ofertados por la UNED se formalizar\u00e1n a trav\u00e9s de internet en: www.uned.es, seleccionando el enlace a \u201cmatr\u00edcula por internet\u201d.<\/em><\/strong><\/span><\/h3>\n","protected":false},"excerpt":{"rendered":"<p>MICROT\u00cdTULOS Un \u201cmicrot\u00edtulo\u201d es un tipo de ense\u00f1anza propia de la UNED, cuyo objetivo principal es facilitar la adquisici\u00f3n de nuevas competencias que ayuden a quienes los cursen a responder a los r\u00e1pidos cambios sociales y tecnol\u00f3gicos de nuestro tiempo. Los microt\u00edtulos han sido concebidos, primordialmente, para permitir que el alumnado de la UNED pueda [&hellip;]<\/p>\n","protected":false},"author":1,"featured_media":0,"parent":901,"menu_order":0,"comment_status":"closed","ping_status":"closed","template":"","meta":{"_acf_changed":false,"footnotes":""},"acf":[],"_links":{"self":[{"href":"https:\/\/uned-illesbalears.net\/ca\/wp-json\/wp\/v2\/pages\/197814"}],"collection":[{"href":"https:\/\/uned-illesbalears.net\/ca\/wp-json\/wp\/v2\/pages"}],"about":[{"href":"https:\/\/uned-illesbalears.net\/ca\/wp-json\/wp\/v2\/types\/page"}],"author":[{"embeddable":true,"href":"https:\/\/uned-illesbalears.net\/ca\/wp-json\/wp\/v2\/users\/1"}],"replies":[{"embeddable":true,"href":"https:\/\/uned-illesbalears.net\/ca\/wp-json\/wp\/v2\/comments?post=197814"}],"version-history":[{"count":12,"href":"https:\/\/uned-illesbalears.net\/ca\/wp-json\/wp\/v2\/pages\/197814\/revisions"}],"predecessor-version":[{"id":277685,"href":"https:\/\/uned-illesbalears.net\/ca\/wp-json\/wp\/v2\/pages\/197814\/revisions\/277685"}],"up":[{"embeddable":true,"href":"https:\/\/uned-illesbalears.net\/ca\/wp-json\/wp\/v2\/pages\/901"}],"wp:attachment":[{"href":"https:\/\/uned-illesbalears.net\/ca\/wp-json\/wp\/v2\/media?parent=197814"}],"curies":[{"name":"wp","href":"https:\/\/api.w.org\/{rel}","templated":true}]}}