{"id":197790,"date":"2021-10-23T11:47:43","date_gmt":"2021-10-23T09:47:43","guid":{"rendered":"https:\/\/uned-illesbalears.net\/estudiar-uned-illes-balears\/grados-combinados\/"},"modified":"2026-02-08T17:06:00","modified_gmt":"2026-02-08T16:06:00","slug":"grados-combinados","status":"publish","type":"page","link":"https:\/\/uned-illesbalears.net\/ca\/estudiar-uned-illes-balears\/grados-combinados\/","title":{"rendered":"Grados combinados- Dobles grados"},"content":{"rendered":"<h2><strong><span style=\"color: #008000;\">GRADOS COMBINADOS<\/span><\/strong><\/h2>\n<h6>La oferta educativa de la UNED ofrece la posibilidad de obtener dos titulaciones en \u00e1reas de conocimiento afines por menos de 360 ECTS. Esta iniciativa tiene como principal objetivo poner de manifiesto que un estudiante puede conseguir\u00a0<strong>dos t\u00edtulos de grado<\/strong>, seleccionando o combinando una serie de asignaturas.<\/h6>\n<h6>Para obtener un Grado se requiere cursar 240 ECTS. Con los\u00a0<em>Grados Combinados de la UNED<\/em>\u00a0el estudiante puede obtener dos titulaciones de grado cursando entre 42 y 120 ECTS adicionales, seg\u00fan cual sea la afinidad entre los Grados.<\/h6>\n<h2><i class=\"fa fa-arrow-circle-right\"><\/i><span style=\"color: #ff0000;\"><strong>\u00a0IMPORTANTE:<\/strong><\/span><\/h2>\n<ol>\n<li>\n<h6>Los Grados Combinados\u00a0<strong>no<\/strong>\u00a0son un Doble Grado. Son dos titulaciones distintas.<\/h6>\n<\/li>\n<li>\n<h6>Los estudiantes deben realizar dos Trabajos de Fin de Grado, uno para cada titulaci\u00f3n.<\/h6>\n<\/li>\n<\/ol>\n<h5><span style=\"color: #008000;\"><strong>CONDICIONES DE ACCESO<\/strong><\/span><\/h5>\n<ul>\n<li>\n<h6>Solo se debe presentar la titulaci\u00f3n de acceso el primer a\u00f1o de matriculaci\u00f3n en uno de los dos Grados.<\/h6>\n<\/li>\n<li>\n<h6>Una vez registrada en el expediente, la titulaci\u00f3n de acceso es v\u00e1lida para el segundo Grado.<\/h6>\n<\/li>\n<\/ul>\n<p><strong><span style=\"color: #008000;\">PROCEDIMIENTO PARA CURSAR GRADOS COMBINADOS<\/span><\/strong><\/p>\n<ul>\n<li>\n<h6>Los estudiantes deber\u00e1n formular una matr\u00edcula para cada uno de los Grados.<\/h6>\n<\/li>\n<li>\n<h6>Basta que el estudiante se matricule en una asignatura del segundo Grado para estar ya admitido en el mismo.<\/h6>\n<\/li>\n<li>\n<h6>Los estudiantes\u00a0<strong>deben solicitar reconocimiento de cr\u00e9ditos<\/strong>. Para ello es necesario la consulta de las tablas de reconocimiento que publican las Facultades\/Escuelas. El reconocimiento de cr\u00e9ditos de los t\u00edtulos combinados se ajusta a la\u00a0<a title=\"normativa vigente\" href=\"https:\/\/www.uned.es\/universidad\/inicio\/dam\/jcr:082c2e76-73e4-4bc9-8ed2-61c1c3c23cc0\/1.-NORMATIVA%20RC-23.10.2008%20MODIF.%2028.06.2011%20Y%2004.10.2016%20(ACTUALIZACIONES)%202019_04_05.PDF\" class=\"mtli_attachment mtli_pdf\">normativa vigente<\/a>\u00a0aprobada en Consejo de Gobierno de 28 de junio de 2011.<\/h6>\n<\/li>\n<li>\n<h6>No es necesario pagar las asignaturas reconocidas.<\/h6>\n<\/li>\n<li>\n<h6>La superaci\u00f3n de todas las asignaturas supone la obtenci\u00f3n de dos t\u00edtulos de Grado (no uno doble).<\/h6>\n<\/li>\n<\/ul>\n<h2><strong><span style=\"color: #008000;\">OFERTA DE GRADOS COMBINADOS<\/span><\/strong><\/h2>\n<h6><a class=\"link_underline\" title=\"Acceda al listado de Oferta de Grados Combinados\" href=\"https:\/\/www.uned.es\/universidad\/inicio\/estudios\/grados-combinados\/listado-grados-combinados.html\">Acceda al listado de Oferta de Grados Combinados<\/a>\u00a0<i class=\"fa fa-link\"><\/i><\/h6>\n<p><span style=\"color: #ff0000;\"><strong><em>Las matr\u00edculas de todos los estudios ofertados por la UNED se formalizar\u00e1n a trav\u00e9s de internet en: www.uned.es, seleccionando el enlace a \u201cmatr\u00edcula por internet\u201d.<\/em><\/strong><\/span><\/p>\n<h2 style=\"text-align: left;\"><strong><span style=\"color: #008000;\">DOBLES GRADOS<\/span><\/strong><\/h2>\n<h2 class=\"contenido_title\"><strong><span style=\"color: #008000;\">Oferta de Dobles Grados Universitarios 2025\/2026<\/span><\/strong><\/h2>\n<div class=\"tabla_grados tabla_custom container-fluid\">\n<div class=\"row\">\n<div class=\"tabla_custom_title col-12\"><span style=\"color: #008000;\"><strong>CIENCIAS SOCIALES Y JUR\u00cdDICAS<\/strong><\/span><\/div>\n<\/div>\n<div class=\"row\">\n<ul>\n<li class=\"tabla_custom_data col-9 col-md-5\"><a title=\"Abrir gu\u00eda de DOBLE GRADO EN DERECHO Y TRABAJO SOCIAL\" href=\"https:\/\/www.uned.es\/universidad\/inicio\/estudios\/dobles-grados\/doble-grado-en-derecho-y-trabajo-social.html\">DOBLE GRADO EN DERECHO Y TRABAJO SOCIAL<\/a><\/li>\n<\/ul>\n<p><a title=\"Ir al web de la facultad FACULTAD DE DERECHO\" href=\"https:\/\/www.uned.es\/universidad\/facultades\/derecho.html\">FACULTAD DE DERECHO<\/a><\/p>\n<\/div>\n<div class=\"row\">\n<ul>\n<li class=\"tabla_custom_data col-9 col-md-5\"><a title=\"Abrir gu\u00eda de DOBLE GRADO EN CIENCIA POL\u00cdTICA Y SOCIOLOG\u00cdA\" href=\"https:\/\/www.uned.es\/universidad\/inicio\/estudios\/dobles-grados\/doble-grado-en-ciencia-politica-y-sociologia.html\">DOBLE GRADO EN CIENCIA POL\u00cdTICA Y SOCIOLOG\u00cdA<\/a><\/li>\n<\/ul>\n<div class=\"tabla_custom_data col-8 col-md-4\"><a title=\"Ir al web de la facultad FACULTAD DE CIENCIAS POL\u00cdTICAS Y SOCIOLOG\u00cdA\" href=\"https:\/\/www.uned.es\/universidad\/facultades\/politicas-sociologia.html\">FACULTAD DE CIENCIAS POL\u00cdTICAS Y SOCIOLOG\u00cdA<\/a><\/div>\n<\/div>\n<div><\/div>\n<div><strong><span style=\"color: #0000ff;\"><a style=\"color: #0000ff;\" href=\"https:\/\/uned-illesbalears.net\/wp-content\/uploads\/2026\/02\/Precios-Publicos-para-el-curso-2025-2026.pdf\" class=\"mtli_attachment mtli_pdf\">Precios P\u00fablicos para el curso 2025-2026<\/a><\/span><\/strong><\/div>\n<div><\/div>\n<div class=\"tabla_custom_data col-4 col-md-2\">M\u00e1s informaci\u00f3n:<strong><a href=\"https:\/\/www.uned.es\/universidad\/inicio\/estudios\/dobles-grados.html\"> Dobles Grados<\/a><\/strong><\/div>\n<\/div>\n<p>&nbsp;<\/p>\n","protected":false},"excerpt":{"rendered":"<p>GRADOS COMBINADOS La oferta educativa de la UNED ofrece la posibilidad de obtener dos titulaciones en \u00e1reas de conocimiento afines por menos de 360 ECTS. Esta iniciativa tiene como principal objetivo poner de manifiesto que un estudiante puede conseguir\u00a0dos t\u00edtulos de grado, seleccionando o combinando una serie de asignaturas. Para obtener un Grado se requiere [&hellip;]<\/p>\n","protected":false},"author":1,"featured_media":0,"parent":901,"menu_order":0,"comment_status":"closed","ping_status":"closed","template":"","meta":{"_acf_changed":false,"footnotes":""},"acf":[],"_links":{"self":[{"href":"https:\/\/uned-illesbalears.net\/ca\/wp-json\/wp\/v2\/pages\/197790"}],"collection":[{"href":"https:\/\/uned-illesbalears.net\/ca\/wp-json\/wp\/v2\/pages"}],"about":[{"href":"https:\/\/uned-illesbalears.net\/ca\/wp-json\/wp\/v2\/types\/page"}],"author":[{"embeddable":true,"href":"https:\/\/uned-illesbalears.net\/ca\/wp-json\/wp\/v2\/users\/1"}],"replies":[{"embeddable":true,"href":"https:\/\/uned-illesbalears.net\/ca\/wp-json\/wp\/v2\/comments?post=197790"}],"version-history":[{"count":18,"href":"https:\/\/uned-illesbalears.net\/ca\/wp-json\/wp\/v2\/pages\/197790\/revisions"}],"predecessor-version":[{"id":282037,"href":"https:\/\/uned-illesbalears.net\/ca\/wp-json\/wp\/v2\/pages\/197790\/revisions\/282037"}],"up":[{"embeddable":true,"href":"https:\/\/uned-illesbalears.net\/ca\/wp-json\/wp\/v2\/pages\/901"}],"wp:attachment":[{"href":"https:\/\/uned-illesbalears.net\/ca\/wp-json\/wp\/v2\/media?parent=197790"}],"curies":[{"name":"wp","href":"https:\/\/api.w.org\/{rel}","templated":true}]}}