{"id":197787,"date":"2021-10-09T12:54:59","date_gmt":"2021-10-09T10:54:59","guid":{"rendered":"https:\/\/uned-illesbalears.net\/recursos-para-estudiantes\/horaris-practiques\/formulario-practicas-de-grado-en-psicologia\/"},"modified":"2025-11-02T11:58:49","modified_gmt":"2025-11-02T10:58:49","slug":"formulario-practicas-de-grado-en-psicologia","status":"publish","type":"page","link":"https:\/\/uned-illesbalears.net\/ca\/recursos-para-estudiantes\/horaris-practiques\/formulario-practicas-de-grado-en-psicologia\/","title":{"rendered":"Formulario pr\u00e1cticas de Grado en Psicolog\u00eda"},"content":{"rendered":"<h3 style=\"text-align: center;\"><span style=\"color: #008000;\"><strong>CALENDARIO DE LAS PR\u00c1CTICAS DE LABORATORIO\u00a0 DEL CENTRO DE LA UNED BALEARES. Curso 2025-2026<\/strong><\/span><\/h3>\n<p><span style=\"color: #008000;\"><strong>Las pr\u00e1cticas se desarrollan en las instalaciones del Centro UNED Mallorca y en en Aulas de Ibiza\u00a0<\/strong><\/span><\/p>\n<p><span style=\"color: #008000;\"><strong>Los estudiantes interesados deben inscribirse mediante el formulario online disponible en el men\u00fa de esta p\u00e1gina o en la aplicaci\u00f3n disponible en Mis pr\u00e1cticas.<\/strong><\/span><span style=\"color: #ffffff;\">bido al COVID-19 hay que limitar el aforo de las pr\u00e1cticas, por tal motivo en aquellos casos que se pase el l\u00edmite permitido se crear\u00e1 un segundo grupo (la conformaci\u00f3n de los grupos, seg\u00fan orden de inscripci\u00f3n), seg\u00fan la duraci\u00f3n de la pr\u00e1ctica, se intentar\u00e1 su realizaci\u00f3n el mismo d\u00eda o en otro d\u00eda seg\u00fan la naturaleza de la pr\u00e1ctica.<\/span><\/p>\n<h3>Horario<\/h3>\n\n<table id=\"tablepress-1216\" class=\"tablepress tablepress-id-1216 tbody-has-connected-cells\">\n<tbody class=\"row-striping row-hover\">\n<tr class=\"row-1\">\n\t<td class=\"column-1\"><\/td><td colspan=\"8\" class=\"column-2\"><h5>Pr\u00e1cticas laboratorio Grado en  Psicolog\u00eda\/Pr\u00e0ctiques laboratori Grau en Psicologia<\/h5><\/td>\n<\/tr>\n<tr class=\"row-2\">\n\t<td class=\"column-1\"><\/td><td colspan=\"8\" class=\"column-2\"><h5>Primer cuatrimestre\/quadrimestre<\/h5><\/td>\n<\/tr>\n<tr class=\"row-3\">\n\t<td class=\"column-1\"><strong>C\u00f3digo\/Codi<\/strong><\/td><td class=\"column-2\"><strong>Asignaturas \/ Assignatures<\/strong><\/td><td class=\"column-3\"><strong>Curso\/Curs<\/strong><\/td><td class=\"column-4\"><strong>C\/Q<\/strong><\/td><td class=\"column-5\"><strong>Profesorado\/ Professorat<\/strong><\/td><td class=\"column-6\"><strong>D\u00eda\/Dia<\/strong><\/td><td class=\"column-7\"><strong>Hora<\/strong><\/td><td class=\"column-8\"><strong>Aula<\/strong><\/td><td class=\"column-9\"><strong>Observaciones \/ Observacions<\/strong><\/td>\n<\/tr>\n<tr class=\"row-4\">\n\t<td class=\"column-1\">62011014<\/td><td class=\"column-2\">Fundamentos de Psicobiolog\u00eda\/<br \/>\nFonaments de Psicobiologia<\/td><td class=\"column-3\">1<\/td><td class=\"column-4\">Anual<\/td><td class=\"column-5\">J.I. Gonz\u00e1lez<\/td><td class=\"column-6\">30 octubre<br \/>\n6 noviembre<\/td><td class=\"column-7\">16:30-20:30<br \/>\n16:30-20:30<\/td><td class=\"column-8\">A.3-4<br \/>\nA-3-4<\/td><td class=\"column-9\">Consultar Foro tutor.<br \/>\nCurso 2025-2026<\/td>\n<\/tr>\n<tr class=\"row-5\">\n\t<td class=\"column-1\">62011014<\/td><td class=\"column-2\">Fundamentos de Psicobiolog\u00eda\/<br \/>\nFonaments de Psicobiologia<\/td><td class=\"column-3\">1<\/td><td class=\"column-4\">Anual<\/td><td class=\"column-5\">M.Ruiz-Flores<\/td><td class=\"column-6\">3 noviembre<br \/>\n10 noviembre<br \/>\n1 diciembre<br \/>\n15 diciembre<\/td><td class=\"column-7\">16:30-18:00<br \/>\n16:30-18:00<br \/>\n16:30-18:00<br \/>\n16:30-18:00<\/td><td class=\"column-8\">Ibiza<br \/>\nA. 5<\/td><td class=\"column-9\">Consultar Foro tutor.<br \/>\nCurso 2025-2026<\/td>\n<\/tr>\n<tr class=\"row-6\">\n\t<td class=\"column-1\"><\/td><td colspan=\"5\" class=\"column-2\"><h5>Segundo cuatrimestre\/Segon quadrimestre<\/h5><\/td><td class=\"column-7\"><\/td><td class=\"column-8\"><\/td><td class=\"column-9\"><\/td>\n<\/tr>\n<tr class=\"row-7\">\n\t<td class=\"column-1\">62011014<\/td><td class=\"column-2\">Fundamentos de Psicobiolog\u00eda\/<br \/>\r\nFonaments de Psicobiologia<\/td><td class=\"column-3\">2<\/td><td class=\"column-4\">Anual<\/td><td class=\"column-5\">J.I. Gonz\u00e1lez<\/td><td class=\"column-6\">12 marzo<br \/>\r\n19 marzo<\/td><td class=\"column-7\">16:30-20:30<br \/>\n16:30-20:30<\/td><td class=\"column-8\"><\/td><td class=\"column-9\">Consultar Foro tutor.<br \/>\r\nCurso 2025-2026<\/td>\n<\/tr>\n<tr class=\"row-8\">\n\t<td class=\"column-1\">62011014<\/td><td class=\"column-2\">Fundamentos de Psicobiolog\u00eda\/<br \/>\r\nFonaments de Psicobiologia<\/td><td class=\"column-3\">2<\/td><td class=\"column-4\">Anual<\/td><td class=\"column-5\">M.Ruiz-Flores<\/td><td class=\"column-6\"><\/td><td class=\"column-7\"><\/td><td class=\"column-8\"><\/td><td class=\"column-9\">Pendiente confirmaci\u00f3n<\/td>\n<\/tr>\n<\/tbody>\n<\/table>\n<!-- #tablepress-1216 from cache -->\n<h3>Inscripci\u00f3n<\/h3>\n","protected":false},"excerpt":{"rendered":"<p>CALENDARIO DE LAS PR\u00c1CTICAS DE LABORATORIO\u00a0 DEL CENTRO DE LA UNED BALEARES. Curso 2025-2026 Las pr\u00e1cticas se desarrollan en las instalaciones del Centro UNED Mallorca y en en Aulas de Ibiza\u00a0 Los estudiantes interesados deben inscribirse mediante el formulario online disponible en el men\u00fa de esta p\u00e1gina o en la aplicaci\u00f3n disponible en Mis pr\u00e1cticas.bido [&hellip;]<\/p>\n","protected":false},"author":1,"featured_media":0,"parent":10878,"menu_order":0,"comment_status":"closed","ping_status":"closed","template":"","meta":{"_acf_changed":false,"footnotes":""},"acf":[],"_links":{"self":[{"href":"https:\/\/uned-illesbalears.net\/ca\/wp-json\/wp\/v2\/pages\/197787"}],"collection":[{"href":"https:\/\/uned-illesbalears.net\/ca\/wp-json\/wp\/v2\/pages"}],"about":[{"href":"https:\/\/uned-illesbalears.net\/ca\/wp-json\/wp\/v2\/types\/page"}],"author":[{"embeddable":true,"href":"https:\/\/uned-illesbalears.net\/ca\/wp-json\/wp\/v2\/users\/1"}],"replies":[{"embeddable":true,"href":"https:\/\/uned-illesbalears.net\/ca\/wp-json\/wp\/v2\/comments?post=197787"}],"version-history":[{"count":7,"href":"https:\/\/uned-illesbalears.net\/ca\/wp-json\/wp\/v2\/pages\/197787\/revisions"}],"predecessor-version":[{"id":280196,"href":"https:\/\/uned-illesbalears.net\/ca\/wp-json\/wp\/v2\/pages\/197787\/revisions\/280196"}],"up":[{"embeddable":true,"href":"https:\/\/uned-illesbalears.net\/ca\/wp-json\/wp\/v2\/pages\/10878"}],"wp:attachment":[{"href":"https:\/\/uned-illesbalears.net\/ca\/wp-json\/wp\/v2\/media?parent=197787"}],"curies":[{"name":"wp","href":"https:\/\/api.w.org\/{rel}","templated":true}]}}