{"id":185061,"date":"2021-03-27T11:52:29","date_gmt":"2021-03-27T10:52:29","guid":{"rendered":"https:\/\/uned-illesbalears.net\/?page_id=185061"},"modified":"2021-03-27T11:52:29","modified_gmt":"2021-03-27T10:52:29","slug":"cuestionario-actividad-formativa-sistema-de-seguridad-informatica-e-instruccion-de-informacion-de-uso-de-equipos-tecnologicos","status":"publish","type":"page","link":"https:\/\/uned-illesbalears.net\/ca\/calidad\/encuestas\/cuestionario-actividad-formativa-sistema-de-seguridad-informatica-e-instruccion-de-informacion-de-uso-de-equipos-tecnologicos\/","title":{"rendered":"Cuestionario actividad formativa Sistema de seguridad inform\u00e1tica e Instrucci\u00f3n de Informaci\u00f3n de uso de equipos tecnol\u00f3gicos"},"content":{"rendered":"","protected":false},"excerpt":{"rendered":"","protected":false},"author":1,"featured_media":0,"parent":766,"menu_order":0,"comment_status":"closed","ping_status":"closed","template":"","meta":{"_acf_changed":false,"footnotes":""},"acf":[],"_links":{"self":[{"href":"https:\/\/uned-illesbalears.net\/ca\/wp-json\/wp\/v2\/pages\/185061"}],"collection":[{"href":"https:\/\/uned-illesbalears.net\/ca\/wp-json\/wp\/v2\/pages"}],"about":[{"href":"https:\/\/uned-illesbalears.net\/ca\/wp-json\/wp\/v2\/types\/page"}],"author":[{"embeddable":true,"href":"https:\/\/uned-illesbalears.net\/ca\/wp-json\/wp\/v2\/users\/1"}],"replies":[{"embeddable":true,"href":"https:\/\/uned-illesbalears.net\/ca\/wp-json\/wp\/v2\/comments?post=185061"}],"version-history":[{"count":1,"href":"https:\/\/uned-illesbalears.net\/ca\/wp-json\/wp\/v2\/pages\/185061\/revisions"}],"predecessor-version":[{"id":185063,"href":"https:\/\/uned-illesbalears.net\/ca\/wp-json\/wp\/v2\/pages\/185061\/revisions\/185063"}],"up":[{"embeddable":true,"href":"https:\/\/uned-illesbalears.net\/ca\/wp-json\/wp\/v2\/pages\/766"}],"wp:attachment":[{"href":"https:\/\/uned-illesbalears.net\/ca\/wp-json\/wp\/v2\/media?parent=185061"}],"curies":[{"name":"wp","href":"https:\/\/api.w.org\/{rel}","templated":true}]}}