{"id":179517,"date":"2021-02-10T18:17:45","date_gmt":"2021-02-10T17:17:45","guid":{"rendered":"https:\/\/uned-illesbalears.net\/?page_id=179517"},"modified":"2025-05-09T12:42:55","modified_gmt":"2025-05-09T10:42:55","slug":"1-2-3-relaciones-institucionales","status":"publish","type":"page","link":"https:\/\/uned-illesbalears.net\/ca\/calidad\/1-2-3-relaciones-institucionales\/","title":{"rendered":"1.2.3.Relaciones institucionales"},"content":{"rendered":"<h6><strong><span style=\"color: #008000;\">1. CONVENIOS, ESTATUTOS<\/span><\/strong><\/h6>\n<h6><span style=\"color: #008000;\"><a style=\"color: #008000;\" href=\"https:\/\/uned-illesbalears.net\/wp-content\/uploads\/2021\/03\/ESTATUTOS-CA-UNE-ILLES-BALEARS.pdf\" class=\"mtli_attachment mtli_pdf\">ESTATUTOS CA UNED-ILLES BALEARS<\/a><\/span><\/h6>\n<h6><span style=\"color: #008000;\"><a style=\"color: #008000;\" href=\"https:\/\/uned-illesbalears.net\/wp-content\/uploads\/2021\/03\/Convenio-CAUNEDIllesBalears-.pdf\" class=\"mtli_attachment mtli_pdf\">Convenio CAUNED-IllesBalears<\/a><\/span><\/h6>\n<h6><span style=\"color: #008000;\"><a style=\"color: #008000;\" href=\"https:\/\/uned-illesbalears.net\/wp-content\/uploads\/2021\/04\/ROFCA-del-CA-a-la-UNED-en-Illes-Balears-Aprobado-Consejo-de-Gobierno-26-junio-2012.pdf\" class=\"mtli_attachment mtli_pdf\">ROFCA del CA a la UNED en Illes Balears (Aprobado Consejo de Gobierno 26 junio 2012)<\/a><\/span><\/h6>\n<hr \/>\n<h6><strong><span style=\"color: #008000;\">2. ACTAS Y ACUERDOS DEL \u00d3RGANO RECTOR<\/span><\/strong><\/h6>\n<h6><span style=\"color: #008000;\"><a style=\"color: #008000;\" href=\"https:\/\/uned-illesbalears.net\/wp-content\/uploads\/2021\/06\/1.2.3-Certificado-Sistema-Calidad-Gesti\u00f3n-JR-28-07-20-F.pdf\" class=\"mtli_attachment mtli_pdf\">1.2.3 Certificado Sistema Calidad Gesti\u00f3n JR 28 07 20-F<\/a><\/span><\/h6>\n<h6><span style=\"color: #008000;\"><a style=\"color: #008000;\" href=\"https:\/\/uned-illesbalears.net\/wp-content\/uploads\/2020\/04\/1.2.3.-RCDI.-SeguimientoAcuerdos\u00d3rganosRector2019-20-Ff.pdf\" class=\"mtli_attachment mtli_pdf\">1.2.3. RCDI. SeguimientoAcuerdos\u00d3rganosRector2019-20-Ff<\/a><\/span><\/h6>\n<h6><span style=\"color: #008000;\"><a style=\"color: #008000;\" href=\"https:\/\/uned-illesbalears.net\/wp-content\/uploads\/2020\/04\/1.2.3-CertificadoNivelConsolidaci\u00f3nSGICG-CA2019-2020-F.pdf\" class=\"mtli_attachment mtli_pdf\">1.2.3 CertificadoNivelConsolidaci\u00f3nSGICG-CA2019-2020-F<\/a><\/span><\/h6>\n<h6><span style=\"color: #008000;\"><a style=\"color: #008000;\" href=\"https:\/\/uned-illesbalears.net\/wp-content\/uploads\/2020\/10\/CERT-1.1.2.-PlanGesti\u00f3n-2019-2020-oct20-F.pdf\" class=\"mtli_attachment mtli_pdf\">1.2.3 CertificadoPlanGesti\u00f3nAnual 2019-2020-F<\/a><\/span><\/h6>\n<h6><span style=\"color: #008000;\"><a style=\"color: #008000;\" href=\"https:\/\/uned-illesbalears.net\/wp-content\/uploads\/2020\/10\/1.2.3-CertificadoMemoriasAnuales2018-19-F.pdf\" class=\"mtli_attachment mtli_pdf\">1.2.3 CertificadoMemoriasAnuales2018-19-F<\/a><\/span><\/h6>\n<h6><span style=\"color: #008000;\"><a style=\"color: #008000;\" href=\"https:\/\/uned-illesbalears.net\/wp-content\/uploads\/2020\/10\/CERT-3.2.1-DocSistemaCalidadGesti\u00f3n-20-12-2019-f.pdf\" class=\"mtli_attachment mtli_pdf\">1.2.3 Certificado 3.2.1 DocSistemaCalidadGesti\u00f3n 20-12-2019-f<\/a><\/span><\/h6>\n<h6><span style=\"color: #008000;\"><a class=\"mtli_attachment mtli_pdf mtli_attachment mtli_pdf\" style=\"color: #008000;\" href=\"https:\/\/uned-illesbalears.net\/wp-content\/uploads\/2018\/12\/1.2.3.-SeguimientoAcuerdos%C3%93rganoRectorAbrilDic2018.pdf\">1.2.3. RCDI.SeguimientoAcuerdos\u00d3rganoRectorAbrilDic2018F<\/a><\/span><\/h6>\n<h6><span style=\"color: #008000;\"><a style=\"color: #008000;\" href=\"https:\/\/uned-illesbalears.net\/wp-content\/uploads\/2018\/09\/1.2.3.-RCDI.-SeguimientoAacuerdos\u00d3rganoRector17-18hasta120418F.pdf\" class=\"mtli_attachment mtli_pdf\">1.2.3. RCDI. SeguimientoAacuerdos\u00d3rganoRector2018-120418F<\/a><\/span><\/h6>\n<h6><span style=\"color: #008000;\"><a style=\"color: #008000;\" href=\"https:\/\/uned-illesbalears.net\/wp-content\/uploads\/2018\/09\/1.2.3.CertificadoAcuerdoPatronato120418Pr\u00e1cticasPGAF.pdf\" class=\"mtli_attachment mtli_pdf\">1.2.3.CertificadoAcuerdoPatronato120418Pr\u00e1cticasPGAF<\/a><\/span><\/h6>\n<h6><span style=\"color: #008000;\"><a style=\"color: #008000;\" href=\"https:\/\/uned-illesbalears.net\/wp-content\/uploads\/2018\/09\/1.2.3.CertificadoPatronato120418DocsAnuales2018F.pdf\" class=\"mtli_attachment mtli_pdf\">1.2.3.CertificadoPatronato120418DocsAnuales2018F<\/a><\/span><\/h6>\n<h6><span style=\"color: #008000;\"><a style=\"color: #008000;\" href=\"https:\/\/uned-illesbalears.net\/wp-content\/uploads\/2018\/09\/1.2.3.CertificadoPatronato120418InformesSeguimientoF.pdf\" class=\"mtli_attachment mtli_pdf\">1.2.3.CertificadoPatronato120418InformesSeguimientoF<\/a><\/span><\/h6>\n<h6><span style=\"color: #008000;\"><a style=\"color: #008000;\" href=\"https:\/\/uned-illesbalears.net\/wp-content\/uploads\/2018\/03\/1.2.3.-SeguimientoAcuerdos\u00d3rganoRectorDic17.pdf\" class=\"mtli_attachment mtli_pdf\">1.2.3. RCDISeguimientoAcuerdos\u00d3rganoRectorDic17<\/a><\/span><\/h6>\n<h6><span style=\"color: #008000;\"><a style=\"color: #008000;\" href=\"https:\/\/uned-illesbalears.net\/wp-content\/uploads\/2018\/03\/1.2.3.-RCDI.-Seguimiento-Acuerdos-\u00d3rgano-RectorA\u00f1o2017FMarzo.pdf\" class=\"mtli_attachment mtli_pdf\">1.2.3. RCDI. Seguimiento Acuerdos \u00d3rgano RectorA\u00f1o2017FMarzo<\/a><\/span><\/h6>\n<h6><span style=\"color: #008000;\"><a style=\"color: #008000;\" href=\"https:\/\/uned-illesbalears.net\/wp-content\/uploads\/2017\/01\/1.2.3.-RCDI-Seguimiento-Acuerdos-\u00d3rgano-Rector-2016F.pdf\" class=\"mtli_attachment mtli_pdf\">1.2.3. RCDI Seguimiento Acuerdos \u00d3rgano Rector 2016F<\/a><\/span><\/h6>\n<h6><span style=\"color: #008000;\"><a style=\"color: #008000;\" href=\"https:\/\/uned-illesbalears.net\/wp-content\/uploads\/2017\/01\/1.2.3.-RCDI-Seguimiento-Acuerdos-\u00d3rgano-Rector-2015F.pdf\" class=\"mtli_attachment mtli_pdf\">1.2.3. RCDI Seguimiento Acuerdos \u00d3rgano Rector 2015F<\/a><\/span><\/h6>\n<h6><span style=\"color: #008000;\"><a style=\"color: #008000;\" href=\"https:\/\/uned-illesbalears.net\/wp-content\/uploads\/2017\/01\/1.2.3.CertificadoAcuerdoPatronatoCreacionModificacionFicherosAEPD210317F.pdf\" class=\"mtli_attachment mtli_pdf\">1.2.3.CertificadoAcuerdoPatronatoCreacionModificacionFicherosAEPD210317F<\/a><\/span><\/h6>\n<h6><span style=\"color: #008000;\"><a style=\"color: #008000;\" href=\"https:\/\/uned-illesbalears.net\/wp-content\/uploads\/2017\/01\/1.2.3.CertificadoAcuerdoPatronatoGradoCriminolog\u00eda2017-2018.pdf\" class=\"mtli_attachment mtli_pdf\">1.2.3.CertificadoAcuerdoPatronatoGradoCriminolog\u00eda2017-2018<\/a><\/span><\/h6>\n<h6><span style=\"color: #008000;\"><a style=\"color: #008000;\" href=\"https:\/\/uned-illesbalears.net\/wp-content\/uploads\/2017\/01\/1.2.3.CertificadoAcuerdoPatronatoConovocatoriaPlazasPT2017-2018.pdf\" class=\"mtli_attachment mtli_pdf\">1.2.3.CertificadoAcuerdoPatronatoConovocatoriaPlazasPT2017-2018<\/a><\/span><\/h6>\n<ul>\n<li>\n<h6><span style=\"color: #008000;\"><a style=\"color: #008000;\" href=\"https:\/\/uned-illesbalears.net\/wp-content\/uploads\/2025\/05\/Acta_JuntaRectora270722-f.pdf\" class=\"mtli_attachment mtli_pdf\">Acta_JuntaRectora270722 f<\/a><\/span><\/h6>\n<\/li>\n<li>\n<h6><span style=\"color: #008000;\"><a style=\"color: #008000;\" href=\"https:\/\/uned-illesbalears.net\/wp-content\/uploads\/2022\/08\/ActaJuntaRectora270721-F.pdf\" class=\"mtli_attachment mtli_pdf\">ActaJuntaRectora 27-07-21-F<\/a><\/span><\/h6>\n<\/li>\n<li>\n<h6><span style=\"color: #008000;\"><a style=\"color: #008000;\" href=\"https:\/\/uned-illesbalears.net\/wp-content\/uploads\/2021\/07\/ActaJuntaRectora-28-09-20-F.pdf\" class=\"mtli_attachment mtli_pdf\">ActaJuntaRectora 28-09-20-F<\/a><\/span><\/h6>\n<\/li>\n<li>\n<h6><span style=\"color: #008000;\"><a style=\"color: #008000;\" href=\"https:\/\/uned-illesbalears.net\/wp-content\/uploads\/2021\/07\/ActaJuntaRectora-28-09-20-Cat-F.pdf\" class=\"mtli_attachment mtli_pdf\">ActaJuntaRectora 28-09-20 Cat-F<\/a><\/span><\/h6>\n<\/li>\n<li>\n<h6><span style=\"color: #008000;\"><a style=\"color: #008000;\" href=\"https:\/\/uned-illesbalears.net\/wp-content\/uploads\/2021\/04\/ActaJuntaRectora-28-09-20-pendiente-aprobaci\u00f3n.pdf\" class=\"mtli_attachment mtli_pdf\">ActaJuntaRectora 28-09-20 (Pendiente Aprobaci\u00f3n)<\/a><\/span><\/h6>\n<\/li>\n<li>\n<h6><span style=\"color: #008000;\"><a style=\"color: #008000;\" href=\"https:\/\/uned-illesbalears.net\/wp-content\/uploads\/2021\/07\/ActaJuntaRectora280920-pendent-aprovaci\u00f3-Cat.pdf\" class=\"mtli_attachment mtli_pdf\">ActaJuntaRectora 28-09-20 (Pendent Aprovaci\u00f3) Cat<\/a><\/span><\/h6>\n<\/li>\n<li>\n<h6><span style=\"color: #008000;\"><a style=\"color: #008000;\" href=\"https:\/\/uned-illesbalears.net\/wp-content\/uploads\/2020\/09\/ActaJuntaRectora280720-F.pdf\" class=\"mtli_attachment mtli_pdf\">ActaJuntaRectora 28-07-2020-F<\/a><\/span><\/h6>\n<\/li>\n<li>\n<h6><span style=\"color: #008000;\"><a style=\"color: #008000;\" href=\"https:\/\/uned-illesbalears.net\/wp-content\/uploads\/2021\/07\/ActaJuntaRectora280720-cat-F.pdf\" class=\"mtli_attachment mtli_pdf\">ActaJuntaRectora 28-07-2020 Cat-F<\/a><\/span><\/h6>\n<\/li>\n<li>\n<h6><span style=\"color: #008000;\"><a style=\"color: #008000;\" href=\"https:\/\/uned-illesbalears.net\/wp-content\/uploads\/2020\/09\/VB-ActaJuntaRectora280720.pdf\" class=\"mtli_attachment mtli_pdf\">ActaJuntaRectora 28-07-2020 (Pendiente Aprobaci\u00f3n)<\/a><\/span><\/h6>\n<\/li>\n<li>\n<h6><span style=\"color: #008000;\"><a style=\"color: #008000;\" href=\"https:\/\/uned-illesbalears.net\/wp-content\/uploads\/2020\/08\/ActaJuntaRectora20122019-F.pdf\" class=\"mtli_attachment mtli_pdf\">ActaJuntaRectora 20-12-2019-F<\/a><\/span><\/h6>\n<\/li>\n<li>\n<h6><span style=\"color: #008000;\"><a style=\"color: #008000;\" href=\"https:\/\/uned-illesbalears.net\/wp-content\/uploads\/2020\/08\/ActaJuntaRectora20122019Cat-F.pdf\" class=\"mtli_attachment mtli_pdf\">ActaJuntaRectora 20-12-2019 Cat-F<\/a><\/span><\/h6>\n<\/li>\n<li>\n<h6><span style=\"color: #008000;\"><a style=\"color: #008000;\" href=\"https:\/\/uned-illesbalears.net\/wp-content\/uploads\/2020\/06\/ActaJuntaRectora20122019PendienteAprobaci\u00f3nVB.pdf\" class=\"mtli_attachment mtli_pdf\">ActaJuntaRectora20-12-2019 (PendienteAprobaci\u00f3n)<\/a><\/span><\/h6>\n<\/li>\n<li>\n<h6><span style=\"color: #008000;\"><a style=\"color: #008000;\" href=\"https:\/\/uned-illesbalears.net\/wp-content\/uploads\/2020\/07\/ActaJuntaRectora20122019PendentAprobaci\u00f3VB-1.pdf\" class=\"mtli_attachment mtli_pdf\">ActaJuntaRectora 20-12-2019 (PendentAprobaci\u00f3)<\/a><\/span><\/h6>\n<\/li>\n<li>\n<h6><span style=\"color: #008000;\"><a style=\"color: #008000;\" href=\"https:\/\/uned-illesbalears.net\/wp-content\/uploads\/2019\/12\/ActaPatronat25102019F.pdf\" class=\"mtli_attachment mtli_pdf\">ActaPatronat 25-10-2019-F<\/a><\/span><\/h6>\n<\/li>\n<li>\n<h6><span style=\"color: #008000;\"><a style=\"color: #008000;\" href=\"https:\/\/uned-illesbalears.net\/wp-content\/uploads\/2019\/12\/ActaPatronato251019F.pdf\" class=\"mtli_attachment mtli_pdf\">ActaPatronato 25-10-2019-F<\/a><\/span><\/h6>\n<\/li>\n<li>\n<h6><span style=\"color: #008000;\"><a style=\"color: #008000;\" href=\"https:\/\/uned-illesbalears.net\/wp-content\/uploads\/2019\/12\/ActaPatronat-251019-Pendent-Aprovacio\u0301.pdf\" class=\"mtli_attachment mtli_pdf\">ActaPatronat 25-10-2019 (Pendent Aprovacio\u0301)<\/a><\/span><\/h6>\n<\/li>\n<li>\n<h6><span style=\"color: #008000;\"><a style=\"color: #008000;\" href=\"https:\/\/uned-illesbalears.net\/wp-content\/uploads\/2019\/11\/ActaPatronato251019-Pendiente-Aprobacio\u0301n.pdf\" class=\"mtli_attachment mtli_pdf\">ActaPatronato 25-10-2019 (Pendiente Aprobacio\u0301n)<\/a><\/span><\/h6>\n<\/li>\n<li>\n<h6><span style=\"color: #008000;\"><a style=\"color: #008000;\" href=\"https:\/\/uned-illesbalears.net\/wp-content\/uploads\/2019\/12\/Acta-Patronat-4-12-2018-F.pdf\" class=\"mtli_attachment mtli_pdf\">Acta-Patronat-4-12-2018-F<\/a><\/span><\/h6>\n<\/li>\n<li>\n<h6><span style=\"color: #008000;\"><a style=\"color: #008000;\" href=\"https:\/\/uned-illesbalears.net\/wp-content\/uploads\/2019\/12\/Acta-Patronato-4-12-18-F.pdf\" class=\"mtli_attachment mtli_pdf\">Acta-Patronato-4-12-2018-F<\/a><\/span><\/h6>\n<\/li>\n<li>\n<h6><span style=\"color: #008000;\"><a style=\"color: #008000;\" href=\"https:\/\/uned-illesbalears.net\/wp-content\/uploads\/2019\/03\/Acta-Patronato-4-12-18.pdf\" class=\"mtli_attachment mtli_pdf\">Acta Patronato 04-12-2018 (Pendiente aprobaci\u00f3n)<\/a><\/span><\/h6>\n<\/li>\n<li>\n<h6><span style=\"color: #008000;\"><a style=\"color: #008000;\" href=\"https:\/\/uned-illesbalears.net\/wp-content\/uploads\/2019\/03\/Acta-Patronato-4-12-18-cat-r.pdf\" class=\"mtli_attachment mtli_pdf\">Acta Patronato 4-12-2018 cat(pendent aprovaci\u00f3)<\/a><\/span><\/h6>\n<\/li>\n<li>\n<h6><span style=\"color: #008000;\"><a style=\"color: #008000;\" href=\"https:\/\/uned-illesbalears.net\/wp-content\/uploads\/2018\/12\/Acta-Patronato250918-f.pdf\" class=\"mtli_attachment mtli_pdf\">Acta Patronato25-09-2018-F<\/a><\/span><\/h6>\n<\/li>\n<li>\n<h6><span style=\"color: #008000;\"><a style=\"color: #008000;\" href=\"https:\/\/uned-illesbalears.net\/wp-content\/uploads\/2018\/12\/Acta-Patronato250918cat-f.pdf\" class=\"mtli_attachment mtli_pdf\">Acta-Patronato25-09-18cat-F<\/a><\/span><\/h6>\n<\/li>\n<li>\n<h6><span style=\"color: #008000;\"><a style=\"color: #008000;\" href=\"https:\/\/uned-illesbalears.net\/wp-content\/uploads\/2018\/11\/Acta-Patronato250918cat.pdf\" class=\"mtli_attachment mtli_pdf\">Acta Patronato25-09-2018cat(Pendent aprovaci\u00f3)<\/a><\/span><\/h6>\n<\/li>\n<li>\n<h6><span style=\"color: #008000;\"><a style=\"color: #008000;\" href=\"https:\/\/uned-illesbalears.net\/wp-content\/uploads\/2018\/11\/Acta-Patronato250918.pdf\" class=\"mtli_attachment mtli_pdf\">Acta Patronato25-09-2018(Pendiente de aprobaci\u00f3n)<\/a><\/span><\/h6>\n<\/li>\n<li>\n<h6><span style=\"color: #008000;\"><a style=\"color: #008000;\" href=\"https:\/\/uned-illesbalears.net\/wp-content\/uploads\/2018\/11\/ActaPatronato120418F.pdf\" class=\"mtli_attachment mtli_pdf\">ActaPatronato12-04-2018-F<\/a><\/span><\/h6>\n<\/li>\n<li>\n<h6><span style=\"color: #008000;\"><a style=\"color: #008000;\" href=\"https:\/\/uned-illesbalears.net\/wp-content\/uploads\/2018\/11\/ActaPatronat120418catF.pdf\" class=\"mtli_attachment mtli_pdf\">ActaPatronat12-04-2018cat-F<\/a><\/span><\/h6>\n<\/li>\n<li>\n<h6><span style=\"color: #008000;\"><a style=\"color: #008000;\" href=\"https:\/\/uned-illesbalears.net\/wp-content\/uploads\/2018\/09\/ActaPatronato120418Pendeinte-aprobaci\u00f3n.pdf\" class=\"mtli_attachment mtli_pdf\">ActaPatronato12-04-2018(Pendiente aprobaci\u00f3n)<\/a><\/span><\/h6>\n<\/li>\n<li>\n<h6><span style=\"color: #008000;\"><a style=\"color: #008000;\" href=\"https:\/\/uned-illesbalears.net\/wp-content\/uploads\/2018\/09\/ActaPatronat120418catPendent-aprovaci\u00f3.pdf\" class=\"mtli_attachment mtli_pdf\">ActaPatronat12-04-2018cat(Pendent aprovaci\u00f3)<\/a><\/span><\/h6>\n<\/li>\n<li>\n<h6><span style=\"color: #008000;\"><a style=\"color: #008000;\" href=\"https:\/\/uned-illesbalears.net\/wp-content\/uploads\/2018\/09\/ActaPatronato141117F.pdf\" class=\"mtli_attachment mtli_pdf\">ActaPatronato141117F<\/a><\/span><\/h6>\n<\/li>\n<li>\n<h6><span style=\"color: #008000;\"><a style=\"color: #008000;\" href=\"https:\/\/uned-illesbalears.net\/wp-content\/uploads\/2018\/09\/ActaPatronato141117catF.pdf\" class=\"mtli_attachment mtli_pdf\">ActaPatronato141117catF<\/a><\/span><\/h6>\n<\/li>\n<li>\n<h6><span style=\"color: #008000;\"><a style=\"color: #008000;\" href=\"https:\/\/uned-illesbalears.net\/wp-content\/uploads\/2018\/03\/Acta-Patronato-14-11-17cast-2.pdf\" class=\"mtli_attachment mtli_pdf\">Acta Patronato 14-11-17cast<\/a>(pendiente aprobaci\u00f3n)<\/span><\/h6>\n<\/li>\n<li>\n<h6><span style=\"color: #008000;\"><a style=\"color: #008000;\" href=\"https:\/\/uned-illesbalears.net\/wp-content\/uploads\/2018\/03\/Acta-Patronato-14-11-17-cat.pdf\" class=\"mtli_attachment mtli_pdf\">Acta Patronato 14-11-17 cat(pendiente aprobaci\u00f3n)<\/a><\/span><\/h6>\n<\/li>\n<li>\n<h6><span style=\"color: #008000;\"><a style=\"color: #008000;\" href=\"https:\/\/uned-illesbalears.net\/wp-content\/uploads\/2018\/03\/Acta-Patronato21-03-17castF.pdf\" class=\"mtli_attachment mtli_pdf\">Acta Patronato21-03-17castF<\/a><\/span><\/h6>\n<\/li>\n<li>\n<h6><span style=\"color: #008000;\"><a style=\"color: #008000;\" href=\"https:\/\/uned-illesbalears.net\/wp-content\/uploads\/2018\/03\/Acta-Patronato21-03-17catF.pdf\" class=\"mtli_attachment mtli_pdf\">Acta Patronato21-03-17catF<\/a><\/span><\/h6>\n<\/li>\n<li>\n<h6><span style=\"color: #008000;\"><a style=\"color: #008000;\" href=\"https:\/\/uned-illesbalears.net\/wp-content\/uploads\/2017\/01\/Acta-Patronato210317.pdf\" class=\"mtli_attachment mtli_pdf\">Acta Patronato210317(pendiente aprobaci\u00f3n)<\/a><\/span><\/h6>\n<\/li>\n<li>\n<h6><span style=\"color: #008000;\"><a style=\"color: #008000;\" href=\"https:\/\/uned-illesbalears.net\/wp-content\/uploads\/2017\/01\/Acta-Patronato210317cat.pdf\" class=\"mtli_attachment mtli_pdf\">Acta Patronato210317cat(pendent aprovaci\u00f3)<\/a><\/span><\/h6>\n<\/li>\n<li>\n<h6><span style=\"color: #008000;\"><a style=\"color: #008000;\" href=\"https:\/\/uned-illesbalears.net\/wp-content\/uploads\/2017\/01\/ActaPatronato221116F.pdf\" class=\"mtli_attachment mtli_pdf\">ActaPatronato221116F<\/a><\/span><\/h6>\n<\/li>\n<li>\n<h6><span style=\"color: #008000;\"><a style=\"color: #008000;\" href=\"https:\/\/uned-illesbalears.net\/wp-content\/uploads\/2017\/01\/ActaPatronato221116catF.pdf\" class=\"mtli_attachment mtli_pdf\">ActaPatronato221116catF<\/a><\/span><\/h6>\n<\/li>\n<li>\n<h6><span style=\"color: #008000;\"><a style=\"color: #008000;\" href=\"https:\/\/uned-illesbalears.net\/wp-content\/uploads\/2014\/11\/Acta-Patronato221116.pdf\" class=\"mtli_attachment mtli_pdf\">ActaPatronato221116(pendiente aprobaci\u00f3n)<\/a><\/span><\/h6>\n<\/li>\n<li>\n<h6><span style=\"color: #008000;\"><a style=\"color: #008000;\" href=\"https:\/\/uned-illesbalears.net\/wp-content\/uploads\/2014\/11\/Acta-Patronato221116cat.pdf\" class=\"mtli_attachment mtli_pdf\">ActaPatronato221116cat(pendent aprovaci\u00f3)<\/a><\/span><\/h6>\n<\/li>\n<li>\n<h6><span style=\"color: #008000;\"><a style=\"color: #008000;\" href=\"https:\/\/uned-illesbalears.net\/wp-content\/uploads\/2014\/11\/Acta-Patronato200716-f.pdf\" class=\"mtli_attachment mtli_pdf\">ActaPatronato200716castF<\/a><\/span><\/h6>\n<\/li>\n<li>\n<h6><span style=\"color: #008000;\"><a style=\"color: #008000;\" href=\"https:\/\/uned-illesbalears.net\/wp-content\/uploads\/2014\/11\/Acta-Patronato200716cat-f.pdf\" class=\"mtli_attachment mtli_pdf\">ActaPatronato200716catF<\/a><\/span><\/h6>\n<\/li>\n<li>\n<h6><span style=\"color: #008000;\"><a style=\"color: #008000;\" href=\"https:\/\/uned-illesbalears.net\/wp-content\/uploads\/2016\/10\/Acta-Patronato200716.pdf\" class=\"mtli_attachment mtli_pdf\">ActaPatronato200716 (pendiente aprobaci\u00f3n)<\/a><\/span><\/h6>\n<\/li>\n<li>\n<h6><span style=\"color: #008000;\"><a style=\"color: #008000;\" href=\"https:\/\/uned-illesbalears.net\/wp-content\/uploads\/2016\/10\/Acta-Patronato200716cat.pdf\" class=\"mtli_attachment mtli_pdf\">ActaPatronato200716cat(pendent aprovaci\u00f3)<\/a><\/span><\/h6>\n<\/li>\n<li>\n<h6><span style=\"color: #008000;\"><a style=\"color: #008000;\" href=\"https:\/\/uned-illesbalears.net\/wp-content\/uploads\/2014\/11\/ActaPatronato290316F.pdf\" class=\"mtli_attachment mtli_pdf\">ActaPatronato290316castF<\/a><\/span><\/h6>\n<\/li>\n<li>\n<h6><span style=\"color: #008000;\"><a style=\"color: #008000;\" href=\"https:\/\/uned-illesbalears.net\/wp-content\/uploads\/2014\/11\/ActaPatronato290316catF.pdf\" class=\"mtli_attachment mtli_pdf\">ActaPatronat290316catF<\/a><\/span><\/h6>\n<\/li>\n<li>\n<h6><span style=\"color: #008000;\"><a style=\"color: #008000;\" href=\"https:\/\/uned-illesbalears.net\/wp-content\/uploads\/2014\/11\/ActaPatronato290316.pdf\" class=\"mtli_attachment mtli_pdf\">ActaPatronato290316<\/a>(pendiente aprobaci\u00f3n)cast<\/span><\/h6>\n<\/li>\n<li>\n<h6><span style=\"color: #008000;\"><a style=\"color: #008000;\" href=\"https:\/\/uned-illesbalears.net\/wp-content\/uploads\/2014\/11\/ActaPatronato290316cat.pdf\" class=\"mtli_attachment mtli_pdf\">ActaPatronato290316cat<\/a>(pendent aprobaci\u00f3)cat<\/span><\/h6>\n<\/li>\n<li>\n<h6><span style=\"color: #008000;\"><a style=\"color: #008000;\" href=\"https:\/\/uned-illesbalears.net\/wp-content\/uploads\/2014\/11\/Acta-Patronato-17-11-15-catal\u00e0-F.pdf\" class=\"mtli_attachment mtli_pdf\">ActaPatronato17112015catF<\/a><\/span><\/h6>\n<\/li>\n<li>\n<h6><span style=\"color: #008000;\"><a style=\"color: #008000;\" href=\"https:\/\/uned-illesbalears.net\/wp-content\/uploads\/2014\/11\/Acta-Patronato-17-11-15-Castellano-F.pdf\" class=\"mtli_attachment mtli_pdf\">ActaPatronato17112015castF<\/a><\/span><\/h6>\n<\/li>\n<li>\n<h6><span style=\"color: #008000;\"><a style=\"color: #008000;\" href=\"https:\/\/uned-illesbalears.net\/wp-content\/uploads\/2014\/11\/ActaPatronato17112015cat.pdf\" class=\"mtli_attachment mtli_pdf\">ActaPatronato17112015(Pendienteaprobacion)cat<\/a><\/span><\/h6>\n<\/li>\n<li>\n<h6><span style=\"color: #008000;\"><a style=\"color: #008000;\" href=\"https:\/\/uned-illesbalears.net\/wp-content\/uploads\/2014\/11\/ActaPatronato17112015cast.pdf\" class=\"mtli_attachment mtli_pdf\">ActaPatronato17112015(Pendienteaprobacion)cast<\/a><\/span><\/h6>\n<\/li>\n<li>\n<h6><span style=\"color: #008000;\"><a style=\"color: #008000;\" href=\"https:\/\/uned-illesbalears.net\/Director\/DossierPatronato171115.pdf\" class=\"mtli_attachment mtli_pdf\">UNEDIllesBalearsDossier Patronato171115<\/a><\/span><\/h6>\n<\/li>\n<li>\n<h6><span style=\"color: #008000;\"><a style=\"color: #008000;\" href=\"https:\/\/uned-illesbalears.net\/wp-content\/uploads\/2014\/11\/UNEDIllesBalears-Convocatoria-Patronato-17nov2015F.pdf\" class=\"mtli_attachment mtli_pdf\">UNEDIllesBalears-Convocatoria Patronato 17nov2015F<\/a>\u00a0 \u00a0 \u00a0 \u00a0 \u00a0 \u00a0 \u00a0<\/span><\/h6>\n<\/li>\n<li>\n<h6><span style=\"color: #008000;\"><a style=\"color: #008000;\" href=\"https:\/\/uned-illesbalears.net\/wp-content\/uploads\/2014\/11\/UNEDIllesBalears-Convocat\u00f2riaPatronat17nov2015F.pdf\" class=\"mtli_attachment mtli_pdf\">UNEDIllesBalears-Convocat\u00f2riaPatronat17nov2015F<\/a><\/span><\/h6>\n<\/li>\n<li>\n<h6><span style=\"color: #008000;\"><a style=\"color: #008000;\" href=\"https:\/\/uned-illesbalears.net\/wp-content\/uploads\/2014\/11\/ActaPatronato09042015.pdf\" class=\"mtli_attachment mtli_pdf\">ActaPatronato09042015F<\/a>\u00a0 \u00a0 \u00a0 <a style=\"color: #008000;\" href=\"https:\/\/uned-illesbalears.net\/wp-content\/uploads\/2014\/11\/ActaPatronato09042015cat.pdf\" class=\"mtli_attachment mtli_pdf\">ActaPatronato09042015Fcat<\/a><\/span><\/h6>\n<\/li>\n<li>\n<h6><span style=\"color: #008000;\"><a style=\"color: #008000;\" href=\"https:\/\/uned-illesbalears.net\/wp-content\/uploads\/2014\/11\/ActaPatro051114.pdf\" class=\"mtli_attachment mtli_pdf\">ActaPatronato05112014F<\/a>\u00a0 \u00a0 \u00a0 <\/span><\/h6>\n<\/li>\n<\/ul>\n<ul>\n<li>\n<h6><span style=\"color: #008000;\"><a style=\"color: #008000;\" href=\"https:\/\/uned-illesbalears.net\/wp-content\/uploads\/2014\/11\/Patro24042014.pdf\" class=\"mtli_attachment mtli_pdf\">Acta Patronato24042014F<\/a><\/span><\/h6>\n<\/li>\n<\/ul>\n","protected":false},"excerpt":{"rendered":"<p>1. CONVENIOS, ESTATUTOS ESTATUTOS CA UNED-ILLES BALEARS Convenio CAUNED-IllesBalears ROFCA del CA a la UNED en Illes Balears (Aprobado Consejo de Gobierno 26 junio 2012) 2. ACTAS Y ACUERDOS DEL \u00d3RGANO RECTOR 1.2.3 Certificado Sistema Calidad Gesti\u00f3n JR 28 07 20-F 1.2.3. RCDI. SeguimientoAcuerdos\u00d3rganosRector2019-20-Ff 1.2.3 CertificadoNivelConsolidaci\u00f3nSGICG-CA2019-2020-F 1.2.3 CertificadoPlanGesti\u00f3nAnual 2019-2020-F 1.2.3 CertificadoMemoriasAnuales2018-19-F 1.2.3 Certificado 3.2.1 DocSistemaCalidadGesti\u00f3n [&hellip;]<\/p>\n","protected":false},"author":1,"featured_media":0,"parent":305,"menu_order":0,"comment_status":"closed","ping_status":"closed","template":"","meta":{"_acf_changed":false,"footnotes":""},"acf":[],"_links":{"self":[{"href":"https:\/\/uned-illesbalears.net\/ca\/wp-json\/wp\/v2\/pages\/179517"}],"collection":[{"href":"https:\/\/uned-illesbalears.net\/ca\/wp-json\/wp\/v2\/pages"}],"about":[{"href":"https:\/\/uned-illesbalears.net\/ca\/wp-json\/wp\/v2\/types\/page"}],"author":[{"embeddable":true,"href":"https:\/\/uned-illesbalears.net\/ca\/wp-json\/wp\/v2\/users\/1"}],"replies":[{"embeddable":true,"href":"https:\/\/uned-illesbalears.net\/ca\/wp-json\/wp\/v2\/comments?post=179517"}],"version-history":[{"count":18,"href":"https:\/\/uned-illesbalears.net\/ca\/wp-json\/wp\/v2\/pages\/179517\/revisions"}],"predecessor-version":[{"id":275337,"href":"https:\/\/uned-illesbalears.net\/ca\/wp-json\/wp\/v2\/pages\/179517\/revisions\/275337"}],"up":[{"embeddable":true,"href":"https:\/\/uned-illesbalears.net\/ca\/wp-json\/wp\/v2\/pages\/305"}],"wp:attachment":[{"href":"https:\/\/uned-illesbalears.net\/ca\/wp-json\/wp\/v2\/media?parent=179517"}],"curies":[{"name":"wp","href":"https:\/\/api.w.org\/{rel}","templated":true}]}}