{"id":163922,"date":"2020-09-26T18:26:30","date_gmt":"2020-09-26T16:26:30","guid":{"rendered":"https:\/\/uned-illesbalears.net\/recursos-para-estudiantes\/classes-de-tutoria\/grabaciones-clases-tutorias-curso-2020-2021\/"},"modified":"2020-10-09T16:42:26","modified_gmt":"2020-10-09T14:42:26","slug":"grabaciones-clases-tutorias-curso-2020-21","status":"publish","type":"page","link":"https:\/\/uned-illesbalears.net\/ca\/recursos-para-estudiantes\/classes-de-tutoria\/grabaciones-clases-tutorias-curso-2020-21\/","title":{"rendered":"Grabaciones clases tutor\u00edas Curso 2020-2021"},"content":{"rendered":"<h3 align=\"center\"><b>Grabaciones Clases-Tutor\u00edas del Centro Asociado de la UNED Illes Balears<br \/>\nCurso 2020\/2021<\/b><\/h3>\n<p>Las grabaciones que se realizan por webconferencia HTML 5 (Beta) se colgar\u00e1n a partir de las 48 horas, aproximadamente, despu\u00e9s de finalizada la tutor\u00eda, ya que su disponibilidad no depende del centro sino del nuevo sistema.<\/p>\n<p>Por este mismo motivo, las grabaciones que se realizan en viernes se colgar\u00e1n el lunes.<\/p>\n<p>En relaci\u00f3n con la descarga del formato MP4 y MP3 de las grabaciones, la utilizaci\u00f3n del nuevo sistema implica que se produzca un retraso de unos dos d\u00edas, aproximadamente, para que est\u00e9n disponibles.<\/p>\n<p>&nbsp;<\/p>\n","protected":false},"excerpt":{"rendered":"<p>Grabaciones Clases-Tutor\u00edas del Centro Asociado de la UNED Illes Balears Curso 2020\/2021 Las grabaciones que se realizan por webconferencia HTML 5 (Beta) se colgar\u00e1n a partir de las 48 horas, aproximadamente, despu\u00e9s de finalizada la tutor\u00eda, ya que su disponibilidad no depende del centro sino del nuevo sistema. Por este mismo motivo, las grabaciones que [&hellip;]<\/p>\n","protected":false},"author":1,"featured_media":0,"parent":1272,"menu_order":0,"comment_status":"closed","ping_status":"closed","template":"","meta":{"_acf_changed":false,"footnotes":""},"acf":[],"_links":{"self":[{"href":"https:\/\/uned-illesbalears.net\/ca\/wp-json\/wp\/v2\/pages\/163922"}],"collection":[{"href":"https:\/\/uned-illesbalears.net\/ca\/wp-json\/wp\/v2\/pages"}],"about":[{"href":"https:\/\/uned-illesbalears.net\/ca\/wp-json\/wp\/v2\/types\/page"}],"author":[{"embeddable":true,"href":"https:\/\/uned-illesbalears.net\/ca\/wp-json\/wp\/v2\/users\/1"}],"replies":[{"embeddable":true,"href":"https:\/\/uned-illesbalears.net\/ca\/wp-json\/wp\/v2\/comments?post=163922"}],"version-history":[{"count":1,"href":"https:\/\/uned-illesbalears.net\/ca\/wp-json\/wp\/v2\/pages\/163922\/revisions"}],"predecessor-version":[{"id":166081,"href":"https:\/\/uned-illesbalears.net\/ca\/wp-json\/wp\/v2\/pages\/163922\/revisions\/166081"}],"up":[{"embeddable":true,"href":"https:\/\/uned-illesbalears.net\/ca\/wp-json\/wp\/v2\/pages\/1272"}],"wp:attachment":[{"href":"https:\/\/uned-illesbalears.net\/ca\/wp-json\/wp\/v2\/media?parent=163922"}],"curies":[{"name":"wp","href":"https:\/\/api.w.org\/{rel}","templated":true}]}}