{"id":1603,"date":"2013-09-05T08:51:43","date_gmt":"2013-09-05T08:51:43","guid":{"rendered":"https:\/\/uned-illesbalears.net\/?page_id=1603"},"modified":"2025-01-10T18:04:16","modified_gmt":"2025-01-10T17:04:16","slug":"claustro","status":"publish","type":"page","link":"https:\/\/uned-illesbalears.net\/ca\/centre\/claustro\/","title":{"rendered":"Claustre"},"content":{"rendered":"<table border=\"0\" width=\"515\" cellspacing=\"0\" cellpadding=\"0\">\n<colgroup>\n<col width=\"227\" \/>\n<col width=\"109\" \/>\n<col width=\"179\" \/> <\/colgroup>\n<tbody>\n<tr>\n<td width=\"227\" height=\"24\">\n<h5 style=\"text-align: center;\">CLAUSTRE CENTRE UNED ILLES BALEARS<\/h5>\n<\/td>\n<td style=\"text-align: center;\" width=\"109\"><\/td>\n<td align=\"right\" width=\"179\">\n<h5 style=\"text-align: left;\"><\/h5>\n<\/td>\n<\/tr>\n<tr>\n<td height=\"17\"><\/td>\n<td><\/td>\n<td><\/td>\n<\/tr>\n<tr>\n<td height=\"21\">\n<h6>Membres<\/h6>\n<\/td>\n<td>\n<h6>\u00a0Nom<\/h6>\n<\/td>\n<td>\n<h6>\u00a0Llinatges<\/h6>\n<\/td>\n<\/tr>\n<tr>\n<td height=\"20\">Directora<\/td>\n<td>Judit<\/td>\n<td>Vega Avelaira<\/td>\n<\/tr>\n<tr>\n<td height=\"20\">Secretario<\/td>\n<td><\/td>\n<td><\/td>\n<\/tr>\n<tr>\n<td height=\"20\">Representante P.T.<\/td>\n<td>Vicente \u00c1ngel<\/td>\n<td>Rey Benito<\/td>\n<\/tr>\n<tr>\n<td height=\"20\">Representante PAS<\/td>\n<td>Eugenia<\/td>\n<td>L\u00f3pez Garc\u00eda<\/td>\n<\/tr>\n<tr>\n<td height=\"20\">Delegada de estudiantes<\/td>\n<td>Alicia<\/td>\n<td>Navarro Mart\u00ednez<\/td>\n<\/tr>\n<tr>\n<td height=\"20\"><\/td>\n<td><\/td>\n<td><\/td>\n<\/tr>\n<tr>\n<td height=\"21\">\n<h6>Membres electes<\/h6>\n<\/td>\n<td><\/td>\n<td><\/td>\n<\/tr>\n<tr>\n<td height=\"20\">\n<h6>Representants PT<\/h6>\n<\/td>\n<td>David<\/td>\n<td>\u00c1lvarez Cayuela<\/td>\n<\/tr>\n<tr>\n<td height=\"20\"><\/td>\n<td>M\u00aa \u00c1ngeles<\/td>\n<td>De la C\u00e1mara Maneiro<\/td>\n<\/tr>\n<tr>\n<td height=\"20\"><\/td>\n<td>Rosario<\/td>\n<td>G\u00f3mez Valido<\/td>\n<\/tr>\n<tr>\n<td height=\"20\"><\/td>\n<td>Francisco<\/td>\n<td>Gonz\u00e1lez Paredes<\/td>\n<\/tr>\n<tr>\n<td height=\"20\"><\/td>\n<td>Josefa<\/td>\n<td>Juan Mar\u00ed<\/td>\n<\/tr>\n<tr>\n<td height=\"20\"><\/td>\n<td>Isabel C.<\/td>\n<td>Maciel Torres<\/td>\n<\/tr>\n<tr>\n<td height=\"20\"><\/td>\n<td>Gemma<\/td>\n<td>Mar\u00ed Bonet<\/td>\n<\/tr>\n<tr>\n<td height=\"20\"><\/td>\n<td>\u00d3scar<\/td>\n<td>Merino Marchante<\/td>\n<\/tr>\n<tr>\n<td height=\"20\"><\/td>\n<td>Ana<\/td>\n<td>Mezquida Orti<\/td>\n<\/tr>\n<tr>\n<td height=\"20\"><\/td>\n<td>Francisco<\/td>\n<td>Olives Salas<\/td>\n<\/tr>\n<tr>\n<td height=\"20\"><\/td>\n<td>Sara<\/td>\n<td>Pastor Talboom<\/td>\n<\/tr>\n<tr>\n<td height=\"20\"><\/td>\n<td>M. Esperanza<\/td>\n<td>Pons Juan<\/td>\n<\/tr>\n<tr>\n<td height=\"20\"><\/td>\n<td>V. \u00c1ngel<\/td>\n<td>Rey Benito<\/td>\n<\/tr>\n<tr>\n<td height=\"20\"><\/td>\n<td>Miguel<\/td>\n<td>Ruiz Flores Bistuer<\/td>\n<\/tr>\n<tr>\n<td height=\"20\"><\/td>\n<td>Sara<\/td>\n<td>Sintes Mercadal<\/td>\n<\/tr>\n<tr>\n<td height=\"20\"><\/td>\n<td>Xavier<\/td>\n<td>Torres Torres<\/td>\n<\/tr>\n<tr>\n<td height=\"20\"><\/td>\n<td>Miguel \u00c1ngel<\/td>\n<td>V\u00e1zquez Segura<\/td>\n<\/tr>\n<tr>\n<td height=\"20\"><\/td>\n<td><\/td>\n<td><\/td>\n<\/tr>\n<tr>\n<td height=\"20\">\n<h6>Representants Estudiants<\/h6>\n<\/td>\n<td>Marcelo<\/td>\n<td>Becerra de Araujo<\/td>\n<\/tr>\n<tr>\n<td height=\"21\"><\/td>\n<td>Gloria<\/td>\n<td>Corral Joven<\/td>\n<\/tr>\n<tr>\n<td height=\"20\"><\/td>\n<td>Jorge<\/td>\n<td>de Gulhem Castillo<\/td>\n<\/tr>\n<tr>\n<td height=\"20\"><\/td>\n<td>Carlos<\/td>\n<td>Gonz\u00e1lez Moreno<\/td>\n<\/tr>\n<tr>\n<td height=\"20\"><\/td>\n<td>Carlos Juli\u00e1n<\/td>\n<td>L\u00f3pez Ramis<\/td>\n<\/tr>\n<tr>\n<td height=\"20\"><\/td>\n<td>Juan A.<\/td>\n<td>Rodr\u00edguez N\u00fa\u00f1ez<\/td>\n<\/tr>\n<tr>\n<td height=\"20\"><\/td>\n<td><\/td>\n<td><\/td>\n<\/tr>\n<tr>\n<td height=\"20\">\n<h6>Representants PAS<\/h6>\n<\/td>\n<td><\/td>\n<td><\/td>\n<\/tr>\n<tr>\n<td height=\"20\"><\/td>\n<td>Catalina<\/td>\n<td>Mar\u00ed Planells<\/td>\n<\/tr>\n<tr>\n<td height=\"30\"><\/td>\n<td>Margarita<\/td>\n<td>Pe\u00f1a Camps<\/td>\n<\/tr>\n<tr>\n<td height=\"20\"><\/td>\n<td><\/td>\n<td><\/td>\n<\/tr>\n<tr>\n<td height=\"30\"><\/td>\n<td><\/td>\n<td><\/td>\n<\/tr>\n<tr>\n<td height=\"20\"><\/td>\n<td><\/td>\n<td><\/td>\n<\/tr>\n<tr>\n<td height=\"20\"><\/td>\n<td><\/td>\n<td><\/td>\n<\/tr>\n<tr>\n<td height=\"20\"><\/td>\n<td><\/td>\n<td><\/td>\n<\/tr>\n<tr>\n<td height=\"20\"><\/td>\n<td><\/td>\n<td><\/td>\n<\/tr>\n<tr>\n<td height=\"20\"><\/td>\n<td><\/td>\n<td><\/td>\n<\/tr>\n<tr>\n<td height=\"30\">\n<h6><\/h6>\n<\/td>\n<td>\n<h6><\/h6>\n<\/td>\n<td><\/td>\n<\/tr>\n<tr>\n<td height=\"20\"><\/td>\n<td><\/td>\n<td><\/td>\n<\/tr>\n<tr>\n<td height=\"20\"><\/td>\n<td>\n<h6><\/h6>\n<\/td>\n<td><\/td>\n<\/tr>\n<tr>\n<td height=\"20\"><\/td>\n<td><\/td>\n<td><\/td>\n<\/tr>\n<tr>\n<td height=\"20\"><\/td>\n<td><\/td>\n<td><\/td>\n<\/tr>\n<tr>\n<td height=\"20\"><\/td>\n<td><\/td>\n<td><\/td>\n<\/tr>\n<tr>\n<td height=\"20\"><\/td>\n<td><\/td>\n<td><\/td>\n<\/tr>\n<tr>\n<td height=\"20\"><\/td>\n<td><\/td>\n<td><\/td>\n<\/tr>\n<\/tbody>\n<\/table>\n","protected":false},"excerpt":{"rendered":"<p>CLAUSTRE CENTRE UNED ILLES BALEARS Membres \u00a0Nom \u00a0Llinatges Directora Judit Vega Avelaira Secretario Representante P.T. Vicente \u00c1ngel Rey Benito Representante PAS Eugenia L\u00f3pez Garc\u00eda Delegada de estudiantes Alicia Navarro Mart\u00ednez Membres electes Representants PT David \u00c1lvarez Cayuela M\u00aa \u00c1ngeles De la C\u00e1mara Maneiro Rosario G\u00f3mez Valido Francisco Gonz\u00e1lez Paredes Josefa Juan Mar\u00ed Isabel C. Maciel [&hellip;]<\/p>\n","protected":false},"author":1,"featured_media":0,"parent":841,"menu_order":0,"comment_status":"closed","ping_status":"closed","template":"","meta":{"_acf_changed":false,"footnotes":""},"acf":[],"_links":{"self":[{"href":"https:\/\/uned-illesbalears.net\/ca\/wp-json\/wp\/v2\/pages\/1603"}],"collection":[{"href":"https:\/\/uned-illesbalears.net\/ca\/wp-json\/wp\/v2\/pages"}],"about":[{"href":"https:\/\/uned-illesbalears.net\/ca\/wp-json\/wp\/v2\/types\/page"}],"author":[{"embeddable":true,"href":"https:\/\/uned-illesbalears.net\/ca\/wp-json\/wp\/v2\/users\/1"}],"replies":[{"embeddable":true,"href":"https:\/\/uned-illesbalears.net\/ca\/wp-json\/wp\/v2\/comments?post=1603"}],"version-history":[{"count":5,"href":"https:\/\/uned-illesbalears.net\/ca\/wp-json\/wp\/v2\/pages\/1603\/revisions"}],"predecessor-version":[{"id":267299,"href":"https:\/\/uned-illesbalears.net\/ca\/wp-json\/wp\/v2\/pages\/1603\/revisions\/267299"}],"up":[{"embeddable":true,"href":"https:\/\/uned-illesbalears.net\/ca\/wp-json\/wp\/v2\/pages\/841"}],"wp:attachment":[{"href":"https:\/\/uned-illesbalears.net\/ca\/wp-json\/wp\/v2\/media?parent=1603"}],"curies":[{"name":"wp","href":"https:\/\/api.w.org\/{rel}","templated":true}]}}