{"id":1541,"date":"2013-09-04T17:22:17","date_gmt":"2013-09-04T17:22:17","guid":{"rendered":"https:\/\/uned-illesbalears.net\/?page_id=1541"},"modified":"2017-11-29T22:12:48","modified_gmt":"2017-11-29T20:12:48","slug":"serveis-coie-balears","status":"publish","type":"page","link":"https:\/\/uned-illesbalears.net\/ca\/servicios\/coie\/serveis-coie-balears\/","title":{"rendered":"Serveis (COIE) Balears"},"content":{"rendered":"<p><b>Oferta de serveis del COIE\u00a0<\/b><\/p>\n<p><b>Orientaci\u00f3 Acad\u00e8mica:<\/b><\/p>\n<ul>\n<li style=\"list-style-type: none;\">\n<ul>\n<li>Beques \/ Pr\u00e0ctiques<\/li>\n<\/ul>\n<\/li>\n<\/ul>\n<ul>\n<li style=\"list-style-type: none;\">\n<ul>\n<li>Cursos<\/li>\n<\/ul>\n<\/li>\n<\/ul>\n<ul>\n<li style=\"list-style-type: none;\">\n<ul>\n<li>Plans d&#8217;Estudi<\/li>\n<\/ul>\n<\/li>\n<\/ul>\n<ul>\n<li style=\"list-style-type: none;\">\n<ul>\n<li>T\u00e9cniques d&#8217;Estudi<\/li>\n<\/ul>\n<\/li>\n<\/ul>\n<ul>\n<li style=\"list-style-type: none;\">\n<ul>\n<li>Presa de decisions per a l&#8217;elecci\u00f3 de la carrera<\/li>\n<\/ul>\n<\/li>\n<\/ul>\n<ul>\n<li style=\"list-style-type: none;\">\n<ul>\n<li>Estudis en l&#8217;extranger<\/li>\n<\/ul>\n<\/li>\n<\/ul>\n<p><strong>Orientaci\u00f3 professional<\/strong><\/p>\n<ul>\n<li style=\"list-style-type: none;\">\n<ul>\n<li>Sortides Professionals<\/li>\n<\/ul>\n<\/li>\n<\/ul>\n<ul>\n<li style=\"list-style-type: none;\">\n<ul>\n<li>Perfils Professionals<\/li>\n<\/ul>\n<\/li>\n<\/ul>\n<ul>\n<li style=\"list-style-type: none;\">\n<ul>\n<li>Formaci\u00f3 en T\u00e8cniques de Recerca d&#8217;Ocupaci\u00f3:<\/li>\n<\/ul>\n<\/li>\n<\/ul>\n<ul>\n<li style=\"list-style-type: none;\">\n<ul>\n<li>Curr\u00edculum Vitae<\/li>\n<\/ul>\n<\/li>\n<\/ul>\n<ul>\n<li style=\"list-style-type: none;\">\n<ul>\n<li>Carta de Presentaci\u00f3<\/li>\n<\/ul>\n<\/li>\n<\/ul>\n<ul>\n<li style=\"list-style-type: none;\">\n<ul>\n<li>Entrevista Personal<\/li>\n<\/ul>\n<\/li>\n<\/ul>\n<ul>\n<li style=\"list-style-type: none;\">\n<ul>\n<li>Tipus de Proves de Aptituds<\/li>\n<\/ul>\n<\/li>\n<\/ul>\n<p><b>\u00a0<\/b><\/p>\n<p><strong>Ofertes d&#8217;ocupaci\u00f3<\/strong><\/p>\n<p>S&#8217;ha incorporat en el Tauler d&#8217;anuncis una secci\u00f3 d&#8217;<strong>OFERTES LABORALS<\/strong> (a trav\u00e9s d&#8217;<strong>TEIS Serveis de Consultoria<\/strong>). Des del <strong>COIE<\/strong> els convidem a consultar-peri\u00f2dicament i posar-se en contacte amb nosaltres, <a href=\"mailto:maryllera@palma.uned.es\">maryllera@palma.uned.es<\/a>, coie@palma.uned.es, per facilitar la recerca de feina. Podeu trobar aquesta informaci\u00f3 en el <strong>tauler situat a la 1\u00aa planta de l&#8217;Edifici Principal<\/strong> (al costat tutoria 2) o a <strong>la Planta Baixa<\/strong> de la seu a Palma (consultar el servei de Menorca i Eivissa).<\/p>\n","protected":false},"excerpt":{"rendered":"<p>Oferta de serveis del COIE\u00a0 Orientaci\u00f3 Acad\u00e8mica: Beques \/ Pr\u00e0ctiques Cursos Plans d&#8217;Estudi T\u00e9cniques d&#8217;Estudi Presa de decisions per a l&#8217;elecci\u00f3 de la carrera Estudis en l&#8217;extranger Orientaci\u00f3 professional Sortides Professionals Perfils Professionals Formaci\u00f3 en T\u00e8cniques de Recerca d&#8217;Ocupaci\u00f3: Curr\u00edculum Vitae Carta de Presentaci\u00f3 Entrevista Personal Tipus de Proves de Aptituds \u00a0 Ofertes d&#8217;ocupaci\u00f3 S&#8217;ha [&hellip;]<\/p>\n","protected":false},"author":1,"featured_media":0,"parent":1381,"menu_order":0,"comment_status":"closed","ping_status":"closed","template":"","meta":{"_acf_changed":false,"footnotes":""},"acf":[],"_links":{"self":[{"href":"https:\/\/uned-illesbalears.net\/ca\/wp-json\/wp\/v2\/pages\/1541"}],"collection":[{"href":"https:\/\/uned-illesbalears.net\/ca\/wp-json\/wp\/v2\/pages"}],"about":[{"href":"https:\/\/uned-illesbalears.net\/ca\/wp-json\/wp\/v2\/types\/page"}],"author":[{"embeddable":true,"href":"https:\/\/uned-illesbalears.net\/ca\/wp-json\/wp\/v2\/users\/1"}],"replies":[{"embeddable":true,"href":"https:\/\/uned-illesbalears.net\/ca\/wp-json\/wp\/v2\/comments?post=1541"}],"version-history":[{"count":0,"href":"https:\/\/uned-illesbalears.net\/ca\/wp-json\/wp\/v2\/pages\/1541\/revisions"}],"up":[{"embeddable":true,"href":"https:\/\/uned-illesbalears.net\/ca\/wp-json\/wp\/v2\/pages\/1381"}],"wp:attachment":[{"href":"https:\/\/uned-illesbalears.net\/ca\/wp-json\/wp\/v2\/media?parent=1541"}],"curies":[{"name":"wp","href":"https:\/\/api.w.org\/{rel}","templated":true}]}}