{"id":147100,"date":"2020-03-02T22:52:36","date_gmt":"2020-03-02T21:52:36","guid":{"rendered":"https:\/\/uned-illesbalears.net\/?page_id=147100"},"modified":"2020-10-09T06:55:31","modified_gmt":"2020-10-09T04:55:31","slug":"horarios-practicas-de-laboratorio-grado-en-ciencias-ambientales","status":"publish","type":"page","link":"https:\/\/uned-illesbalears.net\/ca\/recursos-para-estudiantes\/horarios-practicas-de-laboratorio-grado-en-ciencias-ambientales\/","title":{"rendered":"Horarios pr\u00e1cticas de laboratorio Grado en Ciencias Ambientales"},"content":{"rendered":"<p><span style=\"color: #008000;\"><strong>CALENDARIO DE LAS PR\u00c1CTICAS DE LABORATORIO\u00a0 DEL CENTRO DE LA UNED BALEARES. Curso 2019-2020<\/strong><\/span><\/p>\n<p><span style=\"color: #008000;\"><strong>Las pr\u00e1cticas se desarrollan en las instalaciones del Centro de la UNED en Palma de Mallorca<\/strong><\/span><\/p>\n<p><span style=\"color: #008000;\"><strong>Los estudiantes interesados deben inscribirse mediante el formulario online disponible en el men\u00fa de esta p\u00e1gina o en la aplicaci\u00f3n disponible en Mis pr\u00e1cticas,\u00a0 DOS SEMANAS ANTES DE LA FECHA DE LAS PR\u00c1CTICAS<\/strong><\/span><\/p>\n<p><span style=\"color: #008000;\">Debido al COVID-19 hay que limitar el aforo de las pr\u00e1cticas, por tal motivo en aquellos casos que se pase el l\u00edmite permitido se crear\u00e1 un segundo grupo (la conformaci\u00f3n de los grupos, seg\u00fan orden de inscripci\u00f3n), seg\u00fan la duraci\u00f3n de la pr\u00e1ctica, se intentar\u00e1 su realizaci\u00f3n el mismo d\u00eda o en otro d\u00eda seg\u00fan la naturaleza de la pr\u00e1ctica.<\/span><\/p>\n<p><span style=\"color: #008000;\">Los estudiantes que residen en Menorca, Ibiza y Formentera podr\u00e1n\u00a0 solicitar ayudas al desplazamiento a Mallorca a la Conselleria d&#8217;Educaci\u00f3, Cultura i Universitats. Es necesario matricularse de, al menos, 42 ECTS.<\/span><\/p>\n<p><span style=\"color: #008000;\">Si reside fuera de la Comunidad Aut\u00f3noma de las Baleares ind\u00edquelo en el apartado de observaciones en la solicitud de inscripci\u00f3n.<\/span><\/p>\n\n<table id=\"tablepress-382\" class=\"tablepress tablepress-id-382 tbody-has-connected-cells\">\n<tbody class=\"row-striping row-hover\">\n<tr class=\"row-1\">\n\t<td class=\"column-1\"><\/td><td colspan=\"5\" class=\"column-2\"><h5>Pr\u00e1cticas laboratorio Grado en Ciencias Ambientales\/Pr\u00e0ctiques laboratori Grau en Ci\u00e8ncies Ambientals<\/h5><\/td><td colspan=\"4\" class=\"column-7\"><\/td>\n<\/tr>\n<tr class=\"row-2\">\n\t<td class=\"column-1\"><\/td><td colspan=\"9\" class=\"column-2\"><h5>Primer curso\/curs - Primer cuatrimestre\/quadrimestre<\/h5><\/td>\n<\/tr>\n<tr class=\"row-3\">\n\t<td class=\"column-1\"><strong>C\u00f3digo\/Codi<\/strong><\/td><td class=\"column-2\"><strong>Asignaturas \/ Assignatures<\/strong><\/td><td class=\"column-3\"><strong>Curso\/Curs<\/strong><\/td><td class=\"column-4\"><strong>C\/Q<\/strong><\/td><td class=\"column-5\"><strong>Profesorado\/ Professorat<\/strong><\/td><td class=\"column-6\"><strong>Fecha\/Data<\/strong><\/td><td class=\"column-7\"><strong>D\u00eda\/Dia<\/strong><\/td><td class=\"column-8\"><strong>Hora<\/strong><\/td><td class=\"column-9\"><strong>Aula<\/strong><\/td><td class=\"column-10\"><strong>Observaciones \/ Observacions<\/strong><\/td>\n<\/tr>\n<tr class=\"row-4\">\n\t<td class=\"column-1\">61011012<br \/>\n<\/td><td class=\"column-2\">Geolog\u00eda I\/Geologia I<\/td><td class=\"column-3\">1<\/td><td class=\"column-4\">1<br \/>\n<\/td><td class=\"column-5\">J.Aurell<\/td><td class=\"column-6\">14 noviembre<br \/>\n15 noviembre<\/td><td class=\"column-7\">Viernes\/Divendres<br \/>\nS\u00e1bado\/Dissabte<br \/>\n<\/td><td class=\"column-8\">17.30-21.30<br \/>\n9:30-13:30<\/td><td class=\"column-9\">Laboratorio<\/td><td class=\"column-10\">Consultar Foro tutor.<br \/>\nCurso 2025-2026<\/td>\n<\/tr>\n<tr class=\"row-5\">\n\t<td class=\"column-1\">61011029<br \/>\n<\/td><td class=\"column-2\">Biolog\u00eda I\/ Biologia I<\/td><td class=\"column-3\">1<\/td><td class=\"column-4\">1<br \/>\n<\/td><td class=\"column-5\">J. Nadal<\/td><td class=\"column-6\">2 diciembre<br \/>\n3 diciembre<\/td><td class=\"column-7\">Martes\/Dimarts<br \/>\nMi\u00e9rcoles\/Dimecres<\/td><td class=\"column-8\">16:30-20:30<br \/>\n16:30-20:30<br \/>\n<\/td><td class=\"column-9\">Laboratorio<\/td><td class=\"column-10\">Consultar Foro tutor.<br \/>\nCurso 2025-2026<\/td>\n<\/tr>\n<tr class=\"row-6\">\n\t<td class=\"column-1\">61011041<\/td><td class=\"column-2\">Bases F\u00edsicas del medio ambiente\/ Bases f\u00edsiques del medi ambient<\/td><td class=\"column-3\">1<\/td><td class=\"column-4\">1<\/td><td class=\"column-5\">M.A.V\u00e1zquez<\/td><td class=\"column-6\">21 noviembre<br \/>\n22 noviembre<\/td><td class=\"column-7\">Viernes\/Divendres<br \/>\nS\u00e1bado\/Dissabte<\/td><td class=\"column-8\">16:00-21:00<br \/>\n9:00-14:00<\/td><td class=\"column-9\">Laboratorio<\/td><td class=\"column-10\">Consultar Foro tutor.<br \/>\nCurso 2025-2026<br \/>\n<\/td>\n<\/tr>\n<tr class=\"row-7\">\n\t<td class=\"column-1\"><\/td><td colspan=\"8\" class=\"column-2\"><h5>Segundo curso\/Segon curs - Primer cuatrimestre\/quadrimestre<\/h5><\/td><td class=\"column-10\"><\/td>\n<\/tr>\n<tr class=\"row-8\">\n\t<td class=\"column-1\">61012046<br \/>\n<\/td><td class=\"column-2\">Ecolog\u00eda I \/Ecologia I<\/td><td class=\"column-3\">2<\/td><td class=\"column-4\">1<br \/>\n<\/td><td class=\"column-5\">M.Boi<\/td><td class=\"column-6\">8 noviembre<br \/>\n10 noviembre<\/td><td class=\"column-7\">S\u00e1bado\/Dissabte<br \/>\nLunes\/Dilluns<\/td><td class=\"column-8\">9:30-13:30<br \/>\n16:30-20:30<\/td><td class=\"column-9\">Laboratorio e inform\u00e1tica<\/td><td class=\"column-10\">Consultar Foro tutor.<br \/>\nCurso 2025-2026<\/td>\n<\/tr>\n<tr class=\"row-9\">\n\t<td class=\"column-1\">6101203-<\/td><td class=\"column-2\">Diversidad vegetal\/Diversitat vegetal<br \/>\n<\/td><td class=\"column-3\">2<\/td><td class=\"column-4\">1<\/td><td class=\"column-5\">J.Nadal<\/td><td class=\"column-6\">13 enero<br \/>\n14 enero<\/td><td class=\"column-7\">Martes\/Dimarts<br \/>\nMi\u00e9rcoles\/Dimecres<\/td><td class=\"column-8\">16:30-20:30<br \/>\n16:30-20:30<br \/>\n<\/td><td class=\"column-9\">Laboratorio<\/td><td class=\"column-10\">Consultar Foro tutor.<br \/>\nCurso 2025-2026<\/td>\n<\/tr>\n<tr class=\"row-10\">\n\t<td class=\"column-1\"><\/td><td colspan=\"9\" class=\"column-2\"><h5>Primer curso\/curs - Segundo cuatrimestre\/quadrimestre<\/h5><\/td>\n<\/tr>\n<tr class=\"row-11\">\n\t<td class=\"column-1\"><strong>C\u00f3digo\/Codi<\/strong><\/td><td class=\"column-2\"><strong>Asignaturas \/ Assignatures<\/strong><\/td><td class=\"column-3\"><strong>Curso\/Curs<\/strong><\/td><td class=\"column-4\"><strong>C\/Q<\/strong><\/td><td class=\"column-5\"><strong>Profesorado\/ Professorat<\/strong><\/td><td class=\"column-6\"><strong>Fecha\/Data<\/strong><\/td><td class=\"column-7\"><strong>D\u00eda\/Dia<\/strong><\/td><td class=\"column-8\"><strong>Hora<\/strong><\/td><td class=\"column-9\"><strong>Aula<\/strong><\/td><td class=\"column-10\"><strong>Observaciones \/ Observacions<\/strong><\/td>\n<\/tr>\n<tr class=\"row-12\">\n\t<td class=\"column-1\">61011064<\/td><td class=\"column-2\">Geolog\u00eda  II\/Geologia II<\/td><td class=\"column-3\">1<\/td><td class=\"column-4\">2<\/td><td class=\"column-5\">J.Aurell<\/td><td class=\"column-6\">13 marzo<br \/>\n14 amrzo<\/td><td class=\"column-7\">Viernes\/Divendres<br \/>\nS\u00e1bado\/Dissabte<\/td><td class=\"column-8\">17:30-21.30<br \/>\n9:30-13:30<\/td><td class=\"column-9\">Laboratorio<\/td><td class=\"column-10\">Consultar Foro tutor.<br \/>\nCurso 2025-2026<br \/>\n<\/td>\n<\/tr>\n<tr class=\"row-13\">\n\t<td class=\"column-1\">61011070<\/td><td class=\"column-2\">Biolog\u00eda II\/ Biologia II<\/td><td class=\"column-3\">1<\/td><td class=\"column-4\">2<\/td><td class=\"column-5\">J.Nadal<\/td><td class=\"column-6\">6 marzo<\/td><td class=\"column-7\">Viernes\/Divendres<br \/>\n<br \/>\n<br \/>\n<\/td><td class=\"column-8\">16:00-20:00<br \/>\n<br \/>\n<\/td><td class=\"column-9\">Laboratorio<\/td><td class=\"column-10\">Consultar Foro tutor.<br \/>\nCurso 2025-2026<\/td>\n<\/tr>\n<tr class=\"row-14\">\n\t<td class=\"column-1\">61011093<\/td><td class=\"column-2\">Bases Qu\u00edmicas del medio ambiente\/ Bases qu\u00edmiques del medi ambient<\/td><td class=\"column-3\">1<\/td><td class=\"column-4\">2<\/td><td class=\"column-5\">M.A.V\u00e1zquez<\/td><td class=\"column-6\">20 marzo<br \/>\n21 marzo<\/td><td class=\"column-7\">Viernes\/Divendres<br \/>\nS\u00e1bado\/Dissabte<\/td><td class=\"column-8\">16:00-21:00<br \/>\n9:00-14:00<\/td><td class=\"column-9\">Laboratorio<\/td><td class=\"column-10\">Consultar Foro tutor.<br \/>\nCurso 2025-2026<\/td>\n<\/tr>\n<tr class=\"row-15\">\n\t<td class=\"column-1\">61011101<\/td><td class=\"column-2\">Sistemas de Informaci\u00f3n Geogr\u00e1fica<\/td><td class=\"column-3\">1<\/td><td class=\"column-4\">2<\/td><td class=\"column-5\">D.Ferrer<\/td><td class=\"column-6\">27 marzo<br \/>\n14 abril<br \/>\n5 mayo<\/td><td class=\"column-7\">Viernes\/Divendres<br \/>\nMartes\/Dimarts<br \/>\nMartes\/Dimarts<\/td><td class=\"column-8\">18:30-20:30<br \/>\n18:30-20:30<br \/>\n18:30-20:30<\/td><td class=\"column-9\">Inform\u00e1tica<br \/>\nTEAMS<\/td><td class=\"column-10\">Consultar Foro tutor.<br \/>\nCurso 2025-2026<\/td>\n<\/tr>\n<tr class=\"row-16\">\n\t<td class=\"column-1\"><\/td><td colspan=\"9\" class=\"column-2\"><h5>Segundo curso\/Segon curs - Segundo Cuatrimestre\/Segon quadrimestre<\/h5><\/td>\n<\/tr>\n<tr class=\"row-17\">\n\t<td class=\"column-1\"><strong>C\u00f3digo\/Codi<\/strong><\/td><td class=\"column-2\"><strong>Asignaturas \/ Assignatures<\/strong><\/td><td class=\"column-3\"><strong>Curso\/Curs<\/strong><\/td><td class=\"column-4\"><strong>C\/Q<\/strong><\/td><td class=\"column-5\"><strong>Profesorado\/ Professorat<\/strong><\/td><td class=\"column-6\"><strong>Fecha\/Data<\/strong><\/td><td class=\"column-7\"><strong>D\u00eda\/Dia<\/strong><\/td><td class=\"column-8\"><strong>Hora<\/strong><\/td><td class=\"column-9\"><strong>Aula<\/strong><\/td><td class=\"column-10\"><strong>Observaciones \/ Observacions<\/strong><\/td>\n<\/tr>\n<tr class=\"row-18\">\n\t<td class=\"column-1\">61012052<\/td><td class=\"column-2\">Ecolog\u00eda II \/Ecologia II<\/td><td class=\"column-3\">2<\/td><td class=\"column-4\">2<\/td><td class=\"column-5\">M.Boi<\/td><td class=\"column-6\">17 abril<br \/>\n18 abril<\/td><td class=\"column-7\">Lunes\/Dilluns<br \/>\nMartes\/Dimarts<\/td><td class=\"column-8\">16:30-20:30<br \/>\n16:30-20:30<\/td><td class=\"column-9\">Inform\u00e1tica<br \/>\n<\/td><td class=\"column-10\">Consultar Foro tutor.<br \/>\nCurso 2025-2026<\/td>\n<\/tr>\n<tr class=\"row-19\">\n\t<td class=\"column-1\">61012081<\/td><td class=\"column-2\">Diversidad animal\/Diversitat animal<\/td><td class=\"column-3\">2<\/td><td class=\"column-4\">2<\/td><td class=\"column-5\">J.Nadal<\/td><td class=\"column-6\">20 abril<br \/>\n21 abril<\/td><td class=\"column-7\">Lunes\/Dilluns<br \/>\nMartes\/Dimarts<\/td><td class=\"column-8\">16:30-20:30<br \/>\n16:30-20:30<\/td><td class=\"column-9\">Laboratorio<br \/>\n<\/td><td class=\"column-10\">Consultar Foro tutor.<br \/>\nCurso 2025-2026<\/td>\n<\/tr>\n<tr class=\"row-20\">\n\t<td class=\"column-1\">61012112<\/td><td class=\"column-2\">Bases de la ingenier\u00eda ambiental\/Bases de l'enginyeria ambiental<\/td><td class=\"column-3\">2<\/td><td class=\"column-4\">2<\/td><td class=\"column-5\">J.Natta<\/td><td class=\"column-6\">28 abril<br \/>\n4 mayo<br \/>\n11 mayo<\/td><td class=\"column-7\">Martes\/Dimarts<br \/>\nLunes\/Dilluns<br \/>\nLunes\/Dilluns<br \/>\n<\/td><td class=\"column-8\">16:30-20:30<br \/>\n16:30-20:30<br \/>\n16:30-20:30<\/td><td class=\"column-9\">Laboratorio<\/td><td class=\"column-10\">Consultar Foro tutor.<br \/>\nCurso 2025-2026<br \/>\n<\/td>\n<\/tr>\n<tr class=\"row-21\">\n\t<td class=\"column-1\">61012069<\/td><td class=\"column-2\">T\u00e9cnicas instrumentales\/T\u00e8cniques instrumentals<\/td><td class=\"column-3\">2<\/td><td class=\"column-4\">2<\/td><td class=\"column-5\">E. Bar\u00f3n<\/td><td class=\"column-6\">6 mayo<br \/>\n7 mayo<\/td><td class=\"column-7\">Mi\u00e9rcoles\/Dimecres<br \/>\nJueves\/Dijous<br \/>\n<\/td><td class=\"column-8\">16:30-21:30<br \/>\n16:30-21:30<\/td><td class=\"column-9\">Laboratorio<\/td><td class=\"column-10\">Consultar Foro tutor.<br \/>\nCurso 2025-2026<br \/>\n<\/td>\n<\/tr>\n<\/tbody>\n<\/table>\n<!-- #tablepress-382 from cache -->\n","protected":false},"excerpt":{"rendered":"<p>CALENDARIO DE LAS PR\u00c1CTICAS DE LABORATORIO\u00a0 DEL CENTRO DE LA UNED BALEARES. Curso 2019-2020 Las pr\u00e1cticas se desarrollan en las instalaciones del Centro de la UNED en Palma de Mallorca Los estudiantes interesados deben inscribirse mediante el formulario online disponible en el men\u00fa de esta p\u00e1gina o en la aplicaci\u00f3n disponible en Mis pr\u00e1cticas,\u00a0 DOS [&hellip;]<\/p>\n","protected":false},"author":1,"featured_media":0,"parent":12,"menu_order":0,"comment_status":"closed","ping_status":"closed","template":"","meta":{"_acf_changed":false,"footnotes":""},"acf":[],"_links":{"self":[{"href":"https:\/\/uned-illesbalears.net\/ca\/wp-json\/wp\/v2\/pages\/147100"}],"collection":[{"href":"https:\/\/uned-illesbalears.net\/ca\/wp-json\/wp\/v2\/pages"}],"about":[{"href":"https:\/\/uned-illesbalears.net\/ca\/wp-json\/wp\/v2\/types\/page"}],"author":[{"embeddable":true,"href":"https:\/\/uned-illesbalears.net\/ca\/wp-json\/wp\/v2\/users\/1"}],"replies":[{"embeddable":true,"href":"https:\/\/uned-illesbalears.net\/ca\/wp-json\/wp\/v2\/comments?post=147100"}],"version-history":[{"count":4,"href":"https:\/\/uned-illesbalears.net\/ca\/wp-json\/wp\/v2\/pages\/147100\/revisions"}],"predecessor-version":[{"id":166563,"href":"https:\/\/uned-illesbalears.net\/ca\/wp-json\/wp\/v2\/pages\/147100\/revisions\/166563"}],"up":[{"embeddable":true,"href":"https:\/\/uned-illesbalears.net\/ca\/wp-json\/wp\/v2\/pages\/12"}],"wp:attachment":[{"href":"https:\/\/uned-illesbalears.net\/ca\/wp-json\/wp\/v2\/media?parent=147100"}],"curies":[{"name":"wp","href":"https:\/\/api.w.org\/{rel}","templated":true}]}}