{"id":1393,"date":"2013-09-01T16:25:48","date_gmt":"2013-09-01T16:25:48","guid":{"rendered":"https:\/\/uned-illesbalears.net\/?page_id=1393"},"modified":"2015-01-25T17:31:54","modified_gmt":"2015-01-25T17:31:54","slug":"condicions-generals-del-servei","status":"publish","type":"page","link":"https:\/\/uned-illesbalears.net\/ca\/servicios\/llibreria\/condicions-generals-del-servei\/","title":{"rendered":"Condicions generals del servei"},"content":{"rendered":"<h6>Formas de pago (todas las ventas de material did\u00e1ctico de Grados y Curso de Acceso<strong> gozan de un descuento del 5%<\/strong>)<\/h6>\n<h5><\/h5>\n<h6>Para pedidos online<\/h6>\n<ul>\n<li>Cuando confirme el pedido online podr\u00e1 realizar el pago mediante TPV (pago seguro) o mediante transferencia. Debe indicarlo en el pedido la opci\u00f3n de pago que desea realizar<\/li>\n<li>Debe realizar el ingreso por transferencia a la cuenta,\u00a0incluyendo como concepto nombre y DNI, y enviar una copia del resguardo a libreria@palma.uned.es <strong><br \/>\n<\/strong><\/li>\n<li>N\u00famero de cuenta: 2100 2974 18 0200006680<\/li>\n<li>IBAN en formato electr\u00f3nico: ES8821002974180200006680<\/li>\n<li>IBAN en formato papel: IBAN ES88 2100 2974 1802 0000 6680<\/li>\n<li>BIC (C\u00f3digo Internacional de Identificaci\u00f3n Bancaria en el sistema SWIFT): CAIXESBBXXX<\/li>\n<\/ul>\n<p>&nbsp;<\/p>\n<h6>Para compra directa en la librer\u00eda del centro<\/h6>\n<ul>\n<li><strong>Efectivo y tarjeta:<\/strong>\u00a0Puede pagar en efectivo o con tarjeta en la librer\u00eda del centro en horario de \u00a014:00 a 20:15 horas, de lunes a viernes, en la\u00a0Planta baja del edificio del Centro Asociado de la UNED en Baleares (Palma de Mallorca).<\/li>\n<\/ul>\n<p>&nbsp;<\/p>\n<h5>Plazos de entrega<\/h5>\n<h6>\u00a0Pedidos online<\/h6>\n<p>Los plazos de entregan para los pedidos online pueden variar en funci\u00f3n de la disponibilidad de los vol\u00famenes, del stock de los proveedores y de otros factores externos. El plazo medio de entrega es de <b>24 a 72 h.<\/b><\/p>\n<h6>Compra directa en librer\u00eda<\/h6>\n<p>La librer\u00eda de la UNED de Baleares (Palma de Mallorca) dispone de stock de materiales b\u00e1sicos de los estudios impartidos en el centro. Para la compra de materiales no disponibles en stock, los plazos de entrega son de <b>7 d\u00edas<\/b>, aunque hay factores que pueden alterar este plazo (disponibilidad de proveedores, libros en reimpresi\u00f3n, libros pendientes de publicar, problemas de transporte, situaciones extraordinarias, etc.). Los plazos ser\u00e1n comunicados por el personal de librer\u00eda.<\/p>\n<p>&nbsp;<\/p>\n<h5>Devoluciones<\/h5>\n<p>Para salvaguardar la propiedad intelectual de los autores de los libros no se admiten devoluciones. No obstante, se admiten cambios por material defectuoso, en un <strong>plazo de \u00a07 d\u00edas<\/strong> desde la fecha de compra. Es imprescindible que se adjunte la factura.<\/p>\n<p>&nbsp;<\/p>\n<h5>Ley de protecci\u00f3n de datos<\/h5>\n<p>De acuerdo con lo dispuesto en la Ley de Protecci\u00f3n de Datos de Car\u00e1cter Personal (L.O. 15\/1999), los datos personales recabados en el proceso de pedido ser\u00e1n tratados por el Centro de la UNED Illes Balears exclusivamente para el tr\u00e1mite de venta de libros, as\u00ed como para el ejercicio de las dem\u00e1s funciones y no ser\u00e1n proporcionados a terceros sin previa autorizaci\u00f3n.<\/p>\n<p>Se comunicar\u00e1n a las entidades bancarias los datos estrictamente necesarios para la realizaci\u00f3n de la transacci\u00f3n econ\u00f3mica si fuera necesario.<\/p>\n<p>Los derechos de acceso, rectificaci\u00f3n, cancelaci\u00f3n y oposici\u00f3n podr\u00e1n ejercitarse ante la Secretar\u00eda del Centro UNED Illes Balears (Cam\u00ed Roig s\/n, 07009 Palma de Mallorca)<\/p>\n<p>El uso de la aplicaci\u00f3n de pedidos online implica que el cliente estar\u00e1 dando su conformidad para que sus datos personales sean utilizados para dichos fines.<\/p>\n","protected":false},"excerpt":{"rendered":"<p>Formas de pago (todas las ventas de material did\u00e1ctico de Grados y Curso de Acceso gozan de un descuento del 5%) Para pedidos online Cuando confirme el pedido online podr\u00e1 realizar el pago mediante TPV (pago seguro) o mediante transferencia. Debe indicarlo en el pedido la opci\u00f3n de pago que desea realizar Debe realizar el [&hellip;]<\/p>\n","protected":false},"author":1,"featured_media":0,"parent":1392,"menu_order":0,"comment_status":"closed","ping_status":"open","template":"","meta":{"_acf_changed":false,"footnotes":""},"acf":[],"_links":{"self":[{"href":"https:\/\/uned-illesbalears.net\/ca\/wp-json\/wp\/v2\/pages\/1393"}],"collection":[{"href":"https:\/\/uned-illesbalears.net\/ca\/wp-json\/wp\/v2\/pages"}],"about":[{"href":"https:\/\/uned-illesbalears.net\/ca\/wp-json\/wp\/v2\/types\/page"}],"author":[{"embeddable":true,"href":"https:\/\/uned-illesbalears.net\/ca\/wp-json\/wp\/v2\/users\/1"}],"replies":[{"embeddable":true,"href":"https:\/\/uned-illesbalears.net\/ca\/wp-json\/wp\/v2\/comments?post=1393"}],"version-history":[{"count":0,"href":"https:\/\/uned-illesbalears.net\/ca\/wp-json\/wp\/v2\/pages\/1393\/revisions"}],"up":[{"embeddable":true,"href":"https:\/\/uned-illesbalears.net\/ca\/wp-json\/wp\/v2\/pages\/1392"}],"wp:attachment":[{"href":"https:\/\/uned-illesbalears.net\/ca\/wp-json\/wp\/v2\/media?parent=1393"}],"curies":[{"name":"wp","href":"https:\/\/api.w.org\/{rel}","templated":true}]}}