{"id":1381,"date":"2013-08-17T06:58:23","date_gmt":"2013-08-17T06:58:23","guid":{"rendered":"https:\/\/uned-illesbalears.net\/?page_id=1381"},"modified":"2017-11-29T22:21:46","modified_gmt":"2017-11-29T20:21:46","slug":"coie","status":"publish","type":"page","link":"https:\/\/uned-illesbalears.net\/ca\/servicios\/coie\/","title":{"rendered":"COIE (Balears)"},"content":{"rendered":"<p>El Centro de Orientaci\u00f3n, Informaci\u00f3n y Empleo -COIE- del Centro \u00a0pone a disposici\u00f3n de sus estudiantes y titulados, un servicio especializado de orientaci\u00f3n acad\u00e9mica a lo largo de los estudios, orientaci\u00f3n y asesoramiento sobre el proyecto profesional, salidas profesionales, oportunidades de empleo,inserci\u00f3n laboral y promoci\u00f3n profesional. Su finalidad es establecer las estrategias de apoyo necesarias para potenciar, por un lado, el desarrollo acad\u00e9mico de los alumnos e incrementar, por otro, sus posibilidades de acceso al mercado de trabajo, articul\u00e1ndose a trav\u00e9s de tres \u00e1reas de actuaci\u00f3n: informaci\u00f3n y orientaci\u00f3n acad\u00e9mica, informaci\u00f3n y orientaci\u00f3n profesional e inserci\u00f3n labora<\/p>\n<p><strong>Datos de contacto<\/strong><\/p>\n<p><strong>Coordinadora: <\/strong>M. Paz Yllera Asensio, profesora tutora de Psicolog\u00eda<\/p>\n<p><strong>Colaboradora:<\/strong> Yasmina Mart\u00ednez Bueno, estudiante de Psicolog\u00eda<\/p>\n<p><strong>Tel\u00e9fono: <\/strong>971434546<\/p>\n<p><strong>FAX: <\/strong>971434547<\/p>\n<p><strong>Correo Electr\u00f3nico: <\/strong>coie@palma.uned.es<strong>\u00a0,\u00a0\u00a0<\/strong>maryllera@palma.uned.es<a href=\"mailto:coie@pontevedra.uned.es\"><br \/>\n<\/a><\/p>\n<p><strong>Ubicaci\u00f3n: <\/strong>Sede del Centro en Palma de Mallorca<strong>,\u00a0<\/strong>\u00a01\u00aa Planta, Tutor\u00eda 2<\/p>\n<p><strong>Horario:<\/strong> Mi\u00e9rcoles de 19:30 h a 21,00 h; Jueves de 17:30 h a 20:00 h.<\/p>\n<p>&nbsp;<\/p>\n<p><span style=\"color: #008000;\"><a href=\"https:\/\/uned-illesbalears.net\/wp-content\/uploads\/2013\/08\/PLANIFICACION_MATRICULA_UNED.pdf\" class=\"mtli_attachment mtli_pdf\"><span style=\"color: #008000;\">PLANIFICACION_MATRICULA_UNED<\/span><\/a><\/span><\/p>\n<p><span style=\"color: #008000;\"><a href=\"https:\/\/uned-illesbalears.net\/contactar\/formulario-de-contacto\/\"><span style=\"color: #008000;\">BUZ\u00d3N DE CONTACTO Y CONSULTAS<\/span><\/a><\/span><\/p>\n<p><span style=\"color: #008000;\"><a title=\"COIE Sede Central Madrid\" href=\"http:\/\/coie.uned.es\/\"><span style=\"color: #008000;\">COIE Sede Central<\/span><\/a>\u00a0<\/span><\/p>\n<p><span style=\"color: #008000;\"><a title=\"SALIDAS PROFESIONALES ESTUDIANTES UNED\" href=\"http:\/\/coie.uned.es\/salidas-profesionales\"><span style=\"color: #008000;\">SALIDAS PROFESIONALES DE LOS ESTUDIOS DE LA UNED<\/span><\/a><\/span><\/p>\n<p><span style=\"color: #008000;\"><a href=\"https:\/\/uned-illesbalears.net\/contactar\/buzon-de-sugerencias\/\"><span style=\"color: #008000;\">BUZ\u00d3N DE SUGERENCIAS<\/span><\/a><\/span><\/p>\n<p><b>\u00a0<\/b><\/p>\n","protected":false},"excerpt":{"rendered":"<p>El Centro de Orientaci\u00f3n, Informaci\u00f3n y Empleo -COIE- del Centro \u00a0pone a disposici\u00f3n de sus estudiantes y titulados, un servicio especializado de orientaci\u00f3n acad\u00e9mica a lo largo de los estudios, orientaci\u00f3n y asesoramiento sobre el proyecto profesional, salidas profesionales, oportunidades de empleo,inserci\u00f3n laboral y promoci\u00f3n profesional. Su finalidad es establecer las estrategias de apoyo necesarias [&hellip;]<\/p>\n","protected":false},"author":1,"featured_media":0,"parent":1367,"menu_order":0,"comment_status":"closed","ping_status":"closed","template":"","meta":{"_acf_changed":false,"footnotes":""},"acf":[],"_links":{"self":[{"href":"https:\/\/uned-illesbalears.net\/ca\/wp-json\/wp\/v2\/pages\/1381"}],"collection":[{"href":"https:\/\/uned-illesbalears.net\/ca\/wp-json\/wp\/v2\/pages"}],"about":[{"href":"https:\/\/uned-illesbalears.net\/ca\/wp-json\/wp\/v2\/types\/page"}],"author":[{"embeddable":true,"href":"https:\/\/uned-illesbalears.net\/ca\/wp-json\/wp\/v2\/users\/1"}],"replies":[{"embeddable":true,"href":"https:\/\/uned-illesbalears.net\/ca\/wp-json\/wp\/v2\/comments?post=1381"}],"version-history":[{"count":0,"href":"https:\/\/uned-illesbalears.net\/ca\/wp-json\/wp\/v2\/pages\/1381\/revisions"}],"up":[{"embeddable":true,"href":"https:\/\/uned-illesbalears.net\/ca\/wp-json\/wp\/v2\/pages\/1367"}],"wp:attachment":[{"href":"https:\/\/uned-illesbalears.net\/ca\/wp-json\/wp\/v2\/media?parent=1381"}],"curies":[{"name":"wp","href":"https:\/\/api.w.org\/{rel}","templated":true}]}}