{"id":1376,"date":"2013-08-20T11:12:33","date_gmt":"2013-08-20T11:12:33","guid":{"rendered":"https:\/\/uned-illesbalears.net\/?page_id=1376"},"modified":"2014-09-04T11:19:41","modified_gmt":"2014-09-04T11:19:41","slug":"fondos","status":"publish","type":"page","link":"https:\/\/uned-illesbalears.net\/ca\/servicios\/biblioteca\/fondos\/","title":{"rendered":"Fons"},"content":{"rendered":"<ul>\n<li>Bibliografia b\u00e0sica dels graus i antigues llicenciatures de la UNED<\/li>\n<li>Publicacions de la UNED<\/li>\n<li>Revistes editades per la UNED<\/li>\n<li>DVD i CD editats per la UNED<\/li>\n<li>Revistes electr\u00f2niques (acc\u00e9s UNED)<\/li>\n<li>Acc\u00e9s a bases de dades a trav\u00e9s de la p\u00e0gina web<\/li>\n<\/ul>\n","protected":false},"excerpt":{"rendered":"<p>Bibliografia b\u00e0sica dels graus i antigues llicenciatures de la UNED Publicacions de la UNED Revistes editades per la UNED DVD i CD editats per la UNED Revistes electr\u00f2niques (acc\u00e9s UNED) Acc\u00e9s a bases de dades a trav\u00e9s de la p\u00e0gina web<\/p>\n","protected":false},"author":1,"featured_media":0,"parent":1372,"menu_order":0,"comment_status":"closed","ping_status":"open","template":"","meta":{"_acf_changed":false,"footnotes":""},"acf":[],"_links":{"self":[{"href":"https:\/\/uned-illesbalears.net\/ca\/wp-json\/wp\/v2\/pages\/1376"}],"collection":[{"href":"https:\/\/uned-illesbalears.net\/ca\/wp-json\/wp\/v2\/pages"}],"about":[{"href":"https:\/\/uned-illesbalears.net\/ca\/wp-json\/wp\/v2\/types\/page"}],"author":[{"embeddable":true,"href":"https:\/\/uned-illesbalears.net\/ca\/wp-json\/wp\/v2\/users\/1"}],"replies":[{"embeddable":true,"href":"https:\/\/uned-illesbalears.net\/ca\/wp-json\/wp\/v2\/comments?post=1376"}],"version-history":[{"count":0,"href":"https:\/\/uned-illesbalears.net\/ca\/wp-json\/wp\/v2\/pages\/1376\/revisions"}],"up":[{"embeddable":true,"href":"https:\/\/uned-illesbalears.net\/ca\/wp-json\/wp\/v2\/pages\/1372"}],"wp:attachment":[{"href":"https:\/\/uned-illesbalears.net\/ca\/wp-json\/wp\/v2\/media?parent=1376"}],"curies":[{"name":"wp","href":"https:\/\/api.w.org\/{rel}","templated":true}]}}