{"id":1372,"date":"2013-09-01T16:21:55","date_gmt":"2013-09-01T16:21:55","guid":{"rendered":"https:\/\/uned-illesbalears.net\/?page_id=1372"},"modified":"2019-07-31T10:47:22","modified_gmt":"2019-07-31T08:47:22","slug":"biblioteca","status":"publish","type":"page","link":"https:\/\/uned-illesbalears.net\/ca\/servicios\/biblioteca\/","title":{"rendered":"Biblioteca"},"content":{"rendered":"<h3>LOCALITZACI\u00d3<\/h3>\n<p>Edifici Guillem Mesquida, Cam\u00ed Roig s\/n, planta baixa, 07009 Pol\u00edgon Son Castell\u00f3. Palma.<\/p>\n<p>Tel\u00e9fon 971 434546; Fax 971 434547; e-mail: biblioteca@palma.uned.es<\/p>\n<p>Transport p\u00fablic: Autobus EMT, L\u00ednea 11; Metro: aturada Gran V\u00eda Asima\u00a0\u00a0<span style=\"color: #008000;\"><a title=\"Ver plano centro en Mallorca\" href=\"https:\/\/uned-illesbalears.net\/esp1\/plano_mallorca.html\"><span style=\"color: #008000;\">(veure pl\u00e0nol)<\/span><\/a><\/span><\/p>\n<h3>HORARIS<\/h3>\n<p>La Biblioteca del Centre a Palma obre de dilluns a divendres de 9:00 a 13:00 i de 16.30 a 21.00 h. Pr\u00e9stecs i devolucions de 16.30 a 20.00 h. Tamb\u00e9 es pot demanar pr\u00e9stec per e-mail: biblioteca@palma.uned.es (de dilluns a divendres). Els dissabtes de 9.00 a 13.30 tamb\u00e9 est\u00e0 oberta, per\u00f2 sense servei de pr\u00e9stecs i devolucions.<\/p>\n<h6><span style=\"color: #008000;\"><a style=\"color: #008000;\" href=\"https:\/\/uned-illesbalears.net\/wp-content\/uploads\/2019\/06\/REGLAMENTO-DE-LA-BIBLIOTECA-UNED-1.pdf\" class=\"mtli_attachment mtli_pdf\">REGLAMENTO DE LA BIBLIOTECA UNED<\/a><\/span><\/h6>\n<p>&nbsp;<\/p>\n<p>&nbsp;<\/p>\n","protected":false},"excerpt":{"rendered":"<p>LOCALITZACI\u00d3 Edifici Guillem Mesquida, Cam\u00ed Roig s\/n, planta baixa, 07009 Pol\u00edgon Son Castell\u00f3. Palma. Tel\u00e9fon 971 434546; Fax 971 434547; e-mail: biblioteca@palma.uned.es Transport p\u00fablic: Autobus EMT, L\u00ednea 11; Metro: aturada Gran V\u00eda Asima\u00a0\u00a0(veure pl\u00e0nol) HORARIS La Biblioteca del Centre a Palma obre de dilluns a divendres de 9:00 a 13:00 i de 16.30 a 21.00 [&hellip;]<\/p>\n","protected":false},"author":1,"featured_media":0,"parent":1367,"menu_order":0,"comment_status":"closed","ping_status":"closed","template":"","meta":{"_acf_changed":false,"footnotes":""},"acf":[],"_links":{"self":[{"href":"https:\/\/uned-illesbalears.net\/ca\/wp-json\/wp\/v2\/pages\/1372"}],"collection":[{"href":"https:\/\/uned-illesbalears.net\/ca\/wp-json\/wp\/v2\/pages"}],"about":[{"href":"https:\/\/uned-illesbalears.net\/ca\/wp-json\/wp\/v2\/types\/page"}],"author":[{"embeddable":true,"href":"https:\/\/uned-illesbalears.net\/ca\/wp-json\/wp\/v2\/users\/1"}],"replies":[{"embeddable":true,"href":"https:\/\/uned-illesbalears.net\/ca\/wp-json\/wp\/v2\/comments?post=1372"}],"version-history":[{"count":5,"href":"https:\/\/uned-illesbalears.net\/ca\/wp-json\/wp\/v2\/pages\/1372\/revisions"}],"predecessor-version":[{"id":131448,"href":"https:\/\/uned-illesbalears.net\/ca\/wp-json\/wp\/v2\/pages\/1372\/revisions\/131448"}],"up":[{"embeddable":true,"href":"https:\/\/uned-illesbalears.net\/ca\/wp-json\/wp\/v2\/pages\/1367"}],"wp:attachment":[{"href":"https:\/\/uned-illesbalears.net\/ca\/wp-json\/wp\/v2\/media?parent=1372"}],"curies":[{"name":"wp","href":"https:\/\/api.w.org\/{rel}","templated":true}]}}