{"id":1371,"date":"2013-09-01T16:20:15","date_gmt":"2013-09-01T16:20:15","guid":{"rendered":"https:\/\/uned-illesbalears.net\/?page_id=1371"},"modified":"2013-09-01T16:20:15","modified_gmt":"2013-09-01T16:20:15","slug":"acces-45-menorca","status":"publish","type":"page","link":"https:\/\/uned-illesbalears.net\/ca\/recursos-para-estudiantes\/classes-de-tutoria\/menorca-clases-tutorias\/acces-45-menorca\/","title":{"rendered":"Acc\u00e9s 45 Menorca"},"content":{"rendered":"<h5><b><b>HORARIOS\/ HORARIS\u00a0<\/b><\/b><b><b>(2013\/2014)<\/b><\/b><\/h5>\n<h5><b>MENORCA<\/b><\/h5>\n<h5><b>CURSO MAYORES 45 A\u00d1OS <\/b><\/h5>\n<h5><b>CURS \u00a0MAJORS 45 ANYS<\/b><\/h5>\n<table width=\"697\" border=\"0\" cellspacing=\"0\" cellpadding=\"0\">\n<tbody>\n<tr>\n<td valign=\"top\" width=\"196\">\n<h6 align=\"center\"><b>Materia \/ Mat\u00e8ria<\/b><\/h6>\n<\/td>\n<td valign=\"top\" width=\"95\">\n<h6 align=\"center\"><b>Profesorado<\/b><\/h6>\n<h6 align=\"center\"><b>Professorat<\/b><\/h6>\n<\/td>\n<td valign=\"top\" width=\"123\">\n<h6 align=\"center\"><b>D\u00eda \/ Dia<\/b><\/h6>\n<\/td>\n<td valign=\"top\" width=\"57\">\n<h6 align=\"center\"><b>Hora<\/b><\/h6>\n<\/td>\n<td valign=\"top\" width=\"47\">\n<h6 align=\"center\"><b>Aula<\/b><\/h6>\n<\/td>\n<td valign=\"top\" width=\"180\">\n<h6 align=\"center\"><b>\u00a0 \u00a0Sala Web<\/b><\/h6>\n<\/td>\n<\/tr>\n<tr>\n<td valign=\"top\" width=\"196\">LENGUA ESPA\u00d1OLA\/LLENGUA ESPANOLA<\/td>\n<td valign=\"top\" width=\"95\">\n<p align=\"center\">E. Pons<\/p>\n<\/td>\n<td valign=\"top\" width=\"123\">\n<p align=\"center\">Martes\/Dimarts<\/p>\n<p align=\"center\">Jueves\/Dijous<\/p>\n<\/td>\n<td valign=\"top\" width=\"57\">\n<p align=\"center\">18,30<\/p>\n<\/td>\n<td valign=\"top\" width=\"47\">\n<p align=\"center\">*<\/p>\n<\/td>\n<td valign=\"top\" width=\"180\">\n<p align=\"center\">Sala<\/p>\n<p align=\"center\">Menorca-Curso de Acceso1<\/p>\n<\/td>\n<\/tr>\n<tr>\n<td valign=\"top\" width=\"196\">COMENTARIO DE TEXTO\/ COMENTARI DE TEXT<\/td>\n<td valign=\"top\" width=\"95\">\n<p align=\"center\">E. Pons<\/p>\n<\/td>\n<td valign=\"top\" width=\"123\">\n<p align=\"center\">Jueves\/Dijous<\/p>\n<\/td>\n<td valign=\"top\" width=\"57\">\n<p align=\"center\">17,30<\/p>\n<\/td>\n<td valign=\"top\" width=\"47\">\n<p align=\"center\">*<\/p>\n<\/td>\n<td valign=\"top\" width=\"180\">\n<p align=\"center\">Sala<\/p>\n<p align=\"center\">Menorca-Curso de Acceso1<\/p>\n<\/td>\n<\/tr>\n<\/tbody>\n<\/table>\n<p>* Aula por determinar seg\u00fan n\u00famero de alumnos. Aula per determinar segons n\u00famero d\u2019alumnes<\/p>\n","protected":false},"excerpt":{"rendered":"<p>HORARIOS\/ HORARIS\u00a0(2013\/2014) MENORCA CURSO MAYORES 45 A\u00d1OS CURS \u00a0MAJORS 45 ANYS Materia \/ Mat\u00e8ria Profesorado Professorat D\u00eda \/ Dia Hora Aula \u00a0 \u00a0Sala Web LENGUA ESPA\u00d1OLA\/LLENGUA ESPANOLA E. Pons Martes\/Dimarts Jueves\/Dijous 18,30 * Sala Menorca-Curso de Acceso1 COMENTARIO DE TEXTO\/ COMENTARI DE TEXT E. Pons Jueves\/Dijous 17,30 * Sala Menorca-Curso de Acceso1 * Aula por [&hellip;]<\/p>\n","protected":false},"author":1,"featured_media":0,"parent":1358,"menu_order":0,"comment_status":"closed","ping_status":"closed","template":"","meta":{"_acf_changed":false,"footnotes":""},"acf":[],"_links":{"self":[{"href":"https:\/\/uned-illesbalears.net\/ca\/wp-json\/wp\/v2\/pages\/1371"}],"collection":[{"href":"https:\/\/uned-illesbalears.net\/ca\/wp-json\/wp\/v2\/pages"}],"about":[{"href":"https:\/\/uned-illesbalears.net\/ca\/wp-json\/wp\/v2\/types\/page"}],"author":[{"embeddable":true,"href":"https:\/\/uned-illesbalears.net\/ca\/wp-json\/wp\/v2\/users\/1"}],"replies":[{"embeddable":true,"href":"https:\/\/uned-illesbalears.net\/ca\/wp-json\/wp\/v2\/comments?post=1371"}],"version-history":[{"count":0,"href":"https:\/\/uned-illesbalears.net\/ca\/wp-json\/wp\/v2\/pages\/1371\/revisions"}],"up":[{"embeddable":true,"href":"https:\/\/uned-illesbalears.net\/ca\/wp-json\/wp\/v2\/pages\/1358"}],"wp:attachment":[{"href":"https:\/\/uned-illesbalears.net\/ca\/wp-json\/wp\/v2\/media?parent=1371"}],"curies":[{"name":"wp","href":"https:\/\/api.w.org\/{rel}","templated":true}]}}