{"id":1368,"date":"2013-09-01T16:18:45","date_gmt":"2013-09-01T16:18:45","guid":{"rendered":"https:\/\/uned-illesbalears.net\/?page_id=1368"},"modified":"2014-10-18T20:09:19","modified_gmt":"2014-10-18T20:09:19","slug":"serveis-a-internet","status":"publish","type":"page","link":"https:\/\/uned-illesbalears.net\/ca\/servicios\/biblioteca\/serveis-a-internet\/","title":{"rendered":"Serveis a Internet"},"content":{"rendered":"<ul>\n<li><a href=\"http:\/\/biblio15.uned.es\/uhtbin\/cgisirsi\/UNED\/sirsi\/0\/29\/63\/X\/1?user-id=WEBSERVER\">Consulta de documents<\/a><\/li>\n<li><a title=\"Formulario solicitar el alta o renovaci\u00f3n usuario\" href=\"http:\/\/www.uned.es\/biblioteca\/altas_baleares.htm\">Formulari per sol\u00b7licitar l&#8217;alta o renovaci\u00f3 com a usuari<\/a><\/li>\n<li><a href=\"http:\/\/info.uned.es\/biblioteca\/reservaspal.htm\">Reserva de documents<\/a><\/li>\n<li><a href=\"http:\/\/biblio15.uned.es\/uhtbin\/cgisirsi\/sirsi\/UNED\/0\/29\/65\/X\/3?user-id=WEBSERVER\">Renova els tus pr\u00e8stecs<\/a><\/li>\n<li><a href=\"http:\/\/biblio15.uned.es\/uhtbin\/cgisirsi\/UNED\/sirsi\/0\/29\/64\/X\/2?user-id=WEBSERVER\">Canvi de NIP<\/a><\/li>\n<\/ul>\n<p>&nbsp;<\/p>\n<ul>\n<li><a href=\"http:\/\/portal.uned.es\/portal\/page?_pageid=93,511981&amp;_dad=portal&amp;_schema=PORTAL\">Bases de dades<\/a><\/li>\n<li><a href=\"http:\/\/portal.uned.es\/portal\/page?_pageid=93,1142926&amp;_dad=portal&amp;_schema=PORTAL\">Llibres electr\u00f2nics<\/a><\/li>\n<li><a href=\"http:\/\/portal.uned.es\/portal\/page?_pageid=93,511978&amp;_dad=portal&amp;_schema=PORTAL\">Revistes electr\u00f2niques<\/a><\/li>\n<li><a href=\"http:\/\/portal.uned.es\/portal\/page?_pageid=93,535060&amp;_dad=portal&amp;_schema=PORTAL\">Tesis doctorals<\/a><\/li>\n<li><a href=\"http:\/\/e-spacio.uned.es\/fez\/index.php\">Respositori digital<\/a><\/li>\n<\/ul>\n<p>&nbsp;<\/p>\n<ul>\n<li><a href=\"http:\/\/www.caib.es\/sacmicrofront\/contenido.do?idsite=182&amp;cont=4954\">Recursos a Balears<\/a><\/li>\n<li><a href=\"http:\/\/www.bne.es\/es\/Inicio\/index.html\">Biblioteca Nacional de Espa\u00f1a<\/a><\/li>\n<li><a href=\"http:\/\/www.canaluned.com\/\">Canal UNED<\/a><\/li>\n<li><a href=\"http:\/\/www.teleuned.com\/\">Tele UNED<\/a><\/li>\n<li><a href=\"http:\/\/www.prensaescrita.com\/\">Premsa escrita<\/a> (Nacional i estrangera)<\/li>\n<\/ul>\n","protected":false},"excerpt":{"rendered":"<p>Consulta de documents Formulari per sol\u00b7licitar l&#8217;alta o renovaci\u00f3 com a usuari Reserva de documents Renova els tus pr\u00e8stecs Canvi de NIP &nbsp; Bases de dades Llibres electr\u00f2nics Revistes electr\u00f2niques Tesis doctorals Respositori digital &nbsp; Recursos a Balears Biblioteca Nacional de Espa\u00f1a Canal UNED Tele UNED Premsa escrita (Nacional i estrangera)<\/p>\n","protected":false},"author":1,"featured_media":0,"parent":1372,"menu_order":0,"comment_status":"closed","ping_status":"open","template":"","meta":{"_acf_changed":false,"footnotes":""},"acf":[],"_links":{"self":[{"href":"https:\/\/uned-illesbalears.net\/ca\/wp-json\/wp\/v2\/pages\/1368"}],"collection":[{"href":"https:\/\/uned-illesbalears.net\/ca\/wp-json\/wp\/v2\/pages"}],"about":[{"href":"https:\/\/uned-illesbalears.net\/ca\/wp-json\/wp\/v2\/types\/page"}],"author":[{"embeddable":true,"href":"https:\/\/uned-illesbalears.net\/ca\/wp-json\/wp\/v2\/users\/1"}],"replies":[{"embeddable":true,"href":"https:\/\/uned-illesbalears.net\/ca\/wp-json\/wp\/v2\/comments?post=1368"}],"version-history":[{"count":0,"href":"https:\/\/uned-illesbalears.net\/ca\/wp-json\/wp\/v2\/pages\/1368\/revisions"}],"up":[{"embeddable":true,"href":"https:\/\/uned-illesbalears.net\/ca\/wp-json\/wp\/v2\/pages\/1372"}],"wp:attachment":[{"href":"https:\/\/uned-illesbalears.net\/ca\/wp-json\/wp\/v2\/media?parent=1368"}],"curies":[{"name":"wp","href":"https:\/\/api.w.org\/{rel}","templated":true}]}}