{"id":1366,"date":"2013-08-25T15:34:02","date_gmt":"2013-08-25T15:34:02","guid":{"rendered":"https:\/\/uned-illesbalears.net\/seguridad-2\/"},"modified":"2015-01-25T20:37:01","modified_gmt":"2015-01-25T20:37:01","slug":"politica-privacidad","status":"publish","type":"page","link":"https:\/\/uned-illesbalears.net\/ca\/politica-privacidad\/","title":{"rendered":"Pol\u00edtica de privacitat"},"content":{"rendered":"<p align=\"center\"><b>POL\u00cdTICA DE PRIVACIDAD<\/b><\/p>\n<p align=\"center\"><b>I. POL\u00cdTICA DE PRIVACIDAD<\/b><\/p>\n<p>El Centro Asociado de la UNED en Les Illes Balears (en adelante UNED-Illes Balears) est\u00e1 especialmente sensibilizada en la protecci\u00f3n de los datos personales de los Usuarios, de los servicios a los que se accede a trav\u00e9s de su Web. Mediante la presente Pol\u00edtica de Privacidad la UNED-Illes Balears informa a los Usuarios del sitio www.uned-illesbalears.net \u00a0del tratamiento y usos a los que se someten los datos de car\u00e1cter personal que se recaban en la Web, con el fin de que decidan, libre y voluntariamente, si desean facilitar la informaci\u00f3n solicitada.<\/p>\n<p>La UNED-Illes Balears se reserva la facultad de modificar esta Pol\u00edtica con el objeto de adaptarla a novedades legislativas, criterios jurisprudenciales, pr\u00e1cticas del sector, o intereses de la entidad. Cualquier modificaci\u00f3n en la misma ser\u00e1 anunciada con la debida antelaci\u00f3n, a fin de que el Usuario tenga perfecto conocimiento de su contenido. Ciertos servicios prestados en el portal pueden contener condiciones particulares con previsiones espec\u00edficas en materia de protecci\u00f3n de datos personales, pudiendo informarse en los correspondientes apartados.<\/p>\n<p align=\"center\"><b>II. TITULARIDAD DEL TRATAMIENTO<\/b><\/p>\n<p>Los datos de car\u00e1cter personal que puedan ser suministrados a trav\u00e9s del sitio Web ser\u00e1n incorporados a ficheros titularidad de la UNED-Illes Balears, debidamente inscritos en el Registro General de Protecci\u00f3n de Datos.<\/p>\n<p align=\"center\"><b>III. CONSENTIMIENTO DEL USUARIO<\/b><\/p>\n<p>Mediante la presente pol\u00edtica el Usuario manifiesta que conoce, consiente y autoriza expresamente la incorporaci\u00f3n de sus datos de car\u00e1cter personal al tratamiento de sus datos con los fines expresados.<\/p>\n<p align=\"center\"><b>IV. USOS Y FINALIDADES<\/b><\/p>\n<p>\u00a0La finalidad de la recogida y tratamiento de los datos personales es la gesti\u00f3n, prestaci\u00f3n y personalizaci\u00f3n de los servicios y contenidos del mismo que el Usuario utilice.<\/p>\n<p align=\"center\"><b>V. COMUNICACI\u00d3N DE LOS DATOS<\/b><\/p>\n<p>Los datos recabados a trav\u00e9s de la Web s\u00f3lo ser\u00e1n cedidos en aquellos casos en que expresamente se informe de ello al Usuario.<\/p>\n<p align=\"center\"><b>VI. SEGURIDAD DE LOS DATOS Y UTILIZACI\u00d3N DE COOKIES<\/b><\/p>\n<p>La UNED-Illes Balears adopta las medidas de seguridad, seg\u00fan lo dispuesto en los art\u00edculos 89 a 114 del Real Decreto 1720\/2007, de 21 de diciembre, por el que se aprueba el Reglamento de desarrollo de la Ley Org\u00e1nica 15\/1999, de 13 de diciembre, de protecci\u00f3n de datos de car\u00e1cter personal (RLOPD). Asimismo adopta la medidas, t\u00e9cnicas y organizativas, que garanticen la seguridad de los datos de car\u00e1cter personal y evitan su alteraci\u00f3n, p\u00e9rdida, tratamiento o acceso no autorizado.<\/p>\n<p>La UNED-Illes Balears puede emplear cookies cuando el Usuario navega por su p\u00e1gina Web, que son activadas desde el servidor. \u00a0Las cookies son peque\u00f1os ficheros de datos que se alojan en el terminal de la UNED-Illes Balears y que contienen cierta informaci\u00f3n de la visita al sitio Web. La UNED-Illes Balears puede utilizar cookies \u00fanicamente con el fin de facilitar la navegaci\u00f3n de los Usuarios y sin que en ning\u00fan caso sea posible asociar tales cookies a los datos personales concretos de los Usuarios ni identificar a \u00e9stos a trav\u00e9s de aqu\u00e9llas.<\/p>\n<p>Los Usuarios tienen, no obstante, la posibilidad, existente en la mayor\u00eda de navegadores Web, de desactivar o eliminar estas cookies.<\/p>\n<p><b>C\u00f3mo modificar la configuraci\u00f3n de las cookies<\/b><\/p>\n<p>Usted puede restringir, bloquear o borrar las cookies de la Universidad Nacional de Educaci\u00f3n a Distancia o cualquier otra p\u00e1gina web, utilizando su navegador. En cada navegador la operativa es diferente, la funci\u00f3n de &#8216;Ayuda&#8221; le mostrar\u00e1 c\u00f3mo hacerlo.<\/p>\n<p>&#8211;\u00a0\u00a0\u00a0\u00a0\u00a0\u00a0\u00a0\u00a0\u00a0 <b>Internet Explorer:<\/b>\u00a0<a href=\"http:\/\/windows.microsoft.com\/es-xl\/internet-explorer\/delete-manage-cookies#ie=ie-10\">windows.microsoft.com\/es-xl\/internet-explorer\/delete-manage-cookies#ie=&#8221;ie-10&#8243;<\/a><\/p>\n<p>&#8211;\u00a0\u00a0\u00a0\u00a0\u00a0\u00a0\u00a0\u00a0\u00a0 <b>FireFox:<\/b>\u00a0<a href=\"https:\/\/support.mozilla.org\/es\/kb\/Borrar%20cookies\">support.mozilla.org\/es\/kb\/Borrar%20cookies<\/a><\/p>\n<p>&#8211;\u00a0\u00a0\u00a0\u00a0\u00a0\u00a0\u00a0\u00a0\u00a0 <b>Chrome:<\/b>\u00a0<a href=\"https:\/\/support.google.com\/chrome\/answer\/95647?hl=es\">support.google.com\/chrome\/answer\/95647?hl=&#8221;es&#8221;<\/a><\/p>\n<p>&#8211;\u00a0\u00a0\u00a0\u00a0\u00a0\u00a0\u00a0\u00a0\u00a0 <b>Safari:<\/b>\u00a0<a href=\"http:\/\/www.apple.com\/es\/privacy\/use-of-cookies\/\">www.apple.com\/es\/privacy\/use-of-cookies\/<\/a><\/p>\n<p>&nbsp;<\/p>\n<p align=\"center\"><b>VII. DERECHOS DE LOS USUARIOS<\/b><\/p>\n<p>De conformidad con la Ley Org\u00e1nica 15\/1999, de 13 de diciembre de Protecci\u00f3n de Datos de Car\u00e1cter Personal, el Usuario podr\u00e1 ejercitar, en cualquier momento, los derechos de acceso, rectificaci\u00f3n, cancelaci\u00f3n u oposici\u00f3n, enviando un escrito, acompa\u00f1ado de una fotocopia su DNI, a la siguiente direcci\u00f3n: Centro UNED Illes Balears, Cam\u00ed Roig s\/n, 07009 Palma de Mallorca.<\/p>\n","protected":false},"excerpt":{"rendered":"<p>POL\u00cdTICA DE PRIVACIDAD I. POL\u00cdTICA DE PRIVACIDAD El Centro Asociado de la UNED en Les Illes Balears (en adelante UNED-Illes Balears) est\u00e1 especialmente sensibilizada en la protecci\u00f3n de los datos personales de los Usuarios, de los servicios a los que se accede a trav\u00e9s de su Web. Mediante la presente Pol\u00edtica de Privacidad la UNED-Illes [&hellip;]<\/p>\n","protected":false},"author":1,"featured_media":0,"parent":0,"menu_order":0,"comment_status":"open","ping_status":"open","template":"","meta":{"_acf_changed":false,"footnotes":""},"acf":[],"_links":{"self":[{"href":"https:\/\/uned-illesbalears.net\/ca\/wp-json\/wp\/v2\/pages\/1366"}],"collection":[{"href":"https:\/\/uned-illesbalears.net\/ca\/wp-json\/wp\/v2\/pages"}],"about":[{"href":"https:\/\/uned-illesbalears.net\/ca\/wp-json\/wp\/v2\/types\/page"}],"author":[{"embeddable":true,"href":"https:\/\/uned-illesbalears.net\/ca\/wp-json\/wp\/v2\/users\/1"}],"replies":[{"embeddable":true,"href":"https:\/\/uned-illesbalears.net\/ca\/wp-json\/wp\/v2\/comments?post=1366"}],"version-history":[{"count":0,"href":"https:\/\/uned-illesbalears.net\/ca\/wp-json\/wp\/v2\/pages\/1366\/revisions"}],"wp:attachment":[{"href":"https:\/\/uned-illesbalears.net\/ca\/wp-json\/wp\/v2\/media?parent=1366"}],"curies":[{"name":"wp","href":"https:\/\/api.w.org\/{rel}","templated":true}]}}