{"id":1354,"date":"2013-08-27T14:39:55","date_gmt":"2013-08-27T14:39:55","guid":{"rendered":"https:\/\/uned-illesbalears.net\/recursos-para-estudiantes\/classes-de-tutoria\/classes-tutoria-a-mallorca\/sociologia\/"},"modified":"2025-07-26T21:56:57","modified_gmt":"2025-07-26T19:56:57","slug":"sociologia","status":"publish","type":"page","link":"https:\/\/uned-illesbalears.net\/ca\/recursos-para-estudiantes\/classes-de-tutoria\/clases-tutorias-en-mallorca\/sociologia\/","title":{"rendered":"Grado en Sociolog\u00eda\/Grau en Sociolog\u00eda"},"content":{"rendered":"<h4>RECURSOS<\/h4>\n<ul>\n<li>Compra de material en\u00a0<span style=\"color: #008000;\"><strong><a style=\"color: #008000;\" href=\"http:\/\/libreria.uned-illesbalears.net\/producto-categoria\/6902-grado-en-sociologia\/\">Librer\u00eda virtual<\/a><\/strong><\/span><\/li>\n<li><span style=\"color: #008000;\"><strong><a style=\"color: #008000;\" href=\"https:\/\/www.uned.es\/universidad\/inicio\/estudios\/grados\/grado-en-sociologia.html?idContenido=5\">Listado de asignaturas <\/a><\/strong><\/span><\/li>\n<li><a href=\"https:\/\/uned-illesbalears.net\/recursos-para-estudiantes\/clases-tutorias\/grabaciones-clases-tutorias-curso-2024-2025\/grado-en-sociologia\/primer-semestre\/\"><span style=\"color: #008000;\"><strong>Grabaciones (Primer cuatrimestre)<\/strong><\/span><\/a><\/li>\n<li><a href=\"https:\/\/uned-illesbalears.net\/recursos-para-estudiantes\/clases-tutorias\/grabaciones-clases-tutorias-curso-2024-2025\/grado-en-sociologia\/segundo-semestre\/\"><span style=\"color: #008000;\"><strong>Grabaciones (Segundo cuatrimestre)<\/strong><\/span><\/a><\/li>\n<\/ul>\n<h4>Horarios \/ Horaris (2025\/2026)<\/h4>\n<p>\n<table id=\"tablepress-293\" class=\"tablepress tablepress-id-293 tbody-has-connected-cells\">\n<tbody class=\"row-striping row-hover\">\n<tr class=\"row-1\">\n\t<td class=\"column-1\">Consultar los horarios en AkademosWeb<\/td><td class=\"column-2\"><\/td><td class=\"column-3\"><\/td><td class=\"column-4\"><\/td><td class=\"column-5\"><\/td><td class=\"column-6\"><\/td><td class=\"column-7\"><\/td><td class=\"column-8\"><\/td>\n<\/tr>\n<tr class=\"row-2\">\n\t<td class=\"column-1\"><a href=\"https:\/\/akademosweb.uned.es\/Default.aspx\">AkademosWeb<\/a><\/td><td class=\"column-2\"><\/td><td class=\"column-3\"><\/td><td class=\"column-4\"><\/td><td class=\"column-5\"><\/td><td class=\"column-6\"><\/td><td class=\"column-7\"><\/td><td class=\"column-8\"><\/td>\n<\/tr>\n<tr class=\"row-3\">\n\t<td class=\"column-1\"><\/td><td colspan=\"7\" class=\"column-2\"><h5>Primer curso\/curs - Primer cuatrimestre\/quadrimestre<\/h5><\/td>\n<\/tr>\n<tr class=\"row-4\">\n\t<td class=\"column-1\"><strong>C\u00f3digo\/Codi<\/strong><\/td><td class=\"column-2\"><strong>Asignaturas \/ Assignatures<\/strong><\/td><td class=\"column-3\"><strong>C\/Q<\/strong><\/td><td class=\"column-4\"><strong>Profesorado\/ Professorat<\/strong><\/td><td class=\"column-5\"><strong>D\u00eda\/Dia<\/strong><\/td><td class=\"column-6\"><strong>Hora<\/strong><\/td><td class=\"column-7\"><strong>Aula<\/strong><\/td><td class=\"column-8\"><strong>Sede<\/strong><\/td>\n<\/tr>\n<tr class=\"row-5\">\n\t<td class=\"column-1\">69011081<\/td><td class=\"column-2\">Introducci\u00f3n a la pol\u00edtica \/ Introducci\u00f3 a la pol\u00edtica<\/td><td class=\"column-3\">1<\/td><td class=\"column-4\">A. Oliver<\/td><td class=\"column-5\">Martes\/Dimarts<\/td><td class=\"column-6\">17.30<\/td><td class=\"column-7\">T. 1<\/td><td class=\"column-8\">Mallorca<\/td>\n<\/tr>\n<tr class=\"row-6\">\n\t<td class=\"column-1\">69901047<\/td><td class=\"column-2\">Introducci\u00f3n a la Econom\u00eda \/ Introducci\u00f3 a l\u2019Economia <br \/>\n(Com\u00fan Ciencia Pol\u00edtica\/Com\u00fa Ci\u00e8ncia Pol\u00edtica)<\/td><td class=\"column-3\">1<\/td><td class=\"column-4\">J. Far<\/td><td class=\"column-5\">Martes\/Dimarts<\/td><td class=\"column-6\">18.30<\/td><td class=\"column-7\">T. 7<\/td><td class=\"column-8\">Mallorca<\/td>\n<\/tr>\n<tr class=\"row-7\">\n\t<td class=\"column-1\">69021085<\/td><td class=\"column-2\">Fundamentos de sociolog\u00eda \/ Fonaments de sociologia<\/td><td class=\"column-3\">1<\/td><td class=\"column-4\">P. Lumbreras<\/td><td class=\"column-5\">Mi\u00e9rcoles\/Dimecres<\/td><td class=\"column-6\">17.30<\/td><td class=\"column-7\">A. 14<br \/>\n<\/td><td class=\"column-8\">Mallorca<\/td>\n<\/tr>\n<tr class=\"row-8\">\n\t<td class=\"column-1\">69021091<\/td><td class=\"column-2\">M\u00e9todos de investigaci\u00f3n social \/ M\u00e8todes de recerca social<\/td><td class=\"column-3\">1<\/td><td class=\"column-4\">P. Lumbreras<\/td><td class=\"column-5\">Mi\u00e9rcoles\/Dimecres<\/td><td class=\"column-6\">18.30<\/td><td class=\"column-7\">A. 14<\/td><td class=\"column-8\">Mallorca<\/td>\n<\/tr>\n<tr class=\"row-9\">\n\t<td class=\"column-1\">69011098<\/td><td class=\"column-2\">H\u00aa universal del siglo XX \/ H\u00aa universal del segle XX\t<\/td><td class=\"column-3\">1<\/td><td class=\"column-4\">D. \u00c1lvarez<\/td><td class=\"column-5\">Viernes\/Divendres<br \/>\n<br \/>\n<\/td><td class=\"column-6\">17.30<br \/>\n<\/td><td class=\"column-7\">A. 7<\/td><td class=\"column-8\">Ibiza\/Eivissa<\/td>\n<\/tr>\n<\/tbody>\n<\/table>\n<!-- #tablepress-293 from cache --><br \/>\n\n<table id=\"tablepress-294\" class=\"tablepress tablepress-id-294 tbody-has-connected-cells\">\n<tbody class=\"row-striping row-hover\">\n<tr class=\"row-1\">\n\t<td class=\"column-1\"><\/td><td colspan=\"7\" class=\"column-2\"><h5>Primer curso\/curs - Segundo cuatrimestre\/Segon quadrimestre<\/h5><\/td>\n<\/tr>\n<tr class=\"row-2\">\n\t<td class=\"column-1\"><strong>C\u00f3digo\/Codi<\/strong><\/td><td class=\"column-2\"><strong>Asignaturas \/ Assignatures<\/strong><\/td><td class=\"column-3\"><strong>C\/Q<\/strong><\/td><td class=\"column-4\"><strong>Profesorado\/ Professorat<\/strong><\/td><td class=\"column-5\"><strong>D\u00eda\/Dia<\/strong><\/td><td class=\"column-6\"><strong>Hora<\/strong><\/td><td class=\"column-7\"><strong>Aula<\/strong><\/td><td class=\"column-8\"><strong>Sede<\/strong><\/td>\n<\/tr>\n<tr class=\"row-3\">\n\t<td class=\"column-1\">69021145<\/td><td class=\"column-2\">Estrategias de la investigaci\u00f3n social \/ Estrat\u00e8gies de la investigaci\u00f3 social<\/td><td class=\"column-3\">2<\/td><td class=\"column-4\">P. Lumbreras<\/td><td class=\"column-5\">Mi\u00e9rcoles\/Dimescres<\/td><td class=\"column-6\">18.30<\/td><td class=\"column-7\">T. 8<\/td><td class=\"column-8\">Mallorca<\/td>\n<\/tr>\n<tr class=\"row-4\">\n\t<td class=\"column-1\">69021122<\/td><td class=\"column-2\">Fundamentos de estad\u00edstica social \/ Fonaments d'estad\u00edstica social (Com\u00fan Pol\u00edticas\/Com\u00fa Politiques)<\/td><td class=\"column-3\">2<\/td><td class=\"column-4\">P. Lumbreras<\/td><td class=\"column-5\">Mi\u00e9rcoles\/Dimecres<\/td><td class=\"column-6\">19.30<br \/>\n<\/td><td class=\"column-7\">T. 8<\/td><td class=\"column-8\">Mallorca<\/td>\n<\/tr>\n<tr class=\"row-5\">\n\t<td class=\"column-1\">69021116<\/td><td class=\"column-2\">Sistemas culturales en las sociedades contempor\u00e1neas \/ Sistemes culturals a les societats contempor\u00e0nies<\/td><td class=\"column-3\">2<\/td><td class=\"column-4\">R. del Olmo<\/td><td class=\"column-5\">Viernes\/Divendres<\/td><td class=\"column-6\">16.30<\/td><td class=\"column-7\">A. Inform\u00e1tica<\/td><td class=\"column-8\">Mallorca<\/td>\n<\/tr>\n<tr class=\"row-6\">\n\t<td class=\"column-1\">69021139<\/td><td class=\"column-2\">Fundamentos de sociolog\u00eda emp\u00edrica \/ Fonaments de sociologia emp\u00edrica<\/td><td class=\"column-3\">2<\/td><td class=\"column-4\">R. del Olmo<\/td><td class=\"column-5\">Viernes\/Divendres<\/td><td class=\"column-6\">17.30<\/td><td class=\"column-7\">A. Inform\u00e1tica<\/td><td class=\"column-8\">Mallorca<\/td>\n<\/tr>\n<tr class=\"row-7\">\n\t<td class=\"column-1\">6902110-<\/td><td class=\"column-2\">\u00c1nalisis de la realidad social \/ An\u00e0lisi de la realitat social<\/td><td class=\"column-3\">2<\/td><td class=\"column-4\">R. del Olmo<\/td><td class=\"column-5\">Viernes\/Divendres<\/td><td class=\"column-6\">18.30<\/td><td class=\"column-7\">A. Inform\u00e1tica<\/td><td class=\"column-8\">Mallorca<\/td>\n<\/tr>\n<\/tbody>\n<\/table>\n<!-- #tablepress-294 from cache --><br \/>\n\n<table id=\"tablepress-295\" class=\"tablepress tablepress-id-295 tbody-has-connected-cells\">\n<tbody class=\"row-striping row-hover\">\n<tr class=\"row-1\">\n\t<td class=\"column-1\"><\/td><td colspan=\"7\" class=\"column-2\"><h5>Segundo curso\/Segon curs - Primer cuatrimestre\/quadrimestre<\/h5><\/td>\n<\/tr>\n<tr class=\"row-2\">\n\t<td class=\"column-1\"><strong>C\u00f3digo\/Codi<\/strong><\/td><td class=\"column-2\"><strong>Asignaturas \/ Assignatures<\/strong><\/td><td class=\"column-3\"><strong>C\/Q<\/strong><\/td><td class=\"column-4\"><strong>Profesorado\/ Professorat<\/strong><\/td><td class=\"column-5\"><strong>D\u00eda\/Dia<\/strong><\/td><td class=\"column-6\"><strong>Hora<\/strong><\/td><td class=\"column-7\"><strong>Aula<\/strong><\/td><td class=\"column-8\"><strong>Sede<\/strong><\/td>\n<\/tr>\n<tr class=\"row-3\">\n\t<td class=\"column-1\">6902208-<\/td><td class=\"column-2\">Estructura econ\u00f3mica \/ Estructura econ\u00f2mica<br \/>\n<br \/>\n<\/td><td class=\"column-3\">1<\/td><td class=\"column-4\">J. Far<\/td><td class=\"column-5\">Martes\/Dimarts<\/td><td class=\"column-6\">17.30<\/td><td class=\"column-7\">T. 7<\/td><td class=\"column-8\">Mallorca<\/td>\n<\/tr>\n<tr class=\"row-4\">\n\t<td class=\"column-1\">69022104<\/td><td class=\"column-2\">Estratificaci\u00f3n Social en las sociedades contempor\u00e1neas \/<br \/>\nEstratificaci\u00f3 social en les societats contempor\u00e0nies<br \/>\n<\/td><td class=\"column-3\">1<\/td><td class=\"column-4\">G. Graciette<\/td><td class=\"column-5\">Martes\/Dimarts<\/td><td class=\"column-6\">18.30<\/td><td class=\"column-7\">T. 10<\/td><td class=\"column-8\">Mallorca<\/td>\n<\/tr>\n<tr class=\"row-5\">\n\t<td class=\"column-1\">69022073<\/td><td class=\"column-2\">Historia de la ideas pol\u00edticas \/ Hist\u00f2ria de les idees pol\u00edtiques<br \/>\n<\/td><td class=\"column-3\">1<\/td><td class=\"column-4\">A. Oliver<\/td><td class=\"column-5\">Jueves\/Dijous<\/td><td class=\"column-6\">16.30<\/td><td class=\"column-7\">T. 1<\/td><td class=\"column-8\">Mallorca<\/td>\n<\/tr>\n<tr class=\"row-6\">\n\t<td class=\"column-1\">69022127<\/td><td class=\"column-2\">Econom\u00eda y sociedad \/ Economia i societat<\/td><td class=\"column-3\">1<\/td><td class=\"column-4\">CAMPUS<\/td><td class=\"column-5\">Jueves\/Dijous<\/td><td class=\"column-6\">18.30<\/td><td class=\"column-7\">T. 5<\/td><td class=\"column-8\">Mallorca<\/td>\n<\/tr>\n<tr class=\"row-7\">\n\t<td class=\"column-1\">69902029<\/td><td class=\"column-2\">Ecolog\u00eda I: Medio ambiente y sociedad \/ <br \/>\nEcologia I: Medi ambient i societat<\/td><td class=\"column-3\">1<\/td><td class=\"column-4\">F. Gonz\u00e1lez<\/td><td class=\"column-5\"><\/td><td class=\"column-6\"><\/td><td class=\"column-7\"><\/td><td class=\"column-8\"><\/td>\n<\/tr>\n<tr class=\"row-8\">\n\t<td class=\"column-1\">69022110<\/td><td class=\"column-2\">Teor\u00eda sociol\u00f3gica Cl\u00e1sica \/ <br \/>\nTeoria sociol\u00f2gica Cl\u00e0ssica<\/td><td class=\"column-3\">1<\/td><td class=\"column-4\">CAMPUS<\/td><td class=\"column-5\"><\/td><td class=\"column-6\"><\/td><td class=\"column-7\"><\/td><td class=\"column-8\"><\/td>\n<\/tr>\n<tr class=\"row-9\">\n\t<td class=\"column-1\">69022133<\/td><td class=\"column-2\">Sociedad y medio ambiente\/Societat i medi ambient<\/td><td class=\"column-3\">1<\/td><td class=\"column-4\">G. Graciette<\/td><td class=\"column-5\"><\/td><td class=\"column-6\"><\/td><td class=\"column-7\"><\/td><td class=\"column-8\"><\/td>\n<\/tr>\n<\/tbody>\n<\/table>\n<!-- #tablepress-295 from cache --><br \/>\n\n<table id=\"tablepress-296\" class=\"tablepress tablepress-id-296 tbody-has-connected-cells\">\n<tbody class=\"row-striping row-hover\">\n<tr class=\"row-1\">\n\t<td class=\"column-1\"><\/td><td colspan=\"7\" class=\"column-2\"><h5>Segundo curso\/Segon curs - Segundo Cuatrimestre\/Segon quadrimestre<\/h5><\/td>\n<\/tr>\n<tr class=\"row-2\">\n\t<td class=\"column-1\"><strong>C\u00f3digo\/Codi<\/strong><\/td><td class=\"column-2\"><strong>Asignaturas \/ Assignatures<\/strong><\/td><td class=\"column-3\"><strong>C\/Q<\/strong><\/td><td class=\"column-4\"><strong>Profesorado\/ Professorat<\/strong><\/td><td class=\"column-5\"><strong>D\u00eda\/Dia<\/strong><\/td><td class=\"column-6\"><strong>Hora<\/strong><\/td><td class=\"column-7\"><strong>Aula<\/strong><\/td><td class=\"column-8\"><strong>Sede<\/strong><\/td>\n<\/tr>\n<tr class=\"row-3\">\n\t<td class=\"column-1\">69022050<\/td><td class=\"column-2\">Teor\u00eda sociol\u00f3gica II: Moderna \/ <br \/>\nTeoria sociol\u00f2gica II: Moderna<\/td><td class=\"column-3\">2<\/td><td class=\"column-4\">G. Graciette<\/td><td class=\"column-5\">Martes\/Dimarts<\/td><td class=\"column-6\">18.30<\/td><td class=\"column-7\">T. 9<\/td><td class=\"column-8\">Mallorca<\/td>\n<\/tr>\n<tr class=\"row-4\">\n\t<td class=\"column-1\">69022096<\/td><td class=\"column-2\">Estructura social contempor\u00e1nea II \/<br \/>\nEstructura social contempor\u00e0nia II<\/td><td class=\"column-3\">2<\/td><td class=\"column-4\">P. Lumbreras<\/td><td class=\"column-5\">Mi\u00e9rcoles\/Dimecres<\/td><td class=\"column-6\">17.30<\/td><td class=\"column-7\">T. 8<\/td><td class=\"column-8\">Mallorca<\/td>\n<\/tr>\n<tr class=\"row-5\">\n\t<td class=\"column-1\">69022021<\/td><td class=\"column-2\">Psicolog\u00eda Social (Sociolog\u00eda\/Antropolog\u00eda)<\/td><td class=\"column-3\">2<\/td><td class=\"column-4\">A. Gornals<\/td><td class=\"column-5\">Jueves\/Dijous<\/td><td class=\"column-6\">19.30<\/td><td class=\"column-7\">T. 5<\/td><td class=\"column-8\">Mallorca<\/td>\n<\/tr>\n<tr class=\"row-6\">\n\t<td class=\"column-1\">69022038<\/td><td class=\"column-2\">Estad\u00edstica Aplicada a las Ciencias Sociales II \/ Estad\u00edstica Aplicada a les Ci\u00e8ncies Socials II<\/td><td class=\"column-3\">2<\/td><td class=\"column-4\">CAMPUS<\/td><td class=\"column-5\"><\/td><td class=\"column-6\"><\/td><td class=\"column-7\"><\/td><td class=\"column-8\"><\/td>\n<\/tr>\n<tr class=\"row-7\">\n\t<td class=\"column-1\">69022044<\/td><td class=\"column-2\">Ecolog\u00eda II: Ecolog\u00eda humana \/<br \/>\nEcologia II: Ecologia humana<\/td><td class=\"column-3\">2<\/td><td class=\"column-4\">CAMPUS<\/td><td class=\"column-5\"><\/td><td class=\"column-6\"><\/td><td class=\"column-7\"><\/td><td class=\"column-8\"><\/td>\n<\/tr>\n<\/tbody>\n<\/table>\n<!-- #tablepress-296 from cache --><br \/>\n\n<table id=\"tablepress-297\" class=\"tablepress tablepress-id-297 tbody-has-connected-cells\">\n<tbody class=\"row-striping row-hover\">\n<tr class=\"row-1\">\n\t<td class=\"column-1\"><\/td><td colspan=\"7\" class=\"column-2\"><h5>Tercer curso \/ curs - Primer Cuatrimestre\/quatrimestre<\/h5><\/td>\n<\/tr>\n<tr class=\"row-2\">\n\t<td class=\"column-1\"><strong>C\u00f3digo\/Codi<\/strong><\/td><td class=\"column-2\"><strong>Asignaturas \/ Assignatures<\/strong><\/td><td class=\"column-3\"><strong>C\/Q<\/strong><\/td><td class=\"column-4\"><strong>Profesorado\/ Professorat<\/strong><\/td><td class=\"column-5\"><strong>D\u00eda\/Dia<\/strong><\/td><td class=\"column-6\"><strong>Hora<\/strong><\/td><td class=\"column-7\"><strong>Aula<\/strong><\/td><td class=\"column-8\"><strong>Sede<\/strong><\/td>\n<\/tr>\n<tr class=\"row-3\">\n\t<td class=\"column-1\">69903023<\/td><td class=\"column-2\">Poblaci\u00f3n I: Teor\u00eda de la poblaci\u00f3n \/ Poblaci\u00f3 I: Teoria de la poblaci\u00f3<br \/>\n<br \/>\n<\/td><td class=\"column-3\">1<\/td><td class=\"column-4\">INTERCAMPUS<\/td><td class=\"column-5\"><\/td><td class=\"column-6\"><\/td><td class=\"column-7\"><\/td><td class=\"column-8\"><\/td>\n<\/tr>\n<tr class=\"row-4\">\n\t<td class=\"column-1\">69023078<\/td><td class=\"column-2\">Cambio social I \/ Canvi social I<br \/>\n<br \/>\n<\/td><td class=\"column-3\">1<\/td><td class=\"column-4\">INTERCAMPUS<\/td><td class=\"column-5\"><\/td><td class=\"column-6\"><\/td><td class=\"column-7\"><\/td><td class=\"column-8\"><\/td>\n<\/tr>\n<tr class=\"row-5\">\n\t<td class=\"column-1\">6902301-<\/td><td class=\"column-2\">Estructura social de Espa\u00f1a I \/ Estructura social d\u2019Espanya I<br \/>\n<\/td><td class=\"column-3\">1<\/td><td class=\"column-4\">INTERCAMPUS<\/td><td class=\"column-5\"><\/td><td class=\"column-6\"><\/td><td class=\"column-7\"><\/td><td class=\"column-8\"><\/td>\n<\/tr>\n<tr class=\"row-6\">\n\t<td class=\"column-1\">69023061<\/td><td class=\"column-2\">Sociolog\u00eda de la diversidad \/ Sociologia de la diversitat<br \/>\n<\/td><td class=\"column-3\">1<\/td><td class=\"column-4\">INTERCAMPUS<\/td><td class=\"column-5\"><\/td><td class=\"column-6\"><\/td><td class=\"column-7\"><\/td><td class=\"column-8\"><\/td>\n<\/tr>\n<tr class=\"row-7\">\n\t<td class=\"column-1\">69023055<\/td><td class=\"column-2\">Sociolog\u00eda del trabajo \/ Sociologia del treball<br \/>\n<br \/>\n<\/td><td class=\"column-3\">1<\/td><td class=\"column-4\">INTERCAMPUS<\/td><td class=\"column-5\"><\/td><td class=\"column-6\"><\/td><td class=\"column-7\"><\/td><td class=\"column-8\"><\/td>\n<\/tr>\n<\/tbody>\n<\/table>\n<!-- #tablepress-297 from cache --><br \/>\n\n<table id=\"tablepress-298\" class=\"tablepress tablepress-id-298 tbody-has-connected-cells\">\n<tbody class=\"row-striping row-hover\">\n<tr class=\"row-1\">\n\t<td class=\"column-1\"><\/td><td colspan=\"7\" class=\"column-2\"><h5>Tercer curso\/curs - Segundo Cuatrimestre\/Segon quadrimestre<\/h5><\/td>\n<\/tr>\n<tr class=\"row-2\">\n\t<td class=\"column-1\"><strong>C\u00f3digo\/Codi<\/strong><\/td><td class=\"column-2\"><strong>Asignaturas \/ Assignatures<\/strong><\/td><td class=\"column-3\"><strong>C\/Q<\/strong><\/td><td class=\"column-4\"><strong>Profesorado\/ Professorat<\/strong><\/td><td class=\"column-5\"><strong>D\u00eda\/Dia<\/strong><\/td><td class=\"column-6\"><strong>Hora<\/strong><\/td><td class=\"column-7\"><strong>Aula<\/strong><\/td><td class=\"column-8\"><strong>Sede<\/strong><\/td>\n<\/tr>\n<tr class=\"row-3\">\n\t<td class=\"column-1\">69023090<\/td><td class=\"column-2\">Sistema pol\u00edtico Espa\u00f1ol \/ Sistema pol\u00edtic Espanyol<br \/>\n<\/td><td class=\"column-3\">2<\/td><td class=\"column-4\">G. Graciette<\/td><td class=\"column-5\">Martes\/Dimarts<\/td><td class=\"column-6\">19.30<\/td><td class=\"column-7\">T. 9<\/td><td class=\"column-8\"><\/td>\n<\/tr>\n<tr class=\"row-4\">\n\t<td class=\"column-1\">69023049<\/td><td class=\"column-2\">Poblaci\u00f3n II: An\u00e1lisis demogr\u00e1fico \/ Poblaci\u00f3 II: An\u00e0lisi demogr\u00e0fic<br \/>\n<br \/>\n<\/td><td class=\"column-3\">2<\/td><td class=\"column-4\">INTERCAMPUS<\/td><td class=\"column-5\"><\/td><td class=\"column-6\"><\/td><td class=\"column-7\"><\/td><td class=\"column-8\"><\/td>\n<\/tr>\n<tr class=\"row-5\">\n\t<td class=\"column-1\">69023032<\/td><td class=\"column-2\">Cambio social II \/ Canvi social II<br \/>\n<\/td><td class=\"column-3\">2<\/td><td class=\"column-4\">INTERCAMPUS<\/td><td class=\"column-5\"><\/td><td class=\"column-6\"><\/td><td class=\"column-7\"><\/td><td class=\"column-8\"><\/td>\n<\/tr>\n<tr class=\"row-6\">\n\t<td class=\"column-1\">69023084<\/td><td class=\"column-2\">Estructura social de Espa\u00f1a II \/ Estructura social d\u2019Espanya II<\/td><td class=\"column-3\">2<\/td><td class=\"column-4\">INTERCAMPUS<\/td><td class=\"column-5\"><\/td><td class=\"column-6\"><\/td><td class=\"column-7\"><\/td><td class=\"column-8\"><\/td>\n<\/tr>\n<tr class=\"row-7\">\n\t<td class=\"column-1\">69023026<\/td><td class=\"column-2\">Sociolog\u00eda del conocimiento \/ Sociologia del coneixement<\/td><td class=\"column-3\">2<\/td><td class=\"column-4\">INTERCAMPUS<\/td><td class=\"column-5\"><\/td><td class=\"column-6\"><\/td><td class=\"column-7\"><\/td><td class=\"column-8\"><\/td>\n<\/tr>\n<\/tbody>\n<\/table>\n<!-- #tablepress-298 from cache --><br \/>\n\n<table id=\"tablepress-299\" class=\"tablepress tablepress-id-299 tbody-has-connected-cells\">\n<tbody class=\"row-striping row-hover\">\n<tr class=\"row-1\">\n\t<td class=\"column-1\"><\/td><td colspan=\"7\" class=\"column-2\"><h5>Cuarto curso\/Quart curs - Primer Cuatrimestre\/quadrimestre<\/h5><\/td>\n<\/tr>\n<tr class=\"row-2\">\n\t<td class=\"column-1\"><strong>C\u00f3digo\/Codi<\/strong><\/td><td class=\"column-2\"><strong>Asignaturas \/ Assignatures<\/strong><\/td><td class=\"column-3\"><strong>C\/Q<\/strong><\/td><td class=\"column-4\"><strong>Profesorado\/ Professorat<\/strong><\/td><td class=\"column-5\"><strong>D\u00eda\/Dia<\/strong><\/td><td class=\"column-6\"><strong>Hora<\/strong><\/td><td class=\"column-7\"><strong>Aula<\/strong><\/td><td class=\"column-8\"><strong>Sede<\/strong><\/td>\n<\/tr>\n<tr class=\"row-3\">\n\t<td class=\"column-1\">69024043<\/td><td class=\"column-2\">Trabajo Fin de Grado \/ Treball Fi de Grau<br \/>\n<\/td><td class=\"column-3\">Anual<\/td><td class=\"column-4\">INTERCAMPUS<\/td><td class=\"column-5\"><\/td><td class=\"column-6\"><\/td><td class=\"column-7\"><\/td><td class=\"column-8\"><\/td>\n<\/tr>\n<tr class=\"row-4\">\n\t<td class=\"column-1\">69024014<\/td><td class=\"column-2\">Sociolog\u00eda Pol\u00edtica \/ Sociologia Pol\u00edtica<\/td><td class=\"column-3\">1<\/td><td class=\"column-4\">INTERCAMPUS<\/td><td class=\"column-5\"><\/td><td class=\"column-6\"><\/td><td class=\"column-7\"><\/td><td class=\"column-8\"><\/td>\n<\/tr>\n<tr class=\"row-5\">\n\t<td class=\"column-1\"><\/td><td class=\"column-2\">Optativas \/ Optatives<\/td><td class=\"column-3\">1<\/td><td class=\"column-4\">INTERCAMPUS<\/td><td class=\"column-5\"><\/td><td class=\"column-6\"><\/td><td class=\"column-7\"><\/td><td class=\"column-8\"><\/td>\n<\/tr>\n<\/tbody>\n<\/table>\n<!-- #tablepress-299 from cache --><br \/>\n\n<table id=\"tablepress-300\" class=\"tablepress tablepress-id-300 tbody-has-connected-cells\">\n<tbody class=\"row-striping row-hover\">\n<tr class=\"row-1\">\n\t<td class=\"column-1\"><\/td><td colspan=\"7\" class=\"column-2\"><h5>\t<br \/>\nCuarto curso\/ Quart curs - Segundo Cuatrimestre\/Segon quadrimestre<\/h5><\/td>\n<\/tr>\n<tr class=\"row-2\">\n\t<td class=\"column-1\"><strong>C\u00f3digo\/Codi<\/strong><\/td><td class=\"column-2\"><strong>Asignaturas \/ Assignatures<\/strong><\/td><td class=\"column-3\"><strong>C\/Q<\/strong><\/td><td class=\"column-4\"><strong>Profesorado\/ Professorat<\/strong><\/td><td class=\"column-5\"><strong>D\u00eda\/Dia<\/strong><\/td><td class=\"column-6\"><strong>Hora<\/strong><\/td><td class=\"column-7\"><strong>Aula<\/strong><\/td><td class=\"column-8\"><strong>Sede<\/strong><\/td>\n<\/tr>\n<tr class=\"row-3\">\n\t<td class=\"column-1\">69024043<\/td><td class=\"column-2\">Trabajo Fin de Grado \/ Treball Fi de Grau<br \/>\n<\/td><td class=\"column-3\">Anual<\/td><td class=\"column-4\">INTERCAMPUS<\/td><td class=\"column-5\"><\/td><td class=\"column-6\"><\/td><td class=\"column-7\"><\/td><td class=\"column-8\"><\/td>\n<\/tr>\n<tr class=\"row-4\">\n\t<td class=\"column-1\">69904011<\/td><td class=\"column-2\">Sociolog\u00eda del G\u00e9nero \/ Sociologia del G\u00e8nere<\/td><td class=\"column-3\">2<\/td><td class=\"column-4\">INTERCAMPUS<\/td><td class=\"column-5\"><\/td><td class=\"column-6\"><\/td><td class=\"column-7\"><\/td><td class=\"column-8\"><\/td>\n<\/tr>\n<tr class=\"row-5\">\n\t<td class=\"column-1\"><\/td><td class=\"column-2\">Optativas \/ Optatives<\/td><td class=\"column-3\">2<\/td><td class=\"column-4\">INTERCAMPUS<\/td><td class=\"column-5\"><\/td><td class=\"column-6\"><\/td><td class=\"column-7\"><\/td><td class=\"column-8\"><\/td>\n<\/tr>\n<\/tbody>\n<\/table>\n<!-- #tablepress-300 from cache --><\/p>\n<!-- The table with the ID 387 is empty! --><!-- #tablepress-387 from cache -->\n","protected":false},"excerpt":{"rendered":"<p>RECURSOS Compra de material en\u00a0Librer\u00eda virtual Listado de asignaturas Grabaciones (Primer cuatrimestre) Grabaciones (Segundo cuatrimestre) Horarios \/ Horaris (2025\/2026)<\/p>\n","protected":false},"author":1,"featured_media":0,"parent":1288,"menu_order":0,"comment_status":"closed","ping_status":"closed","template":"","meta":{"_acf_changed":false,"footnotes":""},"acf":[],"_links":{"self":[{"href":"https:\/\/uned-illesbalears.net\/ca\/wp-json\/wp\/v2\/pages\/1354"}],"collection":[{"href":"https:\/\/uned-illesbalears.net\/ca\/wp-json\/wp\/v2\/pages"}],"about":[{"href":"https:\/\/uned-illesbalears.net\/ca\/wp-json\/wp\/v2\/types\/page"}],"author":[{"embeddable":true,"href":"https:\/\/uned-illesbalears.net\/ca\/wp-json\/wp\/v2\/users\/1"}],"replies":[{"embeddable":true,"href":"https:\/\/uned-illesbalears.net\/ca\/wp-json\/wp\/v2\/comments?post=1354"}],"version-history":[{"count":13,"href":"https:\/\/uned-illesbalears.net\/ca\/wp-json\/wp\/v2\/pages\/1354\/revisions"}],"predecessor-version":[{"id":278018,"href":"https:\/\/uned-illesbalears.net\/ca\/wp-json\/wp\/v2\/pages\/1354\/revisions\/278018"}],"up":[{"embeddable":true,"href":"https:\/\/uned-illesbalears.net\/ca\/wp-json\/wp\/v2\/pages\/1288"}],"wp:attachment":[{"href":"https:\/\/uned-illesbalears.net\/ca\/wp-json\/wp\/v2\/media?parent=1354"}],"curies":[{"name":"wp","href":"https:\/\/api.w.org\/{rel}","templated":true}]}}